{"id":1536,"date":"2022-03-08T13:58:21","date_gmt":"2022-03-08T13:58:21","guid":{"rendered":"https:\/\/www.definox.com\/en\/?page_id=1536"},"modified":"2023-02-21T16:53:05","modified_gmt":"2023-02-21T16:53:05","slug":"dna","status":"publish","type":"page","link":"https:\/\/www.definox.com\/de\/dna\/","title":{"rendered":"DNA"},"content":{"rendered":"\n<div class=\"dna-header alignfull  \">\n\n    <div class=\"container\">\n\n        <div class=\"dna-header__slides\">\n\n            \n            <div class=\"dna-header__slide\">\n\n                <div class=\"dna-header__item\">\n\n                    <div class=\"dna-header__media\">\n\n                                                    <div class=\"dna-header__lottie\" data-json=\"https:\/\/www.definox.com\/app\/uploads\/sites\/11\/2023\/01\/data.json\"><\/div>\n                        \n                    <\/div>\n\n                    <div class=\"dna-header__content\">\n                        \n                                                    <h1 class=\"dna-header__title\">IM MITTELPUNKT DER INDUSTRIELLEN HYGIENISCHEN PROZESSF\u00c4LLE<\/h1>\n                        \n                        \n                        \n\n                    <\/div>\n\n                <\/div>\n\n            <\/div>\n\n            \n        <\/div>\n\n        \n    <\/div>\n\n        \n    \n        <div class=\"dna-header__scroll-to is-style-scroll-to\">\n\n            <a href=\"#dna-ansatz\">\n\n            <svg class=\"dna-header__svg\" xmlns=\"http:\/\/www.w3.org\/2000\/svg\" width=\"27.373\" height=\"59.577\" viewBox=\"0 0 27.373 59.577\"><path data-name=\"Trac\u00e9 6419\" d=\"M13.687 43.012A13.646 13.646 0 0 1 0 29.436V13.198C0 5.712 6.139 0 13.687 0s13.686 5.712 13.686 13.2v16.236a13.646 13.646 0 0 1-13.686 13.576Zm11.784-29.814a11.785 11.785 0 0 0-23.57 0v16.238a11.785 11.785 0 0 0 23.57 0ZM13.686 16.07a1.879 1.879 0 0 1-1.886-1.872V9.724a1.879 1.879 0 0 1 1.886-1.871c1.043 0 2.6.838 2.6 1.871v4.474c-.002 1.034-1.557 1.872-2.6 1.872ZM3.994 50.853a.955.955 0 0 1 1.337-.14l8.359 6.708 8.357-6.708a.956.956 0 0 1 1.337.14.937.937 0 0 1-.142 1.326l-8.958 7.188a.956.956 0 0 1-1.2 0L4.132 52.18a.936.936 0 0 1-.138-1.327Z\" fill=\"#004871\" fill-rule=\"evenodd\"\/><\/svg>\n            <\/a>\n\n        <\/div>\n\n    \n\n<\/div>\n\n\n<div class=\"dna-sections alignfull\" id=\"block_6227607b97224\">\n\n    <!-- Main -->\n    <div class=\"dna-sections__main js-scroll-section-main\">\n\n        <div class=\"dna-sections__wrapper\">\n\n            <h2 class=\"dna-sections__title\">UNSERE L\u00d6SUNGEN SIND F\u00dcR ANSPRUCHSVOLLE UND ZUKUNFTSORIENTIERTE BRANCHEN KONZIPIERT<\/h2>\n\n            <div class=\"dna-sections__shapes\">\n\n                <svg version=\"1.1\" id=\"Calque_1\" xmlns=\"http:\/\/www.w3.org\/2000\/svg\" x=\"0\" y=\"0\" viewBox=\"0 0 1216.6 1328.5\" style=\"enable-background:new 0 0 1216.6 1328.5\" xml:space=\"preserve\">\n<style type=\"text\/css\">\n\t\t.st0{fill:#E19800;}\n\t\t.st1{fill:#FBBD00;}\n\t\t.st2{fill:#23A89B;}\n\t\t.st3{fill:#2CD4C3;}\n\t\t.st4{fill:#6350C3;}\n\t\t.st5{fill:#7C64F5;}\n\t\t.st6{fill:#79B430;}\n\t\t.st7{fill:#9EEB3E;}\n\t\t.st8{fill:#004871;}\n\t<\/style>\n    <!-- yellow -->\n    <g class=\"dna-sections__shape --0\">\n\t\t<path class=\"st0\" d=\"M744.2,40.2c0,0,120.7,13.5,156.2,52.1c0,0-59.3,130-385.1,28.4\"\/>\n\t\t<path class=\"st1\" d=\"M900.4,92.3c-58.7-44.7-183-22.1-262,16.2c-101.2,40.8-189,133.8-303.3,159.2c-31.9,7.1-65.4,3.6-94.2-11.9\n\t\t\tC46.6,151.3,662.8-150.8,900.4,92.3z\"\/>\n\t<\/g>\n\n    <!-- blue -->\n    <g class=\"dna-sections__shape --1\">\n\t<path class=\"st2\" d=\"M883.9,484.7c60.6,46.7,111.2,78,153,97.5c84.3,39.3,151.9,22.4,172.4-38.7c6.7-71.8-90.2-139.1-90.2-139.1\n\t\tl-280.6-91.8L554.3,416.7C655.3,398,777.6,402.8,883.9,484.7L883.9,484.7z\"\/>\n\t<path class=\"st3\" d=\"M35.8,487.5c50.9,335.3,917.7-422.3,1173.4,57.4c42-114.1-96.1-318.2-354.2-339.1\n\t\tc-173.5-14-381.9,105.4-531.5,147c-228.9,63.6-196.1-78.7-194.9-103.6C15.8,330.9,32.8,468.2,35.8,487.5L35.8,487.5z\"\/>\n<\/g>\n\n    <!-- purple -->\n    <g class=\"dna-sections__shape --2\">\n\t<path class=\"st4\" d=\"M332.7,838.8c-60.6-46.9-111.2-78.4-153-98c-84.3-39.5-151.9-22.5-172.4,39C0.6,852,97.5,919.7,97.5,919.7\n\t\tl280.7,92.3l284.2-104.8C561.2,926,439,921.1,332.7,838.8z\"\/>\n\t<path class=\"st5\" d=\"M1180.8,836c-50.9-337.1-917.7,424.6-1173.4-57.7c-42,114.7,96.1,319.9,354.2,340.9\n\t\tc173.5,14.1,381.9-106,531.6-147.8c228.9-63.9,196.1,79.1,194.9,104.2C1200.8,993.4,1183.7,855.4,1180.8,836L1180.8,836z\"\/>\n<\/g>\n\n    <!-- green -->\n    <g class=\"dna-sections__shape --3\">\n\t\t<path class=\"st6\" d=\"M455.3,1287.3c0,0-123.6-13.8-160-53.4c0,0,60.8-133.1,394.4-29.1\"\/>\n\t\t<path class=\"st7\" d=\"M295.2,1233.9c60.1,45.8,187.4,22.6,268.4-16.6c103.7-41.8,193.7-137.1,310.7-163.1\n\t\t\tc34.1-7.6,70.1-3.2,100.2,14.4C1161.3,1177.6,537,1481.2,295.2,1233.9L295.2,1233.9z\"\/>\n\t<\/g>\n\n    <!-- logo -->\n    <g class=\"dna-sections__shape --logo\">\n\t\t<path class=\"st8\" d=\"M712.7,750.4l78-138.5h56.5L923,750.4h-46.1l-13.8-24.8h-89.4l-13.3,24.8H712.7z M788.9,696.8h59.6l-30.1-55.2\n\t\t\tL788.9,696.8z\"\/>\n\t\t<path class=\"st8\" d=\"M293.6,750.4V611.8h119.9c12.3,0,22.6,0.7,31,2.2c12.8,2.2,22,8.4,27.6,18.4c2.4,4.4,4.2,10.5,5.4,18.4\n\t\t\tc1.1,7.9,1.7,18,1.7,30.3c0,14.2-0.6,25.8-1.9,34.8c-0.9,5.8-2.9,11.2-6,16.2c-3.1,5-7,8.9-11.6,11.7c-6.1,3.7-15.6,5.9-28.5,6.4\n\t\t\tc-2.5,0.1-6.5,0.1-12.1,0.1H293.6z M335.9,717.4h70.7c8,0,13.7-0.5,17.2-1.6c6.8-2.1,10.8-7.3,12-15.6c0.7-4.6,1-10.9,1-19\n\t\t\tc0-9.8-0.8-17.1-2.3-21.9c-1.8-5.9-5.6-9.7-11.4-11.4c-3.9-1.1-9.1-1.6-15.7-1.6h-71.5V717.4z\"\/>\n\t\t<path class=\"st8\" d=\"M508.3,750.4V611.8h67.1l84,105.5l-1.1-105.5h39.9v138.5h-67.7L547.7,646l1.2,104.3H508.3z\"\/>\n\t\t<g>\n\t\t\t<path class=\"st8\" d=\"M498.4,546.6h5v28c0,3.7-0.2,6.1-0.6,7.3c-1,2.8-3.4,4.7-7.1,5.4c-2.9,0.6-8.4,0.9-16.6,0.9\n\t\t\t\tc-8.9,0-14.7-0.4-17.4-1.1c-3.5-1-5.7-2.9-6.4-5.9c-0.3-1.1-0.5-3.3-0.5-6.7v-28h5v27.1c0,2.8,0.1,4.5,0.2,5.2\n\t\t\t\tc0.6,2.4,2.2,3.8,4.8,4.4c2.2,0.4,6.9,0.7,14.3,0.7c8,0,13-0.3,15-0.8c2.4-0.7,3.8-2.2,4.2-4.7c0.1-0.6,0.2-2.2,0.2-4.8V546.6z\"\/>\n\t\t\t<path class=\"st8\" d=\"M513.3,587.8v-41.2h8l39,37.7v-37.7h5v41.2h-8l-39-37.7v37.7H513.3z\"\/>\n\t\t\t<path class=\"st8\" d=\"M573.9,575h5v1.1c0,2,0.3,3.5,0.8,4.6c0.5,1.1,1.7,1.9,3.5,2.3c2.5,0.6,7.1,1,13.7,1c5.7,0,10-0.2,12.7-0.7\n\t\t\t\tc2.5-0.4,4.2-1.2,5.2-2.5c0.8-1,1.1-2.6,1.1-5c0-2.1-0.5-3.6-1.5-4.5c-1.2-1.1-3.6-1.7-7.3-1.9c-1.7-0.1-7.1-0.2-16.4-0.2\n\t\t\t\tc-4.3,0-7.3-0.3-9.1-0.7c-3-0.7-5.1-2-6.3-3.8c-0.9-1.3-1.3-3.3-1.3-5.7c0-4.4,1.1-7.6,3.3-9.4c1.9-1.5,4.8-2.5,8.6-2.9\n\t\t\t\tc3.4-0.4,7.6-0.6,12.6-0.6c5.9,0,10.2,0.3,12.9,0.9c3.4,0.7,5.8,2.1,7,4.2c0.6,1,1,2.3,1.2,3.7c0.1,1,0.2,2.1,0.2,3.4h-4.8\n\t\t\t\tc-0.1-2.9-0.8-4.9-2-5.8c-1.8-1.4-6.6-2.1-14.5-2.1c-7.6,0-12.8,0.4-15.6,1.3c-1.5,0.4-2.5,1.2-3.1,2.4c-0.6,1-0.8,2.4-0.8,4.2\n\t\t\t\tc0,2.7,0.8,4.5,2.5,5.3c1.2,0.6,3.3,0.9,6.1,1c1.5,0.1,4.7,0.1,9.6,0.1c7.2,0,11.8,0.2,13.8,0.4c4,0.5,6.7,1.8,8.2,3.8\n\t\t\t\tc1.1,1.6,1.7,4,1.7,7c0,2.9-0.5,5.2-1.5,6.9c-1,1.7-2.5,3-4.5,3.7c-1.8,0.7-4.5,1.1-7.9,1.3c-2.6,0.2-5.7,0.2-9.3,0.2\n\t\t\t\tc-5.2,0-9.5-0.1-12.8-0.4c-4.2-0.4-7.1-1.5-8.8-3.4c-1.5-1.6-2.2-3.8-2.2-6.6V575z\"\/>\n\t\t\t<path class=\"st8\" d=\"M629.6,587.8v-41.2h41.1v4.1h-36.2v13.7h34.8v3.9h-34.8v15.3H671v4.1H629.6z\"\/>\n\t\t\t<path class=\"st8\" d=\"M679.1,587.8v-41.2h34c3.9,0,6.6,0.4,8.3,1.1c2.1,0.9,3.5,2.3,4.4,4.2c0.8,1.8,1.1,4.2,1.1,7.3\n\t\t\t\tc0,4.6-1.1,7.5-3.3,8.8c-1.2,0.7-3.2,1.2-6,1.5c2.3,0.2,4,0.7,5.1,1.2c1.1,0.6,2,1.5,2.5,2.5c0.5,1,0.8,2.4,0.8,4v10.7h-5V580\n\t\t\t\tc0-2.3-0.2-3.9-0.5-5c-0.4-1.4-1.2-2.4-2.5-2.9c-1.3-0.6-3.2-0.9-5.9-0.9H684v16.6H679.1z M684,567.3h27.2c4.2,0,7-0.6,8.4-1.7\n\t\t\t\tc0.8-0.7,1.4-1.5,1.7-2.5c0.3-1,0.5-2.4,0.5-4.2c0-2.4-0.3-4.1-1-5.2c-0.8-1.3-2.3-2.2-4.5-2.7c-1.3-0.2-3.1-0.4-5.4-0.4H684\n\t\t\t\tV567.3z\"\/>\n\t\t\t<path class=\"st8\" d=\"M736.4,587.8v-41.2h41.1v4.1h-36.2v13.7h34.8v3.9h-34.8v15.3h36.4v4.1H736.4z\"\/>\n\t\t<\/g>\n\t<\/g>\n\n<\/svg>\n\n                \n                    <div class=\"dna-sections__legend-container --0\">\n\n                        <a href=\"#dna-section-0\" class=\"dna-sections__legend --0\" data-id=\"0\">\n                            <span class=\"dna-sections__legend__line\"><\/span>\n                            <span class=\"dna-sections__legend__txt\">Expertise<\/span>\n                        <\/a>\n\n                    <\/div>\n\n                \n                    <div class=\"dna-sections__legend-container --1\">\n\n                        <a href=\"#dna-section-1\" class=\"dna-sections__legend --1\" data-id=\"1\">\n                            <span class=\"dna-sections__legend__line\"><\/span>\n                            <span class=\"dna-sections__legend__txt\">HYGIENE<\/span>\n                        <\/a>\n\n                    <\/div>\n\n                \n                    <div class=\"dna-sections__legend-container --2\">\n\n                        <a href=\"#dna-section-2\" class=\"dna-sections__legend --2\" data-id=\"2\">\n                            <span class=\"dna-sections__legend__line\"><\/span>\n                            <span class=\"dna-sections__legend__txt\">SICHERHEIT<\/span>\n                        <\/a>\n\n                    <\/div>\n\n                \n                    <div class=\"dna-sections__legend-container --3\">\n\n                        <a href=\"#dna-section-3\" class=\"dna-sections__legend --3\" data-id=\"3\">\n                            <span class=\"dna-sections__legend__line\"><\/span>\n                            <span class=\"dna-sections__legend__txt\">UMWELT<\/span>\n                        <\/a>\n\n                    <\/div>\n\n                \n            <\/div>\n\n            <div class=\"dna-sections__description\">\n                Als Spezialist f\u00fcr Industrieventile und Experte f\u00fcr Produktfragen setzt sich Definox f\u00fcr die wichtigsten Anliegen seiner Kunden ein: Know-how, Umwelt, Sicherheit und Hygiene. Diese vier Themen, die alle von wesentlicher Bedeutung sind, bestimmen unsere t\u00e4gliche Arbeit und gelten f\u00fcr alle T\u00e4tigkeitsbereiche und M\u00e4rkte aller Hersteller. P\u00e4dagogisch und technisch vermittelt Definox die Schl\u00fcssel zum Verst\u00e4ndnis, die f\u00fcr den Erfolg Ihres Unternehmens notwendig sind.            <\/div>\n\n        <\/div>\n\n\n    <\/div>\n\n    <!-- 4 Sections -->\n    <div class=\" dna-sections__sections\">\n\n        \n            <div id=\"dna-section-0\" class=\"dna-sections__section --0\" data-id=\"0\">\n\n                <div class=\"dna-sections__section__wrapper\">\n\n                    <h3 class=\"dna-sections__section__title extra-large js-anim-elem\">Expertise<\/h3>\n\n                    <div class=\"dna-sections__section__media js-anim-elem\">\n                        <img decoding=\"async\" width=\"865\" height=\"503\" src=\"https:\/\/www.definox.com\/app\/uploads\/sites\/11\/2022\/03\/EXPERTISE-1024x596.jpg\" class=\"attachment-large size-large\" alt=\"\" srcset=\"https:\/\/www.definox.com\/app\/uploads\/sites\/11\/2022\/03\/EXPERTISE-1024x596.jpg 1024w, https:\/\/www.definox.com\/app\/uploads\/sites\/11\/2022\/03\/EXPERTISE-300x175.jpg 300w, https:\/\/www.definox.com\/app\/uploads\/sites\/11\/2022\/03\/EXPERTISE-768x447.jpg 768w, https:\/\/www.definox.com\/app\/uploads\/sites\/11\/2022\/03\/EXPERTISE-1536x894.jpg 1536w, https:\/\/www.definox.com\/app\/uploads\/sites\/11\/2022\/03\/EXPERTISE-2048x1192.jpg 2048w, https:\/\/www.definox.com\/app\/uploads\/sites\/11\/2022\/03\/EXPERTISE-35x20.jpg 35w, https:\/\/www.definox.com\/app\/uploads\/sites\/11\/2022\/03\/EXPERTISE-scaled-600x349.jpg 600w, https:\/\/www.definox.com\/app\/uploads\/sites\/11\/2022\/03\/EXPERTISE-scaled.jpg 2628w\" sizes=\"(max-width: 865px) 100vw, 865px\" \/>                    <\/div>\n\n                    <div class=\"dna-sections__section__description js-anim-elem\">Im Rahmen der Verbesserung Ihrer Prozesse und der Optimierung Ihrer Kosten erm\u00f6glicht Ihnen die Berechnung der Gesamtbetriebskosten (GKA) die Ber\u00fccksichtigung der Gesamtkosten Ihrer Systeme. Sie sind also n\u00e4her an der wirtschaftlichen Realit\u00e4t dieser Kosten. Diese \u00dcberlegungen flie\u00dfen in das Design unserer vollst\u00e4ndig wartbaren Produkte ein. Unsere industriellen Entscheidungen tragen auch zur Herstellung von langlebigen, widerstandsf\u00e4higen und zuverl\u00e4ssigen Komponenten bei.<\/div>\n\n                    <div class=\"dna-sections__section__link button is-style-primary js-anim-elem\">\n                        <a href=\"https:\/\/www.definox.com\/de\/dna\/expertise-2\/\" class=\"button__link\">\n                            Weiterlesen                        <\/a>\n                    <\/div>\n\n                <\/div>\n\n\n                <div class=\"dna-sections__section__background js-anim-elem --0\"><\/div>\n\n            <\/div>\n\n        \n            <div id=\"dna-section-1\" class=\"dna-sections__section --1\" data-id=\"1\">\n\n                <div class=\"dna-sections__section__wrapper\">\n\n                    <h3 class=\"dna-sections__section__title extra-large js-anim-elem\">HYGIENE<\/h3>\n\n                    <div class=\"dna-sections__section__media js-anim-elem\">\n                        <img decoding=\"async\" width=\"865\" height=\"577\" src=\"https:\/\/www.definox.com\/app\/uploads\/sites\/11\/2022\/03\/HYGIENE-1024x683.jpg\" class=\"attachment-large size-large\" alt=\"\" srcset=\"https:\/\/www.definox.com\/app\/uploads\/sites\/11\/2022\/03\/HYGIENE-1024x683.jpg 1024w, https:\/\/www.definox.com\/app\/uploads\/sites\/11\/2022\/03\/HYGIENE-300x200.jpg 300w, https:\/\/www.definox.com\/app\/uploads\/sites\/11\/2022\/03\/HYGIENE-768x512.jpg 768w, https:\/\/www.definox.com\/app\/uploads\/sites\/11\/2022\/03\/HYGIENE-1536x1024.jpg 1536w, https:\/\/www.definox.com\/app\/uploads\/sites\/11\/2022\/03\/HYGIENE-2048x1366.jpg 2048w, https:\/\/www.definox.com\/app\/uploads\/sites\/11\/2022\/03\/HYGIENE-35x23.jpg 35w, https:\/\/www.definox.com\/app\/uploads\/sites\/11\/2022\/03\/HYGIENE-scaled-600x400.jpg 600w, https:\/\/www.definox.com\/app\/uploads\/sites\/11\/2022\/03\/HYGIENE-scaled.jpg 2628w\" sizes=\"(max-width: 865px) 100vw, 865px\" \/>                    <\/div>\n\n                    <div class=\"dna-sections__section__description js-anim-elem\">Die Erhaltung der Unversehrtheit von Lebensmitteln ist eine der wichtigsten t\u00e4glichen Aufgaben der Lebensmittelhersteller. Die von unseren Teams aus Ingenieuren, Forschungstechnikern und Prototypenbauern durchgef\u00fchrten Forschungen und Studien bilden die Grundlage f\u00fcr das hygienische Design unserer L\u00f6sungen und Produkte. In Verbindung mit dem Fachwissen und dem Know-how unserer spezialisierten Mitarbeiter ist dies die Garantie daf\u00fcr, dass unsere Ventile und Ausr\u00fcstungen den strengsten Regeln und Vorschriften zur Kontrolle bakteriologischer Risiken entsprechen.<\/div>\n\n                    <div class=\"dna-sections__section__link button is-style-primary js-anim-elem\">\n                        <a href=\"https:\/\/www.definox.com\/de\/dna\/hygiene\/\" class=\"button__link\">\n                            Weiterlesen                        <\/a>\n                    <\/div>\n\n                <\/div>\n\n\n                <div class=\"dna-sections__section__background js-anim-elem --1\"><\/div>\n\n            <\/div>\n\n        \n            <div id=\"dna-section-2\" class=\"dna-sections__section --2\" data-id=\"2\">\n\n                <div class=\"dna-sections__section__wrapper\">\n\n                    <h3 class=\"dna-sections__section__title extra-large js-anim-elem\">SICHERHEIT<\/h3>\n\n                    <div class=\"dna-sections__section__media js-anim-elem\">\n                        <img decoding=\"async\" width=\"865\" height=\"526\" src=\"https:\/\/www.definox.com\/app\/uploads\/sites\/11\/2022\/03\/SECURITE-1024x623.jpg\" class=\"attachment-large size-large\" alt=\"\" srcset=\"https:\/\/www.definox.com\/app\/uploads\/sites\/11\/2022\/03\/SECURITE-1024x623.jpg 1024w, https:\/\/www.definox.com\/app\/uploads\/sites\/11\/2022\/03\/SECURITE-300x182.jpg 300w, https:\/\/www.definox.com\/app\/uploads\/sites\/11\/2022\/03\/SECURITE-768x467.jpg 768w, https:\/\/www.definox.com\/app\/uploads\/sites\/11\/2022\/03\/SECURITE-1536x934.jpg 1536w, https:\/\/www.definox.com\/app\/uploads\/sites\/11\/2022\/03\/SECURITE-2048x1246.jpg 2048w, https:\/\/www.definox.com\/app\/uploads\/sites\/11\/2022\/03\/SECURITE-35x21.jpg 35w, https:\/\/www.definox.com\/app\/uploads\/sites\/11\/2022\/03\/SECURITE-scaled.jpg 2628w, https:\/\/www.definox.com\/app\/uploads\/sites\/11\/2022\/03\/SECURITE-scaled-600x365.jpg 600w\" sizes=\"(max-width: 865px) 100vw, 865px\" \/>                    <\/div>\n\n                    <div class=\"dna-sections__section__description js-anim-elem\">Sicherheit ist ein Grundwert von Definox. Angefangen bei der Produktgestaltung, leitet sie unsere Einstellung, unsere Entscheidungen und unser Handeln. Wir konzentrieren uns auf die Verringerung von Risiken, indem wir die Benutzer unserer Ventile schulen und die richtigen Werkzeuge bereitstellen, um die Wartung der Ausr\u00fcstung in v\u00f6lliger Sicherheit zu gew\u00e4hrleisten.\r\n<\/div>\n\n                    <div class=\"dna-sections__section__link button is-style-primary js-anim-elem\">\n                        <a href=\"https:\/\/www.definox.com\/de\/dna\/safety\/\" class=\"button__link\">\n                            Weiterlesen                        <\/a>\n                    <\/div>\n\n                <\/div>\n\n\n                <div class=\"dna-sections__section__background js-anim-elem --2\"><\/div>\n\n            <\/div>\n\n        \n            <div id=\"dna-section-3\" class=\"dna-sections__section --3\" data-id=\"3\">\n\n                <div class=\"dna-sections__section__wrapper\">\n\n                    <h3 class=\"dna-sections__section__title extra-large js-anim-elem\">UMWELT<\/h3>\n\n                    <div class=\"dna-sections__section__media js-anim-elem\">\n                        <img decoding=\"async\" width=\"865\" height=\"577\" src=\"https:\/\/www.definox.com\/app\/uploads\/sites\/11\/2022\/03\/ENVIRONNEMENT-1024x683.jpg\" class=\"attachment-large size-large\" alt=\"\" srcset=\"https:\/\/www.definox.com\/app\/uploads\/sites\/11\/2022\/03\/ENVIRONNEMENT-1024x683.jpg 1024w, https:\/\/www.definox.com\/app\/uploads\/sites\/11\/2022\/03\/ENVIRONNEMENT-300x200.jpg 300w, https:\/\/www.definox.com\/app\/uploads\/sites\/11\/2022\/03\/ENVIRONNEMENT-768x512.jpg 768w, https:\/\/www.definox.com\/app\/uploads\/sites\/11\/2022\/03\/ENVIRONNEMENT-1536x1024.jpg 1536w, https:\/\/www.definox.com\/app\/uploads\/sites\/11\/2022\/03\/ENVIRONNEMENT-2048x1365.jpg 2048w, https:\/\/www.definox.com\/app\/uploads\/sites\/11\/2022\/03\/ENVIRONNEMENT-35x23.jpg 35w, https:\/\/www.definox.com\/app\/uploads\/sites\/11\/2022\/03\/ENVIRONNEMENT-scaled-600x400.jpg 600w, https:\/\/www.definox.com\/app\/uploads\/sites\/11\/2022\/03\/ENVIRONNEMENT-scaled.jpg 2628w\" sizes=\"(max-width: 865px) 100vw, 865px\" \/>                    <\/div>\n\n                    <div class=\"dna-sections__section__description js-anim-elem\">Die Umwelt ist eines der wichtigsten Anliegen eines Unternehmens. Es ist nicht mehr m\u00f6glich, Produkte zu entwerfen, herzustellen und zu verkaufen, ohne die Auswirkungen auf die Umwelt zu ber\u00fccksichtigen, die sie haben k\u00f6nnen. Definox engagiert sich mit gezielten Aktionen f\u00fcr diese Sache.<\/div>\n\n                    <div class=\"dna-sections__section__link button is-style-primary js-anim-elem\">\n                        <a href=\"https:\/\/www.definox.com\/de\/dna\/environment\/\" class=\"button__link\">\n                            Weiterlesen                        <\/a>\n                    <\/div>\n\n                <\/div>\n\n\n                <div class=\"dna-sections__section__background js-anim-elem --3\"><\/div>\n\n            <\/div>\n\n        \n    <\/div>\n\n<\/div>\n","protected":false},"excerpt":{"rendered":"","protected":false},"author":2,"featured_media":0,"parent":0,"menu_order":0,"comment_status":"closed","ping_status":"closed","template":"","meta":{"_acf_changed":false,"content-type":"","footnotes":""},"class_list":["entry","entry--1536","entry--type-page","entry--status-publish","entry--author-"],"acf":[],"yoast_head":"<!-- This site is optimized with the Yoast SEO plugin v24.2 - https:\/\/yoast.com\/wordpress\/plugins\/seo\/ -->\n<title>DNA - Definox DE<\/title>\n<meta name=\"description\" content=\"Definox setzt sich f\u00fcr die wichtigsten Herausforderungen seiner Kunden ein: Fachwissen, Umwelt, Sicherheit und Hygiene.\" \/>\n<meta name=\"robots\" content=\"index, follow, max-snippet:-1, max-image-preview:large, max-video-preview:-1\" \/>\n<link rel=\"canonical\" href=\"https:\/\/www.definox.com\/de\/dna\/\" \/>\n<meta property=\"og:locale\" content=\"de_DE\" \/>\n<meta property=\"og:type\" content=\"article\" \/>\n<meta property=\"og:title\" content=\"DNA - Definox DE\" \/>\n<meta property=\"og:description\" content=\"Definox setzt sich f\u00fcr die wichtigsten Herausforderungen seiner Kunden ein: Fachwissen, Umwelt, Sicherheit und Hygiene.\" \/>\n<meta property=\"og:url\" content=\"https:\/\/www.definox.com\/de\/dna\/\" \/>\n<meta property=\"og:site_name\" content=\"Definox DE\" \/>\n<meta property=\"article:modified_time\" content=\"2023-02-21T16:53:05+00:00\" \/>\n<meta name=\"twitter:card\" content=\"summary_large_image\" \/>\n<script type=\"application\/ld+json\" class=\"yoast-schema-graph\">{\"@context\":\"https:\/\/schema.org\",\"@graph\":[{\"@type\":\"WebPage\",\"@id\":\"https:\/\/www.definox.com\/de\/dna\/\",\"url\":\"https:\/\/www.definox.com\/de\/dna\/\",\"name\":\"DNA - Definox DE\",\"isPartOf\":{\"@id\":\"https:\/\/www.definox.com\/de\/#website\"},\"datePublished\":\"2022-03-08T13:58:21+00:00\",\"dateModified\":\"2023-02-21T16:53:05+00:00\",\"description\":\"Definox setzt sich f\u00fcr die wichtigsten Herausforderungen seiner Kunden ein: Fachwissen, Umwelt, Sicherheit und Hygiene.\",\"inLanguage\":\"de\",\"potentialAction\":[{\"@type\":\"ReadAction\",\"target\":[\"https:\/\/www.definox.com\/de\/dna\/\"]}]},{\"@type\":\"WebSite\",\"@id\":\"https:\/\/www.definox.com\/de\/#website\",\"url\":\"https:\/\/www.definox.com\/de\/\",\"name\":\"Definox DE\",\"description\":\"Boost your performance\",\"publisher\":{\"@id\":\"https:\/\/www.definox.com\/de\/#organization\"},\"potentialAction\":[{\"@type\":\"SearchAction\",\"target\":{\"@type\":\"EntryPoint\",\"urlTemplate\":\"https:\/\/www.definox.com\/de\/?s={search_term_string}\"},\"query-input\":{\"@type\":\"PropertyValueSpecification\",\"valueRequired\":true,\"valueName\":\"search_term_string\"}}],\"inLanguage\":\"de\"},{\"@type\":\"Organization\",\"@id\":\"https:\/\/www.definox.com\/de\/#organization\",\"name\":\"Definox DE\",\"url\":\"https:\/\/www.definox.com\/de\/\",\"logo\":{\"@type\":\"ImageObject\",\"inLanguage\":\"de\",\"@id\":\"https:\/\/www.definox.com\/de\/#\/schema\/logo\/image\/\",\"url\":\"https:\/\/www.definox.com\/app\/uploads\/sites\/11\/2021\/01\/icons-footer_logo-definox-id.svg\",\"contentUrl\":\"https:\/\/www.definox.com\/app\/uploads\/sites\/11\/2021\/01\/icons-footer_logo-definox-id.svg\",\"width\":140,\"height\":120,\"caption\":\"Definox DE\"},\"image\":{\"@id\":\"https:\/\/www.definox.com\/de\/#\/schema\/logo\/image\/\"}}]}<\/script>\n<!-- \/ Yoast SEO plugin. -->","yoast_head_json":{"title":"DNA - Definox DE","description":"Definox setzt sich f\u00fcr die wichtigsten Herausforderungen seiner Kunden ein: Fachwissen, Umwelt, Sicherheit und Hygiene.","robots":{"index":"index","follow":"follow","max-snippet":"max-snippet:-1","max-image-preview":"max-image-preview:large","max-video-preview":"max-video-preview:-1"},"canonical":"https:\/\/www.definox.com\/de\/dna\/","og_locale":"de_DE","og_type":"article","og_title":"DNA - Definox DE","og_description":"Definox setzt sich f\u00fcr die wichtigsten Herausforderungen seiner Kunden ein: Fachwissen, Umwelt, Sicherheit und Hygiene.","og_url":"https:\/\/www.definox.com\/de\/dna\/","og_site_name":"Definox DE","article_modified_time":"2023-02-21T16:53:05+00:00","twitter_card":"summary_large_image","schema":{"@context":"https:\/\/schema.org","@graph":[{"@type":"WebPage","@id":"https:\/\/www.definox.com\/de\/dna\/","url":"https:\/\/www.definox.com\/de\/dna\/","name":"DNA - Definox DE","isPartOf":{"@id":"https:\/\/www.definox.com\/de\/#website"},"datePublished":"2022-03-08T13:58:21+00:00","dateModified":"2023-02-21T16:53:05+00:00","description":"Definox setzt sich f\u00fcr die wichtigsten Herausforderungen seiner Kunden ein: Fachwissen, Umwelt, Sicherheit und Hygiene.","inLanguage":"de","potentialAction":[{"@type":"ReadAction","target":["https:\/\/www.definox.com\/de\/dna\/"]}]},{"@type":"WebSite","@id":"https:\/\/www.definox.com\/de\/#website","url":"https:\/\/www.definox.com\/de\/","name":"Definox DE","description":"Boost your performance","publisher":{"@id":"https:\/\/www.definox.com\/de\/#organization"},"potentialAction":[{"@type":"SearchAction","target":{"@type":"EntryPoint","urlTemplate":"https:\/\/www.definox.com\/de\/?s={search_term_string}"},"query-input":{"@type":"PropertyValueSpecification","valueRequired":true,"valueName":"search_term_string"}}],"inLanguage":"de"},{"@type":"Organization","@id":"https:\/\/www.definox.com\/de\/#organization","name":"Definox DE","url":"https:\/\/www.definox.com\/de\/","logo":{"@type":"ImageObject","inLanguage":"de","@id":"https:\/\/www.definox.com\/de\/#\/schema\/logo\/image\/","url":"https:\/\/www.definox.com\/app\/uploads\/sites\/11\/2021\/01\/icons-footer_logo-definox-id.svg","contentUrl":"https:\/\/www.definox.com\/app\/uploads\/sites\/11\/2021\/01\/icons-footer_logo-definox-id.svg","width":140,"height":120,"caption":"Definox DE"},"image":{"@id":"https:\/\/www.definox.com\/de\/#\/schema\/logo\/image\/"}}]}},"_links":{"self":[{"href":"https:\/\/www.definox.com\/de\/wp-json\/wp\/v2\/pages\/1536","targetHints":{"allow":["GET"]}}],"collection":[{"href":"https:\/\/www.definox.com\/de\/wp-json\/wp\/v2\/pages"}],"about":[{"href":"https:\/\/www.definox.com\/de\/wp-json\/wp\/v2\/types\/page"}],"author":[{"embeddable":true,"href":"https:\/\/www.definox.com\/de\/wp-json\/wp\/v2\/users\/2"}],"replies":[{"embeddable":true,"href":"https:\/\/www.definox.com\/de\/wp-json\/wp\/v2\/comments?post=1536"}],"version-history":[{"count":54,"href":"https:\/\/www.definox.com\/de\/wp-json\/wp\/v2\/pages\/1536\/revisions"}],"predecessor-version":[{"id":2394,"href":"https:\/\/www.definox.com\/de\/wp-json\/wp\/v2\/pages\/1536\/revisions\/2394"}],"wp:attachment":[{"href":"https:\/\/www.definox.com\/de\/wp-json\/wp\/v2\/media?parent=1536"}],"curies":[{"name":"wp","href":"https:\/\/api.w.org\/{rel}","templated":true}]}}