{"id":1809,"date":"2022-12-09T11:32:11","date_gmt":"2022-12-09T11:32:11","guid":{"rendered":"https:\/\/www.definox.com\/de\/?page_id=1809"},"modified":"2025-01-13T09:55:51","modified_gmt":"2025-01-13T09:55:51","slug":"expertise-2","status":"publish","type":"page","link":"https:\/\/www.definox.com\/de\/dna\/expertise-2\/","title":{"rendered":"Expertise"},"content":{"rendered":"\n<div class=\"wp-block-definox-quick-navigation  quick-navigation alignfull\"><div class=\"quick-navigation__content\"><div class=\"quick-navigation__wrapper\"><div class=\"quick-navigation__sticky-hook\"><\/div><div class=\"quick-navigation__items\">\n<div class=\"wp-block-definox-quick-navigation-item quick-navigation__item\"><a class=\"quick-navigation__link\" href=\"#definition\">Definition<\/a><\/div>\n\n\n\n<div class=\"wp-block-definox-quick-navigation-item quick-navigation__item\"><a class=\"quick-navigation__link\" href=\"#fragen\">Kompetenzfragen<\/a><\/div>\n\n\n\n<div class=\"wp-block-definox-quick-navigation-item quick-navigation__item\"><a class=\"quick-navigation__link\" href=\"#Technology\">DEFINOX technology<\/a><\/div>\n\n\n\n<div class=\"wp-block-definox-quick-navigation-item quick-navigation__item\"><a class=\"quick-navigation__link\" href=\"#TCO\">TCO-Vorteile<\/a><\/div>\n<\/div><div class=\"quick-navigation__controls\"><button class=\"quick-navigation__button quick-navigation__button--prev\"><\/button><button class=\"quick-navigation__button quick-navigation__button--next\"><\/button><\/div><\/div><\/div><\/div>\n\n\n\n<h2 class=\"wp-block-heading has-text-align-center\">WIE HILFT DEFINOX DEN HERSTELLERN BEI DER KONTROLLE DER GESAMTBETRIEBSKOSTEN (TCO) ?<\/h2>\n\n\n\n<div class=\"wp-block-media-text alignwide is-stacked-on-mobile\"><figure class=\"wp-block-media-text__media\"><img decoding=\"async\" src=\"https:\/\/www.definox.com\/app\/uploads\/sites\/7\/2022\/05\/Iceberg_TCO_Definox-1024x623.jpeg\" alt=\"\" class=\"wp-image-2176 size-full\"\/><\/figure><div class=\"wp-block-media-text__content\">\n<h2 class=\"wp-block-heading\" id=\"definition\"><a href=\"WOZU DIENT ES?\"><\/a>TCO: WOZU DIENT ES ?<\/h2>\n\n\n\n<p>Die Gesamtbetriebskosten sind eine Sch\u00e4tzung des Anschaffungswerts eines Produkts w\u00e4hrend seines gesamten Lebenszyklus. Tats\u00e4chlich ist ein Produkt nicht nur den Kaufpreis oder seine Wirkung wert. Um den tats\u00e4chlichen Betrag zu ermitteln, m\u00fcssen zus\u00e4tzliche Kosten ber\u00fccksichtigt werden.<\/p>\n<\/div><\/div>\n\n\n\n<h3 class=\"wp-block-heading\"><strong><strong>Reparaturf\u00e4higkeit: Auf die Produktwartbarkeit einwirken<\/strong><\/strong><\/h3>\n\n\n<div class=\"wp-block-image size-full\">\n<figure class=\"alignright\"><img decoding=\"async\" width=\"398\" height=\"369\" src=\"https:\/\/www.definox.com\/app\/uploads\/sites\/11\/2023\/01\/Capture-de\u0301cran-2023-01-17-a\u0300-10.37.47-e1674491662830.png\" alt=\"instandhaltung\" class=\"wp-image-2283\"\/><\/figure><\/div>\n\n\n<p>Definox setzt auf das Konzept der vollst\u00e4ndig wartbaren Ventile. Sie ist die Richtschnur f\u00fcr das Design unserer L\u00f6sungen und beeinflusst die Wahl der industriellen Verfahren zur Herstellung von Komponenten, die mit Prozessstr\u00f6men in Ber\u00fchrung kommen. Dieser Grundsatz wirkt sich auf 2 Aspekte positiv aus.<\/p>\n\n\n\n<ul class=\"wp-block-list\">\n<li><span style=\"color: initial;, sans-serif\">Eins der g\u00fcnstigsten TCOs auf dem Markt mit angemessenen Reparaturkosten (maximal 30 % des Ventilpreises).<\/span><\/li>\n\n\n\n<li>Ausgedehnte Eingriffe und schnelle Wartungsarbeiten dank der Konstruktion des Ventils (einfache Demontage, empfohlene Wartung alle 5 Jahre f\u00fcr einen Stellantrieb, abh\u00e4ngig von der Art des Durchflussprozesses, der Reinigung und den Wartungsbedingungen).<\/li>\n<\/ul>\n\n\n\n<h3 class=\"wp-block-heading\">Restwert: Einwirkung auf die Lebensdauer des Produkts<\/h3>\n\n\n<div class=\"wp-block-image size-full\">\n<figure class=\"alignright\"><img decoding=\"async\" src=\"https:\/\/www.definox.com\/app\/uploads\/sites\/7\/2022\/05\/20211201_153640-edited-1-1.jpeg\" alt=\"\" class=\"wp-image-2331\"\/><\/figure><\/div>\n\n\n<ul class=\"wp-block-list\">\n<li>Dank der Austauschbarkeit der Komponenten ist Definox in der Lage, Ihnen einen vorteilhaften exklusiven Service zu bieten. Dies tr\u00e4gt zu einer langen Lebensdauer Ihrer Ger\u00e4te bei.<\/li>\n<\/ul>\n\n\n\n<ul class=\"wp-block-list\">\n<li>Die Reparatur durch Rotation gew\u00e4hrleistet eine fachgerechte Verwaltung Ihrer Ventile. Ihre Ger\u00e4te werden in unseren Werkst\u00e4tten ohne Produktionsunterbrechung wieder in einen neuwertigen Zustand versetzt.<\/li>\n\n\n\n<li>Die Nachr\u00fcstung von Ventilen und Ventils\u00e4tzen erm\u00f6glicht es Ihnen, von der neuesten Technologie zu profitieren und garantiert einen optimierten Betrieb Ihrer Prozesse. Die neue Generation des Sorio-Steuerungsaufsatzes passt zu allen Generationen von Definox-Ventilen sowie zu anderen auf dem Markt befindlichen Ventilen.<\/li>\n<\/ul>\n\n\n\n<div style=\"height:100px\" aria-hidden=\"true\" class=\"wp-block-spacer\"><\/div>\n\n\n\n<div class=\"wp-block-definox-quotes-list quotes alignfull  is-style-dna\" id=\"quotes-section\"><div class=\"container\"><div class=\"quotes__items\">\n<div class=\"wp-block-definox-quotes-item quotes__item-container\"><div class=\"quotes__item \"><svg class=\"quotes__svg\" xmlns=\"http:\/\/www.w3.org\/2000\/svg\" viewBox=\"0 0 152 151\"><path fill=\"none\" stroke-miterlimit=\"20\" stroke-width=\"2\" d=\"M151.141 149.984c-82.844 0-150-67.155-150-150\"><\/path><path fill=\"none\" stroke-linecap=\"round\" stroke-linejoin=\"round\" stroke-miterlimit=\"20\" stroke-width=\"2\" d=\"M66.102 76.961v0s8.878-11.168 8.362-11.233c-5.998-.758-10.634-5.784-10.634-11.87 0-6.612 5.466-11.97 12.21-11.97 6.742 0 12.208 5.358 12.208 11.97 0 3.184-1.138 5.186-3.407 8.072-.934 1.188-11.926 15.031-11.926 15.031v0M94.513 76.961v0s8.878-11.168 8.362-11.233c-5.998-.758-10.634-5.784-10.634-11.87 0-6.612 5.466-11.97 12.208-11.97 6.744 0 12.21 5.358 12.21 11.97 0 3.184-1.138 5.186-3.407 8.072-.934 1.188-11.926 15.031-11.926 15.031v0\"><\/path><\/svg>\n<p class=\"quotes__description\"><strong>Definox positioniert sich mit Produkten, die es erm\u00f6glichen, die TCO so effizient wie m\u00f6glich zu halten. Die Kostenkontrolle ist ein zentrales Thema, denn bei Definox wird ein Ventil f\u00fcr etwa zehn Jahre gekauft.<\/strong><\/p>\n\n\n\n<p class=\"quotes__author larger\">NICOLAS CZERNIAK, Vertriebsleiter f\u00fcr Osteuropa und Italien bei DEFINOX<\/p>\n<\/div><\/div>\n<\/div><div class=\"quotes__controls\"><div class=\"quotes__dots\"><\/div><div class=\"quotes__buttons\"><button type=\"button\" class=\"slider-button slider-button--prev quotes__button quotes__button--prev\"><\/button><button type=\"button\" class=\"slider-button slider-button--next quotes__button quotes__button--next\"><\/button><\/div><\/div><\/div><\/div>\n\n\n\n<div class=\"wp-block-group\"><div class=\"wp-block-group__inner-container is-layout-flow wp-block-group-is-layout-flow\">\n<h3 class=\"wp-block-heading\" id=\"fragen\"><strong><strong>Produktivit\u00e4t: Ber\u00fccksichtigung der Verf\u00fcgbarkeit von Produktionslinien<\/strong><\/strong><\/h3>\n\n\n\n<ul class=\"wp-block-list\">\n<li>Das Design unserer Ventile integriert eine begrenzte Anzahl von Dichtungen, was die Ausfallrisiken reduziert und k\u00fcrzere Wartungsarbeiten erm\u00f6glicht<\/li>\n\n\n\n<li>Innovation im Dienste der Produktion, mit der Sorio-Meldeeinheit und ihrer \u201eWarn\u201c-Funktion, die vor Aktivit\u00e4ten au\u00dferhalb der Ventiltoleranz warnt<\/li>\n<\/ul>\n<\/div><\/div>\n\n\n\n<figure class=\"wp-block-embed is-type-video is-provider-youtube wp-block-embed-youtube wp-embed-aspect-16-9 wp-has-aspect-ratio\"><div class=\"wp-block-embed__wrapper\">\n<iframe title=\"3D video Sorio control top Definox\" width=\"865\" height=\"487\" src=\"https:\/\/www.youtube.com\/embed\/Efb9M7Z815I?start=97&#038;feature=oembed\" frameborder=\"0\" allow=\"accelerometer; autoplay; clipboard-write; encrypted-media; gyroscope; picture-in-picture; web-share\" referrerpolicy=\"strict-origin-when-cross-origin\" allowfullscreen><\/iframe>\n<\/div><\/figure>\n\n\n\n<h3 class=\"wp-block-heading\"><strong><strong>Dienstleistung mit Mehrwert: Auf den Wissenstransfer einwirken<\/strong><\/strong><\/h3>\n\n\n\n<ul class=\"wp-block-list\">\n<li>Gewinnen Sie durch unsere praktischen und theoretischen Schulungen an Autonomie und sorgen Sie f\u00fcr die Sicherheit Ihrer Teams bei Eins\u00e4tzen.<\/li>\n\n\n\n<li>Profitieren Sie von der pers\u00f6nlichen Unterst\u00fctzung in jeder Phase Ihrer Projekte.<\/li>\n\n\n\n<li>Die Augmented-Reality-Mobiltelefonanwendung \u201eID\u201c spart Ihnen Zeit und erm\u00f6glicht eine einfache Identifizierung des Ventils und der Ventilteile.<\/li>\n<\/ul>\n\n\n\n<div class=\"wp-block-buttons alignwide is-content-justification-center is-layout-flex wp-container-core-buttons-is-layout-1 wp-block-buttons-is-layout-flex\">\n<div class=\"wp-block-button aligncenter is-style-secondary--small\"><a class=\"wp-block-button__link wp-element-button\" href=\"https:\/\/www.definox.com\/de\/unsere-anwendung-id-augmented-reality\/\">INFORMATIONEN \u00dcBER<\/a><\/div>\n<\/div>\n\n\n<div class=\"wp-block-image size-full\">\n<figure class=\"aligncenter size-large\"><img decoding=\"async\" width=\"1024\" height=\"597\" src=\"https:\/\/www.definox.com\/app\/uploads\/sites\/11\/2020\/07\/DEFINOX-resources-id-definox-1024x597.jpg\" alt=\"DEFINOX-resources-id-definox-augmented-reality\" class=\"wp-image-1349\" srcset=\"https:\/\/www.definox.com\/app\/uploads\/sites\/11\/2020\/07\/DEFINOX-resources-id-definox-1024x597.jpg 1024w, https:\/\/www.definox.com\/app\/uploads\/sites\/11\/2020\/07\/DEFINOX-resources-id-definox-300x175.jpg 300w, https:\/\/www.definox.com\/app\/uploads\/sites\/11\/2020\/07\/DEFINOX-resources-id-definox-768x448.jpg 768w, https:\/\/www.definox.com\/app\/uploads\/sites\/11\/2020\/07\/DEFINOX-resources-id-definox-35x20.jpg 35w, https:\/\/www.definox.com\/app\/uploads\/sites\/11\/2020\/07\/DEFINOX-resources-id-definox-600x350.jpg 600w, https:\/\/www.definox.com\/app\/uploads\/sites\/11\/2020\/07\/DEFINOX-resources-id-definox.jpg 1200w\" sizes=\"(max-width: 1024px) 100vw, 1024px\" \/><\/figure><\/div>\n\n\n<h3 class=\"wp-block-heading\">Energieeinsparung: Auf den Energieverbrauch einwirken<\/h3>\n\n\n\n<ul class=\"wp-block-list\">\n<li>Die breite Palette an Technologien und Durchmessern erm\u00f6glicht eine rationelle Auswahl. (Durchflusskoeffizient (KV\/CV))<\/li>\n\n\n\n<li>Die neue Generation der Doppelsitzventile VEOX erm\u00f6glicht eine Reduzierung der CIP-Verluste um 30 % beim Anheben des Ventiltellers.<\/li>\n\n\n\n<li>Das Veox-Ventil hat die geringste Anzahl von Dichtungen auf dem Markt, und es dauert nur 30 Minuten, bis es wieder komplett zusammengebaut ist. Wartungszeiten und -kosten werden reduziert.<\/li>\n\n\n\n<li>Das Design unserer Molchsysteme bietet einen niedrigen Reibungskoeffizienten bei maximaler R\u00fcckgewinnung des abgeschabten Produkts. Beim Einsatz des SMS-Monoblockmolchs DN51 auf einer Strecke von 100 Kilometern werden 97,5 % des \u00fcbrig-gebliebenen Produkts wiedergewonnen.<\/li>\n<\/ul>\n\n\n\n<div class=\"wp-block-columns is-layout-flex wp-container-core-columns-is-layout-1 wp-block-columns-is-layout-flex\">\n<div class=\"wp-block-column is-vertically-aligned-center is-layout-flow wp-block-column-is-layout-flow\" style=\"flex-basis:100%\"><\/div>\n<\/div>\n\n\n\n<h3 class=\"wp-block-heading\">Smart-Design: Handeln bei der Produktgestaltung<\/h3>\n\n\n\n<ul class=\"wp-block-list\">\n<li>Die gemischsicheren Ventile der VEOX-Reihe verf\u00fcgen standardm\u00e4\u00dfig \u00fcber eine Radialdichtung mit Edelstahleinsatz. Diese patentierte Technologie tr\u00e4gt zu einer besseren Dichtungsstabilit\u00e4t bei, begrenzt die Dilatation und verbessert die Temperatur- und Druckleistung. Die Lebensdauer ist l\u00e4nger, und die Eingriffszeiten sind k\u00fcrzer.<\/li>\n\n\n\n<li>Die standardm\u00e4\u00dfig angebotenen Ventilvarianten (VEOX Mehrfachgr\u00f6\u00dfen-Geh\u00e4use oder VEOX 3-Geh\u00e4use) erm\u00f6glichen es, die Anzahl der in einer Linie ben\u00f6tigten Ventile in Abh\u00e4ngigkeit von den Produktionsprozessen zu optimieren.<\/li>\n<\/ul>\n\n\n\n<div class=\"wp-block-columns is-style-center-on-mobile is-layout-flex wp-container-core-columns-is-layout-2 wp-block-columns-is-layout-flex\">\n<div class=\"wp-block-column is-layout-flow wp-block-column-is-layout-flow\">\n<figure class=\"wp-block-embed is-type-video is-provider-youtube wp-block-embed-youtube wp-embed-aspect-16-9 wp-has-aspect-ratio\"><div class=\"wp-block-embed__wrapper\">\n<iframe title=\"How does VEOX mixproof valve with Sorio control top work\" width=\"865\" height=\"487\" src=\"https:\/\/www.youtube.com\/embed\/34hpx2fNRYo?start=172&#038;feature=oembed\" frameborder=\"0\" allow=\"accelerometer; autoplay; clipboard-write; encrypted-media; gyroscope; picture-in-picture; web-share\" referrerpolicy=\"strict-origin-when-cross-origin\" allowfullscreen><\/iframe>\n<\/div><\/figure>\n<\/div>\n<\/div>\n\n\n\n<h2 class=\"wp-block-heading has-text-align-center\" id=\"Technology\">DEFINOX TECHNOLOGY<\/h2>\n\n\n\n<p>Die von Definox bei der Herstellung unserer Ventile angewandten Bearbeitungs-, Dreh- und Schwei\u00dftechniken verleihen den strategischen Komponenten, die mit Fl\u00fcssigkeiten in Ber\u00fchrung kommen, ein hohes Ma\u00df an Verarbeitung und Qualit\u00e4t, das den Prozessanforderungen entspricht.<\/p>\n\n\n\n<ul class=\"wp-block-list\">\n<li><span style=\", sans-serif\">Die Bearbeitung der Ventilgeh\u00e4use und Kegel aus massivem Edelstahl garantiert, dass die Teile keine Fl\u00fcssigkeitsr\u00fcckhaltezonen aufweisen. Dieses Verfahren und die Geh\u00e4usedicke von 6 bis 7 mm tragen zur hohen Widerstandsf\u00e4higkeit gegen mechanische und thermische Verformungen bei.<\/span><\/li>\n\n\n\n<li>Fr\u00e4s- und Dreharbeiten bieten eine gro\u00dfe Flexibilit\u00e4t bei der Anpassung von Stutzen. Dadurch sind zahlreiche Konfigurationen m\u00f6glich.<\/li>\n\n\n\n<li>Die W\u00e4rmebehandlung durch Gl\u00fchen sorgt f\u00fcr eine un\u00fcbertroffene Korrosionsbest\u00e4ndigkeit.<\/li>\n\n\n\n<li>Die Qualit\u00e4t der Schwei\u00dfarbeiten (die von WIG-zertifizierten Schwei\u00dfern ausgef\u00fchrt werden) entspricht den hygienischen Standards und Anforderungen. Die Schwei\u00dfn\u00e4hte garantieren eine solide Geometrie und eine hohe Widerstandsf\u00e4higkeit der mechanisch geschwei\u00dften Baugruppen.<\/li>\n\n\n\n<li>Das Tribofinishing erm\u00f6glicht glatte Oberfl\u00e4chen, die die in Sanit\u00e4rprozessen geforderte Inline-Reinigungsf\u00e4higkeit verst\u00e4rken.<\/li>\n<\/ul>\n\n\n\n<figure class=\"wp-block-embed is-type-video is-provider-youtube wp-block-embed-youtube wp-embed-aspect-16-9 wp-has-aspect-ratio\"><div class=\"wp-block-embed__wrapper\">\n<iframe title=\"Definox industrial process\" width=\"865\" height=\"487\" src=\"https:\/\/www.youtube.com\/embed\/8v_XCbD93Es?feature=oembed\" frameborder=\"0\" allow=\"accelerometer; autoplay; clipboard-write; encrypted-media; gyroscope; picture-in-picture; web-share\" referrerpolicy=\"strict-origin-when-cross-origin\" allowfullscreen><\/iframe>\n<\/div><\/figure>\n\n\n\n<div class=\"wp-block-group is-style-dna-pattern\"><div class=\"wp-block-group__inner-container is-layout-flow wp-block-group-is-layout-flow\">\n<h2 class=\"wp-block-heading has-text-align-center\" id=\"TCO\">DIE VORTEILE DES TCOs<\/h2>\n\n\n\n<div class=\"wp-block-definox-card-grid card-grid alignfull\"><div class=\"container\"><div class=\"card-grid__items\">\n<div class=\"wp-block-definox-dna-card dna-card\" style=\"--card-text-color:#ffffff;--card-bg-color:#004871;--card-secondary-color:#eabc33\"><div class=\"dna-card__content\">\n\n\n<h3 class=\"wp-block-heading dna-card__title\">VERBESSERERUNG<\/h3>\n\n\n\n<p class=\"dna-card__description\"><strong>der finanziellen Leistungsf\u00e4higkeit der Produktionslinien<\/strong><\/p>\n<\/div><\/div>\n\n\n\n<div class=\"wp-block-definox-dna-card dna-card\" style=\"--card-text-color:#004871;--card-bg-color:#eabc33;--card-secondary-color:#ffffff\"><div class=\"dna-card__content\">\n\n\n<h3 class=\"wp-block-heading dna-card__title\">BERECHNEN<\/h3>\n\n\n\n<p class=\"dna-card__description\"><strong>der Kosten auf objektive und globale Weise<\/strong><\/p>\n<\/div><\/div>\n\n\n\n<div class=\"wp-block-definox-dna-card dna-card\" style=\"--card-text-color:#ffffff;--card-bg-color:#004871;--card-secondary-color:#eabc33\"><div class=\"dna-card__content\">\n\n\n<h3 class=\"wp-block-heading dna-card__title\">VORAUSSICHTLICHE<\/h3>\n\n\n\n<p class=\"dna-card__description\">Kosten \u00fcber den gesamten Lebenszyklus<\/p>\n<\/div><\/div>\n\n\n\n<div class=\"wp-block-definox-dna-card dna-card\" style=\"--card-text-color:#ffffff;--card-bg-color:#004871;--card-secondary-color:#eabc33\"><div class=\"dna-card__content\">\n\n\n<h3 class=\"wp-block-heading dna-card__title\">KONTROLLE<\/h3>\n\n\n\n<p class=\"dna-card__description\">der Verf\u00fcgbarkeit der Produktionslinien<\/p>\n<\/div><\/div>\n<\/div><\/div><\/div>\n\n\n\n<div class=\"wp-block-definox-card-grid card-grid alignfull\"><div class=\"container\"><div class=\"card-grid__items\"><\/div><\/div><\/div>\n<\/div><\/div>\n","protected":false},"excerpt":{"rendered":"<p>Die Optimierung der Kosten ist ein zentrales Thema f\u00fcr die Hersteller. Wie man Prozesse kontrolliert, reduziert und verbessert, um rentabel, aber vor allem leistungsf\u00e4hig zu sein. Die Berechnung des TCO erm\u00f6glicht es, die erforderlichen Gesamtkosten zu ber\u00fccksichtigen und somit der wirtschaftlichen Realit\u00e4t so nahe wie m\u00f6glich zu kommen. Definox stellt sein Fachwissen und Know-how seinen Kunden und Partnern zur Verf\u00fcgung.<\/p>\n","protected":false},"author":16,"featured_media":1556,"parent":1536,"menu_order":0,"comment_status":"closed","ping_status":"closed","template":"","meta":{"_acf_changed":false,"content-type":"","footnotes":""},"class_list":["entry","entry--1809","entry--type-page","entry--status-publish","entry--author-","has-post-thumbnail","has-excerpt"],"acf":[],"yoast_head":"<!-- This site is optimized with the Yoast SEO plugin v24.2 - https:\/\/yoast.com\/wordpress\/plugins\/seo\/ -->\n<title>Expertise - Definox DE<\/title>\n<meta name=\"description\" content=\"Wie kann man seine Prozesse beherrschen und verbessern, um rentabel und leistungsf\u00e4hig zu sein? Definox stellt seinen Kunden sein Fachwissen zur Verf\u00fcgung.\" \/>\n<meta name=\"robots\" content=\"index, follow, max-snippet:-1, max-image-preview:large, max-video-preview:-1\" \/>\n<link rel=\"canonical\" href=\"https:\/\/www.definox.com\/de\/dna\/expertise-2\/\" \/>\n<meta property=\"og:locale\" content=\"de_DE\" \/>\n<meta property=\"og:type\" content=\"article\" \/>\n<meta property=\"og:title\" content=\"Expertise - Definox DE\" \/>\n<meta property=\"og:description\" content=\"Wie kann man seine Prozesse beherrschen und verbessern, um rentabel und leistungsf\u00e4hig zu sein? Definox stellt seinen Kunden sein Fachwissen zur Verf\u00fcgung.\" \/>\n<meta property=\"og:url\" content=\"https:\/\/www.definox.com\/de\/dna\/expertise-2\/\" \/>\n<meta property=\"og:site_name\" content=\"Definox DE\" \/>\n<meta property=\"article:modified_time\" content=\"2025-01-13T09:55:51+00:00\" \/>\n<meta property=\"og:image\" content=\"https:\/\/www.definox.com\/app\/uploads\/sites\/11\/2022\/03\/EXPERTISE-scaled.jpg\" \/>\n\t<meta property=\"og:image:width\" content=\"2628\" \/>\n\t<meta property=\"og:image:height\" content=\"1529\" \/>\n\t<meta property=\"og:image:type\" content=\"image\/jpeg\" \/>\n<meta name=\"twitter:card\" content=\"summary_large_image\" \/>\n<meta name=\"twitter:label1\" content=\"Gesch\u00e4tzte Lesezeit\" \/>\n\t<meta name=\"twitter:data1\" content=\"6\u00a0Minuten\" \/>\n<script type=\"application\/ld+json\" class=\"yoast-schema-graph\">{\"@context\":\"https:\/\/schema.org\",\"@graph\":[{\"@type\":\"WebPage\",\"@id\":\"https:\/\/www.definox.com\/de\/dna\/expertise-2\/\",\"url\":\"https:\/\/www.definox.com\/de\/dna\/expertise-2\/\",\"name\":\"Expertise - Definox DE\",\"isPartOf\":{\"@id\":\"https:\/\/www.definox.com\/de\/#website\"},\"primaryImageOfPage\":{\"@id\":\"https:\/\/www.definox.com\/de\/dna\/expertise-2\/#primaryimage\"},\"image\":{\"@id\":\"https:\/\/www.definox.com\/de\/dna\/expertise-2\/#primaryimage\"},\"thumbnailUrl\":\"https:\/\/www.definox.com\/app\/uploads\/sites\/11\/2022\/03\/EXPERTISE-scaled.jpg\",\"datePublished\":\"2022-12-09T11:32:11+00:00\",\"dateModified\":\"2025-01-13T09:55:51+00:00\",\"description\":\"Wie kann man seine Prozesse beherrschen und verbessern, um rentabel und leistungsf\u00e4hig zu sein? Definox stellt seinen Kunden sein Fachwissen zur Verf\u00fcgung.\",\"breadcrumb\":{\"@id\":\"https:\/\/www.definox.com\/de\/dna\/expertise-2\/#breadcrumb\"},\"inLanguage\":\"de\",\"potentialAction\":[{\"@type\":\"ReadAction\",\"target\":[\"https:\/\/www.definox.com\/de\/dna\/expertise-2\/\"]}]},{\"@type\":\"ImageObject\",\"inLanguage\":\"de\",\"@id\":\"https:\/\/www.definox.com\/de\/dna\/expertise-2\/#primaryimage\",\"url\":\"https:\/\/www.definox.com\/app\/uploads\/sites\/11\/2022\/03\/EXPERTISE-scaled.jpg\",\"contentUrl\":\"https:\/\/www.definox.com\/app\/uploads\/sites\/11\/2022\/03\/EXPERTISE-scaled.jpg\",\"width\":2628,\"height\":1529},{\"@type\":\"BreadcrumbList\",\"@id\":\"https:\/\/www.definox.com\/de\/dna\/expertise-2\/#breadcrumb\",\"itemListElement\":[{\"@type\":\"ListItem\",\"position\":1,\"name\":\"DNA\",\"item\":\"https:\/\/www.definox.com\/de\/dna\/\"},{\"@type\":\"ListItem\",\"position\":2,\"name\":\"Expertise\"}]},{\"@type\":\"WebSite\",\"@id\":\"https:\/\/www.definox.com\/de\/#website\",\"url\":\"https:\/\/www.definox.com\/de\/\",\"name\":\"Definox DE\",\"description\":\"Boost your performance\",\"publisher\":{\"@id\":\"https:\/\/www.definox.com\/de\/#organization\"},\"potentialAction\":[{\"@type\":\"SearchAction\",\"target\":{\"@type\":\"EntryPoint\",\"urlTemplate\":\"https:\/\/www.definox.com\/de\/?s={search_term_string}\"},\"query-input\":{\"@type\":\"PropertyValueSpecification\",\"valueRequired\":true,\"valueName\":\"search_term_string\"}}],\"inLanguage\":\"de\"},{\"@type\":\"Organization\",\"@id\":\"https:\/\/www.definox.com\/de\/#organization\",\"name\":\"Definox DE\",\"url\":\"https:\/\/www.definox.com\/de\/\",\"logo\":{\"@type\":\"ImageObject\",\"inLanguage\":\"de\",\"@id\":\"https:\/\/www.definox.com\/de\/#\/schema\/logo\/image\/\",\"url\":\"https:\/\/www.definox.com\/app\/uploads\/sites\/11\/2021\/01\/icons-footer_logo-definox-id.svg\",\"contentUrl\":\"https:\/\/www.definox.com\/app\/uploads\/sites\/11\/2021\/01\/icons-footer_logo-definox-id.svg\",\"width\":140,\"height\":120,\"caption\":\"Definox DE\"},\"image\":{\"@id\":\"https:\/\/www.definox.com\/de\/#\/schema\/logo\/image\/\"}}]}<\/script>\n<!-- \/ Yoast SEO plugin. -->","yoast_head_json":{"title":"Expertise - Definox DE","description":"Wie kann man seine Prozesse beherrschen und verbessern, um rentabel und leistungsf\u00e4hig zu sein? Definox stellt seinen Kunden sein Fachwissen zur Verf\u00fcgung.","robots":{"index":"index","follow":"follow","max-snippet":"max-snippet:-1","max-image-preview":"max-image-preview:large","max-video-preview":"max-video-preview:-1"},"canonical":"https:\/\/www.definox.com\/de\/dna\/expertise-2\/","og_locale":"de_DE","og_type":"article","og_title":"Expertise - Definox DE","og_description":"Wie kann man seine Prozesse beherrschen und verbessern, um rentabel und leistungsf\u00e4hig zu sein? Definox stellt seinen Kunden sein Fachwissen zur Verf\u00fcgung.","og_url":"https:\/\/www.definox.com\/de\/dna\/expertise-2\/","og_site_name":"Definox DE","article_modified_time":"2025-01-13T09:55:51+00:00","og_image":[{"width":2628,"height":1529,"url":"https:\/\/www.definox.com\/app\/uploads\/sites\/11\/2022\/03\/EXPERTISE-scaled.jpg","type":"image\/jpeg"}],"twitter_card":"summary_large_image","twitter_misc":{"Gesch\u00e4tzte Lesezeit":"6\u00a0Minuten"},"schema":{"@context":"https:\/\/schema.org","@graph":[{"@type":"WebPage","@id":"https:\/\/www.definox.com\/de\/dna\/expertise-2\/","url":"https:\/\/www.definox.com\/de\/dna\/expertise-2\/","name":"Expertise - Definox DE","isPartOf":{"@id":"https:\/\/www.definox.com\/de\/#website"},"primaryImageOfPage":{"@id":"https:\/\/www.definox.com\/de\/dna\/expertise-2\/#primaryimage"},"image":{"@id":"https:\/\/www.definox.com\/de\/dna\/expertise-2\/#primaryimage"},"thumbnailUrl":"https:\/\/www.definox.com\/app\/uploads\/sites\/11\/2022\/03\/EXPERTISE-scaled.jpg","datePublished":"2022-12-09T11:32:11+00:00","dateModified":"2025-01-13T09:55:51+00:00","description":"Wie kann man seine Prozesse beherrschen und verbessern, um rentabel und leistungsf\u00e4hig zu sein? Definox stellt seinen Kunden sein Fachwissen zur Verf\u00fcgung.","breadcrumb":{"@id":"https:\/\/www.definox.com\/de\/dna\/expertise-2\/#breadcrumb"},"inLanguage":"de","potentialAction":[{"@type":"ReadAction","target":["https:\/\/www.definox.com\/de\/dna\/expertise-2\/"]}]},{"@type":"ImageObject","inLanguage":"de","@id":"https:\/\/www.definox.com\/de\/dna\/expertise-2\/#primaryimage","url":"https:\/\/www.definox.com\/app\/uploads\/sites\/11\/2022\/03\/EXPERTISE-scaled.jpg","contentUrl":"https:\/\/www.definox.com\/app\/uploads\/sites\/11\/2022\/03\/EXPERTISE-scaled.jpg","width":2628,"height":1529},{"@type":"BreadcrumbList","@id":"https:\/\/www.definox.com\/de\/dna\/expertise-2\/#breadcrumb","itemListElement":[{"@type":"ListItem","position":1,"name":"DNA","item":"https:\/\/www.definox.com\/de\/dna\/"},{"@type":"ListItem","position":2,"name":"Expertise"}]},{"@type":"WebSite","@id":"https:\/\/www.definox.com\/de\/#website","url":"https:\/\/www.definox.com\/de\/","name":"Definox DE","description":"Boost your performance","publisher":{"@id":"https:\/\/www.definox.com\/de\/#organization"},"potentialAction":[{"@type":"SearchAction","target":{"@type":"EntryPoint","urlTemplate":"https:\/\/www.definox.com\/de\/?s={search_term_string}"},"query-input":{"@type":"PropertyValueSpecification","valueRequired":true,"valueName":"search_term_string"}}],"inLanguage":"de"},{"@type":"Organization","@id":"https:\/\/www.definox.com\/de\/#organization","name":"Definox DE","url":"https:\/\/www.definox.com\/de\/","logo":{"@type":"ImageObject","inLanguage":"de","@id":"https:\/\/www.definox.com\/de\/#\/schema\/logo\/image\/","url":"https:\/\/www.definox.com\/app\/uploads\/sites\/11\/2021\/01\/icons-footer_logo-definox-id.svg","contentUrl":"https:\/\/www.definox.com\/app\/uploads\/sites\/11\/2021\/01\/icons-footer_logo-definox-id.svg","width":140,"height":120,"caption":"Definox DE"},"image":{"@id":"https:\/\/www.definox.com\/de\/#\/schema\/logo\/image\/"}}]}},"_links":{"self":[{"href":"https:\/\/www.definox.com\/de\/wp-json\/wp\/v2\/pages\/1809","targetHints":{"allow":["GET"]}}],"collection":[{"href":"https:\/\/www.definox.com\/de\/wp-json\/wp\/v2\/pages"}],"about":[{"href":"https:\/\/www.definox.com\/de\/wp-json\/wp\/v2\/types\/page"}],"author":[{"embeddable":true,"href":"https:\/\/www.definox.com\/de\/wp-json\/wp\/v2\/users\/16"}],"replies":[{"embeddable":true,"href":"https:\/\/www.definox.com\/de\/wp-json\/wp\/v2\/comments?post=1809"}],"version-history":[{"count":28,"href":"https:\/\/www.definox.com\/de\/wp-json\/wp\/v2\/pages\/1809\/revisions"}],"predecessor-version":[{"id":2622,"href":"https:\/\/www.definox.com\/de\/wp-json\/wp\/v2\/pages\/1809\/revisions\/2622"}],"up":[{"embeddable":true,"href":"https:\/\/www.definox.com\/de\/wp-json\/wp\/v2\/pages\/1536"}],"wp:featuredmedia":[{"embeddable":true,"href":"https:\/\/www.definox.com\/de\/wp-json\/wp\/v2\/media\/1556"}],"wp:attachment":[{"href":"https:\/\/www.definox.com\/de\/wp-json\/wp\/v2\/media?parent=1809"}],"curies":[{"name":"wp","href":"https:\/\/api.w.org\/{rel}","templated":true}]}}