{"id":1814,"date":"2022-12-09T11:36:07","date_gmt":"2022-12-09T11:36:07","guid":{"rendered":"https:\/\/www.definox.com\/de\/?page_id=1814"},"modified":"2025-01-13T09:38:17","modified_gmt":"2025-01-13T09:38:17","slug":"umwelt","status":"publish","type":"page","link":"https:\/\/www.definox.com\/de\/dna\/umwelt\/","title":{"rendered":"Umwelt"},"content":{"rendered":"\n<div class=\"wp-block-definox-quick-navigation  quick-navigation alignfull\"><div class=\"quick-navigation__content\"><div class=\"quick-navigation__wrapper\"><div class=\"quick-navigation__sticky-hook\"><\/div><div class=\"quick-navigation__items\">\n<div class=\"wp-block-definox-quick-navigation-item quick-navigation__item\"><a class=\"quick-navigation__link\" href=\"#fragen\">Umweltfragen<\/a><\/div>\n\n\n\n<div class=\"wp-block-definox-quick-navigation-item quick-navigation__item\"><a class=\"quick-navigation__link\" href=\"#Optimierung\">Optimierung der Ressourcen<\/a><\/div>\n\n\n\n<div class=\"wp-block-definox-quick-navigation-item quick-navigation__item\"><a class=\"quick-navigation__link\" href=\"#Innovationen\">Technische Innovationen<\/a><\/div>\n\n\n\n<div class=\"wp-block-definox-quick-navigation-item quick-navigation__item\"><a class=\"quick-navigation__link\" href=\"#Verpflichtungen\">Verpflichtungen<\/a><\/div>\n<\/div><div class=\"quick-navigation__controls\"><button class=\"quick-navigation__button quick-navigation__button--prev\"><\/button><button class=\"quick-navigation__button quick-navigation__button--next\"><\/button><\/div><\/div><\/div><\/div>\n\n\n\n<h2 class=\"wp-block-heading has-text-align-center\" id=\"fragen\">WIE UNTERST\u00dcTZT DEFINOX DIE HERSTELLER IN UMWELTFRAGEN?<\/h2>\n\n\n<div class=\"wp-block-image is-resized\">\n<figure class=\"aligncenter size-large\" id=\"Issues\"><img decoding=\"async\" src=\"https:\/\/www.definox.com\/app\/uploads\/2022\/04\/environnement-infographique-4-items.svg\" alt=\"\" class=\"wp-image-4330\"\/><\/figure><\/div>\n\n\n<div class=\"wp-block-columns is-style-center-on-mobile is-layout-flex wp-container-core-columns-is-layout-1 wp-block-columns-is-layout-flex\">\n<div class=\"wp-block-column is-layout-flow wp-block-column-is-layout-flow\">\n<h6 class=\"wp-block-heading has-text-align-center has-dark-blue-color has-text-color\"><strong>VERANTWORTUNGS-VOLLE DESIGN-ENTSCHEIDUNGEN<\/strong><\/h6>\n\n\n\n<ul class=\"wp-block-list is-style-primary\">\n<li>Austauschbarkeit von Unterbaugruppen und Komponenten<\/li>\n\n\n\n<li>F\u00f6rderung der Verwendung von lokal hergestellten Komponenten<\/li>\n\n\n\n<li>Einbeziehung von Umweltkriterien in die Produktgestaltung<\/li>\n<\/ul>\n<\/div>\n\n\n\n<div class=\"wp-block-column is-layout-flow wp-block-column-is-layout-flow\">\n<h6 class=\"wp-block-heading has-text-align-center has-dark-blue-color has-text-color\"><strong>NACHHALTIGKEIT DER AUSR\u00dcSTUNG<\/strong><\/h6>\n\n\n\n<ul class=\"wp-block-list is-style-primary\">\n<li>Nachhaltiges Design von Definox-Produkten<\/li>\n\n\n\n<li>Lebensdauer der Ger\u00e4te von \u00fcber 40 Jahren f\u00fcr eine optimale und wirtschaftliche Nutzung<\/li>\n\n\n\n<li>Komponenten auf Anfrage, die weit \u00fcber den Verkauf von Standard-Ersatzteilen hinausgehen<\/li>\n<\/ul>\n<\/div>\n\n\n\n<div class=\"wp-block-column is-layout-flow wp-block-column-is-layout-flow\">\n<h6 class=\"wp-block-heading has-text-align-center has-dark-blue-color has-text-color\"><strong>WARTBARKEIT DER KOMPONENTEN<\/strong><\/h6>\n\n\n\n<ul class=\"wp-block-list is-style-primary\">\n<li>Definox-Produkte sind vollst\u00e4ndig wartbar<\/li>\n\n\n\n<li>Komponenten werden bei Bedarf ersetzt<\/li>\n\n\n\n<li>Nachr\u00fcstung von Ventilbaugruppen<\/li>\n<\/ul>\n<\/div>\n\n\n\n<div class=\"wp-block-column is-layout-flow wp-block-column-is-layout-flow\">\n<h6 class=\"wp-block-heading has-text-align-center has-dark-blue-color has-text-color\"><strong>MODERNISIERUNG DER INFRASTRUKTUREN<\/strong><\/h6>\n\n\n\n<ul class=\"wp-block-list is-style-primary\">\n<li>Erneuerung des Maschinenparks<\/li>\n\n\n\n<li>Optimierung der Beizstation zur Senkung des Energieverbrauchs<\/li>\n\n\n\n<li>Projekt zur R\u00fcckgewinnung der von den Maschinen erzeugten W\u00e4rme zur Wiederverwendung im Prozess<\/li>\n<\/ul>\n<\/div>\n<\/div>\n\n\n\n<h2 class=\"wp-block-heading has-text-align-center\" id=\"Optimierung\">OPTIMIERUNG DER RESSOURCEN<\/h2>\n\n\n\n<p class=\"has-text-align-center\">Die steigende Nachfrage der Verbraucher, die Unbest\u00e4ndigkeit der Rohstoffqualit\u00e4t und der Kostenanstieg veranlassen die Hersteller dazu, besser und nachhaltiger zu produzieren.<\/p>\n\n\n\n<div class=\"wp-block-media-text alignwide is-stacked-on-mobile is-style-dna\" style=\"grid-template-columns:25% auto\"><figure class=\"wp-block-media-text__media\"><img decoding=\"async\" src=\"https:\/\/www.definox.com\/app\/uploads\/sites\/7\/2022\/05\/Visualisation-de-la-vitesse-VEOX-DN-76.png\" alt=\"\" class=\"wp-image-2269 size-full\"\/><\/figure><div class=\"wp-block-media-text__content\">\n<h4 class=\"wp-block-heading\"><strong><strong><strong>RECYCLABILIT\u00c4T<\/strong><\/strong><\/strong><\/h4>\n\n\n\n<p>Unser Konstruktionsb\u00fcro nutzt die digitale Simulation, um die ersten Prototypen zu erstellen und so den Einsatz von Rohstoffen und Energie zu optimieren. Wir streben zuverl\u00e4ssige, robuste Konstruktionen an, die die H\u00e4ufigkeit des Austauschs von Teilen erheblich reduzieren. Die Geometrie und die verwendeten Materialien bieten Langlebigkeit und Abfallreduzierung w\u00e4hrend des gesamten Lebenszyklus der Ger\u00e4te<\/p>\n<\/div><\/div>\n\n\n\n<div style=\"height:50px\" aria-hidden=\"true\" class=\"wp-block-spacer is-style-custom\"><\/div>\n\n\n\n<div class=\"wp-block-group\"><div class=\"wp-block-group__inner-container is-layout-flow wp-block-group-is-layout-flow\">\n<h4 class=\"wp-block-heading\" id=\"Innovationen\"><strong><strong>ST\u00c4NDIGE VERBESSERUNG<\/strong><\/strong><\/h4>\n\n\n\n<p>Definox und seine SORIO-Technologie helfen Ihnen, die Herausforderung von Nachhaltigkeit und Leistung zu meistern. Mit kontinuierlicher Verbesserung begleiten wir Sie bei der Optimierung Ihrer Ressourcen.<\/p>\n\n\n\n<div class=\"wp-block-buttons is-layout-flex wp-block-buttons-is-layout-flex\">\n<div class=\"wp-block-button is-style-primary--small\"><a class=\"wp-block-button__link wp-element-button\" href=\"https:\/\/www.definox.com\/de\/ein-interaktives-video-fur-sorio-die-neue-meldeeinheit-generation-von-definox\/\">Sorio-Meldeeinheit<\/a><\/div>\n<\/div>\n<\/div><\/div>\n\n\n\n<figure class=\"wp-block-embed is-type-video is-provider-youtube wp-block-embed-youtube wp-embed-aspect-16-9 wp-has-aspect-ratio\"><div class=\"wp-block-embed__wrapper\">\n<iframe title=\"21- Valve cycle counter through Definox SORIO control top\" width=\"865\" height=\"487\" src=\"https:\/\/www.youtube.com\/embed\/oMUqMEybnZ8?feature=oembed\" frameborder=\"0\" allow=\"accelerometer; autoplay; clipboard-write; encrypted-media; gyroscope; picture-in-picture; web-share\" referrerpolicy=\"strict-origin-when-cross-origin\" allowfullscreen><\/iframe>\n<\/div><\/figure>\n\n\n\n<div class=\"wp-block-definox-quotes-list quotes alignfull  is-style-dna\" id=\"quotes-section\"><div class=\"container\"><div class=\"quotes__items\">\n<div class=\"wp-block-definox-quotes-item quotes__item-container\"><div class=\"quotes__item \"><svg class=\"quotes__svg\" xmlns=\"http:\/\/www.w3.org\/2000\/svg\" viewBox=\"0 0 152 151\"><path fill=\"none\" stroke-miterlimit=\"20\" stroke-width=\"2\" d=\"M151.141 149.984c-82.844 0-150-67.155-150-150\"><\/path><path fill=\"none\" stroke-linecap=\"round\" stroke-linejoin=\"round\" stroke-miterlimit=\"20\" stroke-width=\"2\" d=\"M66.102 76.961v0s8.878-11.168 8.362-11.233c-5.998-.758-10.634-5.784-10.634-11.87 0-6.612 5.466-11.97 12.21-11.97 6.742 0 12.208 5.358 12.208 11.97 0 3.184-1.138 5.186-3.407 8.072-.934 1.188-11.926 15.031-11.926 15.031v0M94.513 76.961v0s8.878-11.168 8.362-11.233c-5.998-.758-10.634-5.784-10.634-11.87 0-6.612 5.466-11.97 12.208-11.97 6.744 0 12.21 5.358 12.21 11.97 0 3.184-1.138 5.186-3.407 8.072-.934 1.188-11.926 15.031-11.926 15.031v0\"><\/path><\/svg>\n<p class=\"quotes__description\"><strong>Unsere Ventile sind keine Wegwerfprodukte, sie sind reparierbar. Wir sind die Antithese zur geplanten Obsoleszenz. In der Definox-Mentalit\u00e4t gilt: Alles behalten und nichts wegwerfen!<\/strong><\/p>\n\n\n\n<p class=\"quotes__author larger\"><strong>MAGALIE CHOUIN-TH\u00c9RIOT<\/strong><br><\/p>\n\n\n\n<p class=\"quotes__author__description\"><strong><strong>DEFINOX GESCH\u00c4FTSF\u00dcHRERIN<\/strong><\/strong><\/p>\n<\/div><\/div>\n<\/div><div class=\"quotes__controls\"><div class=\"quotes__dots\"><\/div><div class=\"quotes__buttons\"><button type=\"button\" class=\"slider-button slider-button--prev quotes__button quotes__button--prev\"><\/button><button type=\"button\" class=\"slider-button slider-button--next quotes__button quotes__button--next\"><\/button><\/div><\/div><\/div><\/div>\n\n\n\n<div id=\"Commitments\" class=\"wp-block-group is-style-dna-pattern\"><div class=\"wp-block-group__inner-container is-layout-flow wp-block-group-is-layout-flow\">\n<h2 class=\"wp-block-heading has-text-align-center\">VERPFLICHTUNGEN \u00dcBER DAS PRODUKT HINAUS<\/h2>\n\n\n\n<div class=\"wp-block-definox-card-grid card-grid alignfull\"><div class=\"container\"><div class=\"card-grid__items\">\n<div class=\"wp-block-definox-dna-card dna-card\" style=\"--card-text-color:rgb(0, 72, 113);--card-bg-color:white;--card-secondary-color:#9eeb3d\"><div class=\"dna-card__content\">\n\n\n<h3 class=\"wp-block-heading dna-card__title\">AMBITION 2025<\/h3>\n\n\n\n<ul class=\"wp-block-list\">\n<li>Reduzierung unseres Energieverbrauchs.<\/li>\n\n\n\n<li>Unsere Kohlenstoffemissionen ausgleichen.<\/li>\n\n\n\n<li>Mehr und mehr Umweltkriterien in unsere Produktgestaltung einbeziehen.<\/li>\n\n\n\n<li>F\u00f6rderung der lokalen Produktion.<\/li>\n<\/ul>\n<\/div><\/div>\n\n\n\n<div class=\"wp-block-definox-dna-card dna-card\" style=\"--card-text-color:#ffffff;--card-bg-color:#004871;--card-secondary-color:#9eeb3d\"><div class=\"dna-card__content\">\n<figure class=\"wp-block-image size-large is-resized dna-card__image\"><img decoding=\"async\" src=\"https:\/\/www.definox.com\/app\/uploads\/2022\/04\/icon-adn-energie-renouvellable.svg\" alt=\"\" class=\"wp-image-4205\" style=\"width:512px;height:512px\"\/><\/figure>\n\n\n\n<h3 class=\"wp-block-heading dna-card__title\">UMSTELLUNG AUF 100 % ERNEUERBARE ENERGIE<\/h3>\n\n\n\n<p>Unser franz\u00f6sischer Energieversorger kauft Strom aus erneuerbaren Quellen: Windturbinen, Sonnenkollektoren, Photovoltaikanlagen, Wasserkraftwerke&#8230;<\/p>\n<\/div><\/div>\n\n\n\n<div class=\"wp-block-definox-dna-card dna-card\" style=\"--card-text-color:rgb(0, 72, 113);--card-bg-color:white;--card-secondary-color:#9eeb3d\"><div class=\"dna-card__content\">\n\n\n<h3 class=\"wp-block-heading dna-card__title\">ABFALL UND VERPACKUNG<\/h3>\n\n\n<div class=\"dna-number\">\n\n    <div class=\"dna-number__number\">\n        91%    <\/div>\n\n    \n        <div class=\"dna-number__text\">\n            Unserer Abf\u00e4lle werden recycelt oder upgecycelt        <\/div>\n        \n    \n<\/div>\n\n<div class=\"dna-number\">\n\n    <div class=\"dna-number__number\">\n        +72%    <\/div>\n\n    \n        <div class=\"dna-number__text\">\n            Unserer nicht gef\u00e4hrlichen Abf\u00e4lle werden recycelt        <\/div>\n        \n    \n<\/div>\n\n\n<ul class=\"wp-block-list\">\n<li>Produkte, die nicht recycelt werden k\u00f6nnen, werden erneut behandelt.<\/li>\n\n\n\n<li>Gef\u00e4hrliche Abf\u00e4lle werden zur Behandlung au\u00dferhalb des Standorts gelagert.<\/li>\n\n\n\n<li>Recycelbares Verpackungspapier wird recycelt.<\/li>\n\n\n\n<li>Pappe, Holz, Kunststoff \u2013 alle unsere Materialien sind recycelt.<\/li>\n<\/ul>\n<\/div><\/div>\n\n\n\n<div class=\"wp-block-definox-dna-card dna-card\" style=\"--card-text-color:rgb(0, 72, 113);--card-bg-color:#ffffff;--card-secondary-color:#9eeb3d\"><div class=\"dna-card__content\">\n<figure class=\"wp-block-image size-large is-resized dna-card__image\"><img decoding=\"async\" src=\"https:\/\/www.definox.com\/app\/uploads\/2022\/04\/icon-adn-consommation-eau.svg\" alt=\"\" class=\"wp-image-4204\" style=\"width:239px;height:361px\"\/><\/figure>\n\n\n\n<h3 class=\"wp-block-heading dna-card__title has-pattens-blue-background-color has-background\">WASSERVERBRAUCH IN 3 JAHREN<\/h3>\n\n\n<div class=\"dna-number\">\n\n    <div class=\"dna-number__number\">\n        -50%    <\/div>\n\n    \n        <div class=\"dna-number__text\">\n                    <\/div>\n        \n    \n<\/div><\/div><\/div>\n\n\n\n<div class=\"wp-block-definox-dna-card dna-card\" style=\"--card-text-color:rgb(0, 72, 113);--card-bg-color:white;--card-secondary-color:#9eeb3d\"><div class=\"dna-card__content\">\n\n\n<h3 class=\"wp-block-heading dna-card__title\">KOLLEKTIVE VERPFLICHTUNGEN<\/h3>\n\n\n\n<ul class=\"wp-block-list\">\n<li>Multiplikation lokaler Initiativen und Solidarit\u00e4t (die Klima-Freske).<\/li>\n\n\n\n<li>F\u00f6rderung der sanften Mobilit\u00e4t (Entsch\u00e4digung f\u00fcr Kilometer).<\/li>\n\n\n\n<li>Individueller Beitrag f\u00fcr das Kollektiv.<\/li>\n<\/ul>\n<\/div><\/div>\n<\/div><\/div><\/div>\n<\/div><\/div>\n","protected":false},"excerpt":{"rendered":"<p>Die Beobachtung ist einfach und wird von allen geteilt: Wir haben keinen Planeten B. Die Umwelt spielt eine wesentliche Rolle bei den Problemen, mit denen die Hersteller konfrontiert sind. Es ist nicht mehr m\u00f6glich, Produkte herzustellen, zu entwerfen und zu verkaufen, ohne an die Auswirkungen auf die Umwelt zu denken. Definox ist technisch an der Entwicklung nachhaltigerer Produkte beteiligt und setzt sich f\u00fcr eine weltweite Reduzierung des Verbrauchs ein. Das hohe Niveau seines Know-hows tr\u00e4gt zur Entwicklung seiner industriellen Praktiken im Sinne eines kollektiven Bewusstseins bei.<\/p>\n","protected":false},"author":16,"featured_media":1555,"parent":1536,"menu_order":2,"comment_status":"closed","ping_status":"closed","template":"","meta":{"_acf_changed":false,"content-type":"","footnotes":""},"class_list":["entry","entry--1814","entry--type-page","entry--status-publish","entry--author-","has-post-thumbnail","has-excerpt"],"acf":[],"yoast_head":"<!-- This site is optimized with the Yoast SEO plugin v24.2 - https:\/\/yoast.com\/wordpress\/plugins\/seo\/ -->\n<title>Umwelt - Definox DE<\/title>\n<meta name=\"description\" content=\"Definox engagiert sich technisch zugunsten eines nachhaltigeren Produktdesigns und einer allgemeinen Senkung des Energieverbrauchs.\" \/>\n<meta name=\"robots\" content=\"index, follow, max-snippet:-1, max-image-preview:large, max-video-preview:-1\" \/>\n<link rel=\"canonical\" href=\"https:\/\/www.definox.com\/de\/dna\/umwelt\/\" \/>\n<meta property=\"og:locale\" content=\"de_DE\" \/>\n<meta property=\"og:type\" content=\"article\" \/>\n<meta property=\"og:title\" content=\"Umwelt - Definox DE\" \/>\n<meta property=\"og:description\" content=\"Definox engagiert sich technisch zugunsten eines nachhaltigeren Produktdesigns und einer allgemeinen Senkung des Energieverbrauchs.\" \/>\n<meta property=\"og:url\" content=\"https:\/\/www.definox.com\/de\/dna\/umwelt\/\" \/>\n<meta property=\"og:site_name\" content=\"Definox DE\" \/>\n<meta property=\"article:modified_time\" content=\"2025-01-13T09:38:17+00:00\" \/>\n<meta property=\"og:image\" content=\"https:\/\/www.definox.com\/app\/uploads\/sites\/11\/2022\/03\/ENVIRONNEMENT-scaled.jpg\" \/>\n\t<meta property=\"og:image:width\" content=\"2628\" \/>\n\t<meta property=\"og:image:height\" content=\"1752\" \/>\n\t<meta property=\"og:image:type\" content=\"image\/jpeg\" \/>\n<meta name=\"twitter:card\" content=\"summary_large_image\" \/>\n<meta name=\"twitter:label1\" content=\"Gesch\u00e4tzte Lesezeit\" \/>\n\t<meta name=\"twitter:data1\" content=\"4\u00a0Minuten\" \/>\n<script type=\"application\/ld+json\" class=\"yoast-schema-graph\">{\"@context\":\"https:\/\/schema.org\",\"@graph\":[{\"@type\":\"WebPage\",\"@id\":\"https:\/\/www.definox.com\/de\/dna\/umwelt\/\",\"url\":\"https:\/\/www.definox.com\/de\/dna\/umwelt\/\",\"name\":\"Umwelt - Definox DE\",\"isPartOf\":{\"@id\":\"https:\/\/www.definox.com\/de\/#website\"},\"primaryImageOfPage\":{\"@id\":\"https:\/\/www.definox.com\/de\/dna\/umwelt\/#primaryimage\"},\"image\":{\"@id\":\"https:\/\/www.definox.com\/de\/dna\/umwelt\/#primaryimage\"},\"thumbnailUrl\":\"https:\/\/www.definox.com\/app\/uploads\/sites\/11\/2022\/03\/ENVIRONNEMENT-scaled.jpg\",\"datePublished\":\"2022-12-09T11:36:07+00:00\",\"dateModified\":\"2025-01-13T09:38:17+00:00\",\"description\":\"Definox engagiert sich technisch zugunsten eines nachhaltigeren Produktdesigns und einer allgemeinen Senkung des Energieverbrauchs.\",\"breadcrumb\":{\"@id\":\"https:\/\/www.definox.com\/de\/dna\/umwelt\/#breadcrumb\"},\"inLanguage\":\"de\",\"potentialAction\":[{\"@type\":\"ReadAction\",\"target\":[\"https:\/\/www.definox.com\/de\/dna\/umwelt\/\"]}]},{\"@type\":\"ImageObject\",\"inLanguage\":\"de\",\"@id\":\"https:\/\/www.definox.com\/de\/dna\/umwelt\/#primaryimage\",\"url\":\"https:\/\/www.definox.com\/app\/uploads\/sites\/11\/2022\/03\/ENVIRONNEMENT-scaled.jpg\",\"contentUrl\":\"https:\/\/www.definox.com\/app\/uploads\/sites\/11\/2022\/03\/ENVIRONNEMENT-scaled.jpg\",\"width\":2628,\"height\":1752},{\"@type\":\"BreadcrumbList\",\"@id\":\"https:\/\/www.definox.com\/de\/dna\/umwelt\/#breadcrumb\",\"itemListElement\":[{\"@type\":\"ListItem\",\"position\":1,\"name\":\"DNA\",\"item\":\"https:\/\/www.definox.com\/de\/dna\/\"},{\"@type\":\"ListItem\",\"position\":2,\"name\":\"Umwelt\"}]},{\"@type\":\"WebSite\",\"@id\":\"https:\/\/www.definox.com\/de\/#website\",\"url\":\"https:\/\/www.definox.com\/de\/\",\"name\":\"Definox DE\",\"description\":\"Boost your performance\",\"publisher\":{\"@id\":\"https:\/\/www.definox.com\/de\/#organization\"},\"potentialAction\":[{\"@type\":\"SearchAction\",\"target\":{\"@type\":\"EntryPoint\",\"urlTemplate\":\"https:\/\/www.definox.com\/de\/?s={search_term_string}\"},\"query-input\":{\"@type\":\"PropertyValueSpecification\",\"valueRequired\":true,\"valueName\":\"search_term_string\"}}],\"inLanguage\":\"de\"},{\"@type\":\"Organization\",\"@id\":\"https:\/\/www.definox.com\/de\/#organization\",\"name\":\"Definox DE\",\"url\":\"https:\/\/www.definox.com\/de\/\",\"logo\":{\"@type\":\"ImageObject\",\"inLanguage\":\"de\",\"@id\":\"https:\/\/www.definox.com\/de\/#\/schema\/logo\/image\/\",\"url\":\"https:\/\/www.definox.com\/app\/uploads\/sites\/11\/2021\/01\/icons-footer_logo-definox-id.svg\",\"contentUrl\":\"https:\/\/www.definox.com\/app\/uploads\/sites\/11\/2021\/01\/icons-footer_logo-definox-id.svg\",\"width\":140,\"height\":120,\"caption\":\"Definox DE\"},\"image\":{\"@id\":\"https:\/\/www.definox.com\/de\/#\/schema\/logo\/image\/\"}}]}<\/script>\n<!-- \/ Yoast SEO plugin. -->","yoast_head_json":{"title":"Umwelt - Definox DE","description":"Definox engagiert sich technisch zugunsten eines nachhaltigeren Produktdesigns und einer allgemeinen Senkung des Energieverbrauchs.","robots":{"index":"index","follow":"follow","max-snippet":"max-snippet:-1","max-image-preview":"max-image-preview:large","max-video-preview":"max-video-preview:-1"},"canonical":"https:\/\/www.definox.com\/de\/dna\/umwelt\/","og_locale":"de_DE","og_type":"article","og_title":"Umwelt - Definox DE","og_description":"Definox engagiert sich technisch zugunsten eines nachhaltigeren Produktdesigns und einer allgemeinen Senkung des Energieverbrauchs.","og_url":"https:\/\/www.definox.com\/de\/dna\/umwelt\/","og_site_name":"Definox DE","article_modified_time":"2025-01-13T09:38:17+00:00","og_image":[{"width":2628,"height":1752,"url":"https:\/\/www.definox.com\/app\/uploads\/sites\/11\/2022\/03\/ENVIRONNEMENT-scaled.jpg","type":"image\/jpeg"}],"twitter_card":"summary_large_image","twitter_misc":{"Gesch\u00e4tzte Lesezeit":"4\u00a0Minuten"},"schema":{"@context":"https:\/\/schema.org","@graph":[{"@type":"WebPage","@id":"https:\/\/www.definox.com\/de\/dna\/umwelt\/","url":"https:\/\/www.definox.com\/de\/dna\/umwelt\/","name":"Umwelt - Definox DE","isPartOf":{"@id":"https:\/\/www.definox.com\/de\/#website"},"primaryImageOfPage":{"@id":"https:\/\/www.definox.com\/de\/dna\/umwelt\/#primaryimage"},"image":{"@id":"https:\/\/www.definox.com\/de\/dna\/umwelt\/#primaryimage"},"thumbnailUrl":"https:\/\/www.definox.com\/app\/uploads\/sites\/11\/2022\/03\/ENVIRONNEMENT-scaled.jpg","datePublished":"2022-12-09T11:36:07+00:00","dateModified":"2025-01-13T09:38:17+00:00","description":"Definox engagiert sich technisch zugunsten eines nachhaltigeren Produktdesigns und einer allgemeinen Senkung des Energieverbrauchs.","breadcrumb":{"@id":"https:\/\/www.definox.com\/de\/dna\/umwelt\/#breadcrumb"},"inLanguage":"de","potentialAction":[{"@type":"ReadAction","target":["https:\/\/www.definox.com\/de\/dna\/umwelt\/"]}]},{"@type":"ImageObject","inLanguage":"de","@id":"https:\/\/www.definox.com\/de\/dna\/umwelt\/#primaryimage","url":"https:\/\/www.definox.com\/app\/uploads\/sites\/11\/2022\/03\/ENVIRONNEMENT-scaled.jpg","contentUrl":"https:\/\/www.definox.com\/app\/uploads\/sites\/11\/2022\/03\/ENVIRONNEMENT-scaled.jpg","width":2628,"height":1752},{"@type":"BreadcrumbList","@id":"https:\/\/www.definox.com\/de\/dna\/umwelt\/#breadcrumb","itemListElement":[{"@type":"ListItem","position":1,"name":"DNA","item":"https:\/\/www.definox.com\/de\/dna\/"},{"@type":"ListItem","position":2,"name":"Umwelt"}]},{"@type":"WebSite","@id":"https:\/\/www.definox.com\/de\/#website","url":"https:\/\/www.definox.com\/de\/","name":"Definox DE","description":"Boost your performance","publisher":{"@id":"https:\/\/www.definox.com\/de\/#organization"},"potentialAction":[{"@type":"SearchAction","target":{"@type":"EntryPoint","urlTemplate":"https:\/\/www.definox.com\/de\/?s={search_term_string}"},"query-input":{"@type":"PropertyValueSpecification","valueRequired":true,"valueName":"search_term_string"}}],"inLanguage":"de"},{"@type":"Organization","@id":"https:\/\/www.definox.com\/de\/#organization","name":"Definox DE","url":"https:\/\/www.definox.com\/de\/","logo":{"@type":"ImageObject","inLanguage":"de","@id":"https:\/\/www.definox.com\/de\/#\/schema\/logo\/image\/","url":"https:\/\/www.definox.com\/app\/uploads\/sites\/11\/2021\/01\/icons-footer_logo-definox-id.svg","contentUrl":"https:\/\/www.definox.com\/app\/uploads\/sites\/11\/2021\/01\/icons-footer_logo-definox-id.svg","width":140,"height":120,"caption":"Definox DE"},"image":{"@id":"https:\/\/www.definox.com\/de\/#\/schema\/logo\/image\/"}}]}},"_links":{"self":[{"href":"https:\/\/www.definox.com\/de\/wp-json\/wp\/v2\/pages\/1814","targetHints":{"allow":["GET"]}}],"collection":[{"href":"https:\/\/www.definox.com\/de\/wp-json\/wp\/v2\/pages"}],"about":[{"href":"https:\/\/www.definox.com\/de\/wp-json\/wp\/v2\/types\/page"}],"author":[{"embeddable":true,"href":"https:\/\/www.definox.com\/de\/wp-json\/wp\/v2\/users\/16"}],"replies":[{"embeddable":true,"href":"https:\/\/www.definox.com\/de\/wp-json\/wp\/v2\/comments?post=1814"}],"version-history":[{"count":26,"href":"https:\/\/www.definox.com\/de\/wp-json\/wp\/v2\/pages\/1814\/revisions"}],"predecessor-version":[{"id":2619,"href":"https:\/\/www.definox.com\/de\/wp-json\/wp\/v2\/pages\/1814\/revisions\/2619"}],"up":[{"embeddable":true,"href":"https:\/\/www.definox.com\/de\/wp-json\/wp\/v2\/pages\/1536"}],"wp:featuredmedia":[{"embeddable":true,"href":"https:\/\/www.definox.com\/de\/wp-json\/wp\/v2\/media\/1555"}],"wp:attachment":[{"href":"https:\/\/www.definox.com\/de\/wp-json\/wp\/v2\/media?parent=1814"}],"curies":[{"name":"wp","href":"https:\/\/api.w.org\/{rel}","templated":true}]}}