{"id":1817,"date":"2022-12-09T11:37:24","date_gmt":"2022-12-09T11:37:24","guid":{"rendered":"https:\/\/www.definox.com\/de\/?page_id=1817"},"modified":"2025-01-13T10:19:45","modified_gmt":"2025-01-13T10:19:45","slug":"hygiene","status":"publish","type":"page","link":"https:\/\/www.definox.com\/de\/dna\/hygiene\/","title":{"rendered":"Hygiene"},"content":{"rendered":"\n<div class=\"wp-block-definox-quick-navigation  quick-navigation alignfull\"><div class=\"quick-navigation__content\"><div class=\"quick-navigation__wrapper\"><div class=\"quick-navigation__sticky-hook\"><\/div><div class=\"quick-navigation__items\">\n<div class=\"wp-block-definox-quick-navigation-item quick-navigation__item\"><a class=\"quick-navigation__link\" href=\"#fragen\">Fragen der Integrit\u00e4t<\/a><\/div>\n\n\n\n<div class=\"wp-block-definox-quick-navigation-item quick-navigation__item\"><a class=\"quick-navigation__link\" href=\"#Innovationen\">Technische Innovationen<\/a><\/div>\n\n\n\n<div class=\"wp-block-definox-quick-navigation-item quick-navigation__item\"><a class=\"quick-navigation__link\" href=\"#Sorio\">Sorio\u00ae-Meldeeinheit<\/a><\/div>\n\n\n\n<div class=\"wp-block-definox-quick-navigation-item quick-navigation__item\"><a class=\"quick-navigation__link\" href=\"#Ventile\">Aseptische Ventile <\/a><\/div>\n<\/div><div class=\"quick-navigation__controls\"><button class=\"quick-navigation__button quick-navigation__button--prev\"><\/button><button class=\"quick-navigation__button quick-navigation__button--next\"><\/button><\/div><\/div><\/div><\/div>\n\n\n\n<h2 class=\"wp-block-heading has-text-align-center\" id=\"fragen\">WIE BEWAHRT DEFINOX DIE INTEGRIT\u00c4T VON INDUSTRIEPRODUKTEN ?<\/h2>\n\n\n\n<h2 class=\"wp-block-heading\" id=\"Conception\">UNSER PRODUKTDESIGN<\/h2>\n\n\n\n<div class=\"wp-block-group alignfull\"><div class=\"wp-block-group__inner-container is-layout-flow wp-block-group-is-layout-flow\">\n<h3 class=\"wp-block-heading\"><strong><strong>Reinigungsf\u00e4higkeit als Kernst\u00fcck des Designs<\/strong><\/strong><\/h3>\n\n\n\n<p><strong><strong><strong>Die von unseren Teams durchgef\u00fchrten Untersuchungen und Studien sowie unser Know-how garantieren ein hygienisches Design aller unserer Ventile und L\u00f6sungen.<\/strong><\/strong><\/strong><\/p>\n\n\n\n<ul class=\"wp-block-list is-style-primary\">\n<li>Modernes Hygienedesign gem\u00e4\u00df 3A und EHEDG.<\/li>\n\n\n\n<li>Sph\u00e4risches Profil aller unserer Standard-Ventilk\u00f6rper f\u00fcr einen optimalen Fl\u00fcssigkeitsdurchfluss.<\/li>\n\n\n\n<li>Einteilige Konstruktion aller Teile, die mit dem fl\u00fcssigen Prozess in Ber\u00fchrung kommen.<\/li>\n\n\n\n<li>Bearbeitung in der festen Masse zur Vermeidung von Kontaminationsrisiken.<\/li>\n<\/ul>\n\n\n\n<div class=\"wp-block-group\"><div class=\"wp-block-group__inner-container is-layout-flow wp-block-group-is-layout-flow\">\n<h3 class=\"wp-block-heading\"><strong><strong>Beherrschung der Dichtungsprinzipien<\/strong><\/strong><\/h3>\n\n\n\n<p><strong><strong>Definox erf\u00fcllt die strengsten Anforderungen und kontrolliert bakteriologische Risiken. Alle von uns entwickelten Ventile und L\u00f6sungen haben eine erwiesene Zuverl\u00e4ssigkeit.<\/strong><\/strong><\/p>\n\n\n\n<ul class=\"wp-block-list is-style-primary\">\n<li>Reduzierte Anzahl von Siegeln<\/li>\n\n\n\n<li>Begrenzter Oberfl\u00e4chenkontakt mit den Fl\u00fcssigkeiten<\/li>\n\n\n\n<li>Dichtungen der neuesten Generation mit h\u00f6herer Lebensdauer<\/li>\n\n\n\n<li>Profil und Technologie innovativer Dichtungen (Mixproof VEOX-Ventile mit integrierter Radialdichtung aus Edelstahl)<\/li>\n<\/ul>\n<\/div><\/div>\n<\/div><\/div>\n\n\n\n<div style=\"height:100px\" aria-hidden=\"true\" class=\"wp-block-spacer\"><\/div>\n\n\n\n<div id=\"Innovations\" class=\"wp-block-group has-light-grey-background-color has-background\"><div class=\"wp-block-group__inner-container is-layout-flow wp-block-group-is-layout-flow\">\n<h2 class=\"wp-block-heading has-text-align-center\" id=\"Innovationen\">UNSERE TECHNISCHEN INNOVATIONEN<\/h2>\n\n\n\n<p class=\"has-text-align-center\">Definox entwirft alle seine technischen Anlagen nach ihrer Effizienz und Reinigungsf\u00e4higkeit, um die technischen Prozesse zu optimieren und Produktverluste f\u00fcr seine Kunden zu reduzieren.<\/p>\n\n\n\n<div class=\"wp-block-columns alignwide has-light-grey-background-color has-background is-layout-flex wp-container-core-columns-is-layout-1 wp-block-columns-is-layout-flex\">\n<div class=\"wp-block-column is-layout-flow wp-block-column-is-layout-flow\">\n<figure class=\"wp-block-embed is-type-video is-provider-youtube wp-block-embed-youtube wp-embed-aspect-16-9 wp-has-aspect-ratio\"><div class=\"wp-block-embed__wrapper\">\n<iframe loading=\"lazy\" title=\"How does VEOX mixproof valve with Sorio control top work\" width=\"865\" height=\"487\" src=\"https:\/\/www.youtube.com\/embed\/34hpx2fNRYo?start=107&#038;feature=oembed\" frameborder=\"0\" allow=\"accelerometer; autoplay; clipboard-write; encrypted-media; gyroscope; picture-in-picture; web-share\" referrerpolicy=\"strict-origin-when-cross-origin\" allowfullscreen><\/iframe>\n<\/div><\/figure>\n\n\n\n<h3 class=\"wp-block-heading\">Concept clean<\/h3>\n\n\n\n<p>Es erm\u00f6glicht die Reinigung der Au\u00dfenfl\u00e4che des Auswuchtapparates bei jedem Anheben des unteren Kegels. Das \u201eConcept Clean\u201c-Prinzip ist standardm\u00e4\u00dfig in die VEOX-Produktreihe der verwechslungssicheren, doppelt unabh\u00e4ngigen Absperrventile integriert.<\/p>\n<\/div>\n\n\n\n<div class=\"wp-block-column is-layout-flow wp-block-column-is-layout-flow\">\n<figure class=\"wp-block-embed is-type-video is-provider-youtube wp-block-embed-youtube wp-embed-aspect-16-9 wp-has-aspect-ratio\"><div class=\"wp-block-embed__wrapper\">\n<iframe loading=\"lazy\" title=\"Aseptic VEOX mixproof valve with sterile barrier\" width=\"865\" height=\"487\" src=\"https:\/\/www.youtube.com\/embed\/XM7I7w6Rmbg?feature=oembed\" frameborder=\"0\" allow=\"accelerometer; autoplay; clipboard-write; encrypted-media; gyroscope; picture-in-picture; web-share\" referrerpolicy=\"strict-origin-when-cross-origin\" allowfullscreen><\/iframe>\n<\/div><\/figure>\n\n\n\n<h3 class=\"wp-block-heading\"><strong><strong>Schwebende PFA-Dichtung<\/strong><\/strong><\/h3>\n\n\n\n<p>Es handelt sich um eine patentierte, anerkannte und bew\u00e4hrte Technologie, die f\u00fcr die Konstruktion von Einzel- oder Doppelkegelventilen und Doppelsitzventilen geeignet ist. Die schwebende Anordnung gew\u00e4hrleistet eine hervorragende Reinigungsf\u00e4higkeit. Die Plastomerstruktur der PFA-Dichtung sorgt daf\u00fcr, dass sie weder por\u00f6s noch rissig ist, wodurch das Risiko einer bakteriologischen Kontamination ausgeschlossen wird.<\/p>\n<\/div>\n\n\n\n<div class=\"wp-block-column is-layout-flow wp-block-column-is-layout-flow\">\n<figure class=\"wp-block-embed is-type-video is-provider-youtube wp-block-embed-youtube wp-embed-aspect-16-9 wp-has-aspect-ratio\"><div class=\"wp-block-embed__wrapper\">\n<iframe loading=\"lazy\" title=\"3D video Definox Starmotion pigging system\" width=\"865\" height=\"487\" src=\"https:\/\/www.youtube.com\/embed\/66Qt-H0ZgDk?start=111&#038;feature=oembed\" frameborder=\"0\" allow=\"accelerometer; autoplay; clipboard-write; encrypted-media; gyroscope; picture-in-picture; web-share\" referrerpolicy=\"strict-origin-when-cross-origin\" allowfullscreen><\/iframe> \n<\/div><\/figure>\n\n\n\n<h3 class=\"wp-block-heading\">Starmotion<\/h3>\n\n\n\n<p>Das Molchsystem ist so konzipiert, dass der Molch w\u00e4hrend der Reinigungsphase standardm\u00e4\u00dfig von allen Seiten gereinigt wird. Einteilige Molche garantieren sichere Molchvorg\u00e4nge dank eines gekapselten Magneten. Dieser 3A-gepr\u00fcfter Molch hat optimale hygienische Eigenschaften f\u00fcr sensible Anwendungen.<\/p>\n<\/div>\n<\/div>\n\n\n\n<div style=\"height:100px\" aria-hidden=\"true\" class=\"wp-block-spacer\"><\/div>\n<\/div><\/div>\n\n\n\n<div class=\"wp-block-definox-quotes-list quotes alignfull  is-style-dna\" id=\"quotes-section\"><div class=\"container\"><div class=\"quotes__items\">\n<div class=\"wp-block-definox-quotes-item quotes__item-container\"><div class=\"quotes__item \"><svg class=\"quotes__svg\" xmlns=\"http:\/\/www.w3.org\/2000\/svg\" viewBox=\"0 0 152 151\"><path fill=\"none\" stroke-miterlimit=\"20\" stroke-width=\"2\" d=\"M151.141 149.984c-82.844 0-150-67.155-150-150\"><\/path><path fill=\"none\" stroke-linecap=\"round\" stroke-linejoin=\"round\" stroke-miterlimit=\"20\" stroke-width=\"2\" d=\"M66.102 76.961v0s8.878-11.168 8.362-11.233c-5.998-.758-10.634-5.784-10.634-11.87 0-6.612 5.466-11.97 12.21-11.97 6.742 0 12.208 5.358 12.208 11.97 0 3.184-1.138 5.186-3.407 8.072-.934 1.188-11.926 15.031-11.926 15.031v0M94.513 76.961v0s8.878-11.168 8.362-11.233c-5.998-.758-10.634-5.784-10.634-11.87 0-6.612 5.466-11.97 12.208-11.97 6.744 0 12.21 5.358 12.21 11.97 0 3.184-1.138 5.186-3.407 8.072-.934 1.188-11.926 15.031-11.926 15.031v0\"><\/path><\/svg>\n<p class=\"quotes__description\"><strong>Auch wenn wir weiterhin st\u00e4ndig an Innovationen arbeiten und die Designkreation unserer Produkte weiterentwickeln, bleibt die Hygiene die Grundlage unseres Gesch\u00e4fts bei Definox.<\/strong><\/p>\n\n\n\n<p class=\"quotes__author larger\">Maxime Paraud, Referent f\u00fcr Ingenieurwesen und F&amp;E bei DEfinox<\/p>\n<\/div><\/div>\n<\/div><div class=\"quotes__controls\"><div class=\"quotes__dots\"><\/div><div class=\"quotes__buttons\"><button type=\"button\" class=\"slider-button slider-button--prev quotes__button quotes__button--prev\"><\/button><button type=\"button\" class=\"slider-button slider-button--next quotes__button quotes__button--next\"><\/button><\/div><\/div><\/div><\/div>\n\n\n\n<div style=\"height:100px\" aria-hidden=\"true\" class=\"wp-block-spacer\"><\/div>\n\n\n\n<div class=\"wp-block-columns is-style-center-on-mobile is-layout-flex wp-container-core-columns-is-layout-3 wp-block-columns-is-layout-flex\">\n<div class=\"wp-block-column is-layout-flow wp-block-column-is-layout-flow\" style=\"flex-basis:100%\">\n<div class=\"wp-block-columns is-layout-flex wp-container-core-columns-is-layout-2 wp-block-columns-is-layout-flex\">\n<div class=\"wp-block-column is-layout-flow wp-block-column-is-layout-flow\" style=\"flex-basis:100%\">\n<h4 class=\"wp-block-heading\" id=\"Sorio\"><strong><strong><strong><strong>DIE SORIO\u00ae-MELDEEINHEIT<\/strong><\/strong><\/strong><\/strong><\/h4>\n\n\n\n<p><strong>Unerreichte Kontrolle und Antizipation<\/strong><\/p>\n\n\n\n<p>In Kombination mit sanit\u00e4ren Prozessventilen bietet die intelligente Sorio\u00ae-Meldeeinheit ein unvergleichliches Ma\u00df an Kontrolle und Voraussicht. Die \u00dcberwachung und Selbstdiagnose ist permanent und in jeder Version verf\u00fcgbar: digital, AS-i oder IO-Link.<\/p>\n\n\n\n<p>Sorio\u00ae warnt Sie, wenn das Ventil au\u00dferhalb des zul\u00e4ssigen Toleranzbereichs arbeitet. Diese in der IO-Link-Version verf\u00fcgbare \u201eWarn\u201c-Funktion erm\u00f6glicht die Einleitung einer vorausschauenden Wartung Ihrer Anlagen und garantiert, dass die hergestellten Produkte ein konstantes Qualit\u00e4tsniveau aufweisen und somit zur Zuverl\u00e4ssigkeit des Prozesses beitragen.<\/p>\n\n\n\n<figure class=\"wp-block-embed is-type-video is-provider-youtube wp-block-embed-youtube wp-embed-aspect-16-9 wp-has-aspect-ratio\"><div class=\"wp-block-embed__wrapper\">\n<iframe loading=\"lazy\" title=\"3D video Sorio control top Definox\" width=\"865\" height=\"487\" src=\"https:\/\/www.youtube.com\/embed\/Efb9M7Z815I?start=99&#038;feature=oembed\" frameborder=\"0\" allow=\"accelerometer; autoplay; clipboard-write; encrypted-media; gyroscope; picture-in-picture; web-share\" referrerpolicy=\"strict-origin-when-cross-origin\" allowfullscreen><\/iframe>\n<\/div><\/figure>\n<\/div>\n<\/div>\n\n\n\n<div class=\"wp-block-media-text is-stacked-on-mobile is-vertically-aligned-center is-style-dna\" style=\"grid-template-columns:40% auto\" id=\"Valves\"><figure class=\"wp-block-media-text__media\"><img decoding=\"async\" src=\"https:\/\/www.definox.com\/app\/uploads\/sites\/7\/2022\/05\/Zoom-aseptic-shut-off-valve-DCX3-single-sealing-steam-bearing.jpg\" alt=\"\" class=\"wp-image-2260 size-full\"\/><\/figure><div class=\"wp-block-media-text__content\">\n<h4 class=\"wp-block-heading\" id=\"Ventile\"><strong><strong><strong><strong><strong><strong>ASEPTISCHE VENTILE<\/strong><\/strong><\/strong><\/strong><\/strong><\/strong><\/h4>\n\n\n\n<p class=\"has-text-align-left\">F\u00fcr noch anspruchsvollere Umgebungen sind aseptische Ventile eine Antwort auf die Sorge um die Produktintegrit\u00e4t der hergestellten Produkte und die Beseitigung des Risikos einer bakteriologischen Entwicklung. Es ist die Garantie f\u00fcr ein Qualit\u00e4tsprodukt (als Beispiel 3D des aseptischen Absperrventils DCX3, das Dampf- und K\u00fchllager integriert).<\/p>\n\n\n\n<p class=\"has-text-align-left\">Die Wahl eines Ventils h\u00e4ngt von einer Reihe von mehr oder weniger wichtigen Kriterien ab.<\/p>\n\n\n\n<p><strong><strong>Was sind die Kriterien f\u00fcr die Auswahl der Ventile ?<\/strong><\/strong><\/p>\n\n\n\n<ul class=\"wp-block-list is-style-primary\">\n<li>Art der Prozessfl\u00fcssigkeit<\/li>\n\n\n\n<li>Bedingungen f\u00fcr Prozessdienstleistungen<\/li>\n\n\n\n<li>Sanit\u00e4re Strenge gefordert<\/li>\n\n\n\n<li>Betriebsfrequenz<\/li>\n\n\n\n<li>Bedingungen f\u00fcr die Reinigung an Ort und Stelle (H\u00e4ufigkeit, Verd\u00fcnnung der Reinigungsmittel)<\/li>\n\n\n\n<li>Reinigung ohne Produktionsstillstand<\/li>\n\n\n\n<li>Wartung<\/li>\n\n\n\n<li>Investitionsbudget<\/li>\n<\/ul>\n\n\n\n<div class=\"wp-block-buttons is-layout-flex wp-block-buttons-is-layout-flex\">\n<div class=\"wp-block-button is-style-primary--small\"><a class=\"wp-block-button__link has-white-color has-text-color wp-element-button\" href=\"https:\/\/www.definox.com\/de\/products\/aseptische-ventile\/\">Siehe das Produkt<\/a><\/div>\n<\/div>\n<\/div><\/div>\n<\/div>\n<\/div>\n","protected":false},"excerpt":{"rendered":"<p>Die hygienischen Anforderungen werden immer strenger. Definox ist seit jeher unbestechlich, wenn es um die Erhaltung und Integrit\u00e4t seiner Produkte und Prozesse geht. Ihre Hygiene und Reinigbarkeit entsprechen den geltenden Vorschriften, da sie technisch so konzipiert sind, dass sie in Bezug auf die industriellen Aspekte innovativ sind.<\/p>\n","protected":false},"author":16,"featured_media":1554,"parent":1536,"menu_order":0,"comment_status":"closed","ping_status":"closed","template":"","meta":{"_acf_changed":false,"content-type":"","footnotes":""},"class_list":["entry","entry--1817","entry--type-page","entry--status-publish","entry--author-","has-post-thumbnail","has-excerpt"],"acf":[],"yoast_head":"<!-- This site is optimized with the Yoast SEO plugin v24.2 - https:\/\/yoast.com\/wordpress\/plugins\/seo\/ -->\n<title>Hygiene - Definox DE<\/title>\n<meta name=\"description\" content=\"Definox bleibt in der Integrit\u00e4t seiner Produkte und Prozesse im Hinblick auf die gesundheitlichen Herausforderungen und die Bed\u00fcrfnisse der Industrie tadellos.\" \/>\n<meta name=\"robots\" content=\"index, follow, max-snippet:-1, max-image-preview:large, max-video-preview:-1\" \/>\n<link rel=\"canonical\" href=\"https:\/\/www.definox.com\/de\/dna\/hygiene\/\" \/>\n<meta property=\"og:locale\" content=\"de_DE\" \/>\n<meta property=\"og:type\" content=\"article\" \/>\n<meta property=\"og:title\" content=\"Hygiene - Definox DE\" \/>\n<meta property=\"og:description\" content=\"Definox bleibt in der Integrit\u00e4t seiner Produkte und Prozesse im Hinblick auf die gesundheitlichen Herausforderungen und die Bed\u00fcrfnisse der Industrie tadellos.\" \/>\n<meta property=\"og:url\" content=\"https:\/\/www.definox.com\/de\/dna\/hygiene\/\" \/>\n<meta property=\"og:site_name\" content=\"Definox DE\" \/>\n<meta property=\"article:modified_time\" content=\"2025-01-13T10:19:45+00:00\" \/>\n<meta property=\"og:image\" content=\"https:\/\/www.definox.com\/app\/uploads\/sites\/11\/2022\/03\/HYGIENE-scaled.jpg\" \/>\n\t<meta property=\"og:image:width\" content=\"2628\" \/>\n\t<meta property=\"og:image:height\" content=\"1753\" \/>\n\t<meta property=\"og:image:type\" content=\"image\/jpeg\" \/>\n<meta name=\"twitter:card\" content=\"summary_large_image\" \/>\n<meta name=\"twitter:label1\" content=\"Gesch\u00e4tzte Lesezeit\" \/>\n\t<meta name=\"twitter:data1\" content=\"4\u00a0Minuten\" \/>\n<script type=\"application\/ld+json\" class=\"yoast-schema-graph\">{\"@context\":\"https:\/\/schema.org\",\"@graph\":[{\"@type\":\"WebPage\",\"@id\":\"https:\/\/www.definox.com\/de\/dna\/hygiene\/\",\"url\":\"https:\/\/www.definox.com\/de\/dna\/hygiene\/\",\"name\":\"Hygiene - Definox DE\",\"isPartOf\":{\"@id\":\"https:\/\/www.definox.com\/de\/#website\"},\"primaryImageOfPage\":{\"@id\":\"https:\/\/www.definox.com\/de\/dna\/hygiene\/#primaryimage\"},\"image\":{\"@id\":\"https:\/\/www.definox.com\/de\/dna\/hygiene\/#primaryimage\"},\"thumbnailUrl\":\"https:\/\/www.definox.com\/app\/uploads\/sites\/11\/2022\/03\/HYGIENE-scaled.jpg\",\"datePublished\":\"2022-12-09T11:37:24+00:00\",\"dateModified\":\"2025-01-13T10:19:45+00:00\",\"description\":\"Definox bleibt in der Integrit\u00e4t seiner Produkte und Prozesse im Hinblick auf die gesundheitlichen Herausforderungen und die Bed\u00fcrfnisse der Industrie tadellos.\",\"breadcrumb\":{\"@id\":\"https:\/\/www.definox.com\/de\/dna\/hygiene\/#breadcrumb\"},\"inLanguage\":\"de\",\"potentialAction\":[{\"@type\":\"ReadAction\",\"target\":[\"https:\/\/www.definox.com\/de\/dna\/hygiene\/\"]}]},{\"@type\":\"ImageObject\",\"inLanguage\":\"de\",\"@id\":\"https:\/\/www.definox.com\/de\/dna\/hygiene\/#primaryimage\",\"url\":\"https:\/\/www.definox.com\/app\/uploads\/sites\/11\/2022\/03\/HYGIENE-scaled.jpg\",\"contentUrl\":\"https:\/\/www.definox.com\/app\/uploads\/sites\/11\/2022\/03\/HYGIENE-scaled.jpg\",\"width\":2628,\"height\":1753},{\"@type\":\"BreadcrumbList\",\"@id\":\"https:\/\/www.definox.com\/de\/dna\/hygiene\/#breadcrumb\",\"itemListElement\":[{\"@type\":\"ListItem\",\"position\":1,\"name\":\"DNA\",\"item\":\"https:\/\/www.definox.com\/de\/dna\/\"},{\"@type\":\"ListItem\",\"position\":2,\"name\":\"Hygiene\"}]},{\"@type\":\"WebSite\",\"@id\":\"https:\/\/www.definox.com\/de\/#website\",\"url\":\"https:\/\/www.definox.com\/de\/\",\"name\":\"Definox DE\",\"description\":\"Boost your performance\",\"publisher\":{\"@id\":\"https:\/\/www.definox.com\/de\/#organization\"},\"potentialAction\":[{\"@type\":\"SearchAction\",\"target\":{\"@type\":\"EntryPoint\",\"urlTemplate\":\"https:\/\/www.definox.com\/de\/?s={search_term_string}\"},\"query-input\":{\"@type\":\"PropertyValueSpecification\",\"valueRequired\":true,\"valueName\":\"search_term_string\"}}],\"inLanguage\":\"de\"},{\"@type\":\"Organization\",\"@id\":\"https:\/\/www.definox.com\/de\/#organization\",\"name\":\"Definox DE\",\"url\":\"https:\/\/www.definox.com\/de\/\",\"logo\":{\"@type\":\"ImageObject\",\"inLanguage\":\"de\",\"@id\":\"https:\/\/www.definox.com\/de\/#\/schema\/logo\/image\/\",\"url\":\"https:\/\/www.definox.com\/app\/uploads\/sites\/11\/2021\/01\/icons-footer_logo-definox-id.svg\",\"contentUrl\":\"https:\/\/www.definox.com\/app\/uploads\/sites\/11\/2021\/01\/icons-footer_logo-definox-id.svg\",\"width\":140,\"height\":120,\"caption\":\"Definox DE\"},\"image\":{\"@id\":\"https:\/\/www.definox.com\/de\/#\/schema\/logo\/image\/\"}}]}<\/script>\n<!-- \/ Yoast SEO plugin. -->","yoast_head_json":{"title":"Hygiene - Definox DE","description":"Definox bleibt in der Integrit\u00e4t seiner Produkte und Prozesse im Hinblick auf die gesundheitlichen Herausforderungen und die Bed\u00fcrfnisse der Industrie tadellos.","robots":{"index":"index","follow":"follow","max-snippet":"max-snippet:-1","max-image-preview":"max-image-preview:large","max-video-preview":"max-video-preview:-1"},"canonical":"https:\/\/www.definox.com\/de\/dna\/hygiene\/","og_locale":"de_DE","og_type":"article","og_title":"Hygiene - Definox DE","og_description":"Definox bleibt in der Integrit\u00e4t seiner Produkte und Prozesse im Hinblick auf die gesundheitlichen Herausforderungen und die Bed\u00fcrfnisse der Industrie tadellos.","og_url":"https:\/\/www.definox.com\/de\/dna\/hygiene\/","og_site_name":"Definox DE","article_modified_time":"2025-01-13T10:19:45+00:00","og_image":[{"width":2628,"height":1753,"url":"https:\/\/www.definox.com\/app\/uploads\/sites\/11\/2022\/03\/HYGIENE-scaled.jpg","type":"image\/jpeg"}],"twitter_card":"summary_large_image","twitter_misc":{"Gesch\u00e4tzte Lesezeit":"4\u00a0Minuten"},"schema":{"@context":"https:\/\/schema.org","@graph":[{"@type":"WebPage","@id":"https:\/\/www.definox.com\/de\/dna\/hygiene\/","url":"https:\/\/www.definox.com\/de\/dna\/hygiene\/","name":"Hygiene - Definox DE","isPartOf":{"@id":"https:\/\/www.definox.com\/de\/#website"},"primaryImageOfPage":{"@id":"https:\/\/www.definox.com\/de\/dna\/hygiene\/#primaryimage"},"image":{"@id":"https:\/\/www.definox.com\/de\/dna\/hygiene\/#primaryimage"},"thumbnailUrl":"https:\/\/www.definox.com\/app\/uploads\/sites\/11\/2022\/03\/HYGIENE-scaled.jpg","datePublished":"2022-12-09T11:37:24+00:00","dateModified":"2025-01-13T10:19:45+00:00","description":"Definox bleibt in der Integrit\u00e4t seiner Produkte und Prozesse im Hinblick auf die gesundheitlichen Herausforderungen und die Bed\u00fcrfnisse der Industrie tadellos.","breadcrumb":{"@id":"https:\/\/www.definox.com\/de\/dna\/hygiene\/#breadcrumb"},"inLanguage":"de","potentialAction":[{"@type":"ReadAction","target":["https:\/\/www.definox.com\/de\/dna\/hygiene\/"]}]},{"@type":"ImageObject","inLanguage":"de","@id":"https:\/\/www.definox.com\/de\/dna\/hygiene\/#primaryimage","url":"https:\/\/www.definox.com\/app\/uploads\/sites\/11\/2022\/03\/HYGIENE-scaled.jpg","contentUrl":"https:\/\/www.definox.com\/app\/uploads\/sites\/11\/2022\/03\/HYGIENE-scaled.jpg","width":2628,"height":1753},{"@type":"BreadcrumbList","@id":"https:\/\/www.definox.com\/de\/dna\/hygiene\/#breadcrumb","itemListElement":[{"@type":"ListItem","position":1,"name":"DNA","item":"https:\/\/www.definox.com\/de\/dna\/"},{"@type":"ListItem","position":2,"name":"Hygiene"}]},{"@type":"WebSite","@id":"https:\/\/www.definox.com\/de\/#website","url":"https:\/\/www.definox.com\/de\/","name":"Definox DE","description":"Boost your performance","publisher":{"@id":"https:\/\/www.definox.com\/de\/#organization"},"potentialAction":[{"@type":"SearchAction","target":{"@type":"EntryPoint","urlTemplate":"https:\/\/www.definox.com\/de\/?s={search_term_string}"},"query-input":{"@type":"PropertyValueSpecification","valueRequired":true,"valueName":"search_term_string"}}],"inLanguage":"de"},{"@type":"Organization","@id":"https:\/\/www.definox.com\/de\/#organization","name":"Definox DE","url":"https:\/\/www.definox.com\/de\/","logo":{"@type":"ImageObject","inLanguage":"de","@id":"https:\/\/www.definox.com\/de\/#\/schema\/logo\/image\/","url":"https:\/\/www.definox.com\/app\/uploads\/sites\/11\/2021\/01\/icons-footer_logo-definox-id.svg","contentUrl":"https:\/\/www.definox.com\/app\/uploads\/sites\/11\/2021\/01\/icons-footer_logo-definox-id.svg","width":140,"height":120,"caption":"Definox DE"},"image":{"@id":"https:\/\/www.definox.com\/de\/#\/schema\/logo\/image\/"}}]}},"_links":{"self":[{"href":"https:\/\/www.definox.com\/de\/wp-json\/wp\/v2\/pages\/1817","targetHints":{"allow":["GET"]}}],"collection":[{"href":"https:\/\/www.definox.com\/de\/wp-json\/wp\/v2\/pages"}],"about":[{"href":"https:\/\/www.definox.com\/de\/wp-json\/wp\/v2\/types\/page"}],"author":[{"embeddable":true,"href":"https:\/\/www.definox.com\/de\/wp-json\/wp\/v2\/users\/16"}],"replies":[{"embeddable":true,"href":"https:\/\/www.definox.com\/de\/wp-json\/wp\/v2\/comments?post=1817"}],"version-history":[{"count":20,"href":"https:\/\/www.definox.com\/de\/wp-json\/wp\/v2\/pages\/1817\/revisions"}],"predecessor-version":[{"id":2626,"href":"https:\/\/www.definox.com\/de\/wp-json\/wp\/v2\/pages\/1817\/revisions\/2626"}],"up":[{"embeddable":true,"href":"https:\/\/www.definox.com\/de\/wp-json\/wp\/v2\/pages\/1536"}],"wp:featuredmedia":[{"embeddable":true,"href":"https:\/\/www.definox.com\/de\/wp-json\/wp\/v2\/media\/1554"}],"wp:attachment":[{"href":"https:\/\/www.definox.com\/de\/wp-json\/wp\/v2\/media?parent=1817"}],"curies":[{"name":"wp","href":"https:\/\/api.w.org\/{rel}","templated":true}]}}