{"id":1820,"date":"2022-12-09T11:39:47","date_gmt":"2022-12-09T11:39:47","guid":{"rendered":"https:\/\/www.definox.com\/de\/?page_id=1820"},"modified":"2024-03-21T13:40:38","modified_gmt":"2024-03-21T13:40:38","slug":"sicherheit","status":"publish","type":"page","link":"https:\/\/www.definox.com\/de\/dna\/sicherheit\/","title":{"rendered":"Sicherheit"},"content":{"rendered":"\n<div class=\"wp-block-definox-quick-navigation  quick-navigation alignfull\"><div class=\"quick-navigation__content\"><div class=\"quick-navigation__wrapper\"><div class=\"quick-navigation__sticky-hook\"><\/div><div class=\"quick-navigation__items\">\n<div class=\"wp-block-definox-quick-navigation-item quick-navigation__item\"><a class=\"quick-navigation__link\" href=\"#probleme\">Sicherheitsprobleme <\/a><\/div>\n\n\n\n<div class=\"wp-block-definox-quick-navigation-item quick-navigation__item\"><a class=\"quick-navigation__link\" href=\"#ID\">Definox ID<\/a><\/div>\n\n\n\n<div class=\"wp-block-definox-quick-navigation-item quick-navigation__item\"><a class=\"quick-navigation__link\" href=\"#Selbstverpflichtungen\">Selbstverpflichtungen<\/a><\/div>\n<\/div><div class=\"quick-navigation__controls\"><button class=\"quick-navigation__button quick-navigation__button--prev\"><\/button><button class=\"quick-navigation__button quick-navigation__button--next\"><\/button><\/div><\/div><\/div><\/div>\n\n\n\n<h2 class=\"wp-block-heading has-text-align-center\" id=\"probleme\">WIE REAGIERT DEFINOX AUF DIE SORGEN DER HERSTELLER IN BEZUG AUF DIE SICHERHEIT?<\/h2>\n\n\n<div class=\"wp-block-image aligncenter size-large\">\n<figure class=\"\" id=\"Issues\"><img decoding=\"async\" src=\"https:\/\/www.definox.com\/app\/uploads\/2022\/04\/infographie-adn-3-items-securite-LAST.svg\" alt=\"\" class=\"wp-image-4396\" \/><\/figure><\/div>\n\n\n<div class=\"wp-block-group alignfull is-style-padding-top\"><div class=\"wp-block-group__inner-container is-layout-flow wp-block-group-is-layout-flow\">\n<div class=\"wp-block-columns is-style-center-on-mobile is-layout-flex wp-container-core-columns-is-layout-1 wp-block-columns-is-layout-flex\">\n<div class=\"wp-block-column is-layout-flow wp-block-column-is-layout-flow\">\n<h5 class=\"wp-block-heading has-dark-blue-color has-text-color\"><strong>PRODUKTDESIGN<\/strong><\/h5>\n\n\n\n<ul class=\"is-style-primary wp-block-list\">\n<li>Design, das den Anforderungen an Sicherheit und Ergonomie der Nutzung entspricht<\/li>\n\n\n\n<li>Wartungsfreundliche Produkte mit der Garantie f\u00fcr verf\u00fcgbare Ersatzteile und Komponenten f\u00fcr die \u00e4ltere Ventilgeneration<\/li>\n\n\n\n<li>Eingebaute Sicherheitsvorrichtungen f\u00fcr einen garantierten Schutz w\u00e4hrend des Gebrauchs<\/li>\n\n\n\n<li>Besondere Unterst\u00fctzung f\u00fcr Greenfield-Projekte<\/li>\n\n\n\n<li>Entwicklung und Verbesserung unserer L\u00f6sungen in Zusammenarbeit mit den Endnutzern<\/li>\n<\/ul>\n<\/div>\n\n\n\n<div class=\"wp-block-column is-layout-flow wp-block-column-is-layout-flow\">\n<h5 class=\"wp-block-heading has-dark-blue-color has-text-color\"><strong>SCHULUNG<\/strong><\/h5>\n\n\n\n<ul class=\"is-style-primary wp-block-list\">\n<li>Praktische und theoretische Schulung vor Ort oder aus der Ferne<\/li>\n\n\n\n<li>Neuer Konferenzraum und Videokonferenztechnik f\u00fcr Fernschulungen und Vorf\u00fchrungen<\/li>\n\n\n\n<li>Schulungsunterst\u00fctzung und moderne Videos. Langfristige Kundenbetreuung<\/li>\n\n\n\n<li>Spezialisiertes Schulungsteam<\/li>\n\n\n\n<li>Franz\u00f6sischer Ausbildungsstandard \u201eQualiopi\u201c-Zertifizierung<\/li>\n<\/ul>\n<\/div>\n\n\n\n<div class=\"wp-block-column is-layout-flow wp-block-column-is-layout-flow\">\n<h5 class=\"wp-block-heading has-dark-blue-color has-text-color\"><strong>AUSR\u00dcSTUNG<\/strong><\/h5>\n\n\n\n<ul class=\"is-style-primary wp-block-list\">\n<li>Optimiertes Ventilgewicht f\u00fcr leichtere Handhabung<\/li>\n\n\n\n<li>Vorrichtungen zur Erleichterung der Handhabung und Zug\u00e4nglichkeit von Ventilbl\u00f6cken<\/li>\n\n\n\n<li>Angepasste Werkzeugk\u00e4sten<\/li>\n\n\n\n<li>Sicherheitsf\u00e4lle f\u00fcr Instandhaltungsma\u00dfnahmen. Pressen f\u00fcr die sichere Montage und Demontage von Antrieben<\/li>\n<\/ul>\n<\/div>\n<\/div>\n<\/div><\/div>\n\n\n\n<div class=\"wp-block-group alignwide\"><div class=\"wp-block-group__inner-container is-layout-flow wp-block-group-is-layout-flow\">\n<div class=\"wp-block-group alignfull is-style-padding-top has-light-grey-background-color has-background\" id=\"ID\"><div class=\"wp-block-group__inner-container is-layout-flow wp-block-group-is-layout-flow\">\n<h2 class=\"wp-block-heading has-text-align-center\" id=\"ID\">DEFINOX ID<\/h2>\n\n\n\n<p class=\"has-text-align-center\">F\u00fcr Definox dient die Innovation dazu, den Alltag unserer Industriekunden und Installateure zu vereinfachen. Dank unserer mobilen Anwendung \u201eID\u201c Definox kann mit Hilfe von Augmented Reality jedes Ventil einfach und individuell verfolgt und gewartet werden.<\/p>\n\n\n\n<figure class=\"wp-block-embed alignleft is-type-video is-provider-youtube wp-block-embed-youtube wp-embed-aspect-16-9 wp-has-aspect-ratio\"><div class=\"wp-block-embed__wrapper\">\n<iframe loading=\"lazy\" title=\"Definox breaking news 2021\" width=\"865\" height=\"487\" src=\"https:\/\/www.youtube.com\/embed\/ehu2-UAGYzc?feature=oembed\" frameborder=\"0\" allow=\"accelerometer; autoplay; clipboard-write; encrypted-media; gyroscope; picture-in-picture; web-share\" allowfullscreen><\/iframe>\n<\/div><\/figure>\n\n\n\n<h3 class=\"wp-block-heading\">Wie funktioniert die App ?<\/h3>\n\n\n\n<p>Die Wartungstechniker der Prozesslinien k\u00f6nnen die Augmented-Reality-App ganz einfach herunterladen, indem sie das Logo auf jedem unserer Ventile anklicken. So haben sie Zugang zu allen praktischen Informationen \u00fcber das Produkt.<\/p>\n\n\n\n<div class=\"wp-block-buttons is-content-justification-center is-layout-flex wp-container-core-buttons-is-layout-1 wp-block-buttons-is-layout-flex\">\n<div class=\"wp-block-button is-style-tertiary--small\"><a class=\"wp-block-button__link wp-element-button\" href=\"https:\/\/www.definox.com\/de\/unsere-anwendung-id-augmented-reality\/\">Mehr erfahren<\/a><\/div>\n<\/div>\n<\/div><\/div>\n<\/div><\/div>\n\n\n\n<div class=\"wp-block-definox-quotes-list quotes alignfull  is-style-dna\" id=\"quotes-section\"><div class=\"container\"><div class=\"quotes__items\">\n<div class=\"wp-block-definox-quotes-item quotes__item-container\"><div class=\"quotes__item \"><svg class=\"quotes__svg\" xmlns=\"http:\/\/www.w3.org\/2000\/svg\" viewBox=\"0 0 152 151\"><path fill=\"none\" d=\"M151.141 149.984c-82.844 0-150-67.155-150-150\"><\/path><path fill=\"none\" d=\"M66.102 76.961v0s8.878-11.168 8.362-11.233c-5.998-.758-10.634-5.784-10.634-11.87 0-6.612 5.466-11.97 12.21-11.97 6.742 0 12.208 5.358 12.208 11.97 0 3.184-1.138 5.186-3.407 8.072-.934 1.188-11.926 15.031-11.926 15.031v0M94.513 76.961v0s8.878-11.168 8.362-11.233c-5.998-.758-10.634-5.784-10.634-11.87 0-6.612 5.466-11.97 12.208-11.97 6.744 0 12.21 5.358 12.21 11.97 0 3.184-1.138 5.186-3.407 8.072-.934 1.188-11.926 15.031-11.926 15.031v0\"><\/path><\/svg>\n<h2 class=\"wp-block-heading quotes__title\">die aussage<\/h2>\n\n\n\n<p class=\"quotes__description\"><strong><strong>Definox nimmt Sicherheitsanliegen sehr ernst. Die Sicherheit wird vom ersten Entwurf des Ventils bis zu seiner Montage und Wartung ber\u00fccksichtigt. Es gibt Verfahren, um Verletzungen zu vermeiden. Es werden nicht unter allen Umst\u00e4nden Kundendiensttechniker zum Eingreifen geschickt.<\/strong><\/strong><\/p>\n\n\n\n<p class=\"quotes__author larger\">Herv\u00e9 Richard, Leiter Kundenbeziehungen bei Definox<\/p>\n\n\n\n<p class=\"quotes__author__description\"><\/p>\n<\/div><\/div>\n<\/div><div class=\"quotes__controls\"><div class=\"quotes__dots\"><\/div><div class=\"quotes__buttons\"><button type=\"button\" class=\"slider-button slider-button--prev quotes__button quotes__button--prev\"><\/button><button type=\"button\" class=\"slider-button slider-button--next quotes__button quotes__button--next\"><\/button><\/div><\/div><\/div><\/div>\n\n\n\n<div id=\"Commitments\" class=\"wp-block-group is-style-dna-pattern\"><div class=\"wp-block-group__inner-container is-layout-flow wp-block-group-is-layout-flow\">\n<h2 class=\"wp-block-heading has-text-align-center\" id=\"Selbstverpflichtungen\"><strong>VERPFLICHTUNGEN \u00dcBER DAS PRODUKT HINAUS<\/strong><\/h2>\n\n\n\n<div class=\"wp-block-definox-card-grid card-grid alignfull\"><div class=\"container\"><div class=\"card-grid__items\">\n<div class=\"wp-block-definox-dna-card dna-card\" style=\"--card-text-color:#ffffff;--card-bg-color:#7662ef;--card-secondary-color:#004871\"><div class=\"dna-card__content\">\n\n\n<h3 class=\"wp-block-heading dna-card__title\">DIE ZERTIFIZIERUNG<\/h3>\n\n\n\n<p>Im Jahr 2021 erh\u00e4lt Definox die Qualiopi-Zertifizierung. Diese bescheinigt die Qualit\u00e4t der Leistungen von Bildungseinrichtungen. Praktisch und theoretisch: Definox passt seine Schulungen individuell an, um seine Kunden immer mehr zufriedenzustellen.<\/p>\n<\/div><\/div>\n\n\n\n<div class=\"wp-block-definox-dna-card dna-card\" style=\"--card-text-color:#ffffff;--card-bg-color:#004871;--card-secondary-color:#7662ef\"><div class=\"dna-card__content\">\n\n\n<h3 class=\"wp-block-heading dna-card__title has-white-color has-text-color\"><strong>KUNDENSICHERHEIT<\/strong><\/h3>\n\n\n\n<p>Proaktiver Ansatz f\u00fcr die Sicherheit durch pers\u00f6nliche Unterst\u00fctzung und eine Nachverfolgung bei jedem Schritt.<\/p>\n\n\n\n<p>Integration von Sicherheitseinrichtungen als Standard f\u00fcr unsere L\u00f6sungen.<\/p>\n\n\n\n<p>Verf\u00fcgbarkeit von angepassten Werkzeugen und Pressen, um die sichere Demontage von Antrieben zu gew\u00e4hrleisten.<\/p>\n\n\n\n<p>Spezialisiertes Team von Kundendiensttechnikern f\u00fcr alle technischen Fragen und Eingriffe vor Ort.<\/p>\n\n\n\n<p>Produktschulung und Sicherheitssensibilisierung f\u00fcr unsere Produkte.<\/p>\n<\/div><\/div>\n\n\n\n<div class=\"wp-block-definox-dna-card dna-card\" style=\"--card-text-color:#7662ef;--card-bg-color:#ffffff;--card-secondary-color:#004871\"><div class=\"dna-card__content\">\n\n\n<h3 class=\"wp-block-heading dna-card__title\"><strong>SICHERHEIT JEDEN TAG F\u00dcR ALLE<\/strong><\/h3>\n\n\n\n<p>\u201eI Care\u201c-Programm, um alle Mitarbeiter f\u00fcr Sicherheitsrisiken zu sensibilisieren und ihr Verhalten zu \u00e4ndern.<\/p>\n\n\n\n<p>Qualit\u00e4t des Arbeitslebens (QWL)<\/p>\n\n\n\n<p>Erkennung von Risikosituationen und Analyse von Beinahe-Unf\u00e4llen.<\/p>\n\n\n\n<p>Gesten und bew\u00e4hrte Praktiken f\u00fcr den t\u00e4glichen Gebrauch.<\/p>\n<\/div><\/div>\n\n\n\n<div class=\"wp-block-definox-dna-card dna-card\" style=\"--card-bg-color:white;--card-secondary-color:#7662ef\"><div class=\"dna-card__content\">\n\n\n<h3 class=\"wp-block-heading dna-card__title\">SCHL\u00dcSSELDATEN<\/h3>\n\n\n<div class=\"dna-number\">\n\n    <div class=\"dna-number__number\">\n        129    <\/div>\n\n    \n        <div class=\"dna-number__text\">\n            ausgebildete Personen im Jahr 2021        <\/div>\n        \n    \n<\/div><\/div><\/div>\n\n\n\n<div class=\"wp-block-definox-dna-card dna-card\" style=\"--card-text-color:#004871;--card-bg-color:#ffffff;--card-secondary-color:#7662ef\"><div class=\"dna-card__content\">\n\n\n<h3 class=\"wp-block-heading dna-card__title\"><strong><strong>UNMITTELBARER ZUGANG ZU INFORMATIONS- UND BILDUNGSMEDIEN<\/strong><\/strong><\/h3>\n\n\n\n<ul class=\"wp-block-list\">\n<li>Ein Youtube-Kanal mit Wiedergabeliste, der Wartungsanleitungen und lehrreiche 3D-Animationen enth\u00e4lt.<\/li>\n\n\n\n<li>Die Augmented-Reality-App \u201eID\u201c von Definox erm\u00f6glicht die genaue Identifizierung des Ventils und seiner Ersatzteile.<\/li>\n\n\n\n<li>Webseite mit einfachem und unmittelbarem Zugang zu den Dokumenten und der digitalen Mediathek.<\/li>\n<\/ul>\n<\/div><\/div>\n\n\n\n<div class=\"wp-block-definox-dna-card dna-card\" style=\"--card-bg-color:white;--card-secondary-color:#7662ef\"><div class=\"dna-card__content\">\n\n\n<h3 class=\"wp-block-heading dna-card__title\">SCHL\u00dcSSELDATEN<\/h3>\n\n\n<div class=\"dna-number\">\n\n    <div class=\"dna-number__number\">\n        185    <\/div>\n\n    \n        <div class=\"dna-number__text\">\n            Sicherheits-Workshops im Jahr 2021        <\/div>\n        \n    \n<\/div>\n\n\n<p><\/p>\n<\/div><\/div>\n<\/div><\/div><\/div>\n<\/div><\/div>\n","protected":false},"excerpt":{"rendered":"<p>Sicherheit ist f\u00fcr Definox eine Priorit\u00e4t. Wir innovieren, entwerfen und produzieren in diesem Sinne. Definox setzt sich aktiv f\u00fcr die Verringerung von Risiken ein, indem es ein individuelles Schulungsprogramm f\u00fcr Wartungstechniker anbietet und einen rigorosen Support leistet. Die Bereitstellung von geeigneten Werkzeugen gew\u00e4hrleistet die Sicherheit der Menschen, die unsere Ventile benutzen.<\/p>\n","protected":false},"author":16,"featured_media":1557,"parent":1536,"menu_order":0,"comment_status":"closed","ping_status":"closed","template":"","meta":{"_acf_changed":false,"content-type":"","footnotes":""},"class_list":["entry","entry--1820","entry--type-page","entry--status-publish","entry--author-","has-post-thumbnail","has-excerpt"],"acf":[],"yoast_head":"<!-- This site is optimized with the Yoast SEO plugin v24.2 - https:\/\/yoast.com\/wordpress\/plugins\/seo\/ -->\n<title>Sicherheit - Definox DE<\/title>\n<meta name=\"description\" content=\"Definox setzt sich aktiv f\u00fcr die Sicherheit aller Menschen ein. Dies geschieht durch die pers\u00f6nliche Schulung der Techniker und eine stetige Betreuung.\" \/>\n<meta name=\"robots\" content=\"index, follow, max-snippet:-1, max-image-preview:large, max-video-preview:-1\" \/>\n<link rel=\"canonical\" href=\"https:\/\/www.definox.com\/de\/dna\/sicherheit\/\" \/>\n<meta property=\"og:locale\" content=\"de_DE\" \/>\n<meta property=\"og:type\" content=\"article\" \/>\n<meta property=\"og:title\" content=\"Sicherheit - Definox DE\" \/>\n<meta property=\"og:description\" content=\"Definox setzt sich aktiv f\u00fcr die Sicherheit aller Menschen ein. Dies geschieht durch die pers\u00f6nliche Schulung der Techniker und eine stetige Betreuung.\" \/>\n<meta property=\"og:url\" content=\"https:\/\/www.definox.com\/de\/dna\/sicherheit\/\" \/>\n<meta property=\"og:site_name\" content=\"Definox DE\" \/>\n<meta property=\"article:modified_time\" content=\"2024-03-21T13:40:38+00:00\" \/>\n<meta property=\"og:image\" content=\"https:\/\/www.definox.com\/app\/uploads\/sites\/11\/2022\/03\/SECURITE-scaled.jpg\" \/>\n\t<meta property=\"og:image:width\" content=\"2628\" \/>\n\t<meta property=\"og:image:height\" content=\"1599\" \/>\n\t<meta property=\"og:image:type\" content=\"image\/jpeg\" \/>\n<meta name=\"twitter:card\" content=\"summary_large_image\" \/>\n<meta name=\"twitter:label1\" content=\"Gesch\u00e4tzte Lesezeit\" \/>\n\t<meta name=\"twitter:data1\" content=\"4\u00a0Minuten\" \/>\n<script type=\"application\/ld+json\" class=\"yoast-schema-graph\">{\"@context\":\"https:\/\/schema.org\",\"@graph\":[{\"@type\":\"WebPage\",\"@id\":\"https:\/\/www.definox.com\/de\/dna\/sicherheit\/\",\"url\":\"https:\/\/www.definox.com\/de\/dna\/sicherheit\/\",\"name\":\"Sicherheit - Definox DE\",\"isPartOf\":{\"@id\":\"https:\/\/www.definox.com\/de\/#website\"},\"primaryImageOfPage\":{\"@id\":\"https:\/\/www.definox.com\/de\/dna\/sicherheit\/#primaryimage\"},\"image\":{\"@id\":\"https:\/\/www.definox.com\/de\/dna\/sicherheit\/#primaryimage\"},\"thumbnailUrl\":\"https:\/\/www.definox.com\/app\/uploads\/sites\/11\/2022\/03\/SECURITE-scaled.jpg\",\"datePublished\":\"2022-12-09T11:39:47+00:00\",\"dateModified\":\"2024-03-21T13:40:38+00:00\",\"description\":\"Definox setzt sich aktiv f\u00fcr die Sicherheit aller Menschen ein. Dies geschieht durch die pers\u00f6nliche Schulung der Techniker und eine stetige Betreuung.\",\"breadcrumb\":{\"@id\":\"https:\/\/www.definox.com\/de\/dna\/sicherheit\/#breadcrumb\"},\"inLanguage\":\"de\",\"potentialAction\":[{\"@type\":\"ReadAction\",\"target\":[\"https:\/\/www.definox.com\/de\/dna\/sicherheit\/\"]}]},{\"@type\":\"ImageObject\",\"inLanguage\":\"de\",\"@id\":\"https:\/\/www.definox.com\/de\/dna\/sicherheit\/#primaryimage\",\"url\":\"https:\/\/www.definox.com\/app\/uploads\/sites\/11\/2022\/03\/SECURITE-scaled.jpg\",\"contentUrl\":\"https:\/\/www.definox.com\/app\/uploads\/sites\/11\/2022\/03\/SECURITE-scaled.jpg\",\"width\":2628,\"height\":1599},{\"@type\":\"BreadcrumbList\",\"@id\":\"https:\/\/www.definox.com\/de\/dna\/sicherheit\/#breadcrumb\",\"itemListElement\":[{\"@type\":\"ListItem\",\"position\":1,\"name\":\"DNA\",\"item\":\"https:\/\/www.definox.com\/de\/dna\/\"},{\"@type\":\"ListItem\",\"position\":2,\"name\":\"Sicherheit\"}]},{\"@type\":\"WebSite\",\"@id\":\"https:\/\/www.definox.com\/de\/#website\",\"url\":\"https:\/\/www.definox.com\/de\/\",\"name\":\"Definox DE\",\"description\":\"Boost your performance\",\"publisher\":{\"@id\":\"https:\/\/www.definox.com\/de\/#organization\"},\"potentialAction\":[{\"@type\":\"SearchAction\",\"target\":{\"@type\":\"EntryPoint\",\"urlTemplate\":\"https:\/\/www.definox.com\/de\/?s={search_term_string}\"},\"query-input\":{\"@type\":\"PropertyValueSpecification\",\"valueRequired\":true,\"valueName\":\"search_term_string\"}}],\"inLanguage\":\"de\"},{\"@type\":\"Organization\",\"@id\":\"https:\/\/www.definox.com\/de\/#organization\",\"name\":\"Definox DE\",\"url\":\"https:\/\/www.definox.com\/de\/\",\"logo\":{\"@type\":\"ImageObject\",\"inLanguage\":\"de\",\"@id\":\"https:\/\/www.definox.com\/de\/#\/schema\/logo\/image\/\",\"url\":\"https:\/\/www.definox.com\/app\/uploads\/sites\/11\/2021\/01\/icons-footer_logo-definox-id.svg\",\"contentUrl\":\"https:\/\/www.definox.com\/app\/uploads\/sites\/11\/2021\/01\/icons-footer_logo-definox-id.svg\",\"width\":140,\"height\":120,\"caption\":\"Definox DE\"},\"image\":{\"@id\":\"https:\/\/www.definox.com\/de\/#\/schema\/logo\/image\/\"}}]}<\/script>\n<!-- \/ Yoast SEO plugin. -->","yoast_head_json":{"title":"Sicherheit - Definox DE","description":"Definox setzt sich aktiv f\u00fcr die Sicherheit aller Menschen ein. Dies geschieht durch die pers\u00f6nliche Schulung der Techniker und eine stetige Betreuung.","robots":{"index":"index","follow":"follow","max-snippet":"max-snippet:-1","max-image-preview":"max-image-preview:large","max-video-preview":"max-video-preview:-1"},"canonical":"https:\/\/www.definox.com\/de\/dna\/sicherheit\/","og_locale":"de_DE","og_type":"article","og_title":"Sicherheit - Definox DE","og_description":"Definox setzt sich aktiv f\u00fcr die Sicherheit aller Menschen ein. Dies geschieht durch die pers\u00f6nliche Schulung der Techniker und eine stetige Betreuung.","og_url":"https:\/\/www.definox.com\/de\/dna\/sicherheit\/","og_site_name":"Definox DE","article_modified_time":"2024-03-21T13:40:38+00:00","og_image":[{"width":2628,"height":1599,"url":"https:\/\/www.definox.com\/app\/uploads\/sites\/11\/2022\/03\/SECURITE-scaled.jpg","type":"image\/jpeg"}],"twitter_card":"summary_large_image","twitter_misc":{"Gesch\u00e4tzte Lesezeit":"4\u00a0Minuten"},"schema":{"@context":"https:\/\/schema.org","@graph":[{"@type":"WebPage","@id":"https:\/\/www.definox.com\/de\/dna\/sicherheit\/","url":"https:\/\/www.definox.com\/de\/dna\/sicherheit\/","name":"Sicherheit - Definox DE","isPartOf":{"@id":"https:\/\/www.definox.com\/de\/#website"},"primaryImageOfPage":{"@id":"https:\/\/www.definox.com\/de\/dna\/sicherheit\/#primaryimage"},"image":{"@id":"https:\/\/www.definox.com\/de\/dna\/sicherheit\/#primaryimage"},"thumbnailUrl":"https:\/\/www.definox.com\/app\/uploads\/sites\/11\/2022\/03\/SECURITE-scaled.jpg","datePublished":"2022-12-09T11:39:47+00:00","dateModified":"2024-03-21T13:40:38+00:00","description":"Definox setzt sich aktiv f\u00fcr die Sicherheit aller Menschen ein. Dies geschieht durch die pers\u00f6nliche Schulung der Techniker und eine stetige Betreuung.","breadcrumb":{"@id":"https:\/\/www.definox.com\/de\/dna\/sicherheit\/#breadcrumb"},"inLanguage":"de","potentialAction":[{"@type":"ReadAction","target":["https:\/\/www.definox.com\/de\/dna\/sicherheit\/"]}]},{"@type":"ImageObject","inLanguage":"de","@id":"https:\/\/www.definox.com\/de\/dna\/sicherheit\/#primaryimage","url":"https:\/\/www.definox.com\/app\/uploads\/sites\/11\/2022\/03\/SECURITE-scaled.jpg","contentUrl":"https:\/\/www.definox.com\/app\/uploads\/sites\/11\/2022\/03\/SECURITE-scaled.jpg","width":2628,"height":1599},{"@type":"BreadcrumbList","@id":"https:\/\/www.definox.com\/de\/dna\/sicherheit\/#breadcrumb","itemListElement":[{"@type":"ListItem","position":1,"name":"DNA","item":"https:\/\/www.definox.com\/de\/dna\/"},{"@type":"ListItem","position":2,"name":"Sicherheit"}]},{"@type":"WebSite","@id":"https:\/\/www.definox.com\/de\/#website","url":"https:\/\/www.definox.com\/de\/","name":"Definox DE","description":"Boost your performance","publisher":{"@id":"https:\/\/www.definox.com\/de\/#organization"},"potentialAction":[{"@type":"SearchAction","target":{"@type":"EntryPoint","urlTemplate":"https:\/\/www.definox.com\/de\/?s={search_term_string}"},"query-input":{"@type":"PropertyValueSpecification","valueRequired":true,"valueName":"search_term_string"}}],"inLanguage":"de"},{"@type":"Organization","@id":"https:\/\/www.definox.com\/de\/#organization","name":"Definox DE","url":"https:\/\/www.definox.com\/de\/","logo":{"@type":"ImageObject","inLanguage":"de","@id":"https:\/\/www.definox.com\/de\/#\/schema\/logo\/image\/","url":"https:\/\/www.definox.com\/app\/uploads\/sites\/11\/2021\/01\/icons-footer_logo-definox-id.svg","contentUrl":"https:\/\/www.definox.com\/app\/uploads\/sites\/11\/2021\/01\/icons-footer_logo-definox-id.svg","width":140,"height":120,"caption":"Definox DE"},"image":{"@id":"https:\/\/www.definox.com\/de\/#\/schema\/logo\/image\/"}}]}},"_links":{"self":[{"href":"https:\/\/www.definox.com\/de\/wp-json\/wp\/v2\/pages\/1820","targetHints":{"allow":["GET"]}}],"collection":[{"href":"https:\/\/www.definox.com\/de\/wp-json\/wp\/v2\/pages"}],"about":[{"href":"https:\/\/www.definox.com\/de\/wp-json\/wp\/v2\/types\/page"}],"author":[{"embeddable":true,"href":"https:\/\/www.definox.com\/de\/wp-json\/wp\/v2\/users\/16"}],"replies":[{"embeddable":true,"href":"https:\/\/www.definox.com\/de\/wp-json\/wp\/v2\/comments?post=1820"}],"version-history":[{"count":15,"href":"https:\/\/www.definox.com\/de\/wp-json\/wp\/v2\/pages\/1820\/revisions"}],"predecessor-version":[{"id":2549,"href":"https:\/\/www.definox.com\/de\/wp-json\/wp\/v2\/pages\/1820\/revisions\/2549"}],"up":[{"embeddable":true,"href":"https:\/\/www.definox.com\/de\/wp-json\/wp\/v2\/pages\/1536"}],"wp:featuredmedia":[{"embeddable":true,"href":"https:\/\/www.definox.com\/de\/wp-json\/wp\/v2\/media\/1557"}],"wp:attachment":[{"href":"https:\/\/www.definox.com\/de\/wp-json\/wp\/v2\/media?parent=1820"}],"curies":[{"name":"wp","href":"https:\/\/api.w.org\/{rel}","templated":true}]}}