{"id":19,"date":"2020-06-10T13:17:50","date_gmt":"2020-06-10T13:17:50","guid":{"rendered":"https:\/\/www.definox.com\/en\/?page_id=19"},"modified":"2024-10-07T12:37:00","modified_gmt":"2024-10-07T12:37:00","slug":"losungen","status":"publish","type":"page","link":"https:\/\/www.definox.com\/de\/losungen\/","title":{"rendered":"L\u00f6sungen"},"content":{"rendered":"\n<div style=\"height:100px\" aria-hidden=\"true\" class=\"wp-block-spacer\"><\/div>\n\n\n\n<div style=\"height:100px\" aria-hidden=\"true\" class=\"wp-block-spacer\"><\/div>\n\n\n\n<div class=\"wp-block-media-text alignwide is-stacked-on-mobile is-style-grey-background\"><figure class=\"wp-block-media-text__media\"><img loading=\"lazy\" decoding=\"async\" width=\"1024\" height=\"597\" src=\"https:\/\/www.definox.com\/app\/uploads\/sites\/11\/2020\/07\/DEFINOX-solutions-hygienic-process-management-banner-1024x597.jpg\" alt=\"DEFINOX-solutions-hygienic-process-management-banner-norms-process\" class=\"wp-image-1398 size-full\" srcset=\"https:\/\/www.definox.com\/app\/uploads\/sites\/11\/2020\/07\/DEFINOX-solutions-hygienic-process-management-banner-1024x597.jpg 1024w, https:\/\/www.definox.com\/app\/uploads\/sites\/11\/2020\/07\/DEFINOX-solutions-hygienic-process-management-banner-300x175.jpg 300w, https:\/\/www.definox.com\/app\/uploads\/sites\/11\/2020\/07\/DEFINOX-solutions-hygienic-process-management-banner-768x448.jpg 768w, https:\/\/www.definox.com\/app\/uploads\/sites\/11\/2020\/07\/DEFINOX-solutions-hygienic-process-management-banner-35x20.jpg 35w, https:\/\/www.definox.com\/app\/uploads\/sites\/11\/2020\/07\/DEFINOX-solutions-hygienic-process-management-banner-600x350.jpg 600w, https:\/\/www.definox.com\/app\/uploads\/sites\/11\/2020\/07\/DEFINOX-solutions-hygienic-process-management-banner.jpg 1200w\" sizes=\"auto, (max-width: 1024px) 100vw, 1024px\" \/><\/figure><div class=\"wp-block-media-text__content\">\n<h2 class=\"wp-block-heading\">VERWALTUNG HYGIENISCHER PROZESSE<\/h2>\n\n\n\n<p>Definox ist der Partner Ihrer Wahl, mit personalisierten L\u00f6sungen f\u00fcr die Verwaltung Ihrer sanit\u00e4ren Prozesse, die allen heutigen Normen und sanit\u00e4ren Anforderungen entsprechen,<\/p>\n\n\n\n<div class=\"wp-block-buttons is-layout-flex wp-block-buttons-is-layout-flex\">\n<div class=\"wp-block-button is-style-primary\"><a class=\"wp-block-button__link wp-element-button\" href=\"hygienic-process\/\">Entdecken Sie unsere L\u00f6sungen<\/a><\/div>\n<\/div>\n<\/div><\/div>\n\n\n\n<div class=\"wp-block-media-text alignwide is-stacked-on-mobile is-style-grey-background\"><figure class=\"wp-block-media-text__media\"><img loading=\"lazy\" decoding=\"async\" width=\"1024\" height=\"597\" src=\"https:\/\/www.definox.com\/app\/uploads\/sites\/11\/2020\/07\/DEFINOX-solutions-total-cost-optimization-banner-1024x597.jpg\" alt=\"DEFINOX-solutions-total-cost-optimization-banner-reduction-costs\" class=\"wp-image-1406 size-full\" srcset=\"https:\/\/www.definox.com\/app\/uploads\/sites\/11\/2020\/07\/DEFINOX-solutions-total-cost-optimization-banner-1024x597.jpg 1024w, https:\/\/www.definox.com\/app\/uploads\/sites\/11\/2020\/07\/DEFINOX-solutions-total-cost-optimization-banner-300x175.jpg 300w, https:\/\/www.definox.com\/app\/uploads\/sites\/11\/2020\/07\/DEFINOX-solutions-total-cost-optimization-banner-768x448.jpg 768w, https:\/\/www.definox.com\/app\/uploads\/sites\/11\/2020\/07\/DEFINOX-solutions-total-cost-optimization-banner-35x20.jpg 35w, https:\/\/www.definox.com\/app\/uploads\/sites\/11\/2020\/07\/DEFINOX-solutions-total-cost-optimization-banner.jpg 1200w\" sizes=\"auto, (max-width: 1024px) 100vw, 1024px\" \/><\/figure><div class=\"wp-block-media-text__content\">\n<h2 class=\"wp-block-heading\">OPTIMIERUNG DER GESAMTKOSTEN<\/h2>\n\n\n\n<p>Da 95 % der Prozessfl\u00fcssigkeiten zur\u00fcckgewonnen werden, sind wir bestrebt, Ihre Produktivit\u00e4t zu steigern und gleichzeitig einen Beitrag zum Schutz unseres Planeten zu leisten,<\/p>\n\n\n\n<div class=\"wp-block-buttons is-layout-flex wp-block-buttons-is-layout-flex\">\n<div class=\"wp-block-button is-style-primary\"><a class=\"wp-block-button__link wp-element-button\" href=\"total-cost-optimization\/\">Entdecken Sie unsere L\u00f6sungen<\/a><\/div>\n<\/div>\n<\/div><\/div>\n\n\n\n<div class=\"wp-block-media-text alignwide is-stacked-on-mobile is-style-grey-background\"><figure class=\"wp-block-media-text__media\"><img loading=\"lazy\" decoding=\"async\" width=\"1024\" height=\"597\" src=\"https:\/\/www.definox.com\/app\/uploads\/sites\/11\/2020\/07\/DEFINOX-solutions-fields-of-application-1024x597.jpg\" alt=\"DEFINOX-solutions-fields-of-application-banner-markets\" class=\"wp-image-1396 size-full\" srcset=\"https:\/\/www.definox.com\/app\/uploads\/sites\/11\/2020\/07\/DEFINOX-solutions-fields-of-application-1024x597.jpg 1024w, https:\/\/www.definox.com\/app\/uploads\/sites\/11\/2020\/07\/DEFINOX-solutions-fields-of-application-300x175.jpg 300w, https:\/\/www.definox.com\/app\/uploads\/sites\/11\/2020\/07\/DEFINOX-solutions-fields-of-application-768x448.jpg 768w, https:\/\/www.definox.com\/app\/uploads\/sites\/11\/2020\/07\/DEFINOX-solutions-fields-of-application-35x20.jpg 35w, https:\/\/www.definox.com\/app\/uploads\/sites\/11\/2020\/07\/DEFINOX-solutions-fields-of-application-600x350.jpg 600w, https:\/\/www.definox.com\/app\/uploads\/sites\/11\/2020\/07\/DEFINOX-solutions-fields-of-application.jpg 1200w\" sizes=\"auto, (max-width: 1024px) 100vw, 1024px\" \/><\/figure><div class=\"wp-block-media-text__content\">\n<h2 class=\"wp-block-heading\">ANWENDUNGSBEREICHE<\/h2>\n\n\n\n<p>Seit \u00fcber f\u00fcnfzig Jahren sind unsere Experten in 70 L\u00e4ndern der Welt pr\u00e4sent.\\nSie begleiten die Entwicklung Ihrer nachhaltigen Leistung. Gemeinsam stellen wir uns den t\u00e4glichen Herausforderungen, die sich aus den verschiedenen T\u00e4tigkeiten ergeben: Lebensmittelindustrie, Babynahrung, Kosmetika, Pharmazeutika, Tierfutter und Reinigungsmittel.,<\/p>\n\n\n\n<div class=\"wp-block-buttons is-layout-flex wp-block-buttons-is-layout-flex\">\n<div class=\"wp-block-button is-style-primary\"><a class=\"wp-block-button__link wp-element-button\" href=\"fields-of-application\/\">Unsere Anwendungsbereiche<\/a><\/div>\n<\/div>\n<\/div><\/div>\n\n\n\n<div class=\"wp-block-media-text alignwide is-stacked-on-mobile is-style-grey-background\"><figure class=\"wp-block-media-text__media\"><img loading=\"lazy\" decoding=\"async\" width=\"1024\" height=\"597\" src=\"https:\/\/www.definox.com\/app\/uploads\/sites\/11\/2020\/07\/DEFINOX-solutions-our-support-1024x597.jpg\" alt=\"DEFINOX-solutions-our-support-banner-counseling\" class=\"wp-image-1405 size-full\" srcset=\"https:\/\/www.definox.com\/app\/uploads\/sites\/11\/2020\/07\/DEFINOX-solutions-our-support-1024x597.jpg 1024w, https:\/\/www.definox.com\/app\/uploads\/sites\/11\/2020\/07\/DEFINOX-solutions-our-support-300x175.jpg 300w, https:\/\/www.definox.com\/app\/uploads\/sites\/11\/2020\/07\/DEFINOX-solutions-our-support-768x448.jpg 768w, https:\/\/www.definox.com\/app\/uploads\/sites\/11\/2020\/07\/DEFINOX-solutions-our-support-35x20.jpg 35w, https:\/\/www.definox.com\/app\/uploads\/sites\/11\/2020\/07\/DEFINOX-solutions-our-support-600x350.jpg 600w, https:\/\/www.definox.com\/app\/uploads\/sites\/11\/2020\/07\/DEFINOX-solutions-our-support.jpg 1200w\" sizes=\"auto, (max-width: 1024px) 100vw, 1024px\" \/><\/figure><div class=\"wp-block-media-text__content\">\n<h2 class=\"wp-block-heading\">UNSERE UNTERST\u00dcTZUNG<\/h2>\n\n\n\n<p>\u00dcberall auf der Welt stehen unsere Teams aus Ingenieuren, Experten und Technikern zu Ihrer Verf\u00fcgung. Sie beraten und begleiten Sie bei der Bew\u00e4ltigung der Herausforderungen von heute und morgen.<\/p>\n\n\n\n<div class=\"wp-block-buttons is-layout-flex wp-block-buttons-is-layout-flex\">\n<div class=\"wp-block-button is-style-primary\"><a class=\"wp-block-button__link wp-element-button\" href=\"our-customer-support\/\">Mehr erfahren<\/a><\/div>\n<\/div>\n<\/div><\/div>\n\n\n\n<p><\/p>\n","protected":false},"excerpt":{"rendered":"","protected":false},"author":4,"featured_media":0,"parent":0,"menu_order":0,"comment_status":"closed","ping_status":"closed","template":"","meta":{"_acf_changed":false,"content-type":"","footnotes":""},"class_list":["entry","entry--19","entry--type-page","entry--status-publish","entry--author-"],"acf":[],"yoast_head":"<!-- This site is optimized with the Yoast SEO plugin v24.2 - https:\/\/yoast.com\/wordpress\/plugins\/seo\/ -->\n<title>L\u00f6sungen - Definox DE<\/title>\n<meta name=\"description\" content=\"Definox ist ein starker Partner mit L\u00f6sungen, die den heutigen Standards und Anforderungen f\u00fcr Ihre sanit\u00e4ren Prozesse entsprechen.\" \/>\n<meta name=\"robots\" content=\"index, follow, max-snippet:-1, max-image-preview:large, max-video-preview:-1\" \/>\n<link rel=\"canonical\" href=\"https:\/\/www.definox.com\/de\/losungen\/\" \/>\n<meta property=\"og:locale\" content=\"de_DE\" \/>\n<meta property=\"og:type\" content=\"article\" \/>\n<meta property=\"og:title\" content=\"L\u00f6sungen - Definox DE\" \/>\n<meta property=\"og:description\" content=\"Definox ist ein starker Partner mit L\u00f6sungen, die den heutigen Standards und Anforderungen f\u00fcr Ihre sanit\u00e4ren Prozesse entsprechen.\" \/>\n<meta property=\"og:url\" content=\"https:\/\/www.definox.com\/de\/losungen\/\" \/>\n<meta property=\"og:site_name\" content=\"Definox DE\" \/>\n<meta property=\"article:modified_time\" content=\"2024-10-07T12:37:00+00:00\" \/>\n<meta property=\"og:image\" content=\"https:\/\/www.definox.com\/app\/uploads\/sites\/11\/2020\/07\/DEFINOX-solutions-hygienic-process-management-banner-1024x597.jpg\" \/>\n<meta name=\"twitter:card\" content=\"summary_large_image\" \/>\n<meta name=\"twitter:label1\" content=\"Gesch\u00e4tzte Lesezeit\" \/>\n\t<meta name=\"twitter:data1\" content=\"2\u00a0Minuten\" \/>\n<script type=\"application\/ld+json\" class=\"yoast-schema-graph\">{\"@context\":\"https:\/\/schema.org\",\"@graph\":[{\"@type\":\"WebPage\",\"@id\":\"https:\/\/www.definox.com\/de\/losungen\/\",\"url\":\"https:\/\/www.definox.com\/de\/losungen\/\",\"name\":\"L\u00f6sungen - Definox DE\",\"isPartOf\":{\"@id\":\"https:\/\/www.definox.com\/de\/#website\"},\"primaryImageOfPage\":{\"@id\":\"https:\/\/www.definox.com\/de\/losungen\/#primaryimage\"},\"image\":{\"@id\":\"https:\/\/www.definox.com\/de\/losungen\/#primaryimage\"},\"thumbnailUrl\":\"https:\/\/www.definox.com\/app\/uploads\/sites\/11\/2020\/07\/DEFINOX-solutions-hygienic-process-management-banner-1024x597.jpg\",\"datePublished\":\"2020-06-10T13:17:50+00:00\",\"dateModified\":\"2024-10-07T12:37:00+00:00\",\"description\":\"Definox ist ein starker Partner mit L\u00f6sungen, die den heutigen Standards und Anforderungen f\u00fcr Ihre sanit\u00e4ren Prozesse entsprechen.\",\"inLanguage\":\"de\",\"potentialAction\":[{\"@type\":\"ReadAction\",\"target\":[\"https:\/\/www.definox.com\/de\/losungen\/\"]}]},{\"@type\":\"ImageObject\",\"inLanguage\":\"de\",\"@id\":\"https:\/\/www.definox.com\/de\/losungen\/#primaryimage\",\"url\":\"https:\/\/www.definox.com\/app\/uploads\/sites\/11\/2020\/07\/DEFINOX-solutions-hygienic-process-management-banner-1024x597.jpg\",\"contentUrl\":\"https:\/\/www.definox.com\/app\/uploads\/sites\/11\/2020\/07\/DEFINOX-solutions-hygienic-process-management-banner-1024x597.jpg\"},{\"@type\":\"WebSite\",\"@id\":\"https:\/\/www.definox.com\/de\/#website\",\"url\":\"https:\/\/www.definox.com\/de\/\",\"name\":\"Definox DE\",\"description\":\"Boost your performance\",\"publisher\":{\"@id\":\"https:\/\/www.definox.com\/de\/#organization\"},\"potentialAction\":[{\"@type\":\"SearchAction\",\"target\":{\"@type\":\"EntryPoint\",\"urlTemplate\":\"https:\/\/www.definox.com\/de\/?s={search_term_string}\"},\"query-input\":{\"@type\":\"PropertyValueSpecification\",\"valueRequired\":true,\"valueName\":\"search_term_string\"}}],\"inLanguage\":\"de\"},{\"@type\":\"Organization\",\"@id\":\"https:\/\/www.definox.com\/de\/#organization\",\"name\":\"Definox DE\",\"url\":\"https:\/\/www.definox.com\/de\/\",\"logo\":{\"@type\":\"ImageObject\",\"inLanguage\":\"de\",\"@id\":\"https:\/\/www.definox.com\/de\/#\/schema\/logo\/image\/\",\"url\":\"https:\/\/www.definox.com\/app\/uploads\/sites\/11\/2021\/01\/icons-footer_logo-definox-id.svg\",\"contentUrl\":\"https:\/\/www.definox.com\/app\/uploads\/sites\/11\/2021\/01\/icons-footer_logo-definox-id.svg\",\"width\":140,\"height\":120,\"caption\":\"Definox DE\"},\"image\":{\"@id\":\"https:\/\/www.definox.com\/de\/#\/schema\/logo\/image\/\"}}]}<\/script>\n<!-- \/ Yoast SEO plugin. -->","yoast_head_json":{"title":"L\u00f6sungen - Definox DE","description":"Definox ist ein starker Partner mit L\u00f6sungen, die den heutigen Standards und Anforderungen f\u00fcr Ihre sanit\u00e4ren Prozesse entsprechen.","robots":{"index":"index","follow":"follow","max-snippet":"max-snippet:-1","max-image-preview":"max-image-preview:large","max-video-preview":"max-video-preview:-1"},"canonical":"https:\/\/www.definox.com\/de\/losungen\/","og_locale":"de_DE","og_type":"article","og_title":"L\u00f6sungen - Definox DE","og_description":"Definox ist ein starker Partner mit L\u00f6sungen, die den heutigen Standards und Anforderungen f\u00fcr Ihre sanit\u00e4ren Prozesse entsprechen.","og_url":"https:\/\/www.definox.com\/de\/losungen\/","og_site_name":"Definox DE","article_modified_time":"2024-10-07T12:37:00+00:00","og_image":[{"url":"https:\/\/www.definox.com\/app\/uploads\/sites\/11\/2020\/07\/DEFINOX-solutions-hygienic-process-management-banner-1024x597.jpg","type":"","width":"","height":""}],"twitter_card":"summary_large_image","twitter_misc":{"Gesch\u00e4tzte Lesezeit":"2\u00a0Minuten"},"schema":{"@context":"https:\/\/schema.org","@graph":[{"@type":"WebPage","@id":"https:\/\/www.definox.com\/de\/losungen\/","url":"https:\/\/www.definox.com\/de\/losungen\/","name":"L\u00f6sungen - Definox DE","isPartOf":{"@id":"https:\/\/www.definox.com\/de\/#website"},"primaryImageOfPage":{"@id":"https:\/\/www.definox.com\/de\/losungen\/#primaryimage"},"image":{"@id":"https:\/\/www.definox.com\/de\/losungen\/#primaryimage"},"thumbnailUrl":"https:\/\/www.definox.com\/app\/uploads\/sites\/11\/2020\/07\/DEFINOX-solutions-hygienic-process-management-banner-1024x597.jpg","datePublished":"2020-06-10T13:17:50+00:00","dateModified":"2024-10-07T12:37:00+00:00","description":"Definox ist ein starker Partner mit L\u00f6sungen, die den heutigen Standards und Anforderungen f\u00fcr Ihre sanit\u00e4ren Prozesse entsprechen.","inLanguage":"de","potentialAction":[{"@type":"ReadAction","target":["https:\/\/www.definox.com\/de\/losungen\/"]}]},{"@type":"ImageObject","inLanguage":"de","@id":"https:\/\/www.definox.com\/de\/losungen\/#primaryimage","url":"https:\/\/www.definox.com\/app\/uploads\/sites\/11\/2020\/07\/DEFINOX-solutions-hygienic-process-management-banner-1024x597.jpg","contentUrl":"https:\/\/www.definox.com\/app\/uploads\/sites\/11\/2020\/07\/DEFINOX-solutions-hygienic-process-management-banner-1024x597.jpg"},{"@type":"WebSite","@id":"https:\/\/www.definox.com\/de\/#website","url":"https:\/\/www.definox.com\/de\/","name":"Definox DE","description":"Boost your performance","publisher":{"@id":"https:\/\/www.definox.com\/de\/#organization"},"potentialAction":[{"@type":"SearchAction","target":{"@type":"EntryPoint","urlTemplate":"https:\/\/www.definox.com\/de\/?s={search_term_string}"},"query-input":{"@type":"PropertyValueSpecification","valueRequired":true,"valueName":"search_term_string"}}],"inLanguage":"de"},{"@type":"Organization","@id":"https:\/\/www.definox.com\/de\/#organization","name":"Definox DE","url":"https:\/\/www.definox.com\/de\/","logo":{"@type":"ImageObject","inLanguage":"de","@id":"https:\/\/www.definox.com\/de\/#\/schema\/logo\/image\/","url":"https:\/\/www.definox.com\/app\/uploads\/sites\/11\/2021\/01\/icons-footer_logo-definox-id.svg","contentUrl":"https:\/\/www.definox.com\/app\/uploads\/sites\/11\/2021\/01\/icons-footer_logo-definox-id.svg","width":140,"height":120,"caption":"Definox DE"},"image":{"@id":"https:\/\/www.definox.com\/de\/#\/schema\/logo\/image\/"}}]}},"_links":{"self":[{"href":"https:\/\/www.definox.com\/de\/wp-json\/wp\/v2\/pages\/19","targetHints":{"allow":["GET"]}}],"collection":[{"href":"https:\/\/www.definox.com\/de\/wp-json\/wp\/v2\/pages"}],"about":[{"href":"https:\/\/www.definox.com\/de\/wp-json\/wp\/v2\/types\/page"}],"author":[{"embeddable":true,"href":"https:\/\/www.definox.com\/de\/wp-json\/wp\/v2\/users\/4"}],"replies":[{"embeddable":true,"href":"https:\/\/www.definox.com\/de\/wp-json\/wp\/v2\/comments?post=19"}],"version-history":[{"count":19,"href":"https:\/\/www.definox.com\/de\/wp-json\/wp\/v2\/pages\/19\/revisions"}],"predecessor-version":[{"id":2581,"href":"https:\/\/www.definox.com\/de\/wp-json\/wp\/v2\/pages\/19\/revisions\/2581"}],"wp:attachment":[{"href":"https:\/\/www.definox.com\/de\/wp-json\/wp\/v2\/media?parent=19"}],"curies":[{"name":"wp","href":"https:\/\/api.w.org\/{rel}","templated":true}]}}