{"id":2175,"date":"2023-01-13T16:17:23","date_gmt":"2023-01-13T16:17:23","guid":{"rendered":"https:\/\/www.definox.com\/de\/?page_id=2175"},"modified":"2024-10-07T13:13:18","modified_gmt":"2024-10-07T13:13:18","slug":"unsere-anwendung-id-augmented-reality","status":"publish","type":"page","link":"https:\/\/www.definox.com\/de\/unsere-anwendung-id-augmented-reality\/","title":{"rendered":"UNSERE ANWENDUNG \u201eID\u201c AUGMENTED REALITY"},"content":{"rendered":"\n<p><\/p>\n\n\n\n<div class=\"wp-block-definox-quick-navigation  quick-navigation alignfull\"><div class=\"quick-navigation__content\"><div class=\"quick-navigation__wrapper\"><div class=\"quick-navigation__sticky-hook\"><\/div><div class=\"quick-navigation__items\">\n<div class=\"wp-block-definox-quick-navigation-item quick-navigation__item\"><a class=\"quick-navigation__link\" href=\"-advantages\">Vorteile<\/a><\/div>\n\n\n\n<div class=\"wp-block-definox-quick-navigation-item quick-navigation__item\"><a class=\"quick-navigation__link\" href=\"#tuto\">Video-Anleitung<\/a><\/div>\n\n\n\n<div class=\"wp-block-definox-quick-navigation-item quick-navigation__item\"><a class=\"quick-navigation__link\" href=\"#chinese\">Chinesische Verbindung<\/a><\/div>\n<\/div><div class=\"quick-navigation__controls\"><button class=\"quick-navigation__button quick-navigation__button--prev\"><\/button><button class=\"quick-navigation__button quick-navigation__button--next\"><\/button><\/div><\/div><\/div><\/div>\n\n\n\n<h2 class=\"wp-block-heading\">DANK DER \u201eID\u201cAUGMENTED-REALITY-ANWENDUNG, STELLT DEFINOX INNOVATION IN DEN MITTELPUNKT SEINER HYGIENISCHENVENTILE,<\/h2>\n\n\n\n<div class=\"wp-block-group alignfull\" id=\"-advantage\"><div class=\"wp-block-group__inner-container is-layout-flow wp-block-group-is-layout-flow\">\n<div style=\"height:100px\" aria-hidden=\"true\" class=\"wp-block-spacer\"><\/div>\n\n\n\n<div style=\"height:100px\" aria-hidden=\"true\" class=\"wp-block-spacer\"><\/div>\n\n\n\n<div style=\"height:100px\" aria-hidden=\"true\" class=\"wp-block-spacer\"><\/div>\n\n\n\n<h3 class=\"wp-block-heading\" id=\"-advantages\">ID Definox vereinfacht die t\u00e4gliche Arbeit der Wartungstechniker von Prozesslinien<\/h3>\n\n\n\n<p>Mit \u201eID\u201c bietet Definox eine leicht verst\u00e4ndliche und einfach zu bedienende L\u00f6sung zur Identifizierung eines Ventils und seiner Komponenten. Diese mobile Anwendung vereinfacht auch die t\u00e4gliche Arbeit des Wartungsteams und erm\u00f6glicht so eine erhebliche Produktivit\u00e4tssteigerung bei gleichzeitiger Verringerung des Fehlerrisikos und Verbesserung der Sicherheit der Techniker.<\/p>\n\n\n\n<div style=\"height:100px\" aria-hidden=\"true\" class=\"wp-block-spacer\"><\/div>\n\n\n\n<figure class=\"wp-block-embed is-type-video is-provider-youtube wp-block-embed-youtube wp-embed-aspect-16-9 wp-has-aspect-ratio\"><div class=\"wp-block-embed__wrapper\">\n<iframe title=\"Definox breaking news 2021\" width=\"865\" height=\"487\" src=\"https:\/\/www.youtube.com\/embed\/ehu2-UAGYzc?start=146&#038;feature=oembed\" frameborder=\"0\" allow=\"accelerometer; autoplay; clipboard-write; encrypted-media; gyroscope; picture-in-picture; web-share\" referrerpolicy=\"strict-origin-when-cross-origin\" allowfullscreen><\/iframe>\n<\/div><\/figure>\n\n\n\n<div style=\"height:100px\" aria-hidden=\"true\" class=\"wp-block-spacer\"><\/div>\n\n\n\n<p>Der gro\u00dfe Vorteil dieser Anwendung besteht darin, dass alle Informationen \u00fcber die Produkte in der N\u00e4he der betreffenden Ger\u00e4te auf Smartphones und Tablets verf\u00fcgbar sind und der Kundendienst kontaktiert werden kann.<\/p>\n\n\n\n<div style=\"height:100px\" aria-hidden=\"true\" class=\"wp-block-spacer\"><\/div>\n\n\n\n<div class=\"wp-block-definox-card-grid card-grid alignfull\"><div class=\"container\"><div class=\"card-grid__items\">\n<div class=\"wp-block-definox-key-number-icon-card icon-card icon-card--key-number-icon-card\"><div class=\"icon-card__content\">\n<p class=\"icon-card__number\"><strong>74, 671<\/strong><\/p>\n\n\n\n<p class=\"icon-card__description\">VENTILMODELLE<\/p>\n\n\n\n<svg class=\"wp-block-matiere-noire-svg-icons icon icon-card__image\" width=\"20\" height=\"20\"><use href=\"#icon-aseptique_bis\"><\/use><\/svg>\n<\/div><\/div>\n\n\n\n<div class=\"wp-block-definox-key-number-icon-card icon-card icon-card--key-number-icon-card\"><div class=\"icon-card__content\">\n<p class=\"icon-card__number\"><strong>242, 350<\/strong><\/p>\n\n\n\n<p class=\"icon-card__description\">VENTILE GEPAART SEIT JULI 2017<\/p>\n\n\n\n<svg class=\"wp-block-matiere-noire-svg-icons icon icon-card__image\" width=\"20\" height=\"20\"><use href=\"#icon-retro-information_bis\"><\/use><\/svg>\n<\/div><\/div>\n\n\n\n<div class=\"wp-block-definox-key-number-icon-card icon-card icon-card--key-number-icon-card\"><div class=\"icon-card__content\">\n<p class=\"icon-card__number\"><strong>28, 494<\/strong><\/p>\n\n\n\n<p class=\"icon-card__description\">SCANS AUS ALLER WELT<\/p>\n\n\n\n<svg class=\"wp-block-matiere-noire-svg-icons icon icon-card__image\" width=\"20\" height=\"20\"><use href=\"#icon-implantations__bis\"><\/use><\/svg>\n<\/div><\/div>\n<\/div><\/div><\/div>\n\n\n\n<div class=\"wp-block-definox-card-grid card-grid alignfull\"><div class=\"container\"><div class=\"card-grid__items\"><\/div><\/div><\/div>\n\n\n\n<div style=\"height:100px\" aria-hidden=\"true\" class=\"wp-block-spacer\"><\/div>\n\n\n\n<h3 class=\"wp-block-heading\">Ein Werkzeug, das die Sicherheit der Wartungstechniker verbessert, Fehler verhindert und Zeit gewinnt<\/h3>\n\n\n\n<p class=\"has-mustard-color has-text-color\"><strong>\u201eID\u201c Definox verf\u00fcgt \u00fcber zahlreiche Funktionalit\u00e4ten:<\/strong><\/p>\n\n\n\n<ul class=\"wp-block-list is-style-primary\">\n<li><strong>Individualisierte \u00dcberwachung <\/strong> <strong><span style=\"color: initial;, sans-serif\">des Ventils dank einer eindeutigen Kennung<\/span><\/strong><\/li>\n\n\n\n<li>Einfache Identifizierung des Ventils, der Komponenten, Dichtungen, Antriebe und Werkzeuge (F\u00fchrungen, Schutzvorrichtungen und Schl\u00fcssel&#8230;)<\/li>\n\n\n\n<li><strong>Alle relevanten Dokumente und Daten sofort verf\u00fcgbar<\/strong><\/li>\n\n\n\n<li>Installations- und Wartungshandb\u00fccher immer zur Hand<\/li>\n\n\n\n<li>Das Video startet direkt auf Ihrem Smartphone<\/li>\n\n\n\n<li>Das Wartungsprotokoll enth\u00e4lt die Identifikation des Ventils, die M\u00f6glichkeit f\u00fcr den Kunden, die SPS-Referenz des Ventils hinzuzuf\u00fcgen, die individuelle \u00dcberwachung der Wartungsarbeiten und der durchgef\u00fchrten Arbeiten, aber auch die M\u00f6glichkeit, den n\u00e4chsten Wartungstermin anzugeben.<\/li>\n\n\n\n<li>Auflistung der am Ventil durchgef\u00fchrten Wartungsarbeiten (was und wann), um die verschiedenen Arbeiten, die an demselben durchgef\u00fchrt werden, zu \u00fcberwachen.<\/li>\n\n\n\n<li>Telefonischer Kontakt zum Kundendienst f\u00fcr Ihre Ersatzteilbestellungen, zur Planung von Eingriffen oder zum Erhalt technischer Informationen, direkter Link zur Definox-Webseite, um Ersatzteile zu bestellen, Eingriffe zu planen oder technische Fragen zu stellen.<\/li>\n<\/ul>\n\n\n\n<figure class=\"wp-block-image size-large\"><img decoding=\"async\" src=\"https:\/\/www.definox.com\/app\/uploads\/sites\/7\/2021\/07\/visuel_article_id_v1_GB-1024x575.png\" alt=\"\" class=\"wp-image-1882\" \/><\/figure>\n\n\n\n<div style=\"height:0px\" aria-hidden=\"true\" class=\"wp-block-spacer\"><\/div>\n\n\n\n<p class=\"has-mustard-color has-text-color\"><strong>&#8230;und viele Vorteile:<\/strong><\/p>\n\n\n\n<div style=\"height:100px\" aria-hidden=\"true\" class=\"wp-block-spacer\"><\/div>\n\n\n\n<div class=\"wp-block-definox-card-grid card-grid alignfull\"><div class=\"container\"><div class=\"card-grid__items\">\n<div class=\"wp-block-definox-benefit-icon-card icon-card icon-card--benefit-icon-card\"><div class=\"icon-card__content\">\n<p class=\"icon-card__description\">Sparen Sie Zeit bei der Verwaltung des Ventilbestands<\/p>\n\n\n\n<svg class=\"wp-block-matiere-noire-svg-icons icon icon-card__image\" width=\"20\" height=\"20\"><use href=\"#icon-cadran_1__bis\"><\/use><\/svg>\n<\/div><\/div>\n\n\n\n<div class=\"wp-block-definox-benefit-icon-card icon-card icon-card--benefit-icon-card\"><div class=\"icon-card__content\">\n<p class=\"icon-card__description\"><strong>Interventionssicherheit dank Tutorials<\/strong><\/p>\n\n\n\n<svg class=\"wp-block-matiere-noire-svg-icons icon icon-card__image\" width=\"20\" height=\"20\"><use href=\"#icon-assistance__bis\"><\/use><\/svg>\n<\/div><\/div>\n\n\n\n<div class=\"wp-block-definox-benefit-icon-card icon-card icon-card--benefit-icon-card\"><div class=\"icon-card__content\">\n<p class=\"icon-card__description\">Sofortiger Zugang zu allen relevanten Informationen<\/p>\n\n\n\n<svg class=\"wp-block-matiere-noire-svg-icons icon icon-card__image\" width=\"20\" height=\"20\"><use href=\"#icon-maintenance_predictive_bis\"><\/use><\/svg>\n<\/div><\/div>\n\n\n\n<div class=\"wp-block-definox-benefit-icon-card icon-card icon-card--benefit-icon-card\"><div class=\"icon-card__content\">\n<p class=\"icon-card__description\">Verringerung des Fehlerrisikos<\/p>\n\n\n\n<svg class=\"wp-block-matiere-noire-svg-icons icon icon-card__image\" width=\"20\" height=\"20\"><use href=\"#icon-productivite_2__bis\"><\/use><\/svg>\n<\/div><\/div>\n\n\n\n<div class=\"wp-block-definox-benefit-icon-card icon-card icon-card--benefit-icon-card\"><div class=\"icon-card__content\">\n<p class=\"icon-card__description\">Benutzerfreundliche, grafische Schnittstelle<\/p>\n\n\n\n<svg class=\"wp-block-matiere-noire-svg-icons icon icon-card__image\" width=\"20\" height=\"20\"><use href=\"#icon-egalite__bis\"><\/use><\/svg>\n<\/div><\/div>\n<\/div><\/div><\/div>\n<\/div><\/div>\n\n\n\n<div class=\"wp-block-group\"><div class=\"wp-block-group__inner-container is-layout-flow wp-block-group-is-layout-flow\">\n<div class=\"wp-block-definox-card-grid card-grid alignfull\"><div class=\"container\"><div class=\"card-grid__items\"><\/div><\/div><\/div>\n\n\n\n<p><\/p>\n<\/div><\/div>\n\n\n\n<div style=\"height:100px\" aria-hidden=\"true\" class=\"wp-block-spacer\"><\/div>\n\n\n\n<h2 class=\"wp-block-heading\" id=\"tuto\">Video tutorial<\/h2>\n\n\n\n<div style=\"height:100px\" aria-hidden=\"true\" class=\"wp-block-spacer\"><\/div>\n\n\n\n<figure class=\"wp-block-embed is-type-video is-provider-youtube wp-block-embed-youtube wp-embed-aspect-16-9 wp-has-aspect-ratio\"><div class=\"wp-block-embed__wrapper\">\n<iframe title=\"Tutorial on the use of the Definox augmented reality solutions\" width=\"865\" height=\"487\" src=\"https:\/\/www.youtube.com\/embed\/yGrV73ANXFw?list=PLea0cJ2GIaWVMVIcmLbc7r1T786SzxB0y\" frameborder=\"0\" allow=\"accelerometer; autoplay; clipboard-write; encrypted-media; gyroscope; picture-in-picture; web-share\" referrerpolicy=\"strict-origin-when-cross-origin\" allowfullscreen><\/iframe>\n<\/div><\/figure>\n\n\n\n<div style=\"height:100px\" aria-hidden=\"true\" class=\"wp-block-spacer\"><\/div>\n\n\n\n<p>ID Definox erm\u00f6glicht es, mit nur einem Scan die genaue Identit\u00e4t jedes Produkts, seine spezifische Bezeichnung und Referenz, seinen Durchmesser, die Art der verwendeten Dichtungen und alle Ersatzteile zu kennen und alle relevanten technischen Dokumente herunterzuladen. Diese kostenlose Augmented-Reality-Mobilanwendung kann \u00fcber <a href=\"https:\/\/play.google.com\/store\/apps\/details?id=com.definox.id.android.user&amp;hl=fr&amp;gl=US&amp;pli=1\" target=\"_blank\" rel=\"noreferrer noopener\">Google play<\/a> oder <a href=\"https:\/\/apps.apple.com\/fr\/app\/id-definox\/id1208529421\" target=\"_blank\" rel=\"noreferrer noopener\">App Store <\/a>heruntergeladen werden<\/p>\n\n\n\n<h2 class=\"wp-block-heading\" id=\"chinese\">CHINESISCHE VERBINDUNG<\/h2>\n\n\n\n<div style=\"height:100px\" aria-hidden=\"true\" class=\"wp-block-spacer\"><\/div>\n\n\n\n<p>Es ist auch f\u00fcr unsere chinesischen Kunden verf\u00fcgbar, dank eines QR-Codes, der speziell daf\u00fcr vorgesehen ist, um die gleichen Funktionen und Vorteile zu haben:<\/p>\n\n\n\n<figure class=\"wp-block-image size-large\"><img decoding=\"async\" src=\"https:\/\/www.definox.com\/app\/uploads\/sites\/7\/2021\/07\/visuel_article_id_EN2-1024x575.png\" alt=\"\" class=\"wp-image-1869\" \/><\/figure>\n\n\n\n<h3 class=\"wp-block-heading has-mustard-color has-text-color\"><strong>Also, los geht&#8217;s! Downloaden, scannen, konsultieren und testen Sie die von Definox entwickelte \u201eaugmented reality\u201c!<\/strong><\/h3>\n\n\n\n<div style=\"height:100px\" aria-hidden=\"true\" class=\"wp-block-spacer\"><\/div>\n\n\n\n<div class=\"wp-block-buttons is-horizontal is-content-justification-center is-layout-flex wp-container-core-buttons-is-layout-1 wp-block-buttons-is-layout-flex\">\n<div class=\"wp-block-button is-style-primary\"><a class=\"wp-block-button__link wp-element-button\" href=\"https:\/\/apps.apple.com\/fr\/app\/id-definox\/id1208529421\" target=\"_blank\" rel=\"noreferrer noopener\">HERUNTERLADEN F\u00dcR IOS<\/a><\/div>\n\n\n\n<div class=\"wp-block-button is-style-primary\"><a class=\"wp-block-button__link wp-element-button\" href=\"https:\/\/play.google.com\/store\/apps\/details?id=com.definox.id.android.user&amp;hl=fr&amp;gl=US\" target=\"_blank\" rel=\"noreferrer noopener\">HERUNTERLADEN F\u00dcR ANDROID<\/a><\/div>\n<\/div>\n\n\n\n<div style=\"height:143px\" aria-hidden=\"true\" class=\"wp-block-spacer\"><\/div>\n","protected":false},"excerpt":{"rendered":"<p>F\u00fcr Definox dient die Innovation dazu, den Alltag unserer Industriekunden und Installateure zu vereinfachen. Dank unserer mobilen Anwendung \u201eID\u201c Definox kann mit Hilfe von Augmented Reality jedes Ventil einfach und individuell verfolgt und gewartet werden.<\/p>\n","protected":false},"author":16,"featured_media":1349,"parent":0,"menu_order":0,"comment_status":"closed","ping_status":"closed","template":"","meta":{"_acf_changed":false,"content-type":"","footnotes":""},"class_list":["entry","entry--2175","entry--type-page","entry--status-publish","entry--author-","has-post-thumbnail","has-excerpt"],"acf":[],"yoast_head":"<!-- This site is optimized with the Yoast SEO plugin v24.2 - https:\/\/yoast.com\/wordpress\/plugins\/seo\/ -->\n<title>UNSERE ANWENDUNG \u201eID\u201c AUGMENTED REALITY - Definox DE<\/title>\n<meta name=\"robots\" content=\"index, follow, max-snippet:-1, max-image-preview:large, max-video-preview:-1\" \/>\n<link rel=\"canonical\" href=\"https:\/\/www.definox.com\/de\/unsere-anwendung-id-augmented-reality\/\" \/>\n<meta property=\"og:locale\" content=\"de_DE\" \/>\n<meta property=\"og:type\" content=\"article\" \/>\n<meta property=\"og:title\" content=\"UNSERE ANWENDUNG \u201eID\u201c AUGMENTED REALITY - Definox DE\" \/>\n<meta property=\"og:description\" content=\"F\u00fcr Definox dient die Innovation dazu, den Alltag unserer Industriekunden und Installateure zu vereinfachen. Dank unserer mobilen Anwendung \u201eID\u201c Definox kann mit Hilfe von Augmented Reality jedes Ventil einfach und individuell verfolgt und gewartet werden.\" \/>\n<meta property=\"og:url\" content=\"https:\/\/www.definox.com\/de\/unsere-anwendung-id-augmented-reality\/\" \/>\n<meta property=\"og:site_name\" content=\"Definox DE\" \/>\n<meta property=\"article:modified_time\" content=\"2024-10-07T13:13:18+00:00\" \/>\n<meta property=\"og:image\" content=\"https:\/\/www.definox.com\/app\/uploads\/sites\/11\/2020\/07\/DEFINOX-resources-id-definox.jpg\" \/>\n\t<meta property=\"og:image:width\" content=\"1200\" \/>\n\t<meta property=\"og:image:height\" content=\"700\" \/>\n\t<meta property=\"og:image:type\" content=\"image\/jpeg\" \/>\n<meta name=\"twitter:card\" content=\"summary_large_image\" \/>\n<meta name=\"twitter:label1\" content=\"Gesch\u00e4tzte Lesezeit\" \/>\n\t<meta name=\"twitter:data1\" content=\"3\u00a0Minuten\" \/>\n<script type=\"application\/ld+json\" class=\"yoast-schema-graph\">{\"@context\":\"https:\/\/schema.org\",\"@graph\":[{\"@type\":\"WebPage\",\"@id\":\"https:\/\/www.definox.com\/de\/unsere-anwendung-id-augmented-reality\/\",\"url\":\"https:\/\/www.definox.com\/de\/unsere-anwendung-id-augmented-reality\/\",\"name\":\"UNSERE ANWENDUNG \u201eID\u201c AUGMENTED REALITY - Definox DE\",\"isPartOf\":{\"@id\":\"https:\/\/www.definox.com\/de\/#website\"},\"primaryImageOfPage\":{\"@id\":\"https:\/\/www.definox.com\/de\/unsere-anwendung-id-augmented-reality\/#primaryimage\"},\"image\":{\"@id\":\"https:\/\/www.definox.com\/de\/unsere-anwendung-id-augmented-reality\/#primaryimage\"},\"thumbnailUrl\":\"https:\/\/www.definox.com\/app\/uploads\/sites\/11\/2020\/07\/DEFINOX-resources-id-definox.jpg\",\"datePublished\":\"2023-01-13T16:17:23+00:00\",\"dateModified\":\"2024-10-07T13:13:18+00:00\",\"inLanguage\":\"de\",\"potentialAction\":[{\"@type\":\"ReadAction\",\"target\":[\"https:\/\/www.definox.com\/de\/unsere-anwendung-id-augmented-reality\/\"]}]},{\"@type\":\"ImageObject\",\"inLanguage\":\"de\",\"@id\":\"https:\/\/www.definox.com\/de\/unsere-anwendung-id-augmented-reality\/#primaryimage\",\"url\":\"https:\/\/www.definox.com\/app\/uploads\/sites\/11\/2020\/07\/DEFINOX-resources-id-definox.jpg\",\"contentUrl\":\"https:\/\/www.definox.com\/app\/uploads\/sites\/11\/2020\/07\/DEFINOX-resources-id-definox.jpg\",\"width\":1200,\"height\":700,\"caption\":\"DEFINOX-resources-id-definox-augmented-reality\"},{\"@type\":\"WebSite\",\"@id\":\"https:\/\/www.definox.com\/de\/#website\",\"url\":\"https:\/\/www.definox.com\/de\/\",\"name\":\"Definox DE\",\"description\":\"Boost your performance\",\"publisher\":{\"@id\":\"https:\/\/www.definox.com\/de\/#organization\"},\"potentialAction\":[{\"@type\":\"SearchAction\",\"target\":{\"@type\":\"EntryPoint\",\"urlTemplate\":\"https:\/\/www.definox.com\/de\/?s={search_term_string}\"},\"query-input\":{\"@type\":\"PropertyValueSpecification\",\"valueRequired\":true,\"valueName\":\"search_term_string\"}}],\"inLanguage\":\"de\"},{\"@type\":\"Organization\",\"@id\":\"https:\/\/www.definox.com\/de\/#organization\",\"name\":\"Definox DE\",\"url\":\"https:\/\/www.definox.com\/de\/\",\"logo\":{\"@type\":\"ImageObject\",\"inLanguage\":\"de\",\"@id\":\"https:\/\/www.definox.com\/de\/#\/schema\/logo\/image\/\",\"url\":\"https:\/\/www.definox.com\/app\/uploads\/sites\/11\/2021\/01\/icons-footer_logo-definox-id.svg\",\"contentUrl\":\"https:\/\/www.definox.com\/app\/uploads\/sites\/11\/2021\/01\/icons-footer_logo-definox-id.svg\",\"width\":140,\"height\":120,\"caption\":\"Definox DE\"},\"image\":{\"@id\":\"https:\/\/www.definox.com\/de\/#\/schema\/logo\/image\/\"}}]}<\/script>\n<!-- \/ Yoast SEO plugin. -->","yoast_head_json":{"title":"UNSERE ANWENDUNG \u201eID\u201c AUGMENTED REALITY - Definox DE","robots":{"index":"index","follow":"follow","max-snippet":"max-snippet:-1","max-image-preview":"max-image-preview:large","max-video-preview":"max-video-preview:-1"},"canonical":"https:\/\/www.definox.com\/de\/unsere-anwendung-id-augmented-reality\/","og_locale":"de_DE","og_type":"article","og_title":"UNSERE ANWENDUNG \u201eID\u201c AUGMENTED REALITY - Definox DE","og_description":"F\u00fcr Definox dient die Innovation dazu, den Alltag unserer Industriekunden und Installateure zu vereinfachen. Dank unserer mobilen Anwendung \u201eID\u201c Definox kann mit Hilfe von Augmented Reality jedes Ventil einfach und individuell verfolgt und gewartet werden.","og_url":"https:\/\/www.definox.com\/de\/unsere-anwendung-id-augmented-reality\/","og_site_name":"Definox DE","article_modified_time":"2024-10-07T13:13:18+00:00","og_image":[{"width":1200,"height":700,"url":"https:\/\/www.definox.com\/app\/uploads\/sites\/11\/2020\/07\/DEFINOX-resources-id-definox.jpg","type":"image\/jpeg"}],"twitter_card":"summary_large_image","twitter_misc":{"Gesch\u00e4tzte Lesezeit":"3\u00a0Minuten"},"schema":{"@context":"https:\/\/schema.org","@graph":[{"@type":"WebPage","@id":"https:\/\/www.definox.com\/de\/unsere-anwendung-id-augmented-reality\/","url":"https:\/\/www.definox.com\/de\/unsere-anwendung-id-augmented-reality\/","name":"UNSERE ANWENDUNG \u201eID\u201c AUGMENTED REALITY - Definox DE","isPartOf":{"@id":"https:\/\/www.definox.com\/de\/#website"},"primaryImageOfPage":{"@id":"https:\/\/www.definox.com\/de\/unsere-anwendung-id-augmented-reality\/#primaryimage"},"image":{"@id":"https:\/\/www.definox.com\/de\/unsere-anwendung-id-augmented-reality\/#primaryimage"},"thumbnailUrl":"https:\/\/www.definox.com\/app\/uploads\/sites\/11\/2020\/07\/DEFINOX-resources-id-definox.jpg","datePublished":"2023-01-13T16:17:23+00:00","dateModified":"2024-10-07T13:13:18+00:00","inLanguage":"de","potentialAction":[{"@type":"ReadAction","target":["https:\/\/www.definox.com\/de\/unsere-anwendung-id-augmented-reality\/"]}]},{"@type":"ImageObject","inLanguage":"de","@id":"https:\/\/www.definox.com\/de\/unsere-anwendung-id-augmented-reality\/#primaryimage","url":"https:\/\/www.definox.com\/app\/uploads\/sites\/11\/2020\/07\/DEFINOX-resources-id-definox.jpg","contentUrl":"https:\/\/www.definox.com\/app\/uploads\/sites\/11\/2020\/07\/DEFINOX-resources-id-definox.jpg","width":1200,"height":700,"caption":"DEFINOX-resources-id-definox-augmented-reality"},{"@type":"WebSite","@id":"https:\/\/www.definox.com\/de\/#website","url":"https:\/\/www.definox.com\/de\/","name":"Definox DE","description":"Boost your performance","publisher":{"@id":"https:\/\/www.definox.com\/de\/#organization"},"potentialAction":[{"@type":"SearchAction","target":{"@type":"EntryPoint","urlTemplate":"https:\/\/www.definox.com\/de\/?s={search_term_string}"},"query-input":{"@type":"PropertyValueSpecification","valueRequired":true,"valueName":"search_term_string"}}],"inLanguage":"de"},{"@type":"Organization","@id":"https:\/\/www.definox.com\/de\/#organization","name":"Definox DE","url":"https:\/\/www.definox.com\/de\/","logo":{"@type":"ImageObject","inLanguage":"de","@id":"https:\/\/www.definox.com\/de\/#\/schema\/logo\/image\/","url":"https:\/\/www.definox.com\/app\/uploads\/sites\/11\/2021\/01\/icons-footer_logo-definox-id.svg","contentUrl":"https:\/\/www.definox.com\/app\/uploads\/sites\/11\/2021\/01\/icons-footer_logo-definox-id.svg","width":140,"height":120,"caption":"Definox DE"},"image":{"@id":"https:\/\/www.definox.com\/de\/#\/schema\/logo\/image\/"}}]}},"_links":{"self":[{"href":"https:\/\/www.definox.com\/de\/wp-json\/wp\/v2\/pages\/2175","targetHints":{"allow":["GET"]}}],"collection":[{"href":"https:\/\/www.definox.com\/de\/wp-json\/wp\/v2\/pages"}],"about":[{"href":"https:\/\/www.definox.com\/de\/wp-json\/wp\/v2\/types\/page"}],"author":[{"embeddable":true,"href":"https:\/\/www.definox.com\/de\/wp-json\/wp\/v2\/users\/16"}],"replies":[{"embeddable":true,"href":"https:\/\/www.definox.com\/de\/wp-json\/wp\/v2\/comments?post=2175"}],"version-history":[{"count":12,"href":"https:\/\/www.definox.com\/de\/wp-json\/wp\/v2\/pages\/2175\/revisions"}],"predecessor-version":[{"id":2596,"href":"https:\/\/www.definox.com\/de\/wp-json\/wp\/v2\/pages\/2175\/revisions\/2596"}],"wp:featuredmedia":[{"embeddable":true,"href":"https:\/\/www.definox.com\/de\/wp-json\/wp\/v2\/media\/1349"}],"wp:attachment":[{"href":"https:\/\/www.definox.com\/de\/wp-json\/wp\/v2\/media?parent=2175"}],"curies":[{"name":"wp","href":"https:\/\/api.w.org\/{rel}","templated":true}]}}