{"id":2213,"date":"2023-01-16T17:13:17","date_gmt":"2023-01-16T17:13:17","guid":{"rendered":"https:\/\/www.definox.com\/de\/?page_id=2213"},"modified":"2023-01-16T17:16:59","modified_gmt":"2023-01-16T17:16:59","slug":"vielen-dank-fuer-ihre-bewerbung","status":"publish","type":"page","link":"https:\/\/www.definox.com\/de\/vielen-dank-fuer-ihre-bewerbung\/","title":{"rendered":"Vielen Dank f\u00fcr Ihre Bewerbung"},"content":{"rendered":"\n<figure class=\"wp-block-image size-large\"><img decoding=\"async\" width=\"80\" height=\"80\" src=\"https:\/\/www.definox.com\/app\/uploads\/sites\/11\/2020\/06\/Mail_valide.svg\" alt=\"\" class=\"wp-image-96\"\/><\/figure>\n\n\n\n<p>Ihre Bewerbung wurde erfolgreich gesendet. Wir werden uns in den n\u00e4chsten Tagen bei Ihnen melden. In der Zwischenzeit k\u00f6nnen Sie sich \u00fcber die neuesten Nachrichten des Unternehmens informieren.<\/p>\n\n\n\n<div class=\"wp-block-buttons is-layout-flex wp-block-buttons-is-layout-flex\">\n<div class=\"wp-block-button is-style-primary\"><a class=\"wp-block-button__link\" href=\"https:\/\/www.definox.com\/de\/group\/news\/\">Entdecken Sie die Neuigkeiten des Unternehmens<\/a><\/div>\n<\/div>\n","protected":false},"excerpt":{"rendered":"<p>Ihre Bewerbung wurde erfolgreich gesendet. Wir werden uns in den n\u00e4chsten Tagen bei Ihnen melden. In der Zwischenzeit k\u00f6nnen Sie sich \u00fcber die neuesten Nachrichten des Unternehmens informieren.<\/p>\n","protected":false},"author":16,"featured_media":2216,"parent":0,"menu_order":0,"comment_status":"closed","ping_status":"closed","template":"","meta":{"_acf_changed":false,"content-type":"","footnotes":""},"class_list":["entry","entry--2213","entry--type-page","entry--status-publish","entry--author-","has-post-thumbnail"],"acf":[],"yoast_head":"<!-- This site is optimized with the Yoast SEO plugin v24.2 - https:\/\/yoast.com\/wordpress\/plugins\/seo\/ -->\n<title>Vielen Dank f\u00fcr Ihre Bewerbung - Definox DE<\/title>\n<meta name=\"robots\" content=\"index, follow, max-snippet:-1, max-image-preview:large, max-video-preview:-1\" \/>\n<link rel=\"canonical\" href=\"https:\/\/www.definox.com\/de\/vielen-dank-fuer-ihre-bewerbung\/\" \/>\n<meta property=\"og:locale\" content=\"de_DE\" \/>\n<meta property=\"og:type\" content=\"article\" \/>\n<meta property=\"og:title\" content=\"Vielen Dank f\u00fcr Ihre Bewerbung - Definox DE\" \/>\n<meta property=\"og:description\" content=\"Ihre Bewerbung wurde erfolgreich gesendet. Wir werden uns in den n\u00e4chsten Tagen bei Ihnen melden. In der Zwischenzeit k\u00f6nnen Sie sich \u00fcber die neuesten Nachrichten des Unternehmens informieren.\" \/>\n<meta property=\"og:url\" content=\"https:\/\/www.definox.com\/de\/vielen-dank-fuer-ihre-bewerbung\/\" \/>\n<meta property=\"og:site_name\" content=\"Definox DE\" \/>\n<meta property=\"article:modified_time\" content=\"2023-01-16T17:16:59+00:00\" \/>\n<meta property=\"og:image\" content=\"https:\/\/www.definox.com\/app\/uploads\/sites\/11\/2023\/01\/DEFINOX_Candidature.png\" \/>\n\t<meta property=\"og:image:width\" content=\"945\" \/>\n\t<meta property=\"og:image:height\" content=\"700\" \/>\n\t<meta property=\"og:image:type\" content=\"image\/png\" \/>\n<meta name=\"twitter:card\" content=\"summary_large_image\" \/>\n<meta name=\"twitter:label1\" content=\"Gesch\u00e4tzte Lesezeit\" \/>\n\t<meta name=\"twitter:data1\" content=\"1\u00a0Minute\" \/>\n<script type=\"application\/ld+json\" class=\"yoast-schema-graph\">{\"@context\":\"https:\/\/schema.org\",\"@graph\":[{\"@type\":\"WebPage\",\"@id\":\"https:\/\/www.definox.com\/de\/vielen-dank-fuer-ihre-bewerbung\/\",\"url\":\"https:\/\/www.definox.com\/de\/vielen-dank-fuer-ihre-bewerbung\/\",\"name\":\"Vielen Dank f\u00fcr Ihre Bewerbung - Definox DE\",\"isPartOf\":{\"@id\":\"https:\/\/www.definox.com\/de\/#website\"},\"primaryImageOfPage\":{\"@id\":\"https:\/\/www.definox.com\/de\/vielen-dank-fuer-ihre-bewerbung\/#primaryimage\"},\"image\":{\"@id\":\"https:\/\/www.definox.com\/de\/vielen-dank-fuer-ihre-bewerbung\/#primaryimage\"},\"thumbnailUrl\":\"https:\/\/www.definox.com\/app\/uploads\/sites\/11\/2023\/01\/DEFINOX_Candidature.png\",\"datePublished\":\"2023-01-16T17:13:17+00:00\",\"dateModified\":\"2023-01-16T17:16:59+00:00\",\"inLanguage\":\"de\",\"potentialAction\":[{\"@type\":\"ReadAction\",\"target\":[\"https:\/\/www.definox.com\/de\/vielen-dank-fuer-ihre-bewerbung\/\"]}]},{\"@type\":\"ImageObject\",\"inLanguage\":\"de\",\"@id\":\"https:\/\/www.definox.com\/de\/vielen-dank-fuer-ihre-bewerbung\/#primaryimage\",\"url\":\"https:\/\/www.definox.com\/app\/uploads\/sites\/11\/2023\/01\/DEFINOX_Candidature.png\",\"contentUrl\":\"https:\/\/www.definox.com\/app\/uploads\/sites\/11\/2023\/01\/DEFINOX_Candidature.png\",\"width\":945,\"height\":700},{\"@type\":\"WebSite\",\"@id\":\"https:\/\/www.definox.com\/de\/#website\",\"url\":\"https:\/\/www.definox.com\/de\/\",\"name\":\"Definox DE\",\"description\":\"Boost your performance\",\"publisher\":{\"@id\":\"https:\/\/www.definox.com\/de\/#organization\"},\"potentialAction\":[{\"@type\":\"SearchAction\",\"target\":{\"@type\":\"EntryPoint\",\"urlTemplate\":\"https:\/\/www.definox.com\/de\/?s={search_term_string}\"},\"query-input\":{\"@type\":\"PropertyValueSpecification\",\"valueRequired\":true,\"valueName\":\"search_term_string\"}}],\"inLanguage\":\"de\"},{\"@type\":\"Organization\",\"@id\":\"https:\/\/www.definox.com\/de\/#organization\",\"name\":\"Definox DE\",\"url\":\"https:\/\/www.definox.com\/de\/\",\"logo\":{\"@type\":\"ImageObject\",\"inLanguage\":\"de\",\"@id\":\"https:\/\/www.definox.com\/de\/#\/schema\/logo\/image\/\",\"url\":\"https:\/\/www.definox.com\/app\/uploads\/sites\/11\/2021\/01\/icons-footer_logo-definox-id.svg\",\"contentUrl\":\"https:\/\/www.definox.com\/app\/uploads\/sites\/11\/2021\/01\/icons-footer_logo-definox-id.svg\",\"width\":140,\"height\":120,\"caption\":\"Definox DE\"},\"image\":{\"@id\":\"https:\/\/www.definox.com\/de\/#\/schema\/logo\/image\/\"}}]}<\/script>\n<!-- \/ Yoast SEO plugin. -->","yoast_head_json":{"title":"Vielen Dank f\u00fcr Ihre Bewerbung - Definox DE","robots":{"index":"index","follow":"follow","max-snippet":"max-snippet:-1","max-image-preview":"max-image-preview:large","max-video-preview":"max-video-preview:-1"},"canonical":"https:\/\/www.definox.com\/de\/vielen-dank-fuer-ihre-bewerbung\/","og_locale":"de_DE","og_type":"article","og_title":"Vielen Dank f\u00fcr Ihre Bewerbung - Definox DE","og_description":"Ihre Bewerbung wurde erfolgreich gesendet. Wir werden uns in den n\u00e4chsten Tagen bei Ihnen melden. In der Zwischenzeit k\u00f6nnen Sie sich \u00fcber die neuesten Nachrichten des Unternehmens informieren.","og_url":"https:\/\/www.definox.com\/de\/vielen-dank-fuer-ihre-bewerbung\/","og_site_name":"Definox DE","article_modified_time":"2023-01-16T17:16:59+00:00","og_image":[{"width":945,"height":700,"url":"https:\/\/www.definox.com\/app\/uploads\/sites\/11\/2023\/01\/DEFINOX_Candidature.png","type":"image\/png"}],"twitter_card":"summary_large_image","twitter_misc":{"Gesch\u00e4tzte Lesezeit":"1\u00a0Minute"},"schema":{"@context":"https:\/\/schema.org","@graph":[{"@type":"WebPage","@id":"https:\/\/www.definox.com\/de\/vielen-dank-fuer-ihre-bewerbung\/","url":"https:\/\/www.definox.com\/de\/vielen-dank-fuer-ihre-bewerbung\/","name":"Vielen Dank f\u00fcr Ihre Bewerbung - Definox DE","isPartOf":{"@id":"https:\/\/www.definox.com\/de\/#website"},"primaryImageOfPage":{"@id":"https:\/\/www.definox.com\/de\/vielen-dank-fuer-ihre-bewerbung\/#primaryimage"},"image":{"@id":"https:\/\/www.definox.com\/de\/vielen-dank-fuer-ihre-bewerbung\/#primaryimage"},"thumbnailUrl":"https:\/\/www.definox.com\/app\/uploads\/sites\/11\/2023\/01\/DEFINOX_Candidature.png","datePublished":"2023-01-16T17:13:17+00:00","dateModified":"2023-01-16T17:16:59+00:00","inLanguage":"de","potentialAction":[{"@type":"ReadAction","target":["https:\/\/www.definox.com\/de\/vielen-dank-fuer-ihre-bewerbung\/"]}]},{"@type":"ImageObject","inLanguage":"de","@id":"https:\/\/www.definox.com\/de\/vielen-dank-fuer-ihre-bewerbung\/#primaryimage","url":"https:\/\/www.definox.com\/app\/uploads\/sites\/11\/2023\/01\/DEFINOX_Candidature.png","contentUrl":"https:\/\/www.definox.com\/app\/uploads\/sites\/11\/2023\/01\/DEFINOX_Candidature.png","width":945,"height":700},{"@type":"WebSite","@id":"https:\/\/www.definox.com\/de\/#website","url":"https:\/\/www.definox.com\/de\/","name":"Definox DE","description":"Boost your performance","publisher":{"@id":"https:\/\/www.definox.com\/de\/#organization"},"potentialAction":[{"@type":"SearchAction","target":{"@type":"EntryPoint","urlTemplate":"https:\/\/www.definox.com\/de\/?s={search_term_string}"},"query-input":{"@type":"PropertyValueSpecification","valueRequired":true,"valueName":"search_term_string"}}],"inLanguage":"de"},{"@type":"Organization","@id":"https:\/\/www.definox.com\/de\/#organization","name":"Definox DE","url":"https:\/\/www.definox.com\/de\/","logo":{"@type":"ImageObject","inLanguage":"de","@id":"https:\/\/www.definox.com\/de\/#\/schema\/logo\/image\/","url":"https:\/\/www.definox.com\/app\/uploads\/sites\/11\/2021\/01\/icons-footer_logo-definox-id.svg","contentUrl":"https:\/\/www.definox.com\/app\/uploads\/sites\/11\/2021\/01\/icons-footer_logo-definox-id.svg","width":140,"height":120,"caption":"Definox DE"},"image":{"@id":"https:\/\/www.definox.com\/de\/#\/schema\/logo\/image\/"}}]}},"_links":{"self":[{"href":"https:\/\/www.definox.com\/de\/wp-json\/wp\/v2\/pages\/2213","targetHints":{"allow":["GET"]}}],"collection":[{"href":"https:\/\/www.definox.com\/de\/wp-json\/wp\/v2\/pages"}],"about":[{"href":"https:\/\/www.definox.com\/de\/wp-json\/wp\/v2\/types\/page"}],"author":[{"embeddable":true,"href":"https:\/\/www.definox.com\/de\/wp-json\/wp\/v2\/users\/16"}],"replies":[{"embeddable":true,"href":"https:\/\/www.definox.com\/de\/wp-json\/wp\/v2\/comments?post=2213"}],"version-history":[{"count":2,"href":"https:\/\/www.definox.com\/de\/wp-json\/wp\/v2\/pages\/2213\/revisions"}],"predecessor-version":[{"id":2219,"href":"https:\/\/www.definox.com\/de\/wp-json\/wp\/v2\/pages\/2213\/revisions\/2219"}],"wp:featuredmedia":[{"embeddable":true,"href":"https:\/\/www.definox.com\/de\/wp-json\/wp\/v2\/media\/2216"}],"wp:attachment":[{"href":"https:\/\/www.definox.com\/de\/wp-json\/wp\/v2\/media?parent=2213"}],"curies":[{"name":"wp","href":"https:\/\/api.w.org\/{rel}","templated":true}]}}