{"id":25,"date":"2020-06-10T13:19:17","date_gmt":"2020-06-10T13:19:17","guid":{"rendered":"https:\/\/www.definox.com\/en\/?page_id=25"},"modified":"2024-10-07T12:39:42","modified_gmt":"2024-10-07T12:39:42","slug":"globale-kostenoptimierung","status":"publish","type":"page","link":"https:\/\/www.definox.com\/de\/losungen\/globale-kostenoptimierung\/","title":{"rendered":"Globale Kostenoptimierung"},"content":{"rendered":"\n<div class=\"wp-block-definox-quick-navigation  quick-navigation alignfull\"><div class=\"quick-navigation__content\"><div class=\"quick-navigation__wrapper\"><div class=\"quick-navigation__sticky-hook\"><\/div><div class=\"quick-navigation__items\">\n<div class=\"wp-block-definox-quick-navigation-item quick-navigation__item\"><a class=\"quick-navigation__link\" href=\"#starmotion\">Starmotion : Hochleistungsmolchen<\/a><\/div>\n\n\n\n<div class=\"wp-block-definox-quick-navigation-item quick-navigation__item\"><a class=\"quick-navigation__link\" href=\"#molchlosung\">Unsere Starmotion-Molchl\u00f6sung erm\u00f6glicht<\/a><\/div>\n\n\n\n<div class=\"wp-block-definox-quick-navigation-item quick-navigation__item\"><a class=\"quick-navigation__link\" href=\"#molchsystemlosung\">Molchsysteml\u00f6sung<\/a><\/div>\n<\/div><div class=\"quick-navigation__controls\"><button class=\"quick-navigation__button quick-navigation__button--prev\"><\/button><button class=\"quick-navigation__button quick-navigation__button--next\"><\/button><\/div><\/div><\/div><\/div>\n\n\n\n<h2 class=\"wp-block-heading\" id=\"starmotion\">starmotion : HochleistungsMOLCHEN<\/h2>\n\n\n\n<p>Als Ihr Partner f\u00fcr industrielle L\u00f6sungen schlagen unsere Teams modulare Molchsysteme vor, die an Ihre Prozesse angepasst werden k\u00f6nnen (DIN SMS oder US-Linien).<\/p>\n\n\n\n<div style=\"height:100px\" aria-hidden=\"true\" class=\"wp-block-spacer\"><\/div>\n\n\n\n<figure class=\"wp-block-embed is-type-video is-provider-youtube wp-block-embed-youtube wp-embed-aspect-16-9 wp-has-aspect-ratio\"><div class=\"wp-block-embed__wrapper\">\n<iframe loading=\"lazy\" title=\"3D video Definox Starmotion pigging system\" width=\"865\" height=\"487\" src=\"https:\/\/www.youtube.com\/embed\/66Qt-H0ZgDk?feature=oembed\" frameborder=\"0\" allow=\"accelerometer; autoplay; clipboard-write; encrypted-media; gyroscope; picture-in-picture; web-share\" allowfullscreen><\/iframe>\n<\/div><\/figure>\n\n\n\n<div style=\"height:100px\" aria-hidden=\"true\" class=\"wp-block-spacer\"><\/div>\n\n\n\n<div style=\"height:100px\" aria-hidden=\"true\" class=\"wp-block-spacer\"><\/div>\n\n\n\n<div class=\"wp-block-group alignfull has-light-grey-background-color has-background\"><div class=\"wp-block-group__inner-container is-layout-flow wp-block-group-is-layout-flow\">\n<div style=\"height:100px\" aria-hidden=\"true\" class=\"wp-block-spacer\"><\/div>\n\n\n\n<h2 class=\"has-text-align-center wp-block-heading\" id=\"Molchlosung\">Unsere Starmotion-MOLCHl\u00f6sung erm\u00f6glicht:<\/h2>\n\n\n\n<div class=\"wp-block-definox-card-grid card-grid alignfull\"><div class=\"container\"><div class=\"card-grid__items\">\n<div class=\"wp-block-definox-standard-icon-card icon-card icon-card--standard-icon-card\"><div class=\"icon-card__content\">\n<p class=\"icon-card__description\">Steigerung der Produktionslinienleistung<\/p>\n\n\n\n<svg class=\"wp-block-matiere-noire-svg-icons icon icon-card__image\" width=\"20\" height=\"20\"><use href=\"#icon-productivit_1__bis\"><\/use><\/svg>\n<\/div><\/div>\n\n\n\n<div class=\"wp-block-definox-standard-icon-card icon-card icon-card--standard-icon-card\"><div class=\"icon-card__content\">\n<p class=\"icon-card__description\">Kampf gegen die Verschwendung von Fl\u00fcssigkeiten oder Pasten (weniger Ausschuss)<\/p>\n\n\n\n<svg class=\"wp-block-matiere-noire-svg-icons icon icon-card__image\" width=\"20\" height=\"20\"><use href=\"#icon-produit_2__bis\"><\/use><\/svg>\n<\/div><\/div>\n\n\n\n<div class=\"wp-block-definox-standard-icon-card icon-card icon-card--standard-icon-card\"><div class=\"icon-card__content\">\n<p class=\"icon-card__description\">Senkung der Reinigungs- und Behandlungskosten (weniger Produkte, weniger Ausschuss)<\/p>\n\n\n\n<svg class=\"wp-block-matiere-noire-svg-icons icon icon-card__image\" width=\"20\" height=\"20\"><use href=\"#icon-piece_2__bis\"><\/use><\/svg>\n<\/div><\/div>\n\n\n\n<div class=\"wp-block-definox-standard-icon-card icon-card icon-card--standard-icon-card\"><div class=\"icon-card__content\">\n<p class=\"icon-card__description\">Optimierung des Energieverbrauchs (weniger Wasserverbrauch, weniger Ausschuss)<\/p>\n\n\n\n<svg class=\"wp-block-matiere-noire-svg-icons icon icon-card__image\" width=\"20\" height=\"20\"><use href=\"#icon-environnement__bis\"><\/use><\/svg>\n<\/div><\/div>\n\n\n\n<div class=\"wp-block-definox-standard-icon-card icon-card icon-card--standard-icon-card\"><div class=\"icon-card__content\">\n<p class=\"icon-card__description\">Verringerung der Ausfallzeiten f\u00fcr Umr\u00fcstungen und CIP<\/p>\n\n\n\n<svg class=\"wp-block-matiere-noire-svg-icons icon icon-card__image\" width=\"20\" height=\"20\"><use href=\"#icon-cadran_1__bis\"><\/use><\/svg>\n<\/div><\/div>\n<\/div><\/div><\/div>\n\n\n\n<div style=\"height:100px\" aria-hidden=\"true\" class=\"wp-block-spacer\"><\/div>\n\n\n\n<div style=\"height:100px\" aria-hidden=\"true\" class=\"wp-block-spacer\"><\/div>\n<\/div><\/div>\n\n\n\n<div style=\"height:100px\" aria-hidden=\"true\" class=\"wp-block-spacer\"><\/div>\n\n\n\n<div class=\"wp-block-media-text alignwide is-stacked-on-mobile is-style-focus\"><figure class=\"wp-block-media-text__media\"><img loading=\"lazy\" decoding=\"async\" width=\"1024\" height=\"779\" src=\"https:\/\/www.definox.com\/app\/uploads\/sites\/11\/2023\/01\/DEFINOX-solutions-optimisation-cout-global-solution-pigging-system-bloc-1024x779-1.jpg\" alt=\"\" class=\"wp-image-2299 size-full\" srcset=\"https:\/\/www.definox.com\/app\/uploads\/sites\/11\/2023\/01\/DEFINOX-solutions-optimisation-cout-global-solution-pigging-system-bloc-1024x779-1.jpg 1024w, https:\/\/www.definox.com\/app\/uploads\/sites\/11\/2023\/01\/DEFINOX-solutions-optimisation-cout-global-solution-pigging-system-bloc-1024x779-1-300x228.jpg 300w, https:\/\/www.definox.com\/app\/uploads\/sites\/11\/2023\/01\/DEFINOX-solutions-optimisation-cout-global-solution-pigging-system-bloc-1024x779-1-768x584.jpg 768w, https:\/\/www.definox.com\/app\/uploads\/sites\/11\/2023\/01\/DEFINOX-solutions-optimisation-cout-global-solution-pigging-system-bloc-1024x779-1-35x27.jpg 35w\" sizes=\"auto, (max-width: 1024px) 100vw, 1024px\" \/><\/figure><div class=\"wp-block-media-text__content\">\n<h2 class=\"wp-block-heading\" id=\"molchsystemlosung\">MOLCHSYSTEM<\/h2>\n\n\n\n<p class=\"has-dark-blue-color has-text-color\"><strong>Konfigurieren Sie Ihr Abstreifsystem nach Ihren Bed\u00fcrfnissen dank unseres Online-Konfigurators !<\/strong><\/p>\n\n\n\n<p>Seit mehr als 20 Jahren entwickelt DEFINOX eine breite Palette von Standard- und kundenspezifischen Molchl\u00f6sungen.<\/p>\n\n\n\n<p>W\u00e4hlen Sie im Definox Online-Konfigurator die <strong>STARMOTION-Molchl\u00f6sung<\/strong>, die Ihren Anforderungen entspricht. Holen Sie sich ein Online-Angebot mit einer auf Ihre Bed\u00fcrfnisse abgestimmten L\u00f6sung und berechnen Sie Ihren ROI durch die Wahl des Durchmessers, der Dichtung, des Anschlusses und der Konfiguration.<\/p>\n\n\n\n<div class=\"wp-block-buttons is-layout-flex wp-block-buttons-is-layout-flex\">\n<div class=\"wp-block-button is-style-primary--small\"><a class=\"wp-block-button__link wp-element-button\" href=\"https:\/\/www.definox.com\/de\/produkte\/\">Ihren ROI berechnen<\/a><\/div>\n<\/div>\n<\/div><\/div>\n\n\n\n<div style=\"height:100px\" aria-hidden=\"true\" class=\"wp-block-spacer\"><\/div>\n\n\n\n<p><\/p>\n","protected":false},"excerpt":{"rendered":"<p>Da 95 % der Prozessfl\u00fcssigkeiten zur\u00fcckgewonnen werden, sind wir bestrebt, die Umwelt zu sch\u00fctzen und gleichzeitig Ihre Produktivit\u00e4t zu steigern.<\/p>\n","protected":false},"author":4,"featured_media":0,"parent":19,"menu_order":0,"comment_status":"closed","ping_status":"closed","template":"","meta":{"_acf_changed":false,"content-type":"","footnotes":""},"class_list":["entry","entry--25","entry--type-page","entry--status-publish","entry--author-","has-excerpt"],"acf":[],"yoast_head":"<!-- This site is optimized with the Yoast SEO plugin v24.2 - https:\/\/yoast.com\/wordpress\/plugins\/seo\/ -->\n<title>Global costs optimization | Definox<\/title>\n<meta name=\"description\" content=\"Die Starmotion-L\u00f6sung ist ein modulares Schabersystem, das sich an Ihre Prozesse anpassen l\u00e4sst. F\u00fcr eine umweltfreundliche Produktivit\u00e4t.\" \/>\n<meta name=\"robots\" content=\"index, follow, max-snippet:-1, max-image-preview:large, max-video-preview:-1\" \/>\n<link rel=\"canonical\" href=\"https:\/\/www.definox.com\/de\/losungen\/globale-kostenoptimierung\/\" \/>\n<meta property=\"og:locale\" content=\"de_DE\" \/>\n<meta property=\"og:type\" content=\"article\" \/>\n<meta property=\"og:title\" content=\"Global costs optimization | Definox\" \/>\n<meta property=\"og:description\" content=\"Die Starmotion-L\u00f6sung ist ein modulares Schabersystem, das sich an Ihre Prozesse anpassen l\u00e4sst. F\u00fcr eine umweltfreundliche Produktivit\u00e4t.\" \/>\n<meta property=\"og:url\" content=\"https:\/\/www.definox.com\/de\/losungen\/globale-kostenoptimierung\/\" \/>\n<meta property=\"og:site_name\" content=\"Definox DE\" \/>\n<meta property=\"article:modified_time\" content=\"2024-10-07T12:39:42+00:00\" \/>\n<meta property=\"og:image\" content=\"https:\/\/www.definox.com\/app\/uploads\/sites\/11\/2023\/01\/DEFINOX-solutions-optimisation-cout-global-solution-pigging-system-bloc-1024x779-1.jpg\" \/>\n<meta name=\"twitter:card\" content=\"summary_large_image\" \/>\n<meta name=\"twitter:label1\" content=\"Gesch\u00e4tzte Lesezeit\" \/>\n\t<meta name=\"twitter:data1\" content=\"1\u00a0Minute\" \/>\n<script type=\"application\/ld+json\" class=\"yoast-schema-graph\">{\"@context\":\"https:\/\/schema.org\",\"@graph\":[{\"@type\":\"WebPage\",\"@id\":\"https:\/\/www.definox.com\/de\/losungen\/globale-kostenoptimierung\/\",\"url\":\"https:\/\/www.definox.com\/de\/losungen\/globale-kostenoptimierung\/\",\"name\":\"Global costs optimization | Definox\",\"isPartOf\":{\"@id\":\"https:\/\/www.definox.com\/de\/#website\"},\"primaryImageOfPage\":{\"@id\":\"https:\/\/www.definox.com\/de\/losungen\/globale-kostenoptimierung\/#primaryimage\"},\"image\":{\"@id\":\"https:\/\/www.definox.com\/de\/losungen\/globale-kostenoptimierung\/#primaryimage\"},\"thumbnailUrl\":\"https:\/\/www.definox.com\/app\/uploads\/sites\/11\/2023\/01\/DEFINOX-solutions-optimisation-cout-global-solution-pigging-system-bloc-1024x779-1.jpg\",\"datePublished\":\"2020-06-10T13:19:17+00:00\",\"dateModified\":\"2024-10-07T12:39:42+00:00\",\"description\":\"Die Starmotion-L\u00f6sung ist ein modulares Schabersystem, das sich an Ihre Prozesse anpassen l\u00e4sst. F\u00fcr eine umweltfreundliche Produktivit\u00e4t.\",\"breadcrumb\":{\"@id\":\"https:\/\/www.definox.com\/de\/losungen\/globale-kostenoptimierung\/#breadcrumb\"},\"inLanguage\":\"de\",\"potentialAction\":[{\"@type\":\"ReadAction\",\"target\":[\"https:\/\/www.definox.com\/de\/losungen\/globale-kostenoptimierung\/\"]}]},{\"@type\":\"ImageObject\",\"inLanguage\":\"de\",\"@id\":\"https:\/\/www.definox.com\/de\/losungen\/globale-kostenoptimierung\/#primaryimage\",\"url\":\"https:\/\/www.definox.com\/app\/uploads\/sites\/11\/2023\/01\/DEFINOX-solutions-optimisation-cout-global-solution-pigging-system-bloc-1024x779-1.jpg\",\"contentUrl\":\"https:\/\/www.definox.com\/app\/uploads\/sites\/11\/2023\/01\/DEFINOX-solutions-optimisation-cout-global-solution-pigging-system-bloc-1024x779-1.jpg\"},{\"@type\":\"BreadcrumbList\",\"@id\":\"https:\/\/www.definox.com\/de\/losungen\/globale-kostenoptimierung\/#breadcrumb\",\"itemListElement\":[{\"@type\":\"ListItem\",\"position\":1,\"name\":\"L\u00f6sungen\",\"item\":\"https:\/\/www.definox.com\/de\/losungen\/\"},{\"@type\":\"ListItem\",\"position\":2,\"name\":\"Globale Kostenoptimierung\"}]},{\"@type\":\"WebSite\",\"@id\":\"https:\/\/www.definox.com\/de\/#website\",\"url\":\"https:\/\/www.definox.com\/de\/\",\"name\":\"Definox DE\",\"description\":\"Boost your performance\",\"publisher\":{\"@id\":\"https:\/\/www.definox.com\/de\/#organization\"},\"potentialAction\":[{\"@type\":\"SearchAction\",\"target\":{\"@type\":\"EntryPoint\",\"urlTemplate\":\"https:\/\/www.definox.com\/de\/?s={search_term_string}\"},\"query-input\":{\"@type\":\"PropertyValueSpecification\",\"valueRequired\":true,\"valueName\":\"search_term_string\"}}],\"inLanguage\":\"de\"},{\"@type\":\"Organization\",\"@id\":\"https:\/\/www.definox.com\/de\/#organization\",\"name\":\"Definox DE\",\"url\":\"https:\/\/www.definox.com\/de\/\",\"logo\":{\"@type\":\"ImageObject\",\"inLanguage\":\"de\",\"@id\":\"https:\/\/www.definox.com\/de\/#\/schema\/logo\/image\/\",\"url\":\"https:\/\/www.definox.com\/app\/uploads\/sites\/11\/2021\/01\/icons-footer_logo-definox-id.svg\",\"contentUrl\":\"https:\/\/www.definox.com\/app\/uploads\/sites\/11\/2021\/01\/icons-footer_logo-definox-id.svg\",\"width\":140,\"height\":120,\"caption\":\"Definox DE\"},\"image\":{\"@id\":\"https:\/\/www.definox.com\/de\/#\/schema\/logo\/image\/\"}}]}<\/script>\n<!-- \/ Yoast SEO plugin. -->","yoast_head_json":{"title":"Global costs optimization | Definox","description":"Die Starmotion-L\u00f6sung ist ein modulares Schabersystem, das sich an Ihre Prozesse anpassen l\u00e4sst. F\u00fcr eine umweltfreundliche Produktivit\u00e4t.","robots":{"index":"index","follow":"follow","max-snippet":"max-snippet:-1","max-image-preview":"max-image-preview:large","max-video-preview":"max-video-preview:-1"},"canonical":"https:\/\/www.definox.com\/de\/losungen\/globale-kostenoptimierung\/","og_locale":"de_DE","og_type":"article","og_title":"Global costs optimization | Definox","og_description":"Die Starmotion-L\u00f6sung ist ein modulares Schabersystem, das sich an Ihre Prozesse anpassen l\u00e4sst. F\u00fcr eine umweltfreundliche Produktivit\u00e4t.","og_url":"https:\/\/www.definox.com\/de\/losungen\/globale-kostenoptimierung\/","og_site_name":"Definox DE","article_modified_time":"2024-10-07T12:39:42+00:00","og_image":[{"url":"https:\/\/www.definox.com\/app\/uploads\/sites\/11\/2023\/01\/DEFINOX-solutions-optimisation-cout-global-solution-pigging-system-bloc-1024x779-1.jpg","type":"","width":"","height":""}],"twitter_card":"summary_large_image","twitter_misc":{"Gesch\u00e4tzte Lesezeit":"1\u00a0Minute"},"schema":{"@context":"https:\/\/schema.org","@graph":[{"@type":"WebPage","@id":"https:\/\/www.definox.com\/de\/losungen\/globale-kostenoptimierung\/","url":"https:\/\/www.definox.com\/de\/losungen\/globale-kostenoptimierung\/","name":"Global costs optimization | Definox","isPartOf":{"@id":"https:\/\/www.definox.com\/de\/#website"},"primaryImageOfPage":{"@id":"https:\/\/www.definox.com\/de\/losungen\/globale-kostenoptimierung\/#primaryimage"},"image":{"@id":"https:\/\/www.definox.com\/de\/losungen\/globale-kostenoptimierung\/#primaryimage"},"thumbnailUrl":"https:\/\/www.definox.com\/app\/uploads\/sites\/11\/2023\/01\/DEFINOX-solutions-optimisation-cout-global-solution-pigging-system-bloc-1024x779-1.jpg","datePublished":"2020-06-10T13:19:17+00:00","dateModified":"2024-10-07T12:39:42+00:00","description":"Die Starmotion-L\u00f6sung ist ein modulares Schabersystem, das sich an Ihre Prozesse anpassen l\u00e4sst. F\u00fcr eine umweltfreundliche Produktivit\u00e4t.","breadcrumb":{"@id":"https:\/\/www.definox.com\/de\/losungen\/globale-kostenoptimierung\/#breadcrumb"},"inLanguage":"de","potentialAction":[{"@type":"ReadAction","target":["https:\/\/www.definox.com\/de\/losungen\/globale-kostenoptimierung\/"]}]},{"@type":"ImageObject","inLanguage":"de","@id":"https:\/\/www.definox.com\/de\/losungen\/globale-kostenoptimierung\/#primaryimage","url":"https:\/\/www.definox.com\/app\/uploads\/sites\/11\/2023\/01\/DEFINOX-solutions-optimisation-cout-global-solution-pigging-system-bloc-1024x779-1.jpg","contentUrl":"https:\/\/www.definox.com\/app\/uploads\/sites\/11\/2023\/01\/DEFINOX-solutions-optimisation-cout-global-solution-pigging-system-bloc-1024x779-1.jpg"},{"@type":"BreadcrumbList","@id":"https:\/\/www.definox.com\/de\/losungen\/globale-kostenoptimierung\/#breadcrumb","itemListElement":[{"@type":"ListItem","position":1,"name":"L\u00f6sungen","item":"https:\/\/www.definox.com\/de\/losungen\/"},{"@type":"ListItem","position":2,"name":"Globale Kostenoptimierung"}]},{"@type":"WebSite","@id":"https:\/\/www.definox.com\/de\/#website","url":"https:\/\/www.definox.com\/de\/","name":"Definox DE","description":"Boost your performance","publisher":{"@id":"https:\/\/www.definox.com\/de\/#organization"},"potentialAction":[{"@type":"SearchAction","target":{"@type":"EntryPoint","urlTemplate":"https:\/\/www.definox.com\/de\/?s={search_term_string}"},"query-input":{"@type":"PropertyValueSpecification","valueRequired":true,"valueName":"search_term_string"}}],"inLanguage":"de"},{"@type":"Organization","@id":"https:\/\/www.definox.com\/de\/#organization","name":"Definox DE","url":"https:\/\/www.definox.com\/de\/","logo":{"@type":"ImageObject","inLanguage":"de","@id":"https:\/\/www.definox.com\/de\/#\/schema\/logo\/image\/","url":"https:\/\/www.definox.com\/app\/uploads\/sites\/11\/2021\/01\/icons-footer_logo-definox-id.svg","contentUrl":"https:\/\/www.definox.com\/app\/uploads\/sites\/11\/2021\/01\/icons-footer_logo-definox-id.svg","width":140,"height":120,"caption":"Definox DE"},"image":{"@id":"https:\/\/www.definox.com\/de\/#\/schema\/logo\/image\/"}}]}},"_links":{"self":[{"href":"https:\/\/www.definox.com\/de\/wp-json\/wp\/v2\/pages\/25","targetHints":{"allow":["GET"]}}],"collection":[{"href":"https:\/\/www.definox.com\/de\/wp-json\/wp\/v2\/pages"}],"about":[{"href":"https:\/\/www.definox.com\/de\/wp-json\/wp\/v2\/types\/page"}],"author":[{"embeddable":true,"href":"https:\/\/www.definox.com\/de\/wp-json\/wp\/v2\/users\/4"}],"replies":[{"embeddable":true,"href":"https:\/\/www.definox.com\/de\/wp-json\/wp\/v2\/comments?post=25"}],"version-history":[{"count":32,"href":"https:\/\/www.definox.com\/de\/wp-json\/wp\/v2\/pages\/25\/revisions"}],"predecessor-version":[{"id":2422,"href":"https:\/\/www.definox.com\/de\/wp-json\/wp\/v2\/pages\/25\/revisions\/2422"}],"up":[{"embeddable":true,"href":"https:\/\/www.definox.com\/de\/wp-json\/wp\/v2\/pages\/19"}],"wp:attachment":[{"href":"https:\/\/www.definox.com\/de\/wp-json\/wp\/v2\/media?parent=25"}],"curies":[{"name":"wp","href":"https:\/\/api.w.org\/{rel}","templated":true}]}}