{"id":29,"date":"2020-06-10T13:20:03","date_gmt":"2020-06-10T13:20:03","guid":{"rendered":"https:\/\/www.definox.com\/en\/?page_id=29"},"modified":"2024-10-07T12:40:11","modified_gmt":"2024-10-07T12:40:11","slug":"unser-kundendienst","status":"publish","type":"page","link":"https:\/\/www.definox.com\/de\/losungen\/unser-kundendienst\/","title":{"rendered":"Unser Kundendienst"},"content":{"rendered":"\n<div style=\"height:100px\" aria-hidden=\"true\" class=\"wp-block-spacer\"><\/div>\n\n\n\n<div class=\"wp-block-definox-steps-section steps\" id=\"steps-section\"><div class=\"container container--small\">\n<h2 class=\"steps__title extra-large wp-block-heading\">DIE SCHRITE<\/h2>\n\n\n\n<div class=\"wp-block-definox-steps-list steps__items\">\n<div class=\"wp-block-definox-steps-item steps__item\"><div class=\"steps__item__step\">1<\/div><div class=\"steps__item__content\"><h3 class=\"steps__item__title\">Sie verstehen<\/h3><div class=\"steps__item__description\">Wir sind seit \u00fcber f\u00fcnfzig Jahren Partner der Industrie. Heute besteht die Unterst\u00fctzung f\u00fcr Sie (Dienstleistungen) vor allem darin, die Komplexit\u00e4t Ihrer Projekte zu verstehen und Ihre Bed\u00fcrfnisse klar zu formulieren. Unser Vertrauensverh\u00e4ltnis baut auf Austausch auf. Das beginnt damit, dass man versteht, worum es geht. Daraus entstehen dann nachhaltige L\u00f6sungen.<br><br><\/div><\/div><\/div>\n\n\n\n<div class=\"wp-block-definox-steps-item steps__item\"><div class=\"steps__item__step\">2<\/div><div class=\"steps__item__content\"><h3 class=\"steps__item__title\">Sie beraten<\/h3><div class=\"steps__item__description\">Unsere engagierten Teams k\u00f6nnen Audits durchf\u00fchren, um Sie bei der Auswahl der besten technischen, \u00f6kologischen und wirtschaftlichen Optionen zu unterst\u00fctzen (Umweltfreundlichkeit der Gruppe). Auf der Grundlage Ihrer Fabrikpl\u00e4ne, von Vor-Ort-Besichtigungen oder computergenerierten 3D-Ansichten beraten unsere Experten Sie \u00fcber die leistungsf\u00e4higsten Maschinen, die von Installateuren und Integratoren angeboten werden.<\/div><\/div><\/div>\n\n\n\n<div class=\"wp-block-definox-steps-item steps__item\"><div class=\"steps__item__step\">3<\/div><div class=\"steps__item__content\"><h3 class=\"steps__item__title\">Langfristige Unterst\u00fctzung<\/h3><div class=\"steps__item__description\">Einer unserer Mehrwerte besteht in der Verbesserung Ihrer Prozesse und Maschinen (Gruppe\/Qualit\u00e4tsengagement) im Hinblick auf Ihre Entwicklung und Bed\u00fcrfnisse. Wir passen uns stets an Ihre Organisation, Ihre Einrichtungen und an \u00c4nderungen der Hygienestandards und Zertifizierungen an (Einhaltung der Normen). Unsere Unterst\u00fctzung stellt die Unabh\u00e4ngigkeit der Kunden und die Optimierung ihrer Produktion in den Vordergrund. Technische Verl\u00e4sslichkeit, Transparenz und Preisrelevanz begr\u00fcnden unser gegenseitiges Vertrauen.<\/div><\/div><\/div>\n\n\n\n<div class=\"wp-block-definox-steps-item steps__item\"><div class=\"steps__item__step\">4<\/div><div class=\"steps__item__content\"><h3 class=\"steps__item__title\">Vereinfachung Ihrer Wartung<\/h3><div class=\"steps__item__description\">Unser tiefes Verst\u00e4ndnis f\u00fcr die Bed\u00fcrfnisse unserer Kunden erm\u00f6glicht es uns, die Wartung zu erleichtern (Dienstleistungen\/Wartung). Deshalb ist Innovation immer mit Vereinfachung verbunden. Unsere L\u00f6sungen sind benutzerfreundlich, p\u00e4dagogisch wertvoll und ma\u00dfgeschneidert: Farbcodierung f\u00fcr Techniker, integrierte Wartungsprotokolle, dichtungslose Ventile, modulare Komponenten. Mit einem Klick finden Sie ein Handbuch, eine Referenz oder ein Demontagevideo. Entdecken Sie, wie die Wartung mit der ID-Anwendung vereinfacht wird (Dienstleistungen\/Innovation).<\/div><\/div><\/div>\n\n\n\n<div class=\"wp-block-definox-steps-item steps__item\"><div class=\"steps__item__step\">5<\/div><div class=\"steps__item__content\"><h3 class=\"steps__item__title\">Sie schulen<\/h3><div class=\"steps__item__description\">Unsere Schulungen (Services\/Training) sind an Teilnehmer aus verschiedenen Bereichen angepasst. Sie erm\u00f6glichen es den Anlagenbetreibern, die wesentlichen Funktionen bestimmter Prozesse zu entdecken, die den Wartungsservice verbessern. Auch unsere Vertriebsmitarbeiter nehmen regelm\u00e4\u00dfig an unseren Schulungsprogrammen teil und vertiefen ihre Kenntnisse.\\nIhr Schulungsprogramm sollte effizient und an Ihre Bed\u00fcrfnisse angepasst sein. Unsere Teams sind bereit, auf Ihre Erwartungen einzugehen. Nehmen Sie Kontakt auf.<\/div><\/div><\/div>\n<\/div>\n<\/div><\/div>\n\n\n\n<div style=\"height:100px\" aria-hidden=\"true\" class=\"wp-block-spacer\"><\/div>\n\n\n<div class=\"contact-banner alignfull background-pattern\" id=\"contact-banner\">\n\n  <div class=\"container\">\n\n    <div class=\"contact-banner__card background-pattern background-pattern--mustard \">\n\n      <div class=\"container container--small\">\n\n        <div class=\"contact-banner__wrapper\">\n\n          <div class=\"contact-banner__content\">\n\n            <div class=\"contact-banner__logo-container\">\n\n              <svg class=\"contact-banner__logo\" xmlns=\"http:\/\/www.w3.org\/2000\/svg\" width=\"176\" height=\"40\" viewBox=\"0 0 176 40\">\n  <path d=\"M15.13 3.072a1.47 1.47 0 00-1.47 1.467v25.152h-3.073V4.539A4.546 4.546 0 0115.13 0h9.652v3.072zM175.256.216v5.081l-90.287-.001c-.84 0-1.521.677-1.521 1.518v4.022h7.37v4.917h-7.583v13.926H78.11l.042-.16v-26A3.304 3.304 0 0181.458.216zm0 10.414l-8.476 9.528 8.47 9.52h-6.582l-5.177-5.82-5.18 5.82h-6.581l8.469-9.52-8.476-9.528h6.582l5.186 5.828 5.182-5.828zM49.369 17.212c0-.936-.89-1.698-1.98-1.698h-9.082v9.282h9.082c1.09 0 1.98-.763 1.98-1.699zm4.956 8.984a3.497 3.497 0 01-3.487 3.483H32.065V10.63h18.773a3.496 3.496 0 013.487 3.483zm91.385-8.984c0-.936-.892-1.698-1.983-1.698h-9.085c-1.09 0-1.982.762-1.982 1.698v5.885c0 .936.892 1.7 1.982 1.7h9.085c1.09 0 1.983-.764 1.983-1.7zm4.953-3.098v12.082a3.496 3.496 0 01-3.488 3.483h-15.984a3.496 3.496 0 01-3.486-3.483V14.114a3.495 3.495 0 013.486-3.483h15.984a3.495 3.495 0 013.488 3.483zM4.258 26.558c1.665-.675 3.62.5 5.304-.268v3.009a12.358 12.358 0 01-5.304-2.74zm.082-4.8c1.658.14 3.658.588 5.222-.051v3.852c-2.106.887-4.314-.882-6.273.051a12.454 12.454 0 01-2.274-3.469c.993-.342 2.201-.452 3.325-.384zm0-1.063c-1.464.347-2.6.53-3.812.145A12.413 12.413 0 010 17.62v-.008c2.107.132 3.695-.763 5.343-.254 1.491.438 2.768.67 4.22.423v3.397c-1.734.658-3.543-.861-5.223-.483zm5.222-3.581c-3.257.328-6.16-1.134-9.549-.63.05-.887.188-1.747.412-2.575.731-.47 1.476-.683 2.704-.658 2.11.112 4.378.9 6.433.212zM3.906 8.106c1.826.336 3.777.642 5.656.496V12.9c-.789.115-1.486.364-2.384 0-2.086-1.057-4.06.058-6.28-.413a12.536 12.536 0 013.008-4.38zm5.656.088c-1.407-.053-2.796-.472-3.527-1.705a12.438 12.438 0 013.527-1.444zm5.457-3.249a12.414 12.414 0 016.289 3.396 12.4 12.4 0 013.66 8.828c0 3.333-1.3 6.47-3.66 8.828a12.401 12.401 0 01-6.289 3.392v-1.584c4.819-1.15 8.41-5.476 8.41-10.636 0-2.926-1.14-5.674-3.207-7.742a10.884 10.884 0 00-5.203-2.899zM75.446 29.68H56.589V10.73h18.857v4.914H62.737v2.459h10.864v3.478H62.943v3.182h12.503zm23.162 0h-5.33V10.63h5.33zm19.063.095l-10.864-12.698V29.68h-5.534V10.63h7.79l10.452 11.771V10.63h5.945v19.144zM32.85 37.377h1.176c.388 0 .694.079.92.237.228.159.341.396.341.712a.735.735 0 01-.133.46.974.974 0 01-.324.275 1.274 1.274 0 01-.41.136 2.618 2.618 0 01-.402.034H32.85zm0-2.216h1.25c.322 0 .557.078.706.233.15.156.224.34.224.551a.74.74 0 01-.087.369.74.74 0 01-.237.25c-.099.064-.215.11-.347.138a2.089 2.089 0 01-.424.042h-1.086zm-.797 4.703h2.015c.287 0 .556-.033.804-.098a2.1 2.1 0 00.655-.287 1.41 1.41 0 00.444-.463c.107-.184.161-.396.161-.637 0-.18-.033-.35-.1-.505a1.358 1.358 0 00-.269-.41 1.357 1.357 0 00-.899-.411v-.016c.298-.09.542-.232.73-.425.187-.193.281-.444.281-.75 0-.226-.045-.424-.137-.592a1.165 1.165 0 00-.373-.415 1.727 1.727 0 00-.563-.244 2.904 2.904 0 00-.71-.083h-2.039zM40.286 39.151a2.169 2.169 0 01-.697-.455 1.985 1.985 0 01-.446-.675 2.164 2.164 0 01-.158-.825c0-.292.052-.566.158-.825.104-.26.253-.485.446-.675.195-.19.426-.342.697-.456.27-.113.575-.17.912-.17.337 0 .642.057.912.17.27.114.503.265.696.456.194.19.344.416.448.675.105.259.158.533.158.825 0 .291-.053.566-.158.825a1.988 1.988 0 01-.448.675c-.193.19-.425.343-.696.455a2.34 2.34 0 01-.912.17 2.33 2.33 0 01-.912-.17zm2.147.634c.376-.143.699-.34.967-.592a2.719 2.719 0 00.858-1.997 2.718 2.718 0 00-.858-1.998 2.904 2.904 0 00-.967-.591 3.448 3.448 0 00-1.235-.215c-.448 0-.86.072-1.235.215a2.9 2.9 0 00-.966.591 2.719 2.719 0 00-.858 1.998 2.719 2.719 0 00.858 1.997c.268.252.59.449.966.592.376.143.787.215 1.235.215.448 0 .86-.072 1.235-.215zM48.411 39.151a2.16 2.16 0 01-.697-.455 1.988 1.988 0 01-.447-.675 2.164 2.164 0 01-.158-.825c0-.292.052-.566.158-.825.104-.26.254-.485.447-.675.194-.19.426-.342.697-.456.27-.113.575-.17.912-.17.337 0 .641.057.912.17.27.114.503.265.696.456.194.19.343.416.448.675.105.259.158.533.158.825 0 .291-.053.566-.158.825a2 2 0 01-.448.675 2.16 2.16 0 01-.696.455c-.27.114-.575.17-.912.17a2.33 2.33 0 01-.912-.17zm2.147.634c.376-.143.698-.34.966-.592a2.7 2.7 0 00.858-1.997 2.7 2.7 0 00-.858-1.998 2.9 2.9 0 00-.966-.591 3.452 3.452 0 00-1.235-.215c-.448 0-.86.072-1.235.215a2.9 2.9 0 00-.966.591 2.708 2.708 0 00-.858 1.998 2.708 2.708 0 00.858 1.997c.268.252.59.449.966.592.376.143.787.215 1.235.215.448 0 .86-.072 1.235-.215zM54.928 38.749c.143.195.327.34.55.433.225.093.455.139.693.139.133 0 .268-.018.406-.056a1.28 1.28 0 00.378-.17.965.965 0 00.278-.279.688.688 0 00.107-.385c0-.205-.072-.362-.216-.47a1.934 1.934 0 00-.534-.272 11.51 11.51 0 00-.696-.21 2.958 2.958 0 01-.697-.283 1.65 1.65 0 01-.535-.487c-.144-.204-.216-.478-.216-.825a1.37 1.37 0 01.465-.979 1.96 1.96 0 01.618-.365c.251-.1.554-.148.907-.148.321 0 .627.04.92.12.294.08.55.245.772.49l-.647.536c-.1-.141-.24-.254-.422-.34a1.457 1.457 0 00-.623-.128c-.22 0-.405.027-.551.08a1.01 1.01 0 00-.352.204.747.747 0 00-.24.53c0 .226.071.4.215.52.144.12.322.218.535.294.212.075.445.144.697.204.25.06.483.144.696.253.212.108.39.253.534.437.144.183.216.435.216.756 0 .257-.053.488-.162.694-.108.206-.252.38-.435.52a2.01 2.01 0 01-.646.325c-.25.075-.515.113-.797.113-.376 0-.732-.061-1.07-.18a1.75 1.75 0 01-.803-.559zM61.817 35.206h-1.89v-.678h4.577v.678h-1.89v4.658h-.797zM71.492 37.587l-2.221-3.059h1.02l1.6 2.345 1.65-2.345h.97l-2.223 3.06v2.276h-.796zM78.192 39.151a2.16 2.16 0 01-.697-.455 1.988 1.988 0 01-.448-.675 2.163 2.163 0 01-.158-.825c0-.292.053-.566.158-.825a1.98 1.98 0 01.448-.675c.193-.19.426-.342.697-.456.27-.113.575-.17.912-.17.336 0 .64.057.911.17.271.114.504.265.697.456.193.19.342.416.448.675.104.259.158.533.158.825 0 .291-.054.566-.158.825a2.001 2.001 0 01-.448.675 2.16 2.16 0 01-.697.455c-.27.114-.575.17-.911.17-.337 0-.642-.056-.912-.17zm2.147.634c.376-.143.698-.34.965-.592a2.7 2.7 0 00.858-1.997 2.7 2.7 0 00-.858-1.998 2.9 2.9 0 00-.965-.591 3.452 3.452 0 00-1.235-.215c-.448 0-.86.072-1.236.215a2.9 2.9 0 00-.965.591 2.708 2.708 0 00-.859 1.998 2.708 2.708 0 00.858 1.997c.268.252.59.449.966.592a3.45 3.45 0 001.236.215c.447 0 .859-.072 1.235-.215zM85.222 34.528v3.27c0 .167.025.338.074.516.05.18.133.344.25.494.116.152.267.275.455.37.188.096.42.143.696.143.277 0 .51-.047.697-.143.188-.095.34-.218.456-.37.116-.15.2-.315.25-.494.049-.178.074-.349.074-.516v-3.27h.795v3.384c0 .312-.057.594-.174.847a1.993 1.993 0 01-.48.66c-.205.186-.445.33-.722.43-.276.1-.575.151-.896.151-.32 0-.618-.05-.894-.15a2.134 2.134 0 01-.722-.432 2.006 2.006 0 01-.48-.659 2.01 2.01 0 01-.174-.847v-3.384zM92.394 35.161h1.044c.155 0 .309.012.46.034.153.022.289.064.407.124a.73.73 0 01.287.26c.07.112.107.26.107.441s-.036.328-.107.441a.724.724 0 01-.287.26c-.118.06-.254.102-.407.124a3.065 3.065 0 01-.46.034h-1.044zm-.797 4.703h.797v-2.352h.886l1.494 2.352h.994l-1.666-2.435a1.7 1.7 0 00.6-.162 1.6 1.6 0 00.456-.324 1.41 1.41 0 00.288-.43c.065-.158.098-.322.098-.493 0-.166-.027-.337-.083-.516a1.16 1.16 0 00-.295-.482 1.585 1.585 0 00-.574-.355c-.245-.093-.554-.139-.93-.139h-2.065zM102.217 35.161h1.046c.154 0 .309.012.46.034.151.022.287.064.406.124.117.06.215.147.286.26.073.112.107.26.107.441s-.034.328-.107.441a.72.72 0 01-.286.26c-.12.06-.255.102-.407.124-.15.023-.305.034-.459.034h-1.046zm-.795 4.703h.795v-2.352h1.27c.376 0 .685-.046.928-.14.242-.092.434-.21.576-.354.14-.143.24-.303.295-.482a1.73 1.73 0 00.083-.516c0-.166-.027-.337-.083-.516a1.179 1.179 0 00-.295-.482 1.609 1.609 0 00-.576-.355c-.243-.093-.552-.139-.928-.139h-2.065zM107.566 34.528h3.788v.678h-2.992v1.59h2.785v.679h-2.785v1.711h3.141v.678h-3.937zM114.654 35.161h1.045c.155 0 .309.012.46.034.152.022.287.064.407.124a.72.72 0 01.285.26c.073.112.107.26.107.441s-.034.328-.107.441a.713.713 0 01-.285.26c-.12.06-.255.102-.407.124a3.057 3.057 0 01-.46.034h-1.045zm-.795 4.703h.795v-2.352h.888l1.491 2.352h.996l-1.666-2.435c.22-.02.42-.074.6-.162.18-.088.332-.196.457-.324a1.37 1.37 0 00.285-.43c.066-.158.1-.322.1-.493 0-.166-.027-.337-.082-.516a1.188 1.188 0 00-.295-.482 1.613 1.613 0 00-.577-.355c-.242-.093-.552-.139-.928-.139h-2.064zM120.15 34.528h3.691v.678h-2.894v1.673h2.695v.679h-2.695v2.306h-.796zM127.92 39.151a2.127 2.127 0 01-.696-.455 1.99 1.99 0 01-.449-.675 2.164 2.164 0 01-.157-.825c0-.292.052-.566.157-.825.106-.26.255-.485.45-.675.19-.19.423-.342.695-.456.27-.113.575-.17.91-.17.339 0 .642.057.913.17.27.114.503.265.696.456.195.19.344.416.447.675.107.259.158.533.158.825 0 .291-.051.566-.158.825a1.96 1.96 0 01-.447.675c-.193.19-.425.343-.696.455a2.34 2.34 0 01-.912.17c-.336 0-.641-.056-.91-.17zm2.148.634c.375-.143.696-.34.964-.592a2.721 2.721 0 00.859-1.997 2.721 2.721 0 00-.86-1.998 2.9 2.9 0 00-.963-.591 3.465 3.465 0 00-1.237-.215c-.447 0-.86.072-1.235.215-.375.143-.698.34-.966.591a2.715 2.715 0 00-.857 1.998 2.711 2.711 0 00.857 1.998c.268.25.59.448.966.591.376.143.788.215 1.235.215.449 0 .86-.072 1.237-.215zM135.057 35.161h1.046c.154 0 .308.012.46.034.152.022.286.064.406.124a.72.72 0 01.286.26c.072.112.107.26.107.441s-.035.328-.107.441a.713.713 0 01-.286.26 1.32 1.32 0 01-.407.124c-.15.023-.305.034-.46.034h-1.045zm-.795 4.703h.795v-2.352h.888l1.492 2.352h.995l-1.666-2.435c.22-.02.421-.074.601-.162.179-.088.331-.196.456-.324a1.37 1.37 0 00.286-.43c.065-.158.1-.322.1-.493 0-.166-.028-.337-.084-.516a1.17 1.17 0 00-.294-.482 1.609 1.609 0 00-.576-.355c-.242-.093-.553-.139-.929-.139h-2.064zM140.497 34.528h1.184l1.868 4.04h.032l1.848-4.04h1.187v5.336h-.797v-4.387h-.015l-1.982 4.387h-.531l-1.982-4.387h-.017v4.387h-.795zM150.337 37.912l1.112-2.45h.015l1.095 2.45zm-1.79 1.952h.928l.58-1.32h2.795l.587 1.32h.93l-2.512-5.336h-.721zM156.356 34.528h1.046l3.233 4.386h.016v-4.386h.796v5.336h-1.01l-3.267-4.387h-.018v4.387h-.796zM168.271 35.68a1.633 1.633 0 00-.63-.451 2.039 2.039 0 00-.788-.16c-.331 0-.63.058-.9.171a2.073 2.073 0 00-.687.463c-.19.197-.34.426-.445.69a2.297 2.297 0 00-.156.848c0 .282.049.548.149.8a1.96 1.96 0 001.119 1.115c.27.11.576.165.92.165.337 0 .634-.062.888-.188.253-.125.47-.302.646-.528l.672.46a2.313 2.313 0 01-.672.546 3.069 3.069 0 01-1.55.39 3.13 3.13 0 01-1.256-.243 3.015 3.015 0 01-.954-.633 2.725 2.725 0 01-.601-.886 2.555 2.555 0 01-.208-.998c0-.412.075-.792.225-1.143.15-.348.357-.65.626-.903.268-.254.59-.451.966-.592a3.51 3.51 0 011.243-.21c.387 0 .767.067 1.14.202.372.136.679.344.917.626zM171.246 34.528h3.79v.678h-2.993v1.59h2.785v.679h-2.785v1.711h3.141v.678h-3.938z\" \/><\/svg>\n            <\/div>\n\n            <p class=\"contact-banner__title\">Sind Sie bereit, Ihren Prozess zu optimieren?<\/p>\n\n          <\/div>\n\n          <div class=\"button contact-banner__button\">\n\n            <a class=\"button__link\" href=\"https:\/\/www.definox.com\/de\/kontakt-definox\/\" target=\"_self\">\n\n              Kontakt mit der Verkaufsabteilung\n            <\/a>\n\n          <\/div>\n\n        <\/div>\n\n      <\/div>\n\n    <\/div>\n\n  <\/div>\n\n<\/div>\n\n\n<div style=\"height:100px\" aria-hidden=\"true\" class=\"wp-block-spacer\"><\/div>\n","protected":false},"excerpt":{"rendered":"<p>DEFINOX stellt Ihnen \u00fcberall auf der Welt seine technischen Teams, Ingenieure und Experten zur Verf\u00fcgung. Sie beraten und unterst\u00fctzen Sie bei der Bew\u00e4ltigung der Herausforderungen von heute und morgen.<\/p>\n","protected":false},"author":4,"featured_media":1405,"parent":19,"menu_order":0,"comment_status":"closed","ping_status":"closed","template":"","meta":{"_acf_changed":false,"content-type":"","footnotes":""},"class_list":["entry","entry--29","entry--type-page","entry--status-publish","entry--author-","has-post-thumbnail","has-excerpt"],"acf":[],"yoast_head":"<!-- This site is optimized with the Yoast SEO plugin v24.2 - https:\/\/yoast.com\/wordpress\/plugins\/seo\/ -->\n<title>Our customer support | Definox<\/title>\n<meta name=\"description\" content=\"Definox stellt Ihnen leidenschaftliche M\u00e4nner und Frauen zur Verf\u00fcgung, um Ihnen die bestm\u00f6gliche Beratung und Betreuung zu bieten.\" \/>\n<meta name=\"robots\" content=\"index, follow, max-snippet:-1, max-image-preview:large, max-video-preview:-1\" \/>\n<link rel=\"canonical\" href=\"https:\/\/www.definox.com\/de\/losungen\/unser-kundendienst\/\" \/>\n<meta property=\"og:locale\" content=\"de_DE\" \/>\n<meta property=\"og:type\" content=\"article\" \/>\n<meta property=\"og:title\" content=\"Our customer support | Definox\" \/>\n<meta property=\"og:description\" content=\"Definox stellt Ihnen leidenschaftliche M\u00e4nner und Frauen zur Verf\u00fcgung, um Ihnen die bestm\u00f6gliche Beratung und Betreuung zu bieten.\" \/>\n<meta property=\"og:url\" content=\"https:\/\/www.definox.com\/de\/losungen\/unser-kundendienst\/\" \/>\n<meta property=\"og:site_name\" content=\"Definox DE\" \/>\n<meta property=\"article:modified_time\" content=\"2024-10-07T12:40:11+00:00\" \/>\n<meta property=\"og:image\" content=\"https:\/\/www.definox.com\/app\/uploads\/sites\/11\/2020\/07\/DEFINOX-solutions-our-support.jpg\" \/>\n\t<meta property=\"og:image:width\" content=\"1200\" \/>\n\t<meta property=\"og:image:height\" content=\"700\" \/>\n\t<meta property=\"og:image:type\" content=\"image\/jpeg\" \/>\n<meta name=\"twitter:card\" content=\"summary_large_image\" \/>\n<meta name=\"twitter:label1\" content=\"Gesch\u00e4tzte Lesezeit\" \/>\n\t<meta name=\"twitter:data1\" content=\"2\u00a0Minuten\" \/>\n<script type=\"application\/ld+json\" class=\"yoast-schema-graph\">{\"@context\":\"https:\/\/schema.org\",\"@graph\":[{\"@type\":\"WebPage\",\"@id\":\"https:\/\/www.definox.com\/de\/losungen\/unser-kundendienst\/\",\"url\":\"https:\/\/www.definox.com\/de\/losungen\/unser-kundendienst\/\",\"name\":\"Our customer support | Definox\",\"isPartOf\":{\"@id\":\"https:\/\/www.definox.com\/de\/#website\"},\"primaryImageOfPage\":{\"@id\":\"https:\/\/www.definox.com\/de\/losungen\/unser-kundendienst\/#primaryimage\"},\"image\":{\"@id\":\"https:\/\/www.definox.com\/de\/losungen\/unser-kundendienst\/#primaryimage\"},\"thumbnailUrl\":\"https:\/\/www.definox.com\/app\/uploads\/sites\/11\/2020\/07\/DEFINOX-solutions-our-support.jpg\",\"datePublished\":\"2020-06-10T13:20:03+00:00\",\"dateModified\":\"2024-10-07T12:40:11+00:00\",\"description\":\"Definox stellt Ihnen leidenschaftliche M\u00e4nner und Frauen zur Verf\u00fcgung, um Ihnen die bestm\u00f6gliche Beratung und Betreuung zu bieten.\",\"breadcrumb\":{\"@id\":\"https:\/\/www.definox.com\/de\/losungen\/unser-kundendienst\/#breadcrumb\"},\"inLanguage\":\"de\",\"potentialAction\":[{\"@type\":\"ReadAction\",\"target\":[\"https:\/\/www.definox.com\/de\/losungen\/unser-kundendienst\/\"]}]},{\"@type\":\"ImageObject\",\"inLanguage\":\"de\",\"@id\":\"https:\/\/www.definox.com\/de\/losungen\/unser-kundendienst\/#primaryimage\",\"url\":\"https:\/\/www.definox.com\/app\/uploads\/sites\/11\/2020\/07\/DEFINOX-solutions-our-support.jpg\",\"contentUrl\":\"https:\/\/www.definox.com\/app\/uploads\/sites\/11\/2020\/07\/DEFINOX-solutions-our-support.jpg\",\"width\":1200,\"height\":700,\"caption\":\"DEFINOX-solutions-our-support-banner-counseling\"},{\"@type\":\"BreadcrumbList\",\"@id\":\"https:\/\/www.definox.com\/de\/losungen\/unser-kundendienst\/#breadcrumb\",\"itemListElement\":[{\"@type\":\"ListItem\",\"position\":1,\"name\":\"L\u00f6sungen\",\"item\":\"https:\/\/www.definox.com\/de\/losungen\/\"},{\"@type\":\"ListItem\",\"position\":2,\"name\":\"Unser Kundendienst\"}]},{\"@type\":\"WebSite\",\"@id\":\"https:\/\/www.definox.com\/de\/#website\",\"url\":\"https:\/\/www.definox.com\/de\/\",\"name\":\"Definox DE\",\"description\":\"Boost your performance\",\"publisher\":{\"@id\":\"https:\/\/www.definox.com\/de\/#organization\"},\"potentialAction\":[{\"@type\":\"SearchAction\",\"target\":{\"@type\":\"EntryPoint\",\"urlTemplate\":\"https:\/\/www.definox.com\/de\/?s={search_term_string}\"},\"query-input\":{\"@type\":\"PropertyValueSpecification\",\"valueRequired\":true,\"valueName\":\"search_term_string\"}}],\"inLanguage\":\"de\"},{\"@type\":\"Organization\",\"@id\":\"https:\/\/www.definox.com\/de\/#organization\",\"name\":\"Definox DE\",\"url\":\"https:\/\/www.definox.com\/de\/\",\"logo\":{\"@type\":\"ImageObject\",\"inLanguage\":\"de\",\"@id\":\"https:\/\/www.definox.com\/de\/#\/schema\/logo\/image\/\",\"url\":\"https:\/\/www.definox.com\/app\/uploads\/sites\/11\/2021\/01\/icons-footer_logo-definox-id.svg\",\"contentUrl\":\"https:\/\/www.definox.com\/app\/uploads\/sites\/11\/2021\/01\/icons-footer_logo-definox-id.svg\",\"width\":140,\"height\":120,\"caption\":\"Definox DE\"},\"image\":{\"@id\":\"https:\/\/www.definox.com\/de\/#\/schema\/logo\/image\/\"}}]}<\/script>\n<!-- \/ Yoast SEO plugin. -->","yoast_head_json":{"title":"Our customer support | Definox","description":"Definox stellt Ihnen leidenschaftliche M\u00e4nner und Frauen zur Verf\u00fcgung, um Ihnen die bestm\u00f6gliche Beratung und Betreuung zu bieten.","robots":{"index":"index","follow":"follow","max-snippet":"max-snippet:-1","max-image-preview":"max-image-preview:large","max-video-preview":"max-video-preview:-1"},"canonical":"https:\/\/www.definox.com\/de\/losungen\/unser-kundendienst\/","og_locale":"de_DE","og_type":"article","og_title":"Our customer support | Definox","og_description":"Definox stellt Ihnen leidenschaftliche M\u00e4nner und Frauen zur Verf\u00fcgung, um Ihnen die bestm\u00f6gliche Beratung und Betreuung zu bieten.","og_url":"https:\/\/www.definox.com\/de\/losungen\/unser-kundendienst\/","og_site_name":"Definox DE","article_modified_time":"2024-10-07T12:40:11+00:00","og_image":[{"width":1200,"height":700,"url":"https:\/\/www.definox.com\/app\/uploads\/sites\/11\/2020\/07\/DEFINOX-solutions-our-support.jpg","type":"image\/jpeg"}],"twitter_card":"summary_large_image","twitter_misc":{"Gesch\u00e4tzte Lesezeit":"2\u00a0Minuten"},"schema":{"@context":"https:\/\/schema.org","@graph":[{"@type":"WebPage","@id":"https:\/\/www.definox.com\/de\/losungen\/unser-kundendienst\/","url":"https:\/\/www.definox.com\/de\/losungen\/unser-kundendienst\/","name":"Our customer support | Definox","isPartOf":{"@id":"https:\/\/www.definox.com\/de\/#website"},"primaryImageOfPage":{"@id":"https:\/\/www.definox.com\/de\/losungen\/unser-kundendienst\/#primaryimage"},"image":{"@id":"https:\/\/www.definox.com\/de\/losungen\/unser-kundendienst\/#primaryimage"},"thumbnailUrl":"https:\/\/www.definox.com\/app\/uploads\/sites\/11\/2020\/07\/DEFINOX-solutions-our-support.jpg","datePublished":"2020-06-10T13:20:03+00:00","dateModified":"2024-10-07T12:40:11+00:00","description":"Definox stellt Ihnen leidenschaftliche M\u00e4nner und Frauen zur Verf\u00fcgung, um Ihnen die bestm\u00f6gliche Beratung und Betreuung zu bieten.","breadcrumb":{"@id":"https:\/\/www.definox.com\/de\/losungen\/unser-kundendienst\/#breadcrumb"},"inLanguage":"de","potentialAction":[{"@type":"ReadAction","target":["https:\/\/www.definox.com\/de\/losungen\/unser-kundendienst\/"]}]},{"@type":"ImageObject","inLanguage":"de","@id":"https:\/\/www.definox.com\/de\/losungen\/unser-kundendienst\/#primaryimage","url":"https:\/\/www.definox.com\/app\/uploads\/sites\/11\/2020\/07\/DEFINOX-solutions-our-support.jpg","contentUrl":"https:\/\/www.definox.com\/app\/uploads\/sites\/11\/2020\/07\/DEFINOX-solutions-our-support.jpg","width":1200,"height":700,"caption":"DEFINOX-solutions-our-support-banner-counseling"},{"@type":"BreadcrumbList","@id":"https:\/\/www.definox.com\/de\/losungen\/unser-kundendienst\/#breadcrumb","itemListElement":[{"@type":"ListItem","position":1,"name":"L\u00f6sungen","item":"https:\/\/www.definox.com\/de\/losungen\/"},{"@type":"ListItem","position":2,"name":"Unser Kundendienst"}]},{"@type":"WebSite","@id":"https:\/\/www.definox.com\/de\/#website","url":"https:\/\/www.definox.com\/de\/","name":"Definox DE","description":"Boost your performance","publisher":{"@id":"https:\/\/www.definox.com\/de\/#organization"},"potentialAction":[{"@type":"SearchAction","target":{"@type":"EntryPoint","urlTemplate":"https:\/\/www.definox.com\/de\/?s={search_term_string}"},"query-input":{"@type":"PropertyValueSpecification","valueRequired":true,"valueName":"search_term_string"}}],"inLanguage":"de"},{"@type":"Organization","@id":"https:\/\/www.definox.com\/de\/#organization","name":"Definox DE","url":"https:\/\/www.definox.com\/de\/","logo":{"@type":"ImageObject","inLanguage":"de","@id":"https:\/\/www.definox.com\/de\/#\/schema\/logo\/image\/","url":"https:\/\/www.definox.com\/app\/uploads\/sites\/11\/2021\/01\/icons-footer_logo-definox-id.svg","contentUrl":"https:\/\/www.definox.com\/app\/uploads\/sites\/11\/2021\/01\/icons-footer_logo-definox-id.svg","width":140,"height":120,"caption":"Definox DE"},"image":{"@id":"https:\/\/www.definox.com\/de\/#\/schema\/logo\/image\/"}}]}},"_links":{"self":[{"href":"https:\/\/www.definox.com\/de\/wp-json\/wp\/v2\/pages\/29","targetHints":{"allow":["GET"]}}],"collection":[{"href":"https:\/\/www.definox.com\/de\/wp-json\/wp\/v2\/pages"}],"about":[{"href":"https:\/\/www.definox.com\/de\/wp-json\/wp\/v2\/types\/page"}],"author":[{"embeddable":true,"href":"https:\/\/www.definox.com\/de\/wp-json\/wp\/v2\/users\/4"}],"replies":[{"embeddable":true,"href":"https:\/\/www.definox.com\/de\/wp-json\/wp\/v2\/comments?post=29"}],"version-history":[{"count":8,"href":"https:\/\/www.definox.com\/de\/wp-json\/wp\/v2\/pages\/29\/revisions"}],"predecessor-version":[{"id":2311,"href":"https:\/\/www.definox.com\/de\/wp-json\/wp\/v2\/pages\/29\/revisions\/2311"}],"up":[{"embeddable":true,"href":"https:\/\/www.definox.com\/de\/wp-json\/wp\/v2\/pages\/19"}],"wp:featuredmedia":[{"embeddable":true,"href":"https:\/\/www.definox.com\/de\/wp-json\/wp\/v2\/media\/1405"}],"wp:attachment":[{"href":"https:\/\/www.definox.com\/de\/wp-json\/wp\/v2\/media?parent=29"}],"curies":[{"name":"wp","href":"https:\/\/api.w.org\/{rel}","templated":true}]}}