{"id":292,"date":"2020-07-02T09:29:54","date_gmt":"2020-07-02T09:29:54","guid":{"rendered":"https:\/\/www.definox.com\/en\/?page_id=292"},"modified":"2024-10-07T12:35:09","modified_gmt":"2024-10-07T12:35:09","slug":"our-subsidiaries","status":"publish","type":"page","link":"https:\/\/www.definox.com\/de\/group\/our-subsidiaries\/","title":{"rendered":"Unsere Tochter-gesellschaften"},"content":{"rendered":"\n<div class=\"wp-block-definox-quick-navigation  quick-navigation alignfull\"><div class=\"quick-navigation__content\"><div class=\"quick-navigation__wrapper\"><div class=\"quick-navigation__sticky-hook\"><\/div><div class=\"quick-navigation__items\">\n<div class=\"wp-block-definox-quick-navigation-item quick-navigation__item\"><a class=\"quick-navigation__link\" href=\"#definoxincorporated\">DEFINOX Incorporated<\/a><\/div>\n\n\n\n<div class=\"wp-block-definox-quick-navigation-item quick-navigation__item\"><a class=\"quick-navigation__link\" href=\"#definoxbeijing\">DEFINOX Beijing<\/a><\/div>\n\n\n\n<div class=\"wp-block-definox-quick-navigation-item quick-navigation__item\"><a class=\"quick-navigation__link\" href=\"#Implantationen\">Implantationen<\/a><\/div>\n<\/div><div class=\"quick-navigation__controls\"><button class=\"quick-navigation__button quick-navigation__button--prev\"><\/button><button class=\"quick-navigation__button quick-navigation__button--next\"><\/button><\/div><\/div><\/div><\/div>\n\n\n\n<div style=\"height:100px\" aria-hidden=\"true\" class=\"wp-block-spacer\"><\/div>\n\n\n\n<div style=\"height:100px\" aria-hidden=\"true\" class=\"wp-block-spacer\"><\/div>\n\n\n\n<h2 class=\"wp-block-heading\" id=\"definoxincorporated\">DEFINOX Incorporated<\/h2>\n\n\n\n<h3 class=\"wp-block-heading\"><strong>Ausbau unserer Pr\u00e4senz in Nordamerika<\/strong><\/h3>\n\n\n\n<p>Definox Incorporated ist ein Schwesterunternehmen von Definox SAS und zu 100 % amerikanisch. Sie wurde 1996 gegr\u00fcndet und deckt den nordamerikanischen Kontinent (USA und Kanada) ab. Neben dem Verkaufsb\u00fcro gibt es auch eine eigene Struktur mit Lagerbest\u00e4nden zur Versorgung des nordamerikanischen Marktes. Seit seiner Gr\u00fcndung hat dieses Unternehmen wesentlich zur wirtschaftlichen Entwicklung auf der anderen Seite des Atlantiks beigetragen.<\/p>\n\n\n\n<div style=\"height:100px\" aria-hidden=\"true\" class=\"wp-block-spacer\"><\/div>\n\n\n\n<h3 class=\"wp-block-heading\"><strong>Effizient zusammenarbeiten<\/strong><\/h3>\n\n\n\n<p>Die enge Zusammenarbeit zwischen Definox Inc. in Amerika und der franz\u00f6sischen F&amp;E-Abteilung erm\u00f6glicht es uns, auf die spezifischen technischen Anforderungen des amerikanischen Marktes einzugehen und die 3A-Standards PMO zu erf\u00fcllen&#8230; Um dieses Gebiet abzudecken, st\u00fctzt sich das amerikanische Team auf lokale Vertriebspartner in allen 50 Staaten.<\/p>\n\n\n\n<div style=\"height:100px\" aria-hidden=\"true\" class=\"wp-block-spacer\"><\/div>\n\n\n\n<figure class=\"wp-block-image size-large\"><img loading=\"lazy\" decoding=\"async\" width=\"1024\" height=\"533\" src=\"https:\/\/www.definox.com\/app\/uploads\/sites\/11\/2020\/07\/DEFINOX-group-our-subsidiairies-definox-incorporated-1024x533.jpg\" alt=\"DEFINOX-group-our-subsidiairies-definox-incorporated-retailers\" class=\"wp-image-1379\" srcset=\"https:\/\/www.definox.com\/app\/uploads\/sites\/11\/2020\/07\/DEFINOX-group-our-subsidiairies-definox-incorporated-1024x533.jpg 1024w, https:\/\/www.definox.com\/app\/uploads\/sites\/11\/2020\/07\/DEFINOX-group-our-subsidiairies-definox-incorporated-300x156.jpg 300w, https:\/\/www.definox.com\/app\/uploads\/sites\/11\/2020\/07\/DEFINOX-group-our-subsidiairies-definox-incorporated-768x400.jpg 768w, https:\/\/www.definox.com\/app\/uploads\/sites\/11\/2020\/07\/DEFINOX-group-our-subsidiairies-definox-incorporated-1536x799.jpg 1536w, https:\/\/www.definox.com\/app\/uploads\/sites\/11\/2020\/07\/DEFINOX-group-our-subsidiairies-definox-incorporated-35x18.jpg 35w, https:\/\/www.definox.com\/app\/uploads\/sites\/11\/2020\/07\/DEFINOX-group-our-subsidiairies-definox-incorporated.jpg 1730w\" sizes=\"auto, (max-width: 1024px) 100vw, 1024px\" \/><\/figure>\n\n\n\n<div style=\"height:100px\" aria-hidden=\"true\" class=\"wp-block-spacer\"><\/div>\n\n\n\n<div style=\"height:100px\" aria-hidden=\"true\" class=\"wp-block-spacer\"><\/div>\n\n\n\n<div class=\"wp-block-group alignfull is-style-padding-bottom has-light-grey-background-color has-background\"><div class=\"wp-block-group__inner-container is-layout-flow wp-block-group-is-layout-flow\">\n<div style=\"height:100px\" aria-hidden=\"true\" class=\"wp-block-spacer\"><\/div>\n\n\n\n<h2 class=\"wp-block-heading\" id=\"definoxbeijing\">DEFINOX Beijing<\/h2>\n\n\n\n<h3 class=\"wp-block-heading\"><strong>Beteiligung an nachhaltigem Wachstum<\/strong><\/h3>\n\n\n\n<p>Wir haben das Wachstum Chinas seit Ende der 80er Jahre verfolgt. Zu dieser Zeit begannen wir unsere ersten Gesch\u00e4ftsbeziehungen in Asien. Seitdem sind sie jedes Jahr gewachsen und expandieren mit neuen M\u00e4rkten, vor allem im Bereich der Tiernahrung.<\/p>\n\n\n\n<div style=\"height:100px\" aria-hidden=\"true\" class=\"wp-block-spacer\"><\/div>\n\n\n\n<h3 class=\"wp-block-heading\"><strong>Kombinierte Leistungen<\/strong><\/h3>\n\n\n\n<p>Im Jahr 2003 wurde Definox Beijing Stainless Steel Equipment Ltd. gegr\u00fcndet. Es verf\u00fcgt \u00fcber ein Verkaufsb\u00fcro und Einrichtungen f\u00fcr Montage und Lagerung. Heute sind bei Definox BEIJING mehr als 15 Personen besch\u00e4ftigt. Die Investitionen des chinesischen Teams, die mit den franz\u00f6sischen Teams verbunden sind und von diesen unterst\u00fctzt werden, haben zu hervorragenden Referenzen in China und Asien gef\u00fchrt. Diese Synergie hat Definox einen hervorragenden internationalen Ruf eingebracht und unsere Pr\u00e4senz in der APAC-Zone gefestigt.<\/p>\n\n\n\n<p>Um unsere Interventionen zu erleichtern und ein optimales Follow-up zu gew\u00e4hrleisten, kommunizieren unsere Verkaufsteams und Techniker auf allen Ebenen des Unternehmens in mehreren Sprachen.<\/p>\n\n\n\n<div style=\"height:100px\" aria-hidden=\"true\" class=\"wp-block-spacer\"><\/div>\n\n\n\n<figure class=\"wp-block-image size-large\"><img decoding=\"async\" src=\"https:\/\/www.definox.com\/app\/uploads\/sites\/11\/2020\/07\/DEFINOX-group-our-subsidiairies-definox-beijing-1024x533.jpg\" alt=\"DEFINOX-group-our-subsidiairies-definox-beijing-retailers\" class=\"wp-image-1378\" \/><\/figure>\n\n\n\n<div style=\"height:100px\" aria-hidden=\"true\" class=\"wp-block-spacer\"><\/div>\n\n\n\n<div style=\"height:100px\" aria-hidden=\"true\" class=\"wp-block-spacer\"><\/div>\n<\/div><\/div>\n\n\n<div class=\"implantations\">\n\n  <div class=\"implantations-map implantations-map--admin\" id=\"implantations\" data-target=\"https:\/\/www.definox.com\/de\/kontakt-definox\/\">\n\n    <div class=\"implantations-map__info\">\n\n      <h3>A question, need information? Our sales team and agents are at your side anywhere in the world<\/h3>\n\n      <div class=\"autocomplete\" id=\"country-autocomplete\" data-taxonomy=\"country\" >\n\n  <label>W\u00e4hlen Sie Ihr Land<\/label>\n\n  <input class=\"autocomplete__input\" type=\"search\" placeholder=\"Ihr Land\">\n\n  <input class=\"autocomplete__hidden-input\" type=\"hidden\">\n\n  <div class=\"autocomplete__results\"><\/div>\n\n  <div class=\"autocomplete__close\"><\/div>\n\n<\/div>\n\n    <\/div>\n\n    <div class=\"implantations-map__map\">\n\n      <div id=\"map\"><\/div>\n\n    <\/div>\n\n  <\/div>\n\n  <div class=\"implantations-archive alignfull\">\n\n    <div class=\"container\">\n\n      <h2 class=\"implantations-archive__title has-text-align-center\">Implantationen<\/h2>\n\n      <div class=\"implantations-archive__items\">\n\n        \n          <div class=\"implantations-archive__item\">\n\n            \n<article class=\"implantation-entry\">\n\n  <div class=\"implantation-entry__image-container\">\n\n    <img decoding=\"async\" width=\"418\" height=\"250\" src=\"https:\/\/www.definox.com\/app\/uploads\/2020\/05\/DEFINOX_France@2x-418x250.png\" class=\"implantation-entry__image\" alt=\"\" loading=\"lazy\" srcset=\"https:\/\/www.definox.com\/app\/uploads\/2020\/05\/DEFINOX_France@2x-418x250.png 418w, https:\/\/www.definox.com\/app\/uploads\/2020\/05\/DEFINOX_France@2x-300x179.png 300w, https:\/\/www.definox.com\/app\/uploads\/2020\/05\/DEFINOX_France@2x-768x459.png 768w, https:\/\/www.definox.com\/app\/uploads\/2020\/05\/DEFINOX_France@2x-35x21.png 35w, https:\/\/www.definox.com\/app\/uploads\/2020\/05\/DEFINOX_France@2x.png 836w\" sizes=\"auto, (max-width: 418px) 100vw, 418px\" \/>\n  <\/div>\n\n  <div class=\"implantation-entry__content\">\n\n    <h3 class=\"implantation-entry__title\">Definox SAS<\/h3>\n\n    <div class=\"implantation-entry__address\">\n\n      ZAC de Tabari Sud 2, 3 Rue des Papetiers <br>\n\n      44190 Clisson Frankreich\n    <\/div>\n\n    <div class=\"implantation-entry__button button is-style-tertiary--small\">\n      <a class=\"button__link\" href=\"https:\/\/www.definox.com\/de\/kontakt-definox\/frankreich\">\n        Definox SAS kontaktieren      <\/a>\n    <\/div>\n\n  <\/div>\n\n\n<\/article>\n\n\n          <\/div>\n\n        \n          <div class=\"implantations-archive__item\">\n\n            \n<article class=\"implantation-entry\">\n\n  <div class=\"implantation-entry__image-container\">\n\n    <img decoding=\"async\" width=\"418\" height=\"250\" src=\"https:\/\/www.definox.com\/app\/uploads\/2020\/05\/DEFINOX_Inc-418x250.jpg\" class=\"implantation-entry__image\" alt=\"DEFINOX_Inc\" loading=\"lazy\" srcset=\"https:\/\/www.definox.com\/app\/uploads\/2020\/05\/DEFINOX_Inc-418x250.jpg 418w, https:\/\/www.definox.com\/app\/uploads\/2020\/05\/DEFINOX_Inc-300x179.jpg 300w, https:\/\/www.definox.com\/app\/uploads\/2020\/05\/DEFINOX_Inc-768x459.jpg 768w, https:\/\/www.definox.com\/app\/uploads\/2020\/05\/DEFINOX_Inc-35x21.jpg 35w, https:\/\/www.definox.com\/app\/uploads\/2020\/05\/DEFINOX_Inc.jpg 836w\" sizes=\"auto, (max-width: 418px) 100vw, 418px\" \/>\n  <\/div>\n\n  <div class=\"implantation-entry__content\">\n\n    <h3 class=\"implantation-entry__title\">Definox INC<\/h3>\n\n    <div class=\"implantation-entry__address\">\n\n      16720 W Victor Rd, New Berlin<br>\n\n      53151 Wisconsin USA\n    <\/div>\n\n    <div class=\"implantation-entry__button button is-style-tertiary--small\">\n      <a class=\"button__link\" href=\"https:\/\/www.definox.com\/de\/kontakt-definox\/usa\">\n        Definox INC kontaktieren      <\/a>\n    <\/div>\n\n  <\/div>\n\n\n<\/article>\n\n\n          <\/div>\n\n        \n          <div class=\"implantations-archive__item\">\n\n            \n<article class=\"implantation-entry\">\n\n  <div class=\"implantation-entry__image-container\">\n\n    <img decoding=\"async\" width=\"325\" height=\"250\" src=\"https:\/\/www.definox.com\/app\/uploads\/2020\/07\/DEFINOX-contact-Implantation-Beijing-1-325x250.jpg\" class=\"implantation-entry__image\" alt=\"\" loading=\"lazy\" srcset=\"https:\/\/www.definox.com\/app\/uploads\/2020\/07\/DEFINOX-contact-Implantation-Beijing-1-325x250.jpg 325w, https:\/\/www.definox.com\/app\/uploads\/2020\/07\/DEFINOX-contact-Implantation-Beijing-1-300x231.jpg 300w, https:\/\/www.definox.com\/app\/uploads\/2020\/07\/DEFINOX-contact-Implantation-Beijing-1-1024x788.jpg 1024w, https:\/\/www.definox.com\/app\/uploads\/2020\/07\/DEFINOX-contact-Implantation-Beijing-1-768x591.jpg 768w, https:\/\/www.definox.com\/app\/uploads\/2020\/07\/DEFINOX-contact-Implantation-Beijing-1-35x27.jpg 35w, https:\/\/www.definox.com\/app\/uploads\/2020\/07\/DEFINOX-contact-Implantation-Beijing-1.jpg 1200w\" sizes=\"auto, (max-width: 325px) 100vw, 325px\" \/>\n  <\/div>\n\n  <div class=\"implantation-entry__content\">\n\n    <h3 class=\"implantation-entry__title\">Definox BEIJING<\/h3>\n\n    <div class=\"implantation-entry__address\">\n\n      No 18 East Road &#8211; An Ning Zhuang Quinghe Beijing Haidian District <br>\n\n      100085 BEIJING China\n    <\/div>\n\n    <div class=\"implantation-entry__button button is-style-tertiary--small\">\n      <a class=\"button__link\" href=\"https:\/\/www.definox.com\/de\/kontakt-definox\/china\">\n        Definox BEIJING kontaktieren      <\/a>\n    <\/div>\n\n  <\/div>\n\n\n<\/article>\n\n\n          <\/div>\n\n        \n      <\/div>\n\n    <\/div>\n\n  <\/div>\n\n<\/div>","protected":false},"excerpt":{"rendered":"<p>DEFINOX Incorporated Ausbau unserer Pr\u00e4senz in Nordamerika Definox Incorporated ist ein Schwesterunternehmen von Definox SAS und zu 100 % amerikanisch. Sie wurde 1996 gegr\u00fcndet und deckt den nordamerikanischen Kontinent (USA und Kanada) ab. Neben dem Verkaufsb\u00fcro gibt es auch eine eigene Struktur mit Lagerbest\u00e4nden zur Versorgung des nordamerikanischen Marktes. Seit seiner Gr\u00fcndung hat dieses Unternehmen&#8230;<\/p>\n","protected":false},"author":4,"featured_media":1377,"parent":39,"menu_order":0,"comment_status":"closed","ping_status":"closed","template":"","meta":{"_acf_changed":false,"content-type":"","footnotes":""},"class_list":["entry","entry--292","entry--type-page","entry--status-publish","entry--author-admin_mn","has-post-thumbnail"],"acf":[],"yoast_head":"<!-- This site is optimized with the Yoast SEO plugin v24.2 - https:\/\/yoast.com\/wordpress\/plugins\/seo\/ -->\n<title>Subsidiaries and distributors | Definox<\/title>\n<meta name=\"description\" content=\"Die Definox-Einheiten erm\u00f6glichen uns eine optimale Betreuung, um das h\u00f6chste Serviceniveau bei unseren H\u00e4ndlern zu gew\u00e4hrleisten.\" \/>\n<meta name=\"robots\" content=\"index, follow, max-snippet:-1, max-image-preview:large, max-video-preview:-1\" \/>\n<link rel=\"canonical\" href=\"https:\/\/www.definox.com\/de\/group\/our-subsidiaries\/\" \/>\n<meta property=\"og:locale\" content=\"de_DE\" \/>\n<meta property=\"og:type\" content=\"article\" \/>\n<meta property=\"og:title\" content=\"Subsidiaries and distributors | Definox\" \/>\n<meta property=\"og:description\" content=\"Die Definox-Einheiten erm\u00f6glichen uns eine optimale Betreuung, um das h\u00f6chste Serviceniveau bei unseren H\u00e4ndlern zu gew\u00e4hrleisten.\" \/>\n<meta property=\"og:url\" content=\"https:\/\/www.definox.com\/de\/group\/our-subsidiaries\/\" \/>\n<meta property=\"og:site_name\" content=\"Definox DE\" \/>\n<meta property=\"article:modified_time\" content=\"2024-10-07T12:35:09+00:00\" \/>\n<meta property=\"og:image\" content=\"https:\/\/www.definox.com\/app\/uploads\/sites\/11\/2020\/07\/DEFINOX-group-our-subsidiairies-banner.jpg\" \/>\n\t<meta property=\"og:image:width\" content=\"1200\" \/>\n\t<meta property=\"og:image:height\" content=\"700\" \/>\n\t<meta property=\"og:image:type\" content=\"image\/jpeg\" \/>\n<meta name=\"twitter:card\" content=\"summary_large_image\" \/>\n<meta name=\"twitter:label1\" content=\"Gesch\u00e4tzte Lesezeit\" \/>\n\t<meta name=\"twitter:data1\" content=\"3\u00a0Minuten\" \/>\n<script type=\"application\/ld+json\" class=\"yoast-schema-graph\">{\"@context\":\"https:\/\/schema.org\",\"@graph\":[{\"@type\":\"WebPage\",\"@id\":\"https:\/\/www.definox.com\/de\/group\/our-subsidiaries\/\",\"url\":\"https:\/\/www.definox.com\/de\/group\/our-subsidiaries\/\",\"name\":\"Subsidiaries and distributors | Definox\",\"isPartOf\":{\"@id\":\"https:\/\/www.definox.com\/de\/#website\"},\"primaryImageOfPage\":{\"@id\":\"https:\/\/www.definox.com\/de\/group\/our-subsidiaries\/#primaryimage\"},\"image\":{\"@id\":\"https:\/\/www.definox.com\/de\/group\/our-subsidiaries\/#primaryimage\"},\"thumbnailUrl\":\"https:\/\/www.definox.com\/app\/uploads\/sites\/11\/2020\/07\/DEFINOX-group-our-subsidiairies-banner.jpg\",\"datePublished\":\"2020-07-02T09:29:54+00:00\",\"dateModified\":\"2024-10-07T12:35:09+00:00\",\"description\":\"Die Definox-Einheiten erm\u00f6glichen uns eine optimale Betreuung, um das h\u00f6chste Serviceniveau bei unseren H\u00e4ndlern zu gew\u00e4hrleisten.\",\"breadcrumb\":{\"@id\":\"https:\/\/www.definox.com\/de\/group\/our-subsidiaries\/#breadcrumb\"},\"inLanguage\":\"de\",\"potentialAction\":[{\"@type\":\"ReadAction\",\"target\":[\"https:\/\/www.definox.com\/de\/group\/our-subsidiaries\/\"]}]},{\"@type\":\"ImageObject\",\"inLanguage\":\"de\",\"@id\":\"https:\/\/www.definox.com\/de\/group\/our-subsidiaries\/#primaryimage\",\"url\":\"https:\/\/www.definox.com\/app\/uploads\/sites\/11\/2020\/07\/DEFINOX-group-our-subsidiairies-banner.jpg\",\"contentUrl\":\"https:\/\/www.definox.com\/app\/uploads\/sites\/11\/2020\/07\/DEFINOX-group-our-subsidiairies-banner.jpg\",\"width\":1200,\"height\":700,\"caption\":\"DEFINOX-group-our-subsidiairies-banner-retailers\"},{\"@type\":\"BreadcrumbList\",\"@id\":\"https:\/\/www.definox.com\/de\/group\/our-subsidiaries\/#breadcrumb\",\"itemListElement\":[{\"@type\":\"ListItem\",\"position\":1,\"name\":\"Group\",\"item\":\"https:\/\/www.definox.com\/de\/group\/\"},{\"@type\":\"ListItem\",\"position\":2,\"name\":\"Unsere Tochter-gesellschaften\"}]},{\"@type\":\"WebSite\",\"@id\":\"https:\/\/www.definox.com\/de\/#website\",\"url\":\"https:\/\/www.definox.com\/de\/\",\"name\":\"Definox DE\",\"description\":\"Boost your performance\",\"publisher\":{\"@id\":\"https:\/\/www.definox.com\/de\/#organization\"},\"potentialAction\":[{\"@type\":\"SearchAction\",\"target\":{\"@type\":\"EntryPoint\",\"urlTemplate\":\"https:\/\/www.definox.com\/de\/?s={search_term_string}\"},\"query-input\":{\"@type\":\"PropertyValueSpecification\",\"valueRequired\":true,\"valueName\":\"search_term_string\"}}],\"inLanguage\":\"de\"},{\"@type\":\"Organization\",\"@id\":\"https:\/\/www.definox.com\/de\/#organization\",\"name\":\"Definox DE\",\"url\":\"https:\/\/www.definox.com\/de\/\",\"logo\":{\"@type\":\"ImageObject\",\"inLanguage\":\"de\",\"@id\":\"https:\/\/www.definox.com\/de\/#\/schema\/logo\/image\/\",\"url\":\"https:\/\/www.definox.com\/app\/uploads\/sites\/11\/2021\/01\/icons-footer_logo-definox-id.svg\",\"contentUrl\":\"https:\/\/www.definox.com\/app\/uploads\/sites\/11\/2021\/01\/icons-footer_logo-definox-id.svg\",\"width\":140,\"height\":120,\"caption\":\"Definox DE\"},\"image\":{\"@id\":\"https:\/\/www.definox.com\/de\/#\/schema\/logo\/image\/\"}}]}<\/script>\n<!-- \/ Yoast SEO plugin. -->","yoast_head_json":{"title":"Subsidiaries and distributors | Definox","description":"Die Definox-Einheiten erm\u00f6glichen uns eine optimale Betreuung, um das h\u00f6chste Serviceniveau bei unseren H\u00e4ndlern zu gew\u00e4hrleisten.","robots":{"index":"index","follow":"follow","max-snippet":"max-snippet:-1","max-image-preview":"max-image-preview:large","max-video-preview":"max-video-preview:-1"},"canonical":"https:\/\/www.definox.com\/de\/group\/our-subsidiaries\/","og_locale":"de_DE","og_type":"article","og_title":"Subsidiaries and distributors | Definox","og_description":"Die Definox-Einheiten erm\u00f6glichen uns eine optimale Betreuung, um das h\u00f6chste Serviceniveau bei unseren H\u00e4ndlern zu gew\u00e4hrleisten.","og_url":"https:\/\/www.definox.com\/de\/group\/our-subsidiaries\/","og_site_name":"Definox DE","article_modified_time":"2024-10-07T12:35:09+00:00","og_image":[{"width":1200,"height":700,"url":"https:\/\/www.definox.com\/app\/uploads\/sites\/11\/2020\/07\/DEFINOX-group-our-subsidiairies-banner.jpg","type":"image\/jpeg"}],"twitter_card":"summary_large_image","twitter_misc":{"Gesch\u00e4tzte Lesezeit":"3\u00a0Minuten"},"schema":{"@context":"https:\/\/schema.org","@graph":[{"@type":"WebPage","@id":"https:\/\/www.definox.com\/de\/group\/our-subsidiaries\/","url":"https:\/\/www.definox.com\/de\/group\/our-subsidiaries\/","name":"Subsidiaries and distributors | Definox","isPartOf":{"@id":"https:\/\/www.definox.com\/de\/#website"},"primaryImageOfPage":{"@id":"https:\/\/www.definox.com\/de\/group\/our-subsidiaries\/#primaryimage"},"image":{"@id":"https:\/\/www.definox.com\/de\/group\/our-subsidiaries\/#primaryimage"},"thumbnailUrl":"https:\/\/www.definox.com\/app\/uploads\/sites\/11\/2020\/07\/DEFINOX-group-our-subsidiairies-banner.jpg","datePublished":"2020-07-02T09:29:54+00:00","dateModified":"2024-10-07T12:35:09+00:00","description":"Die Definox-Einheiten erm\u00f6glichen uns eine optimale Betreuung, um das h\u00f6chste Serviceniveau bei unseren H\u00e4ndlern zu gew\u00e4hrleisten.","breadcrumb":{"@id":"https:\/\/www.definox.com\/de\/group\/our-subsidiaries\/#breadcrumb"},"inLanguage":"de","potentialAction":[{"@type":"ReadAction","target":["https:\/\/www.definox.com\/de\/group\/our-subsidiaries\/"]}]},{"@type":"ImageObject","inLanguage":"de","@id":"https:\/\/www.definox.com\/de\/group\/our-subsidiaries\/#primaryimage","url":"https:\/\/www.definox.com\/app\/uploads\/sites\/11\/2020\/07\/DEFINOX-group-our-subsidiairies-banner.jpg","contentUrl":"https:\/\/www.definox.com\/app\/uploads\/sites\/11\/2020\/07\/DEFINOX-group-our-subsidiairies-banner.jpg","width":1200,"height":700,"caption":"DEFINOX-group-our-subsidiairies-banner-retailers"},{"@type":"BreadcrumbList","@id":"https:\/\/www.definox.com\/de\/group\/our-subsidiaries\/#breadcrumb","itemListElement":[{"@type":"ListItem","position":1,"name":"Group","item":"https:\/\/www.definox.com\/de\/group\/"},{"@type":"ListItem","position":2,"name":"Unsere Tochter-gesellschaften"}]},{"@type":"WebSite","@id":"https:\/\/www.definox.com\/de\/#website","url":"https:\/\/www.definox.com\/de\/","name":"Definox DE","description":"Boost your performance","publisher":{"@id":"https:\/\/www.definox.com\/de\/#organization"},"potentialAction":[{"@type":"SearchAction","target":{"@type":"EntryPoint","urlTemplate":"https:\/\/www.definox.com\/de\/?s={search_term_string}"},"query-input":{"@type":"PropertyValueSpecification","valueRequired":true,"valueName":"search_term_string"}}],"inLanguage":"de"},{"@type":"Organization","@id":"https:\/\/www.definox.com\/de\/#organization","name":"Definox DE","url":"https:\/\/www.definox.com\/de\/","logo":{"@type":"ImageObject","inLanguage":"de","@id":"https:\/\/www.definox.com\/de\/#\/schema\/logo\/image\/","url":"https:\/\/www.definox.com\/app\/uploads\/sites\/11\/2021\/01\/icons-footer_logo-definox-id.svg","contentUrl":"https:\/\/www.definox.com\/app\/uploads\/sites\/11\/2021\/01\/icons-footer_logo-definox-id.svg","width":140,"height":120,"caption":"Definox DE"},"image":{"@id":"https:\/\/www.definox.com\/de\/#\/schema\/logo\/image\/"}}]}},"_links":{"self":[{"href":"https:\/\/www.definox.com\/de\/wp-json\/wp\/v2\/pages\/292","targetHints":{"allow":["GET"]}}],"collection":[{"href":"https:\/\/www.definox.com\/de\/wp-json\/wp\/v2\/pages"}],"about":[{"href":"https:\/\/www.definox.com\/de\/wp-json\/wp\/v2\/types\/page"}],"author":[{"embeddable":true,"href":"https:\/\/www.definox.com\/de\/wp-json\/wp\/v2\/users\/4"}],"replies":[{"embeddable":true,"href":"https:\/\/www.definox.com\/de\/wp-json\/wp\/v2\/comments?post=292"}],"version-history":[{"count":20,"href":"https:\/\/www.definox.com\/de\/wp-json\/wp\/v2\/pages\/292\/revisions"}],"predecessor-version":[{"id":2579,"href":"https:\/\/www.definox.com\/de\/wp-json\/wp\/v2\/pages\/292\/revisions\/2579"}],"up":[{"embeddable":true,"href":"https:\/\/www.definox.com\/de\/wp-json\/wp\/v2\/pages\/39"}],"wp:featuredmedia":[{"embeddable":true,"href":"https:\/\/www.definox.com\/de\/wp-json\/wp\/v2\/media\/1377"}],"wp:attachment":[{"href":"https:\/\/www.definox.com\/de\/wp-json\/wp\/v2\/media?parent=292"}],"curies":[{"name":"wp","href":"https:\/\/api.w.org\/{rel}","templated":true}]}}