{"id":39,"date":"2020-06-10T13:21:54","date_gmt":"2020-06-10T13:21:54","guid":{"rendered":"https:\/\/www.definox.com\/en\/?page_id=39"},"modified":"2024-10-07T12:30:55","modified_gmt":"2024-10-07T12:30:55","slug":"group","status":"publish","type":"page","link":"https:\/\/www.definox.com\/de\/group\/","title":{"rendered":"Group"},"content":{"rendered":"\n<div style=\"height:100px\" aria-hidden=\"true\" class=\"wp-block-spacer\"><\/div>\n\n\n\n<div style=\"height:100px\" aria-hidden=\"true\" class=\"wp-block-spacer\"><\/div>\n\n\n\n<div class=\"wp-block-media-text alignwide is-stacked-on-mobile is-style-grey-background\"><figure class=\"wp-block-media-text__media\"><img decoding=\"async\" width=\"1024\" height=\"597\" src=\"https:\/\/www.definox.com\/app\/uploads\/sites\/11\/2020\/07\/DEFINOX-group-definox-international-banner-1024x597.jpg\" alt=\"DEFINOX-group-definox-international-banner-responsiveness\" class=\"wp-image-1365 size-full\" srcset=\"https:\/\/www.definox.com\/app\/uploads\/sites\/11\/2020\/07\/DEFINOX-group-definox-international-banner-1024x597.jpg 1024w, https:\/\/www.definox.com\/app\/uploads\/sites\/11\/2020\/07\/DEFINOX-group-definox-international-banner-300x175.jpg 300w, https:\/\/www.definox.com\/app\/uploads\/sites\/11\/2020\/07\/DEFINOX-group-definox-international-banner-768x448.jpg 768w, https:\/\/www.definox.com\/app\/uploads\/sites\/11\/2020\/07\/DEFINOX-group-definox-international-banner-35x20.jpg 35w, https:\/\/www.definox.com\/app\/uploads\/sites\/11\/2020\/07\/DEFINOX-group-definox-international-banner-600x350.jpg 600w, https:\/\/www.definox.com\/app\/uploads\/sites\/11\/2020\/07\/DEFINOX-group-definox-international-banner.jpg 1200w\" sizes=\"(max-width: 1024px) 100vw, 1024px\" \/><\/figure><div class=\"wp-block-media-text__content\">\n<h2 class=\"wp-block-heading\">DEFINOX International<\/h2>\n\n\n\n<p>Bei Definox haben wir seit \u00fcber 50 Jahren einen Sinn f\u00fcr Service. Wir stellen unser Fachwissen \u00fcber ein Vertriebsnetz in 70 L\u00e4ndern zur Verf\u00fcgung. Dies hat uns heute zu einem anerkannten Experten auf unserem Gebiet gemacht.<\/p>\n\n\n\n<div class=\"wp-block-buttons is-layout-flex wp-block-buttons-is-layout-flex\">\n<div class=\"wp-block-button is-style-primary\"><a class=\"wp-block-button__link wp-element-button\" href=\"definox-international\/\">Entdecken Sie unsere Gruppe<\/a><\/div>\n<\/div>\n<\/div><\/div>\n\n\n\n<div class=\"wp-block-media-text alignwide is-stacked-on-mobile is-style-grey-background\"><figure class=\"wp-block-media-text__media\"><img decoding=\"async\" width=\"1024\" height=\"597\" src=\"https:\/\/www.definox.com\/app\/uploads\/sites\/11\/2020\/07\/DEFINOX-group-our-subsidiairies-banner-1024x597.jpg\" alt=\"DEFINOX-group-our-subsidiairies-banner-retailers\" class=\"wp-image-1377 size-full\" srcset=\"https:\/\/www.definox.com\/app\/uploads\/sites\/11\/2020\/07\/DEFINOX-group-our-subsidiairies-banner-1024x597.jpg 1024w, https:\/\/www.definox.com\/app\/uploads\/sites\/11\/2020\/07\/DEFINOX-group-our-subsidiairies-banner-300x175.jpg 300w, https:\/\/www.definox.com\/app\/uploads\/sites\/11\/2020\/07\/DEFINOX-group-our-subsidiairies-banner-768x448.jpg 768w, https:\/\/www.definox.com\/app\/uploads\/sites\/11\/2020\/07\/DEFINOX-group-our-subsidiairies-banner-35x20.jpg 35w, https:\/\/www.definox.com\/app\/uploads\/sites\/11\/2020\/07\/DEFINOX-group-our-subsidiairies-banner-600x350.jpg 600w, https:\/\/www.definox.com\/app\/uploads\/sites\/11\/2020\/07\/DEFINOX-group-our-subsidiairies-banner.jpg 1200w\" sizes=\"(max-width: 1024px) 100vw, 1024px\" \/><\/figure><div class=\"wp-block-media-text__content\">\n<h2 class=\"wp-block-heading\">UNSERE TOCHTERGESELLSCHAFTEN UND VERTRIEBSPARTNER<\/h2>\n\n\n\n<p>Entdecken Sie unsere Vertriebst\u00f6chter Definox Inc (USA). und Definox Beijing. Diese Einrichtungen erm\u00f6glichen es uns, eine optimale Betreuung und das h\u00f6chstm\u00f6gliche Serviceniveau f\u00fcr unsere weltweiten Vertriebsh\u00e4ndler zu gew\u00e4hrleisten.<\/p>\n\n\n\n<div class=\"wp-block-buttons is-layout-flex wp-block-buttons-is-layout-flex\">\n<div class=\"wp-block-button is-style-primary\"><a class=\"wp-block-button__link wp-element-button\" href=\"our-subsidiaries\/\">Entdecken Sie unsere Tochtergesellschaften<\/a><\/div>\n<\/div>\n<\/div><\/div>\n\n\n\n<div class=\"wp-block-media-text alignwide is-stacked-on-mobile is-style-grey-background\"><figure class=\"wp-block-media-text__media\"><img decoding=\"async\" width=\"1024\" height=\"597\" src=\"https:\/\/www.definox.com\/app\/uploads\/sites\/11\/2020\/07\/DEFINOX-group-our-commitments-banner-1024x597.jpg\" alt=\"DEFINOX-group-our-commitments-banner\" class=\"wp-image-1373 size-full\" srcset=\"https:\/\/www.definox.com\/app\/uploads\/sites\/11\/2020\/07\/DEFINOX-group-our-commitments-banner-1024x597.jpg 1024w, https:\/\/www.definox.com\/app\/uploads\/sites\/11\/2020\/07\/DEFINOX-group-our-commitments-banner-300x175.jpg 300w, https:\/\/www.definox.com\/app\/uploads\/sites\/11\/2020\/07\/DEFINOX-group-our-commitments-banner-768x448.jpg 768w, https:\/\/www.definox.com\/app\/uploads\/sites\/11\/2020\/07\/DEFINOX-group-our-commitments-banner-35x20.jpg 35w, https:\/\/www.definox.com\/app\/uploads\/sites\/11\/2020\/07\/DEFINOX-group-our-commitments-banner-600x350.jpg 600w, https:\/\/www.definox.com\/app\/uploads\/sites\/11\/2020\/07\/DEFINOX-group-our-commitments-banner.jpg 1200w\" sizes=\"(max-width: 1024px) 100vw, 1024px\" \/><\/figure><div class=\"wp-block-media-text__content\">\n<h2 class=\"wp-block-heading\">UNSER ENGAGEMENT<\/h2>\n\n\n\n<p>Um die Grundlagen f\u00fcr die Industrie der Zukunft zu schaffen, verpflichtet sich Definox zu Qualit\u00e4t, Umweltsicherheit und Einhaltung der ISO-Normen<\/p>\n\n\n\n<div class=\"wp-block-buttons is-layout-flex wp-block-buttons-is-layout-flex\">\n<div class=\"wp-block-button is-style-primary\"><a class=\"wp-block-button__link wp-element-button\" href=\"our-requirements\/\">Entdecken Sie unser Engagement<\/a><\/div>\n<\/div>\n<\/div><\/div>\n\n\n\n<div class=\"wp-block-media-text alignwide is-stacked-on-mobile is-style-grey-background\"><figure class=\"wp-block-media-text__media\"><img decoding=\"async\" width=\"1024\" height=\"597\" src=\"https:\/\/www.definox.com\/app\/uploads\/sites\/11\/2020\/07\/DEFINOX-group-news-1024x597.jpg\" alt=\"DEFINOX-group-news\" class=\"wp-image-1372 size-full\" srcset=\"https:\/\/www.definox.com\/app\/uploads\/sites\/11\/2020\/07\/DEFINOX-group-news-1024x597.jpg 1024w, https:\/\/www.definox.com\/app\/uploads\/sites\/11\/2020\/07\/DEFINOX-group-news-300x175.jpg 300w, https:\/\/www.definox.com\/app\/uploads\/sites\/11\/2020\/07\/DEFINOX-group-news-768x448.jpg 768w, https:\/\/www.definox.com\/app\/uploads\/sites\/11\/2020\/07\/DEFINOX-group-news-35x20.jpg 35w, https:\/\/www.definox.com\/app\/uploads\/sites\/11\/2020\/07\/DEFINOX-group-news.jpg 1200w\" sizes=\"(max-width: 1024px) 100vw, 1024px\" \/><\/figure><div class=\"wp-block-media-text__content\">\n<h2 class=\"wp-block-heading\">NEUIGKEITEN<\/h2>\n\n\n\n<p>Entdecken Sie alle Neuigkeiten \u00fcber Definox International.<\/p>\n\n\n\n<div class=\"wp-block-buttons is-layout-flex wp-block-buttons-is-layout-flex\">\n<div class=\"wp-block-button is-style-primary\"><a class=\"wp-block-button__link wp-element-button\" href=\"https:\/\/www.definox.com\/en\/group\/news\/\">Entdecken Sie unsere Neuigkeiten<\/a><\/div>\n<\/div>\n<\/div><\/div>\n","protected":false},"excerpt":{"rendered":"","protected":false},"author":3,"featured_media":0,"parent":0,"menu_order":0,"comment_status":"closed","ping_status":"closed","template":"","meta":{"_acf_changed":false,"content-type":"","footnotes":""},"class_list":["entry","entry--39","entry--type-page","entry--status-publish","entry--author-nsagotlucas"],"acf":[],"yoast_head":"<!-- This site is optimized with the Yoast SEO plugin v24.2 - https:\/\/yoast.com\/wordpress\/plugins\/seo\/ -->\n<title>The group | Definox<\/title>\n<meta name=\"description\" content=\"Die Definox-Gruppe wurde vor 50 Jahren gegr\u00fcndet und ist heute ein erfahrener und international anerkannter Ausr\u00fcster.\" \/>\n<meta name=\"robots\" content=\"index, follow, max-snippet:-1, max-image-preview:large, max-video-preview:-1\" \/>\n<link rel=\"canonical\" href=\"https:\/\/www.definox.com\/de\/group\/\" \/>\n<meta property=\"og:locale\" content=\"de_DE\" \/>\n<meta property=\"og:type\" content=\"article\" \/>\n<meta property=\"og:title\" content=\"The group | Definox\" \/>\n<meta property=\"og:description\" content=\"Die Definox-Gruppe wurde vor 50 Jahren gegr\u00fcndet und ist heute ein erfahrener und international anerkannter Ausr\u00fcster.\" \/>\n<meta property=\"og:url\" content=\"https:\/\/www.definox.com\/de\/group\/\" \/>\n<meta property=\"og:site_name\" content=\"Definox DE\" \/>\n<meta property=\"article:modified_time\" content=\"2024-10-07T12:30:55+00:00\" \/>\n<meta property=\"og:image\" content=\"https:\/\/www.definox.com\/app\/uploads\/sites\/11\/2020\/07\/DEFINOX-group-definox-international-banner-1024x597.jpg\" \/>\n<meta name=\"twitter:card\" content=\"summary_large_image\" \/>\n<meta name=\"twitter:label1\" content=\"Gesch\u00e4tzte Lesezeit\" \/>\n\t<meta name=\"twitter:data1\" content=\"2\u00a0Minuten\" \/>\n<script type=\"application\/ld+json\" class=\"yoast-schema-graph\">{\"@context\":\"https:\/\/schema.org\",\"@graph\":[{\"@type\":\"WebPage\",\"@id\":\"https:\/\/www.definox.com\/de\/group\/\",\"url\":\"https:\/\/www.definox.com\/de\/group\/\",\"name\":\"The group | Definox\",\"isPartOf\":{\"@id\":\"https:\/\/www.definox.com\/de\/#website\"},\"primaryImageOfPage\":{\"@id\":\"https:\/\/www.definox.com\/de\/group\/#primaryimage\"},\"image\":{\"@id\":\"https:\/\/www.definox.com\/de\/group\/#primaryimage\"},\"thumbnailUrl\":\"https:\/\/www.definox.com\/app\/uploads\/sites\/11\/2020\/07\/DEFINOX-group-definox-international-banner-1024x597.jpg\",\"datePublished\":\"2020-06-10T13:21:54+00:00\",\"dateModified\":\"2024-10-07T12:30:55+00:00\",\"description\":\"Die Definox-Gruppe wurde vor 50 Jahren gegr\u00fcndet und ist heute ein erfahrener und international anerkannter Ausr\u00fcster.\",\"inLanguage\":\"de\",\"potentialAction\":[{\"@type\":\"ReadAction\",\"target\":[\"https:\/\/www.definox.com\/de\/group\/\"]}]},{\"@type\":\"ImageObject\",\"inLanguage\":\"de\",\"@id\":\"https:\/\/www.definox.com\/de\/group\/#primaryimage\",\"url\":\"https:\/\/www.definox.com\/app\/uploads\/sites\/11\/2020\/07\/DEFINOX-group-definox-international-banner-1024x597.jpg\",\"contentUrl\":\"https:\/\/www.definox.com\/app\/uploads\/sites\/11\/2020\/07\/DEFINOX-group-definox-international-banner-1024x597.jpg\"},{\"@type\":\"WebSite\",\"@id\":\"https:\/\/www.definox.com\/de\/#website\",\"url\":\"https:\/\/www.definox.com\/de\/\",\"name\":\"Definox DE\",\"description\":\"Boost your performance\",\"publisher\":{\"@id\":\"https:\/\/www.definox.com\/de\/#organization\"},\"potentialAction\":[{\"@type\":\"SearchAction\",\"target\":{\"@type\":\"EntryPoint\",\"urlTemplate\":\"https:\/\/www.definox.com\/de\/?s={search_term_string}\"},\"query-input\":{\"@type\":\"PropertyValueSpecification\",\"valueRequired\":true,\"valueName\":\"search_term_string\"}}],\"inLanguage\":\"de\"},{\"@type\":\"Organization\",\"@id\":\"https:\/\/www.definox.com\/de\/#organization\",\"name\":\"Definox DE\",\"url\":\"https:\/\/www.definox.com\/de\/\",\"logo\":{\"@type\":\"ImageObject\",\"inLanguage\":\"de\",\"@id\":\"https:\/\/www.definox.com\/de\/#\/schema\/logo\/image\/\",\"url\":\"https:\/\/www.definox.com\/app\/uploads\/sites\/11\/2021\/01\/icons-footer_logo-definox-id.svg\",\"contentUrl\":\"https:\/\/www.definox.com\/app\/uploads\/sites\/11\/2021\/01\/icons-footer_logo-definox-id.svg\",\"width\":140,\"height\":120,\"caption\":\"Definox DE\"},\"image\":{\"@id\":\"https:\/\/www.definox.com\/de\/#\/schema\/logo\/image\/\"}}]}<\/script>\n<!-- \/ Yoast SEO plugin. -->","yoast_head_json":{"title":"The group | Definox","description":"Die Definox-Gruppe wurde vor 50 Jahren gegr\u00fcndet und ist heute ein erfahrener und international anerkannter Ausr\u00fcster.","robots":{"index":"index","follow":"follow","max-snippet":"max-snippet:-1","max-image-preview":"max-image-preview:large","max-video-preview":"max-video-preview:-1"},"canonical":"https:\/\/www.definox.com\/de\/group\/","og_locale":"de_DE","og_type":"article","og_title":"The group | Definox","og_description":"Die Definox-Gruppe wurde vor 50 Jahren gegr\u00fcndet und ist heute ein erfahrener und international anerkannter Ausr\u00fcster.","og_url":"https:\/\/www.definox.com\/de\/group\/","og_site_name":"Definox DE","article_modified_time":"2024-10-07T12:30:55+00:00","og_image":[{"url":"https:\/\/www.definox.com\/app\/uploads\/sites\/11\/2020\/07\/DEFINOX-group-definox-international-banner-1024x597.jpg","type":"","width":"","height":""}],"twitter_card":"summary_large_image","twitter_misc":{"Gesch\u00e4tzte Lesezeit":"2\u00a0Minuten"},"schema":{"@context":"https:\/\/schema.org","@graph":[{"@type":"WebPage","@id":"https:\/\/www.definox.com\/de\/group\/","url":"https:\/\/www.definox.com\/de\/group\/","name":"The group | Definox","isPartOf":{"@id":"https:\/\/www.definox.com\/de\/#website"},"primaryImageOfPage":{"@id":"https:\/\/www.definox.com\/de\/group\/#primaryimage"},"image":{"@id":"https:\/\/www.definox.com\/de\/group\/#primaryimage"},"thumbnailUrl":"https:\/\/www.definox.com\/app\/uploads\/sites\/11\/2020\/07\/DEFINOX-group-definox-international-banner-1024x597.jpg","datePublished":"2020-06-10T13:21:54+00:00","dateModified":"2024-10-07T12:30:55+00:00","description":"Die Definox-Gruppe wurde vor 50 Jahren gegr\u00fcndet und ist heute ein erfahrener und international anerkannter Ausr\u00fcster.","inLanguage":"de","potentialAction":[{"@type":"ReadAction","target":["https:\/\/www.definox.com\/de\/group\/"]}]},{"@type":"ImageObject","inLanguage":"de","@id":"https:\/\/www.definox.com\/de\/group\/#primaryimage","url":"https:\/\/www.definox.com\/app\/uploads\/sites\/11\/2020\/07\/DEFINOX-group-definox-international-banner-1024x597.jpg","contentUrl":"https:\/\/www.definox.com\/app\/uploads\/sites\/11\/2020\/07\/DEFINOX-group-definox-international-banner-1024x597.jpg"},{"@type":"WebSite","@id":"https:\/\/www.definox.com\/de\/#website","url":"https:\/\/www.definox.com\/de\/","name":"Definox DE","description":"Boost your performance","publisher":{"@id":"https:\/\/www.definox.com\/de\/#organization"},"potentialAction":[{"@type":"SearchAction","target":{"@type":"EntryPoint","urlTemplate":"https:\/\/www.definox.com\/de\/?s={search_term_string}"},"query-input":{"@type":"PropertyValueSpecification","valueRequired":true,"valueName":"search_term_string"}}],"inLanguage":"de"},{"@type":"Organization","@id":"https:\/\/www.definox.com\/de\/#organization","name":"Definox DE","url":"https:\/\/www.definox.com\/de\/","logo":{"@type":"ImageObject","inLanguage":"de","@id":"https:\/\/www.definox.com\/de\/#\/schema\/logo\/image\/","url":"https:\/\/www.definox.com\/app\/uploads\/sites\/11\/2021\/01\/icons-footer_logo-definox-id.svg","contentUrl":"https:\/\/www.definox.com\/app\/uploads\/sites\/11\/2021\/01\/icons-footer_logo-definox-id.svg","width":140,"height":120,"caption":"Definox DE"},"image":{"@id":"https:\/\/www.definox.com\/de\/#\/schema\/logo\/image\/"}}]}},"_links":{"self":[{"href":"https:\/\/www.definox.com\/de\/wp-json\/wp\/v2\/pages\/39","targetHints":{"allow":["GET"]}}],"collection":[{"href":"https:\/\/www.definox.com\/de\/wp-json\/wp\/v2\/pages"}],"about":[{"href":"https:\/\/www.definox.com\/de\/wp-json\/wp\/v2\/types\/page"}],"author":[{"embeddable":true,"href":"https:\/\/www.definox.com\/de\/wp-json\/wp\/v2\/users\/3"}],"replies":[{"embeddable":true,"href":"https:\/\/www.definox.com\/de\/wp-json\/wp\/v2\/comments?post=39"}],"version-history":[{"count":24,"href":"https:\/\/www.definox.com\/de\/wp-json\/wp\/v2\/pages\/39\/revisions"}],"predecessor-version":[{"id":2575,"href":"https:\/\/www.definox.com\/de\/wp-json\/wp\/v2\/pages\/39\/revisions\/2575"}],"wp:attachment":[{"href":"https:\/\/www.definox.com\/de\/wp-json\/wp\/v2\/media?parent=39"}],"curies":[{"name":"wp","href":"https:\/\/api.w.org\/{rel}","templated":true}]}}