{"id":47,"date":"2020-06-10T13:28:01","date_gmt":"2020-06-10T13:28:01","guid":{"rendered":"https:\/\/www.definox.com\/en\/?page_id=47"},"modified":"2026-01-20T09:41:53","modified_gmt":"2026-01-20T09:41:53","slug":"stellenangebote","status":"publish","type":"page","link":"https:\/\/www.definox.com\/de\/stellenangebote\/stellenangebote\/","title":{"rendered":"Stellenangebote"},"content":{"rendered":"\n<div class=\"wp-block-definox-quick-navigation  quick-navigation alignfull\"><div class=\"quick-navigation__content\"><div class=\"quick-navigation__wrapper\"><div class=\"quick-navigation__sticky-hook\"><\/div><div class=\"quick-navigation__items\">\n<div class=\"wp-block-definox-quick-navigation-item quick-navigation__item\"><a class=\"quick-navigation__link\" href=\"#unserewerte\">Unsere werte <\/a><\/div>\n\n\n\n<div class=\"wp-block-definox-quick-navigation-item quick-navigation__item\"><a class=\"quick-navigation__link\" href=\"#50jahreDefinox\">50 jahre Definox<\/a><\/div>\n\n\n\n<div class=\"wp-block-definox-quick-navigation-item quick-navigation__item\"><a class=\"quick-navigation__link\" href=\"#dasregionaleumfeld\">Das regionale umfeld<\/a><\/div>\n\n\n\n<div class=\"wp-block-definox-quick-navigation-item quick-navigation__item\"><a class=\"quick-navigation__link\" href=\"#Schl\u00fcsselzahlen\">Schl\u00fcsselzahlen<\/a><\/div>\n<\/div><div class=\"quick-navigation__controls\"><button class=\"quick-navigation__button quick-navigation__button--prev\"><\/button><button class=\"quick-navigation__button quick-navigation__button--next\"><\/button><\/div><\/div><\/div><\/div>\n\n\n\n<div style=\"height:100px\" aria-hidden=\"true\" class=\"wp-block-spacer\"><\/div>\n\n\n\n<div style=\"height:100px\" aria-hidden=\"true\" class=\"wp-block-spacer\"><\/div>\n\n\n\n<div class=\"wp-block-group alignfull is-style-padding-top has-light-grey-background-color has-background\"><div class=\"wp-block-group__inner-container is-layout-flow wp-block-group-is-layout-flow\">\n<div style=\"height:100px\" aria-hidden=\"true\" class=\"wp-block-spacer\"><\/div>\n\n\n\n<h2 class=\"wp-block-heading has-text-align-center\" id=\"Schl\u00fcsselzahlen\">SCHL\u00dcSSELZAHLEN<\/h2>\n\n\n\n<div class=\"wp-block-definox-card-grid card-grid alignfull\"><div class=\"container\"><div class=\"card-grid__items\">\n<div class=\"wp-block-definox-key-number-icon-card icon-card icon-card--key-number-icon-card\"><div class=\"icon-card__content\">\n<p class=\"icon-card__number\">22<\/p>\n\n\n\n<p class=\"icon-card__description\">22 Mitarbeiter wurden im Jahr 2025 eingestellt (davon 4 duale Studenten)<\/p>\n\n\n\n<svg class=\"wp-block-matiere-noire-svg-icons icon icon-card__image\" width=\"20\" height=\"20\"><use href=\"#icon-implantations__bis\"><\/use><\/svg>\n<\/div><\/div>\n\n\n\n<div class=\"wp-block-definox-key-number-icon-card icon-card icon-card--key-number-icon-card\"><div class=\"icon-card__content\">\n<p class=\"icon-card__number\">3,22%<\/p>\n\n\n\n<p class=\"icon-card__description\">MITARBEITERFLUKTUATION<\/p>\n\n\n\n<svg class=\"wp-block-matiere-noire-svg-icons icon icon-card__image\" width=\"20\" height=\"20\"><use href=\"#icon-process__bis\"><\/use><\/svg>\n<\/div><\/div>\n\n\n\n<div class=\"wp-block-definox-key-number-icon-card icon-card icon-card--key-number-icon-card\"><div class=\"icon-card__content\">\n<p class=\"icon-card__number\">93\/100<\/p>\n\n\n\n<p class=\"icon-card__description\">Index berufliche Gleichstellung<\/p>\n\n\n\n<svg class=\"wp-block-matiere-noire-svg-icons icon icon-card__image\" width=\"20\" height=\"20\"><use href=\"#icon-egalite__bis\"><\/use><\/svg>\n<\/div><\/div>\n<\/div><\/div><\/div>\n\n\n\n<div style=\"height:100px\" aria-hidden=\"true\" class=\"wp-block-spacer\"><\/div>\n\n\n\n<h2 class=\"wp-block-heading\">Index berufliche Gleichstellung, im Detail<\/h2>\n\n\n\n<ul class=\"wp-block-list\">\n<li><strong>38\/40<\/strong>: Indikator bez\u00fcglich des Lohngef\u00e4lles<\/li>\n\n\n\n<li><strong>35\/35<\/strong>: Differenz in Bezug auf die Differenz der individuellen Erh\u00f6hungsraten<\/li>\n\n\n\n<li><strong>15\/15<\/strong>: Indikator f\u00fcr den Prozentsatz der Arbeitnehmerinnen, die innerhalb eines Jahres nach ihrer R\u00fcckkehr aus dem Mutterschaftsurlaub eine Gehaltserh\u00f6hung erhalten haben.<\/li>\n\n\n\n<li><strong>5\/10<\/strong>: Indikator f\u00fcr die Anzahl der Besch\u00e4ftigten des unterrepr\u00e4sentierten Geschlechts unter den 10 Besch\u00e4ftigten mit dem h\u00f6chsten Gehalt<\/li>\n<\/ul>\n\n\n\n<div style=\"height:100px\" aria-hidden=\"true\" class=\"wp-block-spacer\"><\/div>\n\n\n\n<div style=\"height:100px\" aria-hidden=\"true\" class=\"wp-block-spacer\"><\/div>\n<\/div><\/div>\n\n\n\n<h2 class=\"wp-block-heading\" id=\"unserewerte\">UNSERE WERTE<\/h2>\n\n\n\n<p>Unsere Kunden, unsere Mitarbeiter und die Gruppe sind Werten verpflichtet, die den Menschen und die Umwelt respektieren.<\/p>\n\n\n\n<div style=\"height:100px\" aria-hidden=\"true\" class=\"wp-block-spacer\"><\/div>\n\n\n\n<div class=\"wp-block-definox-list-with-paragraph list-with-paragraph\"><div class=\"list-with-paragraph__items\">\n<div class=\"wp-block-definox-list-item list-with-paragraph__item\">\n<h3 class=\"wp-block-heading\">Aufgeschlossenheit<\/h3>\n\n\n\n<p>ist eine wesentliche Voraussetzung f\u00fcr die Arbeit im Team, erst recht in einem internationalen und multikulturellen Umfeld.<\/p>\n<\/div>\n\n\n\n<div class=\"wp-block-definox-list-item list-with-paragraph__item\">\n<h3 class=\"wp-block-heading\"><strong>Das Engagement f\u00fcr Service und Kundenzufriedenheit ist<\/strong><\/h3>\n\n\n\n<p>die Grundlage f\u00fcr eine nachhaltige, auf Vertrauen basierende Beziehung.<\/p>\n<\/div>\n\n\n\n<div class=\"wp-block-definox-list-item list-with-paragraph__item\">\n<h3 class=\"wp-block-heading\"><strong>Leistung<\/strong><\/h3>\n\n\n\n<p>durch Zuverl\u00e4ssigkeit und Fachwissen entspricht den Anforderungen an Qualit\u00e4t, Sicherheit und Umweltfreundlichkeit.<\/p>\n<\/div>\n\n\n\n<div class=\"wp-block-definox-list-item list-with-paragraph__item\">\n<h3 class=\"wp-block-heading\"><strong>Ein Kollektivgeist<\/strong><\/h3>\n\n\n\n<p>f\u00f6rdert das Wohlbefinden jedes Einzelnen und die Beweglichkeit aller.<\/p>\n<\/div>\n<\/div><\/div>\n\n\n\n<div style=\"height:100px\" aria-hidden=\"true\" class=\"wp-block-spacer\"><\/div>\n\n\n\n<div class=\"wp-block-group alignfull is-style-padding-top has-light-grey-background-color has-background\"><div class=\"wp-block-group__inner-container is-layout-flow wp-block-group-is-layout-flow\">\n<div style=\"height:100px\" aria-hidden=\"true\" class=\"wp-block-spacer\"><\/div>\n\n\n\n<h2 class=\"wp-block-heading has-text-align-center\" id=\"50jahreDefinox\">50 JAHRE DEFINOX<\/h2>\n\n\n\n<figure class=\"wp-block-embed aligncenter is-type-video is-provider-youtube wp-block-embed-youtube wp-embed-aspect-16-9 wp-has-aspect-ratio\"><div class=\"wp-block-embed__wrapper\">\n<iframe loading=\"lazy\" title=\"DEFINOX c\u00e9l\u00e8bre ses 50 ans\" width=\"865\" height=\"487\" src=\"https:\/\/www.youtube.com\/embed\/EHpM-nwT5M0?feature=oembed\" frameborder=\"0\" allow=\"accelerometer; autoplay; clipboard-write; encrypted-media; gyroscope; picture-in-picture; web-share\" referrerpolicy=\"strict-origin-when-cross-origin\" allowfullscreen><\/iframe>\n<\/div><\/figure>\n\n\n\n<div style=\"height:100px\" aria-hidden=\"true\" class=\"wp-block-spacer\"><\/div>\n<\/div><\/div>\n\n\n\n<div style=\"height:100px\" aria-hidden=\"true\" class=\"wp-block-spacer\"><\/div>\n\n\n\n<h2 class=\"wp-block-heading has-text-align-center\" id=\"dasregionaleumfeld\">DAS REGIONALE UMFELD<\/h2>\n\n\n\n<figure class=\"wp-block-embed aligncenter is-type-video is-provider-youtube wp-block-embed-youtube wp-embed-aspect-16-9 wp-has-aspect-ratio\"><div class=\"wp-block-embed__wrapper\">\n<iframe loading=\"lazy\" title=\"La Vall\u00e9e de Clisson vue du ciel\" width=\"865\" height=\"487\" src=\"https:\/\/www.youtube.com\/embed\/qg2_tEei9ns?feature=oembed\" frameborder=\"0\" allow=\"accelerometer; autoplay; clipboard-write; encrypted-media; gyroscope; picture-in-picture; web-share\" referrerpolicy=\"strict-origin-when-cross-origin\" allowfullscreen><\/iframe>\n<\/div><\/figure>\n\n\n\n<p>Definox mit Sitz in Clisson, einer kleinen Stadt, die als \u201ekleines Italien in Frankreich\u201c bekannt ist, liegt im Muscadet-Weinland s\u00fcdlich von Nantes, der europ\u00e4ischen Hauptstadt der Innovation und bekannt f\u00fcr sein Hellfest\u2011Festival, das im Jahr 2025 280.000 Besucher versammelte. Unser Standort befindet sich im Gewerbegebiet TABARI in der N\u00e4he des Bahnhofs von Clisson. \u00dcber 50 Unternehmen im Park arbeiten gemeinsam an Themen wie Mobilit\u00e4t, Sicherheit und Gemeinschaftsr\u00e4ume: eine Betriebsg\u00e4rtnerei und ein konzerninternes Restaurant. Ein Sportkomplex in der N\u00e4he des Standorts und ein Schwimmbad in der Gemeinde erleichtern die sportliche Bet\u00e4tigung und tragen zur Verbesserung der Gesundheit der Besch\u00e4ftigten bei. Definox f\u00f6rdert das Pendeln mit dem Fahrrad.<\/p>\n\n\n\n<div style=\"height:100px\" aria-hidden=\"true\" class=\"wp-block-spacer\"><\/div>\n\n\n\n<div style=\"height:100px\" aria-hidden=\"true\" class=\"wp-block-spacer\"><\/div>\n","protected":false},"excerpt":{"rendered":"<p>SCHL\u00dcSSELZAHLEN Index berufliche Gleichstellung, im Detail UNSERE WERTE Unsere Kunden, unsere Mitarbeiter und die Gruppe sind Werten verpflichtet, die den Menschen und die Umwelt respektieren. 50 JAHRE DEFINOX DAS REGIONALE UMFELD Definox mit Sitz in Clisson, einer kleinen Stadt, die als \u201ekleines Italien in Frankreich\u201c bekannt ist, liegt im Muscadet-Weinland s\u00fcdlich von Nantes, der europ\u00e4ischen&#8230;<\/p>\n","protected":false},"author":3,"featured_media":1364,"parent":45,"menu_order":0,"comment_status":"closed","ping_status":"closed","template":"","meta":{"_acf_changed":false,"content-type":"","footnotes":""},"class_list":["entry","entry--47","entry--type-page","entry--status-publish","entry--author-nsagotlucas","has-post-thumbnail"],"acf":[],"yoast_head":"<!-- This site is optimized with the Yoast SEO plugin v24.2 - https:\/\/yoast.com\/wordpress\/plugins\/seo\/ -->\n<title>Our company culture | Definox<\/title>\n<meta name=\"description\" content=\"Definox hat sich dank einer reichen Geschichte und einer starken Unternehmenskultur einen festen Platz in der Region und weltweit erarbeitet.\" \/>\n<meta name=\"robots\" content=\"index, follow, max-snippet:-1, max-image-preview:large, max-video-preview:-1\" \/>\n<link rel=\"canonical\" href=\"https:\/\/www.definox.com\/de\/stellenangebote\/stellenangebote\/\" \/>\n<meta property=\"og:locale\" content=\"de_DE\" \/>\n<meta property=\"og:type\" content=\"article\" \/>\n<meta property=\"og:title\" content=\"Our company culture | Definox\" \/>\n<meta property=\"og:description\" content=\"Definox hat sich dank einer reichen Geschichte und einer starken Unternehmenskultur einen festen Platz in der Region und weltweit erarbeitet.\" \/>\n<meta property=\"og:url\" content=\"https:\/\/www.definox.com\/de\/stellenangebote\/stellenangebote\/\" \/>\n<meta property=\"og:site_name\" content=\"Definox DE\" \/>\n<meta property=\"article:modified_time\" content=\"2026-01-20T09:41:53+00:00\" \/>\n<meta property=\"og:image\" content=\"https:\/\/www.definox.com\/app\/uploads\/sites\/11\/2020\/07\/DEFINOX-carrers-join-us-banner.jpg\" \/>\n\t<meta property=\"og:image:width\" content=\"1200\" \/>\n\t<meta property=\"og:image:height\" content=\"700\" \/>\n\t<meta property=\"og:image:type\" content=\"image\/jpeg\" \/>\n<meta name=\"twitter:card\" content=\"summary_large_image\" \/>\n<meta name=\"twitter:label1\" content=\"Gesch\u00e4tzte Lesezeit\" \/>\n\t<meta name=\"twitter:data1\" content=\"2\u00a0Minuten\" \/>\n<script type=\"application\/ld+json\" class=\"yoast-schema-graph\">{\"@context\":\"https:\/\/schema.org\",\"@graph\":[{\"@type\":\"WebPage\",\"@id\":\"https:\/\/www.definox.com\/de\/stellenangebote\/stellenangebote\/\",\"url\":\"https:\/\/www.definox.com\/de\/stellenangebote\/stellenangebote\/\",\"name\":\"Our company culture | Definox\",\"isPartOf\":{\"@id\":\"https:\/\/www.definox.com\/de\/#website\"},\"primaryImageOfPage\":{\"@id\":\"https:\/\/www.definox.com\/de\/stellenangebote\/stellenangebote\/#primaryimage\"},\"image\":{\"@id\":\"https:\/\/www.definox.com\/de\/stellenangebote\/stellenangebote\/#primaryimage\"},\"thumbnailUrl\":\"https:\/\/www.definox.com\/app\/uploads\/sites\/11\/2020\/07\/DEFINOX-carrers-join-us-banner.jpg\",\"datePublished\":\"2020-06-10T13:28:01+00:00\",\"dateModified\":\"2026-01-20T09:41:53+00:00\",\"description\":\"Definox hat sich dank einer reichen Geschichte und einer starken Unternehmenskultur einen festen Platz in der Region und weltweit erarbeitet.\",\"breadcrumb\":{\"@id\":\"https:\/\/www.definox.com\/de\/stellenangebote\/stellenangebote\/#breadcrumb\"},\"inLanguage\":\"de\",\"potentialAction\":[{\"@type\":\"ReadAction\",\"target\":[\"https:\/\/www.definox.com\/de\/stellenangebote\/stellenangebote\/\"]}]},{\"@type\":\"ImageObject\",\"inLanguage\":\"de\",\"@id\":\"https:\/\/www.definox.com\/de\/stellenangebote\/stellenangebote\/#primaryimage\",\"url\":\"https:\/\/www.definox.com\/app\/uploads\/sites\/11\/2020\/07\/DEFINOX-carrers-join-us-banner.jpg\",\"contentUrl\":\"https:\/\/www.definox.com\/app\/uploads\/sites\/11\/2020\/07\/DEFINOX-carrers-join-us-banner.jpg\",\"width\":1200,\"height\":700,\"caption\":\"DEFINOX-carrers-join-us-banner-local-history\"},{\"@type\":\"BreadcrumbList\",\"@id\":\"https:\/\/www.definox.com\/de\/stellenangebote\/stellenangebote\/#breadcrumb\",\"itemListElement\":[{\"@type\":\"ListItem\",\"position\":1,\"name\":\"Stellenangebote\",\"item\":\"https:\/\/www.definox.com\/de\/stellenangebote\/\"},{\"@type\":\"ListItem\",\"position\":2,\"name\":\"Stellenangebote\"}]},{\"@type\":\"WebSite\",\"@id\":\"https:\/\/www.definox.com\/de\/#website\",\"url\":\"https:\/\/www.definox.com\/de\/\",\"name\":\"Definox DE\",\"description\":\"Boost your performance\",\"publisher\":{\"@id\":\"https:\/\/www.definox.com\/de\/#organization\"},\"potentialAction\":[{\"@type\":\"SearchAction\",\"target\":{\"@type\":\"EntryPoint\",\"urlTemplate\":\"https:\/\/www.definox.com\/de\/?s={search_term_string}\"},\"query-input\":{\"@type\":\"PropertyValueSpecification\",\"valueRequired\":true,\"valueName\":\"search_term_string\"}}],\"inLanguage\":\"de\"},{\"@type\":\"Organization\",\"@id\":\"https:\/\/www.definox.com\/de\/#organization\",\"name\":\"Definox DE\",\"url\":\"https:\/\/www.definox.com\/de\/\",\"logo\":{\"@type\":\"ImageObject\",\"inLanguage\":\"de\",\"@id\":\"https:\/\/www.definox.com\/de\/#\/schema\/logo\/image\/\",\"url\":\"https:\/\/www.definox.com\/app\/uploads\/sites\/11\/2021\/01\/icons-footer_logo-definox-id.svg\",\"contentUrl\":\"https:\/\/www.definox.com\/app\/uploads\/sites\/11\/2021\/01\/icons-footer_logo-definox-id.svg\",\"width\":140,\"height\":120,\"caption\":\"Definox DE\"},\"image\":{\"@id\":\"https:\/\/www.definox.com\/de\/#\/schema\/logo\/image\/\"}}]}<\/script>\n<!-- \/ Yoast SEO plugin. -->","yoast_head_json":{"title":"Our company culture | Definox","description":"Definox hat sich dank einer reichen Geschichte und einer starken Unternehmenskultur einen festen Platz in der Region und weltweit erarbeitet.","robots":{"index":"index","follow":"follow","max-snippet":"max-snippet:-1","max-image-preview":"max-image-preview:large","max-video-preview":"max-video-preview:-1"},"canonical":"https:\/\/www.definox.com\/de\/stellenangebote\/stellenangebote\/","og_locale":"de_DE","og_type":"article","og_title":"Our company culture | Definox","og_description":"Definox hat sich dank einer reichen Geschichte und einer starken Unternehmenskultur einen festen Platz in der Region und weltweit erarbeitet.","og_url":"https:\/\/www.definox.com\/de\/stellenangebote\/stellenangebote\/","og_site_name":"Definox DE","article_modified_time":"2026-01-20T09:41:53+00:00","og_image":[{"width":1200,"height":700,"url":"https:\/\/www.definox.com\/app\/uploads\/sites\/11\/2020\/07\/DEFINOX-carrers-join-us-banner.jpg","type":"image\/jpeg"}],"twitter_card":"summary_large_image","twitter_misc":{"Gesch\u00e4tzte Lesezeit":"2\u00a0Minuten"},"schema":{"@context":"https:\/\/schema.org","@graph":[{"@type":"WebPage","@id":"https:\/\/www.definox.com\/de\/stellenangebote\/stellenangebote\/","url":"https:\/\/www.definox.com\/de\/stellenangebote\/stellenangebote\/","name":"Our company culture | Definox","isPartOf":{"@id":"https:\/\/www.definox.com\/de\/#website"},"primaryImageOfPage":{"@id":"https:\/\/www.definox.com\/de\/stellenangebote\/stellenangebote\/#primaryimage"},"image":{"@id":"https:\/\/www.definox.com\/de\/stellenangebote\/stellenangebote\/#primaryimage"},"thumbnailUrl":"https:\/\/www.definox.com\/app\/uploads\/sites\/11\/2020\/07\/DEFINOX-carrers-join-us-banner.jpg","datePublished":"2020-06-10T13:28:01+00:00","dateModified":"2026-01-20T09:41:53+00:00","description":"Definox hat sich dank einer reichen Geschichte und einer starken Unternehmenskultur einen festen Platz in der Region und weltweit erarbeitet.","breadcrumb":{"@id":"https:\/\/www.definox.com\/de\/stellenangebote\/stellenangebote\/#breadcrumb"},"inLanguage":"de","potentialAction":[{"@type":"ReadAction","target":["https:\/\/www.definox.com\/de\/stellenangebote\/stellenangebote\/"]}]},{"@type":"ImageObject","inLanguage":"de","@id":"https:\/\/www.definox.com\/de\/stellenangebote\/stellenangebote\/#primaryimage","url":"https:\/\/www.definox.com\/app\/uploads\/sites\/11\/2020\/07\/DEFINOX-carrers-join-us-banner.jpg","contentUrl":"https:\/\/www.definox.com\/app\/uploads\/sites\/11\/2020\/07\/DEFINOX-carrers-join-us-banner.jpg","width":1200,"height":700,"caption":"DEFINOX-carrers-join-us-banner-local-history"},{"@type":"BreadcrumbList","@id":"https:\/\/www.definox.com\/de\/stellenangebote\/stellenangebote\/#breadcrumb","itemListElement":[{"@type":"ListItem","position":1,"name":"Stellenangebote","item":"https:\/\/www.definox.com\/de\/stellenangebote\/"},{"@type":"ListItem","position":2,"name":"Stellenangebote"}]},{"@type":"WebSite","@id":"https:\/\/www.definox.com\/de\/#website","url":"https:\/\/www.definox.com\/de\/","name":"Definox DE","description":"Boost your performance","publisher":{"@id":"https:\/\/www.definox.com\/de\/#organization"},"potentialAction":[{"@type":"SearchAction","target":{"@type":"EntryPoint","urlTemplate":"https:\/\/www.definox.com\/de\/?s={search_term_string}"},"query-input":{"@type":"PropertyValueSpecification","valueRequired":true,"valueName":"search_term_string"}}],"inLanguage":"de"},{"@type":"Organization","@id":"https:\/\/www.definox.com\/de\/#organization","name":"Definox DE","url":"https:\/\/www.definox.com\/de\/","logo":{"@type":"ImageObject","inLanguage":"de","@id":"https:\/\/www.definox.com\/de\/#\/schema\/logo\/image\/","url":"https:\/\/www.definox.com\/app\/uploads\/sites\/11\/2021\/01\/icons-footer_logo-definox-id.svg","contentUrl":"https:\/\/www.definox.com\/app\/uploads\/sites\/11\/2021\/01\/icons-footer_logo-definox-id.svg","width":140,"height":120,"caption":"Definox DE"},"image":{"@id":"https:\/\/www.definox.com\/de\/#\/schema\/logo\/image\/"}}]}},"_links":{"self":[{"href":"https:\/\/www.definox.com\/de\/wp-json\/wp\/v2\/pages\/47","targetHints":{"allow":["GET"]}}],"collection":[{"href":"https:\/\/www.definox.com\/de\/wp-json\/wp\/v2\/pages"}],"about":[{"href":"https:\/\/www.definox.com\/de\/wp-json\/wp\/v2\/types\/page"}],"author":[{"embeddable":true,"href":"https:\/\/www.definox.com\/de\/wp-json\/wp\/v2\/users\/3"}],"replies":[{"embeddable":true,"href":"https:\/\/www.definox.com\/de\/wp-json\/wp\/v2\/comments?post=47"}],"version-history":[{"count":35,"href":"https:\/\/www.definox.com\/de\/wp-json\/wp\/v2\/pages\/47\/revisions"}],"predecessor-version":[{"id":2717,"href":"https:\/\/www.definox.com\/de\/wp-json\/wp\/v2\/pages\/47\/revisions\/2717"}],"up":[{"embeddable":true,"href":"https:\/\/www.definox.com\/de\/wp-json\/wp\/v2\/pages\/45"}],"wp:featuredmedia":[{"embeddable":true,"href":"https:\/\/www.definox.com\/de\/wp-json\/wp\/v2\/media\/1364"}],"wp:attachment":[{"href":"https:\/\/www.definox.com\/de\/wp-json\/wp\/v2\/media?parent=47"}],"curies":[{"name":"wp","href":"https:\/\/api.w.org\/{rel}","templated":true}]}}