{"id":51,"date":"2020-06-10T13:28:46","date_gmt":"2020-06-10T13:28:46","guid":{"rendered":"https:\/\/www.definox.com\/en\/?page_id=51"},"modified":"2026-01-20T09:57:08","modified_gmt":"2026-01-20T09:57:08","slug":"job-evolution-at-definox","status":"publish","type":"page","link":"https:\/\/www.definox.com\/de\/stellenangebote\/job-evolution-at-definox\/","title":{"rendered":"Job evolution BEI Definox"},"content":{"rendered":"\n<div style=\"height:100px\" aria-hidden=\"true\" class=\"wp-block-spacer\"><\/div>\n\n\n\n<div style=\"height:100px\" aria-hidden=\"true\" class=\"wp-block-spacer\"><\/div>\n\n\n\n<div class=\"wp-block-definox-steps-section steps\" id=\"steps-section\"><div class=\"container container--small\">\n<h2 class=\"wp-block-heading steps__title extra-large\">IHRE EVOLUTION BEI DEFINOX<\/h2>\n\n\n\n<div class=\"wp-block-definox-steps-list steps__items\">\n<div class=\"wp-block-definox-steps-item steps__item\"><div class=\"steps__item__step\">1<\/div><div class=\"steps__item__content\"><h3 class=\"steps__item__title\">Die Rekrutierungsphase<\/h3><div class=\"steps__item__description\">Der Rekrutierungsprozess ist dynamisch und rhythmisch. Bei Definox lassen wir einen Bewerber nicht warten oder im Ungewissen. Nach einem Treffen mit dem Direktor der Personalabteilung und dem k\u00fcnftigen Vorgesetzten wird der Bewerber stets eingeladen, den Standort und das k\u00fcnftige Arbeitsumfeld kennenzulernen. Dies ist auch die Gelegenheit, k\u00fcnftige Kollegen zu treffen und letzte Fragen zu stellen. Das letzte Wort hat immer der Bewerber. Es ist ja immerhin auch der Bewerber, der sich f\u00fcr uns entschieden hat! Der Definox-Vorteil : ein Gespr\u00e4ch, das dabei hilft, sich f\u00fcr uns zu entscheiden.<\/div><\/div><\/div>\n\n\n\n<div class=\"wp-block-definox-steps-item steps__item\"><div class=\"steps__item__step\">2<\/div><div class=\"steps__item__content\"><h3 class=\"steps__item__title\">Eingliederung in das Unternehmen<\/h3><div class=\"steps__item__description\">Der Integrationsprozess beginnt mit unseren gegenseitigen Verpflichtungen. Zwischen dem Ende des Einstellungsprozesses und der Integration kann eine gewisse Zeit vergehen. W\u00e4hrend dieser Zeit bleiben wir in Kontakt mit dem neuen Mitarbeiter. Alle Informationen werden an sie weitergeleitet, und sie k\u00f6nnen sich frei an uns wenden. Sie erhalten auch eine Willkommensbrosch\u00fcre, die alle n\u00fctzlichen Informationen enth\u00e4lt. Ein Integrationsprogramm von zwei bis vier Wochen ist dann geplant. So kann der neue Mitarbeiter alle seine Kollegen im Unternehmen kennenlernen. Sie erhalten die erforderlichen Schulungen, die oft f\u00fcr unsere Produktpalette relevant sind. Die neuen Mitarbeiter werden vom ersten Arbeitstag an betreut, um sich schnell zu integrieren und zurechtzufinden. Der Definox-Vorteil: Ein eigener Weg f\u00fcr jeden neuen Mitarbeiter.<\/div><\/div><\/div>\n\n\n\n<div class=\"wp-block-definox-steps-item steps__item\"><div class=\"steps__item__step\">3<\/div><div class=\"steps__item__content\"><h3 class=\"steps__item__title\">Fortbildungspolitik<\/h3><div class=\"steps__item__description\">Mit 1.698 Schulungsstunden pro Jahr und 119 geschulten Personen erwerben die Mitarbeiter das n\u00f6tige R\u00fcstzeug, um ihre Arbeit gut zu machen und ihre F\u00e4higkeiten auszubauen. Die Ausbildungsschwerpunkte sind Technik, Englisch, IT oder Management. Bei Definox kann man auch Ausbilder werden. Mehrere Mitarbeiter wurden daf\u00fcr geschult und geben jedes Jahr Schulungen zu unseren Produkten, nicht nur f\u00fcr die Kunden, sondern auch f\u00fcr ihre Kollegen.<\/div><\/div><\/div>\n<\/div>\n<\/div><\/div>\n\n\n\n<div style=\"height:100px\" aria-hidden=\"true\" class=\"wp-block-spacer\"><\/div>\n\n\n\n<div style=\"height:100px\" aria-hidden=\"true\" class=\"wp-block-spacer\"><\/div>\n\n\n\n<div class=\"wp-block-cover alignfull\"><span aria-hidden=\"true\" class=\"has-white-background-color wp-block-cover__gradient-background has-background-dim\"><\/span><img loading=\"lazy\" decoding=\"async\" width=\"945\" height=\"408\" class=\"wp-block-cover__image-background wp-image-837\" src=\"https:\/\/www.definox.com\/app\/uploads\/sites\/11\/2020\/07\/Intersection-13-1.png\" data-object-fit=\"cover\" srcset=\"https:\/\/www.definox.com\/app\/uploads\/sites\/11\/2020\/07\/Intersection-13-1.png 945w, https:\/\/www.definox.com\/app\/uploads\/sites\/11\/2020\/07\/Intersection-13-1-300x130.png 300w, https:\/\/www.definox.com\/app\/uploads\/sites\/11\/2020\/07\/Intersection-13-1-768x332.png 768w, https:\/\/www.definox.com\/app\/uploads\/sites\/11\/2020\/07\/Intersection-13-1-35x15.png 35w\" sizes=\"auto, (max-width: 945px) 100vw, 945px\" \/><div class=\"wp-block-cover__inner-container is-layout-flow wp-block-cover-is-layout-flow\">\n<h2 class=\"has-dark-blue-color has-text-color wp-block-heading\">DEFINOX recruitment<\/h2>\n\n\n\n<p class=\"has-macadam-grey-color has-text-color\">M\u00f6chten Sie an dem Definox-Abenteuer teilnehmen? Entdecken Sie die Arbeitspl\u00e4tze bei DEFINOX, vom Ingenieur bis zum Feinmechaniker.<\/p>\n\n\n\n<div class=\"wp-block-buttons is-layout-flex wp-block-buttons-is-layout-flex\">\n<div class=\"wp-block-button\"><a class=\"wp-block-button__link has-white-color has-dark-blue-background-color has-text-color has-background\" href=\"https:\/\/www.definox.com\/en\/job-offers\/\">Stellenangebote<\/a><\/div>\n<\/div>\n\n\n\n<p><\/p>\n<\/div><\/div>\n","protected":false},"excerpt":{"rendered":"","protected":false},"author":4,"featured_media":1351,"parent":45,"menu_order":0,"comment_status":"closed","ping_status":"closed","template":"","meta":{"_acf_changed":false,"content-type":"","footnotes":""},"class_list":["entry","entry--51","entry--type-page","entry--status-publish","entry--author-","has-post-thumbnail"],"acf":[],"yoast_head":"<!-- This site is optimized with the Yoast SEO plugin v24.2 - https:\/\/yoast.com\/wordpress\/plugins\/seo\/ -->\n<title>Your job evolution at Definox | Definox<\/title>\n<meta name=\"description\" content=\"Bei Definox gibt es vielf\u00e4ltige Entwicklungsm\u00f6glichkeiten. Jede Mitarbeiterin und jeder Mitarbeiter kann ihre bzw. seine F\u00e4higkeiten und Kenntnisse voll entfalten.\" \/>\n<meta name=\"robots\" content=\"index, follow, max-snippet:-1, max-image-preview:large, max-video-preview:-1\" \/>\n<link rel=\"canonical\" href=\"https:\/\/www.definox.com\/de\/stellenangebote\/job-evolution-at-definox\/\" \/>\n<meta property=\"og:locale\" content=\"de_DE\" \/>\n<meta property=\"og:type\" content=\"article\" \/>\n<meta property=\"og:title\" content=\"Your job evolution at Definox | Definox\" \/>\n<meta property=\"og:description\" content=\"Bei Definox gibt es vielf\u00e4ltige Entwicklungsm\u00f6glichkeiten. Jede Mitarbeiterin und jeder Mitarbeiter kann ihre bzw. seine F\u00e4higkeiten und Kenntnisse voll entfalten.\" \/>\n<meta property=\"og:url\" content=\"https:\/\/www.definox.com\/de\/stellenangebote\/job-evolution-at-definox\/\" \/>\n<meta property=\"og:site_name\" content=\"Definox DE\" \/>\n<meta property=\"article:modified_time\" content=\"2026-01-20T09:57:08+00:00\" \/>\n<meta property=\"og:image\" content=\"https:\/\/www.definox.com\/app\/uploads\/sites\/11\/2020\/07\/DEFINOX-carrers-job-evolution-banner.jpg\" \/>\n\t<meta property=\"og:image:width\" content=\"1200\" \/>\n\t<meta property=\"og:image:height\" content=\"700\" \/>\n\t<meta property=\"og:image:type\" content=\"image\/jpeg\" \/>\n<meta name=\"twitter:card\" content=\"summary_large_image\" \/>\n<meta name=\"twitter:label1\" content=\"Gesch\u00e4tzte Lesezeit\" \/>\n\t<meta name=\"twitter:data1\" content=\"3\u00a0Minuten\" \/>\n<script type=\"application\/ld+json\" class=\"yoast-schema-graph\">{\"@context\":\"https:\/\/schema.org\",\"@graph\":[{\"@type\":\"WebPage\",\"@id\":\"https:\/\/www.definox.com\/de\/stellenangebote\/job-evolution-at-definox\/\",\"url\":\"https:\/\/www.definox.com\/de\/stellenangebote\/job-evolution-at-definox\/\",\"name\":\"Your job evolution at Definox | Definox\",\"isPartOf\":{\"@id\":\"https:\/\/www.definox.com\/de\/#website\"},\"primaryImageOfPage\":{\"@id\":\"https:\/\/www.definox.com\/de\/stellenangebote\/job-evolution-at-definox\/#primaryimage\"},\"image\":{\"@id\":\"https:\/\/www.definox.com\/de\/stellenangebote\/job-evolution-at-definox\/#primaryimage\"},\"thumbnailUrl\":\"https:\/\/www.definox.com\/app\/uploads\/sites\/11\/2020\/07\/DEFINOX-carrers-job-evolution-banner.jpg\",\"datePublished\":\"2020-06-10T13:28:46+00:00\",\"dateModified\":\"2026-01-20T09:57:08+00:00\",\"description\":\"Bei Definox gibt es vielf\u00e4ltige Entwicklungsm\u00f6glichkeiten. Jede Mitarbeiterin und jeder Mitarbeiter kann ihre bzw. seine F\u00e4higkeiten und Kenntnisse voll entfalten.\",\"breadcrumb\":{\"@id\":\"https:\/\/www.definox.com\/de\/stellenangebote\/job-evolution-at-definox\/#breadcrumb\"},\"inLanguage\":\"de\",\"potentialAction\":[{\"@type\":\"ReadAction\",\"target\":[\"https:\/\/www.definox.com\/de\/stellenangebote\/job-evolution-at-definox\/\"]}]},{\"@type\":\"ImageObject\",\"inLanguage\":\"de\",\"@id\":\"https:\/\/www.definox.com\/de\/stellenangebote\/job-evolution-at-definox\/#primaryimage\",\"url\":\"https:\/\/www.definox.com\/app\/uploads\/sites\/11\/2020\/07\/DEFINOX-carrers-job-evolution-banner.jpg\",\"contentUrl\":\"https:\/\/www.definox.com\/app\/uploads\/sites\/11\/2020\/07\/DEFINOX-carrers-job-evolution-banner.jpg\",\"width\":1200,\"height\":700,\"caption\":\"DEFINOX-carrers-job-evolution-banner\"},{\"@type\":\"BreadcrumbList\",\"@id\":\"https:\/\/www.definox.com\/de\/stellenangebote\/job-evolution-at-definox\/#breadcrumb\",\"itemListElement\":[{\"@type\":\"ListItem\",\"position\":1,\"name\":\"Stellenangebote\",\"item\":\"https:\/\/www.definox.com\/de\/stellenangebote\/\"},{\"@type\":\"ListItem\",\"position\":2,\"name\":\"Job evolution BEI Definox\"}]},{\"@type\":\"WebSite\",\"@id\":\"https:\/\/www.definox.com\/de\/#website\",\"url\":\"https:\/\/www.definox.com\/de\/\",\"name\":\"Definox DE\",\"description\":\"Boost your performance\",\"publisher\":{\"@id\":\"https:\/\/www.definox.com\/de\/#organization\"},\"potentialAction\":[{\"@type\":\"SearchAction\",\"target\":{\"@type\":\"EntryPoint\",\"urlTemplate\":\"https:\/\/www.definox.com\/de\/?s={search_term_string}\"},\"query-input\":{\"@type\":\"PropertyValueSpecification\",\"valueRequired\":true,\"valueName\":\"search_term_string\"}}],\"inLanguage\":\"de\"},{\"@type\":\"Organization\",\"@id\":\"https:\/\/www.definox.com\/de\/#organization\",\"name\":\"Definox DE\",\"url\":\"https:\/\/www.definox.com\/de\/\",\"logo\":{\"@type\":\"ImageObject\",\"inLanguage\":\"de\",\"@id\":\"https:\/\/www.definox.com\/de\/#\/schema\/logo\/image\/\",\"url\":\"https:\/\/www.definox.com\/app\/uploads\/sites\/11\/2021\/01\/icons-footer_logo-definox-id.svg\",\"contentUrl\":\"https:\/\/www.definox.com\/app\/uploads\/sites\/11\/2021\/01\/icons-footer_logo-definox-id.svg\",\"width\":140,\"height\":120,\"caption\":\"Definox DE\"},\"image\":{\"@id\":\"https:\/\/www.definox.com\/de\/#\/schema\/logo\/image\/\"}}]}<\/script>\n<!-- \/ Yoast SEO plugin. -->","yoast_head_json":{"title":"Your job evolution at Definox | Definox","description":"Bei Definox gibt es vielf\u00e4ltige Entwicklungsm\u00f6glichkeiten. Jede Mitarbeiterin und jeder Mitarbeiter kann ihre bzw. seine F\u00e4higkeiten und Kenntnisse voll entfalten.","robots":{"index":"index","follow":"follow","max-snippet":"max-snippet:-1","max-image-preview":"max-image-preview:large","max-video-preview":"max-video-preview:-1"},"canonical":"https:\/\/www.definox.com\/de\/stellenangebote\/job-evolution-at-definox\/","og_locale":"de_DE","og_type":"article","og_title":"Your job evolution at Definox | Definox","og_description":"Bei Definox gibt es vielf\u00e4ltige Entwicklungsm\u00f6glichkeiten. Jede Mitarbeiterin und jeder Mitarbeiter kann ihre bzw. seine F\u00e4higkeiten und Kenntnisse voll entfalten.","og_url":"https:\/\/www.definox.com\/de\/stellenangebote\/job-evolution-at-definox\/","og_site_name":"Definox DE","article_modified_time":"2026-01-20T09:57:08+00:00","og_image":[{"width":1200,"height":700,"url":"https:\/\/www.definox.com\/app\/uploads\/sites\/11\/2020\/07\/DEFINOX-carrers-job-evolution-banner.jpg","type":"image\/jpeg"}],"twitter_card":"summary_large_image","twitter_misc":{"Gesch\u00e4tzte Lesezeit":"3\u00a0Minuten"},"schema":{"@context":"https:\/\/schema.org","@graph":[{"@type":"WebPage","@id":"https:\/\/www.definox.com\/de\/stellenangebote\/job-evolution-at-definox\/","url":"https:\/\/www.definox.com\/de\/stellenangebote\/job-evolution-at-definox\/","name":"Your job evolution at Definox | Definox","isPartOf":{"@id":"https:\/\/www.definox.com\/de\/#website"},"primaryImageOfPage":{"@id":"https:\/\/www.definox.com\/de\/stellenangebote\/job-evolution-at-definox\/#primaryimage"},"image":{"@id":"https:\/\/www.definox.com\/de\/stellenangebote\/job-evolution-at-definox\/#primaryimage"},"thumbnailUrl":"https:\/\/www.definox.com\/app\/uploads\/sites\/11\/2020\/07\/DEFINOX-carrers-job-evolution-banner.jpg","datePublished":"2020-06-10T13:28:46+00:00","dateModified":"2026-01-20T09:57:08+00:00","description":"Bei Definox gibt es vielf\u00e4ltige Entwicklungsm\u00f6glichkeiten. Jede Mitarbeiterin und jeder Mitarbeiter kann ihre bzw. seine F\u00e4higkeiten und Kenntnisse voll entfalten.","breadcrumb":{"@id":"https:\/\/www.definox.com\/de\/stellenangebote\/job-evolution-at-definox\/#breadcrumb"},"inLanguage":"de","potentialAction":[{"@type":"ReadAction","target":["https:\/\/www.definox.com\/de\/stellenangebote\/job-evolution-at-definox\/"]}]},{"@type":"ImageObject","inLanguage":"de","@id":"https:\/\/www.definox.com\/de\/stellenangebote\/job-evolution-at-definox\/#primaryimage","url":"https:\/\/www.definox.com\/app\/uploads\/sites\/11\/2020\/07\/DEFINOX-carrers-job-evolution-banner.jpg","contentUrl":"https:\/\/www.definox.com\/app\/uploads\/sites\/11\/2020\/07\/DEFINOX-carrers-job-evolution-banner.jpg","width":1200,"height":700,"caption":"DEFINOX-carrers-job-evolution-banner"},{"@type":"BreadcrumbList","@id":"https:\/\/www.definox.com\/de\/stellenangebote\/job-evolution-at-definox\/#breadcrumb","itemListElement":[{"@type":"ListItem","position":1,"name":"Stellenangebote","item":"https:\/\/www.definox.com\/de\/stellenangebote\/"},{"@type":"ListItem","position":2,"name":"Job evolution BEI Definox"}]},{"@type":"WebSite","@id":"https:\/\/www.definox.com\/de\/#website","url":"https:\/\/www.definox.com\/de\/","name":"Definox DE","description":"Boost your performance","publisher":{"@id":"https:\/\/www.definox.com\/de\/#organization"},"potentialAction":[{"@type":"SearchAction","target":{"@type":"EntryPoint","urlTemplate":"https:\/\/www.definox.com\/de\/?s={search_term_string}"},"query-input":{"@type":"PropertyValueSpecification","valueRequired":true,"valueName":"search_term_string"}}],"inLanguage":"de"},{"@type":"Organization","@id":"https:\/\/www.definox.com\/de\/#organization","name":"Definox DE","url":"https:\/\/www.definox.com\/de\/","logo":{"@type":"ImageObject","inLanguage":"de","@id":"https:\/\/www.definox.com\/de\/#\/schema\/logo\/image\/","url":"https:\/\/www.definox.com\/app\/uploads\/sites\/11\/2021\/01\/icons-footer_logo-definox-id.svg","contentUrl":"https:\/\/www.definox.com\/app\/uploads\/sites\/11\/2021\/01\/icons-footer_logo-definox-id.svg","width":140,"height":120,"caption":"Definox DE"},"image":{"@id":"https:\/\/www.definox.com\/de\/#\/schema\/logo\/image\/"}}]}},"_links":{"self":[{"href":"https:\/\/www.definox.com\/de\/wp-json\/wp\/v2\/pages\/51","targetHints":{"allow":["GET"]}}],"collection":[{"href":"https:\/\/www.definox.com\/de\/wp-json\/wp\/v2\/pages"}],"about":[{"href":"https:\/\/www.definox.com\/de\/wp-json\/wp\/v2\/types\/page"}],"author":[{"embeddable":true,"href":"https:\/\/www.definox.com\/de\/wp-json\/wp\/v2\/users\/4"}],"replies":[{"embeddable":true,"href":"https:\/\/www.definox.com\/de\/wp-json\/wp\/v2\/comments?post=51"}],"version-history":[{"count":12,"href":"https:\/\/www.definox.com\/de\/wp-json\/wp\/v2\/pages\/51\/revisions"}],"predecessor-version":[{"id":2718,"href":"https:\/\/www.definox.com\/de\/wp-json\/wp\/v2\/pages\/51\/revisions\/2718"}],"up":[{"embeddable":true,"href":"https:\/\/www.definox.com\/de\/wp-json\/wp\/v2\/pages\/45"}],"wp:featuredmedia":[{"embeddable":true,"href":"https:\/\/www.definox.com\/de\/wp-json\/wp\/v2\/media\/1351"}],"wp:attachment":[{"href":"https:\/\/www.definox.com\/de\/wp-json\/wp\/v2\/media?parent=51"}],"curies":[{"name":"wp","href":"https:\/\/api.w.org\/{rel}","templated":true}]}}