{"id":708,"date":"2020-07-07T09:37:08","date_gmt":"2020-07-07T09:37:08","guid":{"rendered":"https:\/\/www.definox.com\/en\/?page_id=708"},"modified":"2024-10-07T12:43:38","modified_gmt":"2024-10-07T12:43:38","slug":"legal-information","status":"publish","type":"page","link":"https:\/\/www.definox.com\/de\/legal-information\/","title":{"rendered":"Rechtliche informationen"},"content":{"rendered":"\n<div style=\"height:100px\" aria-hidden=\"true\" class=\"wp-block-spacer\"><\/div>\n\n\n\n<p>Diese Websete ist Eigentum der Firma Definox, deren Hauptsitz sich unter der folgenden Adresse befindet:<\/p>\n\n\n\n<h2 class=\"wp-block-heading\">DEFINOX<\/h2>\n\n\n\n<p>&nbsp;3 rue des Papetiers &#8211; ZAC Tabarie Sud 2 &#8211; 44190 Clisson &#8211; Frankreich<\/p>\n\n\n\n<p>Telefon: +33 (0) 2 28 03 98 50<\/p>\n\n\n\n<p>&nbsp;E-mail: info@definox.com<\/p>\n\n\n\n<h3 class=\"wp-block-heading\">1- Design<\/h3>\n\n\n\n<p>Das Grafikdesign wurde von der Kommunikations- und Digitalagentur Augural \/ Strateo, Nantes entwickelt. Die Entwicklung der Webseite wurde von der Agentur Mati\u00e8re Noire, Nantes, durchgef\u00fchrt.<\/p>\n\n\n\n<p>Das Hosting dieser Webseite erfolgt auf den Servern von<a href=\"https:\/\/www.alfa-safety.fr\/\"> Alpha Safety<\/a>. <\/p>\n\n\n\n<h3 class=\"wp-block-heading\">2- Rechte und Urheberrecht<\/h3>\n\n\n\n<p>Die gesamte Webseite unterliegt der franz\u00f6sischen und internationalen Gesetzgebung zum Urheberrecht und geistigen Eigentum. Alle Rechte sind vorbehalten, auch f\u00fcr herunterladbare Dokumente und ikonographische und fotografische Darstellungen.<\/p>\n\n\n\n<p>Die Vervielf\u00e4ltigung der gesamten oder eines Teils dieser Webseite auf einem elektronischen Medium ist ohne ausdr\u00fcckliche Genehmigung von Definox strengstens untersagt.<\/p>\n\n\n\n<p>Die auf dieser Webseite aufgef\u00fchrten technischen Informationen sind rein indikativ und k\u00f6nnen jederzeit und ohne Vorank\u00fcndigung entsprechend der technischen Entwicklung ge\u00e4ndert werden.<\/p>\n\n\n\n<p>Keine Zeichnung, kein Diagramm und keine Fotografie ist vertraglicher Beschaffenheit.<\/p>\n\n\n\n<p>Alle Online-Dokumente auf dieser Webseite sind unser Eigentum. Sie d\u00fcrfen ohne unsere ausdr\u00fcckliche Genehmigung nicht kopiert, vervielf\u00e4ltigt, ver\u00e4ndert oder \u00fcbersetzt werden.<\/p>\n\n\n\n<h3 class=\"wp-block-heading\">3- Handelsmarken<\/h3>\n\n\n\n<p>Definox ist eine eingetragene Marke.<\/p>\n\n\n\n<p>Sofern nicht anders angegeben, sind die auf dieser Webseite genannten Firmennamen, Logos, Produkte und Marken Eigentum der Firma Definox. Sie d\u00fcrfen ohne schriftliche Genehmigung von Definox nicht verwendet werden.<\/p>\n\n\n\n<h3 class=\"wp-block-heading\">4- Verantwortung<\/h3>\n\n\n\n<p>Die Webseite www.definox.com ist Eigentum der Definox-Gesellschaft. Definox Das Unternehmen ist f\u00fcr alle Informationen auf seiner Websete verantwortlich. Die Firma Definox ist jedoch nicht verantwortlich f\u00fcr den Inhalt dieser Seiten :<\/p>\n\n\n\n<p>&#8211; Die externen Webseiten, zu denen die Webseite einen Link enth\u00e4lt www.definox.com<\/p>\n\n\n\n<p>&#8211; Die Webseiten, die den Inhalt der Webseite www.definox.com ohne die Erlaubnis der Definox-Gesellschaft wiedergeben.<\/p>\n\n\n\n<p>Die Informationen auf der Webseite www.definox.com sind nicht rechtsverbindlich. Definox \u00fcbernimmt keine Gew\u00e4hr f\u00fcr die Richtigkeit, Genauigkeit und Vollst\u00e4ndigkeit der hierin enthaltenen Informationen. Definox lehnt daher jede Haftung f\u00fcr etwaige Ungenauigkeiten oder Auslassungen in den auf der Webseite enthaltenen Informationen ab.<\/p>\n\n\n\n<p>Definox kann nicht f\u00fcr Sch\u00e4den haftbar gemacht werden, die sich aus der Nutzung der auf der Webseite enthaltenen Informationen und\/oder der Nutzung eines Produkts, auf das sie sich beziehen, ergeben. Es liegt in der Verantwortung des Nutzers, die Richtigkeit der bereitgestellten Informationen zu \u00fcberpr\u00fcfen und zu verwenden.<\/p>\n\n\n\n<p>Die Informationen auf dieser Webseite enthalten eine nicht ersch\u00f6pfende Liste allgemeiner Beschreibungen der verf\u00fcgbaren technischen Optionen.<\/p>\n\n\n\n<h3 class=\"wp-block-heading\">5- Umgang mit personenbezogenen Daten<\/h3>\n\n\n\n<p>Diese Daten unterliegen dem Datenschutzgesetz. Definox garantiert die Vertraulichkeit aller erhobenen Daten.<\/p>\n\n\n\n<p>Die Webseite www.definox.com wurde bei der CNIL angemeldet (Nr. 1376587).<\/p>\n\n\n\n<p>Wenn Sie eine Anfrage \u00fcber die Online-Formulare senden oder Zugangscodes anfordern, um sich in unseren Kundenbereich einzuloggen, ist es m\u00f6glich, dass die Definox-Webseite Informationen \u00fcber Sie erfasst und speichert, einschlie\u00dflich Ihrer E-Mail- und Kontaktinformationen.<\/p>\n\n\n\n<p>Nach dem Gesetz Nr. 78-17 vom 6. Januar 1978 \u00fcber Daten, Dateien und Freiheiten k\u00f6nnen Sie auf die Informationen \u00fcber Sie zugreifen und diese bearbeiten oder l\u00f6schen. Dazu k\u00f6nnen Sie uns unter info@definox.com<\/p>\n\n\n\n<p>oder der folgenden Adresse kontaktieren: Definox 3 rue des Papetiers, ZAC Tabari Sud 2, 44190 Clisson<\/p>\n\n\n\n<h3 class=\"wp-block-heading\">6- Bedingungen und Konditionen<\/h3>\n\n\n\n<p>Unsere Produkte werden unter den in unseren Allgemeinen Gesch\u00e4ftsbedingungen genannten <strong>Bedingungen vermarktet<\/strong>.<\/p>\n\n\n\n<h3 class=\"wp-block-heading\">7- Datenschutzbestimmungen<\/h3>\n\n\n\n<p>Die Webseite<strong> www.definox.com<\/strong> verwendet Ihre Daten wie in unserer <strong>Datenschutzrichtlinie <\/strong>beschrieben. <\/p>\n\n\n\n<div style=\"height:100px\" aria-hidden=\"true\" class=\"wp-block-spacer\"><\/div>\n","protected":false},"excerpt":{"rendered":"<p>Diese Websete ist Eigentum der Firma Definox, deren Hauptsitz sich unter der folgenden Adresse befindet: DEFINOX &nbsp;3 rue des Papetiers &#8211; ZAC Tabarie Sud 2 &#8211; 44190 Clisson &#8211; Frankreich Telefon: +33 (0) 2 28 03 98 50 &nbsp;E-mail: info@definox.com 1- Design Das Grafikdesign wurde von der Kommunikations- und Digitalagentur Augural \/ Strateo, Nantes entwickelt&#8230;.<\/p>\n","protected":false},"author":3,"featured_media":0,"parent":0,"menu_order":0,"comment_status":"closed","ping_status":"closed","template":"","meta":{"_acf_changed":false,"content-type":"","footnotes":""},"class_list":["entry","entry--708","entry--type-page","entry--status-publish","entry--author-nsagotlucas"],"acf":[],"yoast_head":"<!-- This site is optimized with the Yoast SEO plugin v24.2 - https:\/\/yoast.com\/wordpress\/plugins\/seo\/ -->\n<title>Rechtliche informationen - Definox DE<\/title>\n<meta name=\"robots\" content=\"index, follow, max-snippet:-1, max-image-preview:large, max-video-preview:-1\" \/>\n<link rel=\"canonical\" href=\"https:\/\/www.definox.com\/de\/legal-information\/\" \/>\n<meta property=\"og:locale\" content=\"de_DE\" \/>\n<meta property=\"og:type\" content=\"article\" \/>\n<meta property=\"og:title\" content=\"Rechtliche informationen - Definox DE\" \/>\n<meta property=\"og:description\" content=\"Diese Websete ist Eigentum der Firma Definox, deren Hauptsitz sich unter der folgenden Adresse befindet: DEFINOX &nbsp;3 rue des Papetiers &#8211; ZAC Tabarie Sud 2 &#8211; 44190 Clisson &#8211; Frankreich Telefon: +33 (0) 2 28 03 98 50 &nbsp;E-mail: info@definox.com 1- Design Das Grafikdesign wurde von der Kommunikations- und Digitalagentur Augural \/ Strateo, Nantes entwickelt....\" \/>\n<meta property=\"og:url\" content=\"https:\/\/www.definox.com\/de\/legal-information\/\" \/>\n<meta property=\"og:site_name\" content=\"Definox DE\" \/>\n<meta property=\"article:modified_time\" content=\"2024-10-07T12:43:38+00:00\" \/>\n<meta name=\"twitter:card\" content=\"summary_large_image\" \/>\n<meta name=\"twitter:label1\" content=\"Gesch\u00e4tzte Lesezeit\" \/>\n\t<meta name=\"twitter:data1\" content=\"3\u00a0Minuten\" \/>\n<script type=\"application\/ld+json\" class=\"yoast-schema-graph\">{\"@context\":\"https:\/\/schema.org\",\"@graph\":[{\"@type\":\"WebPage\",\"@id\":\"https:\/\/www.definox.com\/de\/legal-information\/\",\"url\":\"https:\/\/www.definox.com\/de\/legal-information\/\",\"name\":\"Rechtliche informationen - Definox DE\",\"isPartOf\":{\"@id\":\"https:\/\/www.definox.com\/de\/#website\"},\"datePublished\":\"2020-07-07T09:37:08+00:00\",\"dateModified\":\"2024-10-07T12:43:38+00:00\",\"inLanguage\":\"de\",\"potentialAction\":[{\"@type\":\"ReadAction\",\"target\":[\"https:\/\/www.definox.com\/de\/legal-information\/\"]}]},{\"@type\":\"WebSite\",\"@id\":\"https:\/\/www.definox.com\/de\/#website\",\"url\":\"https:\/\/www.definox.com\/de\/\",\"name\":\"Definox DE\",\"description\":\"Boost your performance\",\"publisher\":{\"@id\":\"https:\/\/www.definox.com\/de\/#organization\"},\"potentialAction\":[{\"@type\":\"SearchAction\",\"target\":{\"@type\":\"EntryPoint\",\"urlTemplate\":\"https:\/\/www.definox.com\/de\/?s={search_term_string}\"},\"query-input\":{\"@type\":\"PropertyValueSpecification\",\"valueRequired\":true,\"valueName\":\"search_term_string\"}}],\"inLanguage\":\"de\"},{\"@type\":\"Organization\",\"@id\":\"https:\/\/www.definox.com\/de\/#organization\",\"name\":\"Definox DE\",\"url\":\"https:\/\/www.definox.com\/de\/\",\"logo\":{\"@type\":\"ImageObject\",\"inLanguage\":\"de\",\"@id\":\"https:\/\/www.definox.com\/de\/#\/schema\/logo\/image\/\",\"url\":\"https:\/\/www.definox.com\/app\/uploads\/sites\/11\/2021\/01\/icons-footer_logo-definox-id.svg\",\"contentUrl\":\"https:\/\/www.definox.com\/app\/uploads\/sites\/11\/2021\/01\/icons-footer_logo-definox-id.svg\",\"width\":140,\"height\":120,\"caption\":\"Definox DE\"},\"image\":{\"@id\":\"https:\/\/www.definox.com\/de\/#\/schema\/logo\/image\/\"}}]}<\/script>\n<!-- \/ Yoast SEO plugin. -->","yoast_head_json":{"title":"Rechtliche informationen - Definox DE","robots":{"index":"index","follow":"follow","max-snippet":"max-snippet:-1","max-image-preview":"max-image-preview:large","max-video-preview":"max-video-preview:-1"},"canonical":"https:\/\/www.definox.com\/de\/legal-information\/","og_locale":"de_DE","og_type":"article","og_title":"Rechtliche informationen - Definox DE","og_description":"Diese Websete ist Eigentum der Firma Definox, deren Hauptsitz sich unter der folgenden Adresse befindet: DEFINOX &nbsp;3 rue des Papetiers &#8211; ZAC Tabarie Sud 2 &#8211; 44190 Clisson &#8211; Frankreich Telefon: +33 (0) 2 28 03 98 50 &nbsp;E-mail: info@definox.com 1- Design Das Grafikdesign wurde von der Kommunikations- und Digitalagentur Augural \/ Strateo, Nantes entwickelt....","og_url":"https:\/\/www.definox.com\/de\/legal-information\/","og_site_name":"Definox DE","article_modified_time":"2024-10-07T12:43:38+00:00","twitter_card":"summary_large_image","twitter_misc":{"Gesch\u00e4tzte Lesezeit":"3\u00a0Minuten"},"schema":{"@context":"https:\/\/schema.org","@graph":[{"@type":"WebPage","@id":"https:\/\/www.definox.com\/de\/legal-information\/","url":"https:\/\/www.definox.com\/de\/legal-information\/","name":"Rechtliche informationen - Definox DE","isPartOf":{"@id":"https:\/\/www.definox.com\/de\/#website"},"datePublished":"2020-07-07T09:37:08+00:00","dateModified":"2024-10-07T12:43:38+00:00","inLanguage":"de","potentialAction":[{"@type":"ReadAction","target":["https:\/\/www.definox.com\/de\/legal-information\/"]}]},{"@type":"WebSite","@id":"https:\/\/www.definox.com\/de\/#website","url":"https:\/\/www.definox.com\/de\/","name":"Definox DE","description":"Boost your performance","publisher":{"@id":"https:\/\/www.definox.com\/de\/#organization"},"potentialAction":[{"@type":"SearchAction","target":{"@type":"EntryPoint","urlTemplate":"https:\/\/www.definox.com\/de\/?s={search_term_string}"},"query-input":{"@type":"PropertyValueSpecification","valueRequired":true,"valueName":"search_term_string"}}],"inLanguage":"de"},{"@type":"Organization","@id":"https:\/\/www.definox.com\/de\/#organization","name":"Definox DE","url":"https:\/\/www.definox.com\/de\/","logo":{"@type":"ImageObject","inLanguage":"de","@id":"https:\/\/www.definox.com\/de\/#\/schema\/logo\/image\/","url":"https:\/\/www.definox.com\/app\/uploads\/sites\/11\/2021\/01\/icons-footer_logo-definox-id.svg","contentUrl":"https:\/\/www.definox.com\/app\/uploads\/sites\/11\/2021\/01\/icons-footer_logo-definox-id.svg","width":140,"height":120,"caption":"Definox DE"},"image":{"@id":"https:\/\/www.definox.com\/de\/#\/schema\/logo\/image\/"}}]}},"_links":{"self":[{"href":"https:\/\/www.definox.com\/de\/wp-json\/wp\/v2\/pages\/708","targetHints":{"allow":["GET"]}}],"collection":[{"href":"https:\/\/www.definox.com\/de\/wp-json\/wp\/v2\/pages"}],"about":[{"href":"https:\/\/www.definox.com\/de\/wp-json\/wp\/v2\/types\/page"}],"author":[{"embeddable":true,"href":"https:\/\/www.definox.com\/de\/wp-json\/wp\/v2\/users\/3"}],"replies":[{"embeddable":true,"href":"https:\/\/www.definox.com\/de\/wp-json\/wp\/v2\/comments?post=708"}],"version-history":[{"count":8,"href":"https:\/\/www.definox.com\/de\/wp-json\/wp\/v2\/pages\/708\/revisions"}],"predecessor-version":[{"id":2586,"href":"https:\/\/www.definox.com\/de\/wp-json\/wp\/v2\/pages\/708\/revisions\/2586"}],"wp:attachment":[{"href":"https:\/\/www.definox.com\/de\/wp-json\/wp\/v2\/media?parent=708"}],"curies":[{"name":"wp","href":"https:\/\/api.w.org\/{rel}","templated":true}]}}