{"id":716,"date":"2020-07-07T12:19:35","date_gmt":"2020-07-07T12:19:35","guid":{"rendered":"https:\/\/www.definox.com\/en\/?page_id=716"},"modified":"2022-12-12T16:21:48","modified_gmt":"2022-12-12T16:21:48","slug":"privacy-policy-2","status":"publish","type":"page","link":"https:\/\/www.definox.com\/de\/privacy-policy-2\/","title":{"rendered":"Datenschutzbestimmungen"},"content":{"rendered":"\n<div style=\"height:100px\" aria-hidden=\"true\" class=\"wp-block-spacer\"><\/div>\n\n\n\n<p>DEFINOX SAS ist der Meinung, dass Ihre pers\u00f6nlichen Daten Ihnen geh\u00f6ren. Wir sind bestrebt, Ihre pers\u00f6nlichen Daten jederzeit zu respektieren und mit der gebotenen Sorgfalt zu verarbeiten. Wenn Sie unsere Webseiten besuchen, sollen Sie sicher sein, dass Ihre Privatsph\u00e4re respektiert wird.<\/p>\n\n\n\n<p>Zweck dieser Richtlinie ist es, Sie dar\u00fcber zu informieren, welche Arten von personenbezogenen Daten wir erheben, wenn Sie eine der Webseiten von DEFINOX SAS nutzen, und welche Ma\u00dfnahmen wir zum Schutz und zur Sicherung Ihrer personenbezogenen Daten ergreifen.<\/p>\n\n\n\n<p>Diese Richtlinie und ihre Grunds\u00e4tze gelten f\u00fcr personenbezogene Daten, die wir erfragen und die Sie uns zur Verf\u00fcgung stellen. Darunter verstehen wir Informationen, die Sie direkt oder indirekt identifizieren, wie z. B. Ihren Namen, Ihre Anschrift, Ihre E-Mail-Adresse, Ihre IP-Nummer oder andere Kontaktinformationen.<\/p>\n\n\n\n<p>Wir sind bestrebt, personenbezogene Daten so zu verarbeiten, dass sie dem Zweck, f\u00fcr den sie erhoben wurden, entsprechen, daf\u00fcr erheblich sind und nicht dar\u00fcber hinausgehen.<\/p>\n\n\n\n<p>DEFINOX SAS stellt Ihnen auf Anfrage weitere Informationen \u00fcber die Verarbeitung und den Schutz Ihrer pers\u00f6nlichen Daten beim Besuch unserer Webseiten zur Verf\u00fcgung. Bitte beachten Sie den Abschnitt \u201eKontakt\u201c weiter unten.<\/p>\n\n\n\n<h3 class=\"wp-block-heading\"><strong>Erhebung personenbezogener Daten<\/strong><\/h3>\n\n\n\n<p>Wir hoffen, dass die folgenden Informationen Ihnen dabei helfen werden, eine fundierte Entscheidung \u00fcber die Weitergabe Ihrer pers\u00f6nlichen Daten an uns zu treffen. Es steht Ihnen jederzeit frei zu entscheiden, ob Sie Ihre pers\u00f6nlichen Daten zur Verf\u00fcgung stellen wollen oder nicht.<\/p>\n\n\n\n<h3 class=\"wp-block-heading\"><strong>Besuchen Sie einfach unsere Webseite<\/strong><\/h3>\n\n\n\n<p>F\u00fcr den Zugang zu unseren Webseiten und den meisten anderen Diensten ben\u00f6tigen wir keine pers\u00f6nlichen Daten, die eine Identifizierung erm\u00f6glichen. Wir k\u00f6nnen in begrenztem Umfang nicht-personenbezogene Daten erfassen, die Ihr Browser beim Besuch einer Webseite zur Verf\u00fcgung stellt. Zum Beispiel Ihre Internetprotokoll-Adresse, die Sprache Ihres Browsers, geografische Standortdaten, Datum und Uhrzeit sowie Cookies. Wir verwenden nicht-personenbezogene Daten, um die Nutzererfahrung und die Interaktion mit den Webseiten besser zu verstehen und um unsere Angebote und Dienstleistungen weiter zu verbessern.<\/p>\n\n\n\n<h3 class=\"wp-block-heading\"><strong>Cookie-Verwaltung<\/strong><\/h3>\n\n\n\n<p>In dem Abschnitt \u201eCOOKIES\u201c erfahren Sie mehr \u00fcber die Herkunft und Verwendung der Browsing-Informationen, die w\u00e4hrend Ihres Besuchs auf unserer Webseite verarbeitet werden, sowie \u00fcber Ihre Rechte.<\/p>\n\n\n\n<p>Wenn Sie unsere Webseite besuchen, k\u00f6nnen Informationen \u00fcber Ihr Surfverhalten in einer \u201eCookies\u201c-Datei gespeichert werden, die auf Ihrem Ger\u00e4t (Computer, Tablet, Smartphone usw.) installiert ist. Diese Cookies werden von uns gesetzt, um Ihnen die Navigation auf unserer Webseite zu erleichtern. Sie k\u00f6nnen von Partnern ausgestellt werden, um Ihr Navigationserlebnis zu verbessern. Nur der \u00dcbermittler eines Cookies kann die darin enthaltenen Informationen lesen oder \u00e4ndern.<\/p>\n\n\n\n<p>Cookies, die wir auf Ihrem Ger\u00e4t installieren, erm\u00f6glichen es uns, Ihren Browser zu erkennen, wenn Sie sich mit unserer Webseite verbinden. In dem Bestreben, unsere Kunden bestm\u00f6glich zu bedienen, verwenden wir Cookies, zur:<\/p>\n\n\n\n<ul class=\"is-style-primary wp-block-list\"><li>Anpassung der Darstellung unserer Webseite an die Anzeigepr\u00e4ferenzen Ihres Endger\u00e4ts.<\/li><li>Speichern Sie die in unsere Formulare eingegebenen Informationen, verwalten und sichern Sie den Zugang zu reservierten und pers\u00f6nlichen Bereichen wie Ihrem Konto.<\/li><li>Google: Google Analytics verwendet Cookies, um Definox dabei zu helfen, Ihre Erfahrung auf dieser Webseite zu verbessern: www.definox.com. Als solches erstellt Google Analytics Besuchsstatistiken (Anzahl der Besuche, Seitenaufrufe, Abbr\u00fcche im Bestellprozess,&#8230;), die an Definox \u00fcbermittelt werden, um die Qualit\u00e4t unserer Dienstleistungen zu \u00fcberwachen und zu verbessern.<\/li><\/ul>\n\n\n\n<h3 class=\"wp-block-heading\"><strong>Ein Konto erstellen<\/strong><\/h3>\n\n\n\n<p>We also provide services which require you to register a personal account. To register an account, Wir bieten auch Dienste an, f\u00fcr die Sie ein pers\u00f6nliches Konto einrichten m\u00fcssen. F\u00fcr die Registrierung eines Kontos ben\u00f6tigen wir bestimmte personenbezogene Daten, die wir zur Einrichtung des Kontos und zur Bereitstellung der von Ihnen angeforderten Dienste verwenden. Diese personenbezogenen Daten werden nur f\u00fcr den spezifischen Zweck verwendet, f\u00fcr den sie erhoben wurden.<\/p>\n\n\n\n<h3 class=\"wp-block-heading\"><strong>Online-Bewerbung f\u00fcr eine Stelle<\/strong><\/h3>\n\n\n\n<p>Wann immer wir personenbezogene Daten abfragen, werden wir Sie dar\u00fcber informieren, welche Arten von Daten wir sammeln und wie wir sie verwenden. Wenn Sie sich online um eine Stelle bewerben, verwenden wir Ihre Daten im Allgemeinen, um Ihre Bewerbung zu bearbeiten.<\/p>\n\n\n\n<h3 class=\"wp-block-heading\"><strong>Connect for Business<\/strong><\/h3>\n\n\n\n<p>Wenn Sie den Erhalt von Newslettern, Marketing- und Werbematerial oder allgemeinen Informationen beantragen oder sich online mit uns in Verbindung setzen m\u00f6chten, k\u00f6nnen wir (je nach Art des von Ihnen beantragten Kontakts) z. B. die folgenden personenbezogenen Daten erfassen:<\/p>\n\n\n\n<ul class=\"is-style-primary wp-block-list\"><li>Kontaktdaten (E-Mail, Adresse, Telefon, Berufsbezeichnung oder Funktion), Firmenname, Geschlecht und Sprachpr\u00e4ferenzen;<\/li><li>Veranstaltungen, Treffen (einschlie\u00dflich Feedback zu Inhalten und Dienstleistungen bei Veranstaltungen, an denen Sie teilnehmen, durch Umfragen), Reisen Informationen;<\/li><li>Wenn Sie eine Verbindung zu sozialen Plattformen herstellen, k\u00f6nnen wir auch Informationen erfassen, die Sie an unsere Dienste \u00fcbermitteln oder dort posten.<\/li><li>Wir k\u00f6nnen auch Ihren genauen Echtzeit-Standort mithilfe von Beacon-Technologie, GPS, Mobilfunkt\u00fcrmen, Wi-Fi-Signalen und\/oder zuk\u00fcnftigen Technologien erfassen.<\/li><li>Wir k\u00f6nnten uns ansehen, wie oft Sie eine App verwenden und wo Sie sie heruntergeladen haben.<\/li><\/ul>\n\n\n\n<p>Wir k\u00f6nnen auch Informationen von Gesch\u00e4ftspartnern, von Dritten, die in Ihrem Namen handeln, und von anderen Plattformen, die bei der Bereitstellung von Diensten helfen, sammeln. So k\u00f6nnen wir beispielsweise von einem Anbieter von Veranstaltungsregistrierungen Daten zu einer Veranstaltung erhalten.<\/p>\n\n\n\n<p>Wir verwenden Ihre personenbezogenen Daten, um Ihnen die angeforderten Dienstleistungen zu erbringen, und k\u00f6nnen Ihnen f\u00fcr Sie relevantes Marketing- und Werbematerial zusenden, einschlie\u00dflich Einladungen zu Veranstaltungen und Seminaren, Produkt- und Dienstleistungsangeboten, um mit Ihnen in Kontakt zu bleiben und Sie \u00fcber Neuigkeiten, Aktualisierungen und andere f\u00fcr Sie relevante gesch\u00e4ftsbezogene Informationen zu informieren.<\/p>\n\n\n\n<p>Sie k\u00f6nnen uns jederzeit auffordern, Ihre personenbezogenen Daten zu l\u00f6schen. Bitte kontaktieren Sie gdpr@definox.com<\/p>\n\n\n\n<p>DEFINOX SAS ist <strong>als Pr\u00fcfer verantwortlich<\/strong><\/p>\n\n\n\n<p>DEFINOX SAS, mit Sitz in Clisson, FRANKREICH, ist der f\u00fcr die Verarbeitung personenbezogener Daten verantwortlich, die \u00fcber unsere Webseite gesammelt werden und die Sie uns anvertrauen. Wir bem\u00fchen uns stets um die Einhaltung der Allgemeinen Datenschutzverordnung und anderer geltender Datenschutzgesetze. Wenn Sie Beschwerden \u00fcber unseren Umgang mit Ihren personenbezogenen Daten haben, die nicht direkt mit uns gekl\u00e4rt werden k\u00f6nnen, wenden Sie sich bitte an gdpr@definox.com.<\/p>\n\n\n\n<h3 class=\"wp-block-heading\"><strong>Rechtsgrundlage f\u00fcr die Erhebung und Verarbeitung personenbezogener Daten.<\/strong><\/h3>\n\n\n\n<p>Je nachdem, welche Dienstleistungen Sie bei uns anfordern, verarbeiten wir Ihre personenbezogenen Daten nur, wenn wir eine rechtliche Grundlage daf\u00fcr haben. Wenn wir Ihre Zustimmung zur Erhebung und Verarbeitung Ihrer personenbezogenen Daten ben\u00f6tigen, wird das Anfrageformular klar, spezifisch und ausdr\u00fccklich formuliert.<\/p>\n\n\n\n<p>Wenn wir Sie um Ihre Zustimmung gebeten haben, k\u00f6nnen Sie diese jederzeit widerrufen, indem Sie sich mit uns in Verbindung setzen, und wir werden Ihre personenbezogenen Daten nicht mehr verwenden oder verarbeiten.<\/p>\n\n\n\n<p><strong>Weitergabe von Informationen<\/strong><\/p>\n\n\n\n<p>Generell gilt, dass DEFINOX SAS Ihre personenbezogenen Daten niemals an andere Unternehmen oder Einzelpersonen vermietet oder verkauft, es sei denn, wir haben Ihre Zustimmung. Wir k\u00f6nnen solche Informationen unter den folgenden begrenzten Umst\u00e4nden weitergeben:<\/p>\n\n\n\n<ul class=\"wp-block-list\"><li>Mit Ihrer Zustimmung.<\/li><li>An vertrauensw\u00fcrdige Unternehmen oder Personen zum alleinigen Zweck der Bearbeitung Ihrer Anfrage in unserem Namen. Wo dies geschieht, unterliegen diese Parteien Vereinbarungen, die sie verpflichten, solche Informationen nur auf unsere Anweisung und unter Einhaltung dieser Datenschutzrichtlinie und angemessener Vertraulichkeits- und Sicherheitsma\u00dfnahmen zu verarbeiten.<\/li><li>Wenn wir gesetzlich dazu verpflichtet sind oder in gutem Glauben davon ausgehen, dass der Zugang, die Aufbewahrung oder die Offenlegung solcher Informationen vern\u00fcnftigerweise notwendig ist, um die Rechte, das Eigentum oder die Sicherheit von DEFINOX SAS, seiner Nutzer oder der \u00d6ffentlichkeit zu sch\u00fctzen.<\/li><\/ul>\n\n\n\n<p>Wir k\u00f6nnen personenbezogene Daten, die auf unserer Webseite erhoben werden, in jedem Land speichern und verarbeiten, in dem DEFINOX SAS oder unsere Hosting-Provider Einrichtungen unterhalten. Indem Sie unsere Dienste nutzen, stimmen Sie der Weitergabe Ihrer Daten an diese Einrichtungen zu, auch wenn sie sich au\u00dferhalb Ihres Landes befinden.<\/p>\n\n\n\n<h3 class=\"wp-block-heading\"><strong>Weitergabe von kontospezifischen Informationen<\/strong><\/h3>\n\n\n\n<p>Wenn Sie ein Konto bei uns eingerichtet haben, k\u00f6nnen wir die \u00fcber Ihr Konto \u00fcbermittelten Informationen an alle unsere Dienste sowie an Vertriebsh\u00e4ndler und Vertriebspartner weitergeben, um Ihnen ein nahtloses Erlebnis zu bieten und die Qualit\u00e4t unserer Dienste zu verbessern. Wir geben Ihre Kontodaten nicht an andere Personen oder nicht angeschlossene Unternehmen weiter, au\u00dfer unter den in dieser Richtlinie beschriebenen Umst\u00e4nden oder mit Ihrer Zustimmung.<\/p>\n\n\n\n<p>Wir geben Ihre Informationen nur an Datenplattformen und Cloud-Anbieter weiter, die in unserem Auftrag Dienstleistungen erbringen. Wir geben Informationen an Unternehmen weiter, die uns beim Betrieb und der Unterst\u00fctzung unserer Dienste helfen. Einige Anbieter sind m\u00f6glicherweise in einem anderen Land ans\u00e4ssig als dem, in dem Sie leben. Wir k\u00f6nnen Informationen auch an Analyse- und Suchmaschinenanbieter weitergeben, die in unserem Auftrag handeln.<\/p>\n\n\n\n<h3 class=\"wp-block-heading\"><strong>Sicherheitsma\u00dfnahmen<\/strong><\/h3>\n\n\n\n<p>Wir sind bestrebt, geeignete technische und organisatorische Ma\u00dfnahmen zu ergreifen, um Ihre personenbezogenen Daten vor versehentlicher oder unrechtm\u00e4\u00dfiger Zerst\u00f6rung, versehentlichem Verlust oder versehentlicher \u00c4nderung, unbefugter Weitergabe oder unbefugtem Zugriff und jeder anderen unrechtm\u00e4\u00dfigen Form der Verarbeitung zu sch\u00fctzen. Wir wollen sicherstellen, dass das Sicherheitsniveau und die zum Schutz Ihrer personenbezogenen Daten getroffenen Ma\u00dfnahmen den Risiken angemessen sind, die sich aus der Art und Verwendung Ihrer personenbezogenen Daten ergeben.<\/p>\n\n\n\n<p>Wir beschr\u00e4nken den Zugang zu Ihren personenbezogenen Daten auf unsere Mitarbeiter und Lieferanten, die diese Informationen ben\u00f6tigen, um sie in unserem Auftrag zu verarbeiten, und die vertraglich verpflichtet sind, Ihre personenbezogenen Daten sicher und vertraulich zu behandeln.<\/p>\n\n\n\n<h3 class=\"wp-block-heading\"><strong>Aktualisieren Ihrer Informationen<\/strong><\/h3>\n\n\n\n<p>Wenn wir Ihre personenbezogenen Daten verarbeiten, wollen wir sicherstellen, dass diese korrekt und aktuell sind. Wir werden uns bem\u00fchen, unrichtige oder unvollst\u00e4ndige personenbezogene Daten zu l\u00f6schen oder zu berichtigen. Wenn Sie Ihre pers\u00f6nlichen Daten aktualisieren oder korrigieren m\u00fcssen, wenden Sie sich bitte an gdpr@definox.com. Wir werden Ihnen dann die entsprechenden Verfahren zur Aktualisierung und Korrektur Ihrer pers\u00f6nlichen Daten zur Verf\u00fcgung stellen.<\/p>\n\n\n\n<h3 class=\"wp-block-heading\"><strong>Aufbewahrung von Daten<\/strong><\/h3>\n\n\n\n<p>Wir werden Ihre personenbezogenen Daten nur so lange aufbewahren, wie es f\u00fcr die Erf\u00fcllung der in dieser Richtlinie genannten Zwecke oder der Zwecke, \u00fcber die Sie anderweitig informiert wurden, erforderlich ist. Wir werden Ihre Daten so lange aufbewahren, wie es die geltenden Rechtsgrundlagen zulassen, und sie dann l\u00f6schen.<\/p>\n\n\n\n<p>Beruhen unsere Rechtsgrundlagen auf Ihrer Einwilligung, k\u00f6nnen Sie Ihre Einwilligung jederzeit widerrufen. Wenn Sie von Ihrem Recht Gebrauch gemacht haben, Ihre Einwilligung zur\u00fcckzuziehen, m\u00fcssen wir Ihre personenbezogenen Daten unter Umst\u00e4nden f\u00fcr einen bestimmten Zeitraum aufbewahren, damit wir unseren rechtlichen Verpflichtungen nachkommen und uns in Rechtsstreitigkeiten verteidigen k\u00f6nnen.<\/p>\n\n\n\n<h3 class=\"wp-block-heading\"><strong>Links zu Webseiten von Dritten<\/strong><\/h3>\n\n\n\n<p>Die Dienste k\u00f6nnen Links zu anderen Webseiten enthalten, deren Datenschutzpraktiken von den unseren abweichen. Diese externen Webseiten k\u00f6nnen ihre eigenen Cookies auf Ihrem Computer platzieren, Daten sammeln oder pers\u00f6nliche Informationen abfragen. Wenn Sie pers\u00f6nliche Daten an eine dieser Webseiten \u00fcbermitteln, unterliegen Ihre Daten den dortigen Datenschutzrichtlinien. DEFINOX SAS \u00fcbt keine Kontrolle \u00fcber diese Webseiten aus und \u00fcbernimmt keine Verantwortung f\u00fcr sie. Wir empfehlen Ihnen, die Datenschutzbestimmungen jeder Webseite, die Sie besuchen, sorgf\u00e4ltig zu lesen.<\/p>\n\n\n\n<h3 class=\"wp-block-heading\"><strong>Ihre Rechte als Einzelperson im Rahmen dieser Richtlinie<\/strong><\/h3>\n\n\n\n<p>Da wir Ihre personenbezogenen Daten verarbeiten, k\u00f6nnen Sie unter bestimmten Umst\u00e4nden bestimmte Rechte aus\u00fcben. In Bezug auf Ihre pers\u00f6nlichen Daten k\u00f6nnen Sie eine Anfrage stellen:<\/p>\n\n\n\n<ul class=\"is-style-primary wp-block-list\"><li>Zugang zu Ihren pers\u00f6nlichen Daten (Antrag auf Zugang zu den Daten)<\/li><li>Berichtigung Ihrer pers\u00f6nlichen Daten<\/li><li>L\u00f6schen Sie Ihre pers\u00f6nlichen Daten<\/li><li>Einschr\u00e4nlung Ihrer pers\u00f6nlichen Daten<\/li><li>Widerspruch gegen die Verarbeitung Ihrer pers\u00f6nlichen Daten<\/li><li>Ihre Zustimmung widerrufen<\/li><\/ul>\n\n\n\n<p>Alle Anfragen m\u00fcssen schriftlich erfolgen und von Ihnen unterschrieben werden. Sie m\u00fcssen Angaben zu Ihrem Namen, Ihrer Adresse und vorzugsweise Ihrer E-Mail-Adresse enthalten, um Ihre Identit\u00e4t zu \u00fcberpr\u00fcfen. Sofern das geltende Recht eine Verwaltungsgeb\u00fchr f\u00fcr die Beantwortung einer solchen Anfrage vorsieht (einschlie\u00dflich leichtfertiger oder \u00fcberzogener Anfragen), kann DEFINOX SAS eine solche Geb\u00fchr erheben.<\/p>\n\n\n\n<p>Alle berechtigten Anfragen werden umgehend und ordnungsgem\u00e4\u00df bearbeitet, und wir werden innerhalb von mindestens 30 Tagen nach Erhalt Ihrer Anfrage antworten.<\/p>\n\n\n\n<p>F\u00fcr Ihre Anfrage wenden Sie sich bitte an gdpr@definox.com<\/p>\n\n\n\n<p>Wenn Ihr Antrag aus den genannten Gr\u00fcnden abgelehnt wurde, k\u00f6nnen Sie eine Beschwerde bei der \u00f6rtlichen Datenschutzbeh\u00f6rde einreichen, die f\u00fcr die Dienststelle zust\u00e4ndig ist, in der die Dienstleistungen erbracht werden.<\/p>\n\n\n\n<h3 class=\"wp-block-heading\"><strong>\u00c4nderungen an dieser Mitteilung<\/strong><\/h3>\n\n\n\n<p>DEFINOX SAS beh\u00e4lt sich das Recht vor, diese Politik von Zeit zu Zeit zu \u00e4ndern. Wir gehen davon aus, dass die meisten dieser \u00c4nderungen geringf\u00fcgig sein werden, aber es kann auch \u00c4nderungen geben, die bedeutender sind. Das Datum der letzten \u00c4nderung ist am Ende des Dokuments angegeben.<\/p>\n\n\n\n<p>Wir werden diese \u00c4nderungen auf dieser Seite ver\u00f6ffentlichen und bei gr\u00f6\u00dferen \u00c4nderungen auch einen deutlicheren Hinweis geben. Jede Version wird oben auf der Seite vermerkt. Fr\u00fchere Versionen dieser Datenschutzrichtlinie werden in einem Archiv zur Einsichtnahme aufbewahrt.<\/p>\n\n\n\n<h3 class=\"wp-block-heading\"><strong>Kontakt<\/strong><\/h3>\n\n\n\n<p>Wenn Sie weitere Fragen haben oder Ihre Rechte aus\u00fcben m\u00f6chten, k\u00f6nnen Sie uns jederzeit unter gdpr@definox.com kontaktieren.<\/p>\n\n\n\n<h3 class=\"wp-block-heading\"><strong>Version<\/strong><\/h3>\n\n\n\n<p>Diese Richtlinie wurde am 25. Mai 2018 ver\u00f6ffentlicht.<\/p>\n\n\n\n<div style=\"height:100px\" aria-hidden=\"true\" class=\"wp-block-spacer\"><\/div>\n","protected":false},"excerpt":{"rendered":"<p>DEFINOX SAS ist der Meinung, dass Ihre pers\u00f6nlichen Daten Ihnen geh\u00f6ren. Wir sind bestrebt, Ihre pers\u00f6nlichen Daten jederzeit zu respektieren und mit der gebotenen Sorgfalt zu verarbeiten. Wenn Sie unsere Webseiten besuchen, sollen Sie sicher sein, dass Ihre Privatsph\u00e4re respektiert wird. Zweck dieser Richtlinie ist es, Sie dar\u00fcber zu informieren, welche Arten von personenbezogenen Daten&#8230;<\/p>\n","protected":false},"author":3,"featured_media":0,"parent":0,"menu_order":0,"comment_status":"closed","ping_status":"closed","template":"","meta":{"_acf_changed":false,"content-type":"","footnotes":""},"class_list":["entry","entry--716","entry--type-page","entry--status-publish","entry--author-nsagotlucas"],"acf":[],"yoast_head":"<!-- This site is optimized with the Yoast SEO plugin v24.2 - https:\/\/yoast.com\/wordpress\/plugins\/seo\/ -->\n<title>Datenschutzbestimmungen - Definox DE<\/title>\n<meta name=\"robots\" content=\"index, follow, max-snippet:-1, max-image-preview:large, max-video-preview:-1\" \/>\n<link rel=\"canonical\" href=\"https:\/\/www.definox.com\/de\/privacy-policy-2\/\" \/>\n<meta property=\"og:locale\" content=\"de_DE\" \/>\n<meta property=\"og:type\" content=\"article\" \/>\n<meta property=\"og:title\" content=\"Datenschutzbestimmungen - Definox DE\" \/>\n<meta property=\"og:description\" content=\"DEFINOX SAS ist der Meinung, dass Ihre pers\u00f6nlichen Daten Ihnen geh\u00f6ren. Wir sind bestrebt, Ihre pers\u00f6nlichen Daten jederzeit zu respektieren und mit der gebotenen Sorgfalt zu verarbeiten. Wenn Sie unsere Webseiten besuchen, sollen Sie sicher sein, dass Ihre Privatsph\u00e4re respektiert wird. Zweck dieser Richtlinie ist es, Sie dar\u00fcber zu informieren, welche Arten von personenbezogenen Daten...\" \/>\n<meta property=\"og:url\" content=\"https:\/\/www.definox.com\/de\/privacy-policy-2\/\" \/>\n<meta property=\"og:site_name\" content=\"Definox DE\" \/>\n<meta property=\"article:modified_time\" content=\"2022-12-12T16:21:48+00:00\" \/>\n<meta name=\"twitter:card\" content=\"summary_large_image\" \/>\n<meta name=\"twitter:label1\" content=\"Gesch\u00e4tzte Lesezeit\" \/>\n\t<meta name=\"twitter:data1\" content=\"11\u00a0Minuten\" \/>\n<script type=\"application\/ld+json\" class=\"yoast-schema-graph\">{\"@context\":\"https:\/\/schema.org\",\"@graph\":[{\"@type\":\"WebPage\",\"@id\":\"https:\/\/www.definox.com\/de\/privacy-policy-2\/\",\"url\":\"https:\/\/www.definox.com\/de\/privacy-policy-2\/\",\"name\":\"Datenschutzbestimmungen - Definox DE\",\"isPartOf\":{\"@id\":\"https:\/\/www.definox.com\/de\/#website\"},\"datePublished\":\"2020-07-07T12:19:35+00:00\",\"dateModified\":\"2022-12-12T16:21:48+00:00\",\"inLanguage\":\"de\",\"potentialAction\":[{\"@type\":\"ReadAction\",\"target\":[\"https:\/\/www.definox.com\/de\/privacy-policy-2\/\"]}]},{\"@type\":\"WebSite\",\"@id\":\"https:\/\/www.definox.com\/de\/#website\",\"url\":\"https:\/\/www.definox.com\/de\/\",\"name\":\"Definox DE\",\"description\":\"Boost your performance\",\"publisher\":{\"@id\":\"https:\/\/www.definox.com\/de\/#organization\"},\"potentialAction\":[{\"@type\":\"SearchAction\",\"target\":{\"@type\":\"EntryPoint\",\"urlTemplate\":\"https:\/\/www.definox.com\/de\/?s={search_term_string}\"},\"query-input\":{\"@type\":\"PropertyValueSpecification\",\"valueRequired\":true,\"valueName\":\"search_term_string\"}}],\"inLanguage\":\"de\"},{\"@type\":\"Organization\",\"@id\":\"https:\/\/www.definox.com\/de\/#organization\",\"name\":\"Definox DE\",\"url\":\"https:\/\/www.definox.com\/de\/\",\"logo\":{\"@type\":\"ImageObject\",\"inLanguage\":\"de\",\"@id\":\"https:\/\/www.definox.com\/de\/#\/schema\/logo\/image\/\",\"url\":\"https:\/\/www.definox.com\/app\/uploads\/sites\/11\/2021\/01\/icons-footer_logo-definox-id.svg\",\"contentUrl\":\"https:\/\/www.definox.com\/app\/uploads\/sites\/11\/2021\/01\/icons-footer_logo-definox-id.svg\",\"width\":140,\"height\":120,\"caption\":\"Definox DE\"},\"image\":{\"@id\":\"https:\/\/www.definox.com\/de\/#\/schema\/logo\/image\/\"}}]}<\/script>\n<!-- \/ Yoast SEO plugin. -->","yoast_head_json":{"title":"Datenschutzbestimmungen - Definox DE","robots":{"index":"index","follow":"follow","max-snippet":"max-snippet:-1","max-image-preview":"max-image-preview:large","max-video-preview":"max-video-preview:-1"},"canonical":"https:\/\/www.definox.com\/de\/privacy-policy-2\/","og_locale":"de_DE","og_type":"article","og_title":"Datenschutzbestimmungen - Definox DE","og_description":"DEFINOX SAS ist der Meinung, dass Ihre pers\u00f6nlichen Daten Ihnen geh\u00f6ren. Wir sind bestrebt, Ihre pers\u00f6nlichen Daten jederzeit zu respektieren und mit der gebotenen Sorgfalt zu verarbeiten. Wenn Sie unsere Webseiten besuchen, sollen Sie sicher sein, dass Ihre Privatsph\u00e4re respektiert wird. Zweck dieser Richtlinie ist es, Sie dar\u00fcber zu informieren, welche Arten von personenbezogenen Daten...","og_url":"https:\/\/www.definox.com\/de\/privacy-policy-2\/","og_site_name":"Definox DE","article_modified_time":"2022-12-12T16:21:48+00:00","twitter_card":"summary_large_image","twitter_misc":{"Gesch\u00e4tzte Lesezeit":"11\u00a0Minuten"},"schema":{"@context":"https:\/\/schema.org","@graph":[{"@type":"WebPage","@id":"https:\/\/www.definox.com\/de\/privacy-policy-2\/","url":"https:\/\/www.definox.com\/de\/privacy-policy-2\/","name":"Datenschutzbestimmungen - Definox DE","isPartOf":{"@id":"https:\/\/www.definox.com\/de\/#website"},"datePublished":"2020-07-07T12:19:35+00:00","dateModified":"2022-12-12T16:21:48+00:00","inLanguage":"de","potentialAction":[{"@type":"ReadAction","target":["https:\/\/www.definox.com\/de\/privacy-policy-2\/"]}]},{"@type":"WebSite","@id":"https:\/\/www.definox.com\/de\/#website","url":"https:\/\/www.definox.com\/de\/","name":"Definox DE","description":"Boost your performance","publisher":{"@id":"https:\/\/www.definox.com\/de\/#organization"},"potentialAction":[{"@type":"SearchAction","target":{"@type":"EntryPoint","urlTemplate":"https:\/\/www.definox.com\/de\/?s={search_term_string}"},"query-input":{"@type":"PropertyValueSpecification","valueRequired":true,"valueName":"search_term_string"}}],"inLanguage":"de"},{"@type":"Organization","@id":"https:\/\/www.definox.com\/de\/#organization","name":"Definox DE","url":"https:\/\/www.definox.com\/de\/","logo":{"@type":"ImageObject","inLanguage":"de","@id":"https:\/\/www.definox.com\/de\/#\/schema\/logo\/image\/","url":"https:\/\/www.definox.com\/app\/uploads\/sites\/11\/2021\/01\/icons-footer_logo-definox-id.svg","contentUrl":"https:\/\/www.definox.com\/app\/uploads\/sites\/11\/2021\/01\/icons-footer_logo-definox-id.svg","width":140,"height":120,"caption":"Definox DE"},"image":{"@id":"https:\/\/www.definox.com\/de\/#\/schema\/logo\/image\/"}}]}},"_links":{"self":[{"href":"https:\/\/www.definox.com\/de\/wp-json\/wp\/v2\/pages\/716","targetHints":{"allow":["GET"]}}],"collection":[{"href":"https:\/\/www.definox.com\/de\/wp-json\/wp\/v2\/pages"}],"about":[{"href":"https:\/\/www.definox.com\/de\/wp-json\/wp\/v2\/types\/page"}],"author":[{"embeddable":true,"href":"https:\/\/www.definox.com\/de\/wp-json\/wp\/v2\/users\/3"}],"replies":[{"embeddable":true,"href":"https:\/\/www.definox.com\/de\/wp-json\/wp\/v2\/comments?post=716"}],"version-history":[{"count":12,"href":"https:\/\/www.definox.com\/de\/wp-json\/wp\/v2\/pages\/716\/revisions"}],"predecessor-version":[{"id":1968,"href":"https:\/\/www.definox.com\/de\/wp-json\/wp\/v2\/pages\/716\/revisions\/1968"}],"wp:attachment":[{"href":"https:\/\/www.definox.com\/de\/wp-json\/wp\/v2\/media?parent=716"}],"curies":[{"name":"wp","href":"https:\/\/api.w.org\/{rel}","templated":true}]}}