{"id":2084,"date":"2022-05-31T14:38:33","date_gmt":"2022-05-31T14:38:33","guid":{"rendered":"https:\/\/www.definox.com\/en\/?page_id=2084"},"modified":"2024-03-27T09:44:55","modified_gmt":"2024-03-27T09:44:55","slug":"safety","status":"publish","type":"page","link":"https:\/\/www.definox.com\/en\/adn\/safety\/","title":{"rendered":"Safety"},"content":{"rendered":"\n<div class=\"wp-block-definox-quick-navigation  quick-navigation alignfull\"><div class=\"quick-navigation__content\"><div class=\"quick-navigation__wrapper\"><div class=\"quick-navigation__sticky-hook\"><\/div><div class=\"quick-navigation__items\">\n<div class=\"wp-block-definox-quick-navigation-item quick-navigation__item\"><a class=\"quick-navigation__link\" href=\"#Issues\">Safety issues<\/a><\/div>\n\n\n\n<div class=\"wp-block-definox-quick-navigation-item quick-navigation__item\"><a class=\"quick-navigation__link\" href=\"#ID\">Definox ID<\/a><\/div>\n\n\n\n<div class=\"wp-block-definox-quick-navigation-item quick-navigation__item\"><a class=\"quick-navigation__link\" href=\"#Commitments\">Commitments<\/a><\/div>\n<\/div><div class=\"quick-navigation__controls\"><button class=\"quick-navigation__button quick-navigation__button--prev\"><\/button><button class=\"quick-navigation__button quick-navigation__button--next\"><\/button><\/div><\/div><\/div><\/div>\n\n\n\n<h2 class=\"wp-block-heading has-text-align-center\">How does Definox respond to manufacturers\u2019 preoccupations in terms of safety?<\/h2>\n\n\n<div class=\"wp-block-image aligncenter size-large\">\n<figure class=\"\" id=\"Issues\"><img decoding=\"async\" src=\"https:\/\/www.definox.com\/app\/uploads\/2022\/04\/infographie-adn-3-items-securite-LAST.svg\" alt=\"\" class=\"wp-image-4396\" \/><\/figure><\/div>\n\n\n<div class=\"wp-block-group alignfull is-style-padding-top\"><div class=\"wp-block-group__inner-container is-layout-flow wp-block-group-is-layout-flow\">\n<div class=\"wp-block-columns is-style-center-on-mobile is-layout-flex wp-container-core-columns-is-layout-1 wp-block-columns-is-layout-flex\">\n<div class=\"wp-block-column is-layout-flow wp-block-column-is-layout-flow\">\n<h5 class=\"wp-block-heading has-dark-blue-color has-text-color\"><strong>PRODUCT DESIGN<\/strong><\/h5>\n\n\n\n<ul class=\"is-style-primary wp-block-list\">\n<li>Design responding to safety demands and ergonomy of use<\/li>\n\n\n\n<li>Maintainable products with the guarantee of available spare parts and components for the older generation of valves. <\/li>\n\n\n\n<li>Built in safety devices for a guaranteed protection during use<\/li>\n\n\n\n<li>Specific support for Greenfield projects<\/li>\n\n\n\n<li>Development and improvement of our solutions in partnership with the end users<\/li>\n<\/ul>\n<\/div>\n\n\n\n<div class=\"wp-block-column is-layout-flow wp-block-column-is-layout-flow\">\n<h5 class=\"wp-block-heading has-dark-blue-color has-text-color\"><strong>TRAINING<\/strong><\/h5>\n\n\n\n<ul class=\"is-style-primary wp-block-list\">\n<li>Practical and theoretical training given on site or remotely<\/li>\n\n\n\n<li>New conference room and video conference equipment for remote training and demonstrations<\/li>\n\n\n\n<li>Training support and modern videos. Long term customer support<\/li>\n\n\n\n<li>Specialized training team<\/li>\n\n\n\n<li>French training standard \u201cQualiopi\u201d certification<\/li>\n<\/ul>\n<\/div>\n\n\n\n<div class=\"wp-block-column is-layout-flow wp-block-column-is-layout-flow\">\n<h5 class=\"wp-block-heading has-dark-blue-color has-text-color\"><strong>EQUIPMENT<\/strong><\/h5>\n\n\n\n<ul class=\"is-style-primary wp-block-list\">\n<li>Optimized valve weight for easier handling. <\/li>\n\n\n\n<li>Devices to facilitate the handling and accessibility of manifold valves<\/li>\n\n\n\n<li>Adapted tool boxes<\/li>\n\n\n\n<li>Safety cases for maintenance intervention. Presses for the safe assembly and disassembly of actuators<\/li>\n<\/ul>\n<\/div>\n<\/div>\n\n\n\n<p><\/p>\n<\/div><\/div>\n\n\n\n<div class=\"wp-block-group alignwide\"><div class=\"wp-block-group__inner-container is-layout-flow wp-block-group-is-layout-flow\">\n<div class=\"wp-block-group alignfull is-style-padding-top has-light-grey-background-color has-background\" id=\"ID\"><div class=\"wp-block-group__inner-container is-layout-flow wp-block-group-is-layout-flow\">\n<h2 class=\"wp-block-heading has-text-align-center\">DEFINOX ID<\/h2>\n\n\n\n<p class=\"has-text-align-center\">For Definox, innovation serves to simplify the day for our industrial clients and installers. Thanks to our mobile application \u201cid\u201d Definox, augmented reality allows each valve to be followed and maintained simply and individually.<\/p>\n\n\n\n<figure class=\"wp-block-embed alignleft is-type-video is-provider-youtube wp-block-embed-youtube wp-embed-aspect-16-9 wp-has-aspect-ratio\"><div class=\"wp-block-embed__wrapper\">\n<iframe title=\"Definox breaking news 2021\" width=\"865\" height=\"487\" src=\"https:\/\/www.youtube.com\/embed\/ehu2-UAGYzc?feature=oembed\" frameborder=\"0\" allow=\"accelerometer; autoplay; clipboard-write; encrypted-media; gyroscope; picture-in-picture; web-share\" referrerpolicy=\"strict-origin-when-cross-origin\" allowfullscreen><\/iframe>\n<\/div><\/figure>\n\n\n\n<h3 class=\"wp-block-heading\">How does this app work ?<\/h3>\n\n\n\n<p>En tout simplicit\u00e9, les techniciens de maintenance des lignes process peuvent t\u00e9l\u00e9charger l&#8217;application de r\u00e9alit\u00e9 augment\u00e9e en flashant le logo pr\u00e9sent sur chacune de nos vannes. Ainsi, ils peuvent avoir acc\u00e8s \u00e0 toutes les informations pratiques relatives au produit.<\/p>\n\n\n\n<div class=\"wp-block-buttons is-content-justification-center is-layout-flex wp-container-core-buttons-is-layout-1 wp-block-buttons-is-layout-flex\">\n<div class=\"wp-block-button is-style-tertiary--small\"><a class=\"wp-block-button__link has-text-align-center wp-element-button\" href=\"https:\/\/www.definox.com\/en\/ressources\/our-application-id-augmented-reality\/\">Find out more<\/a><\/div>\n<\/div>\n<\/div><\/div>\n<\/div><\/div>\n\n\n\n<div class=\"wp-block-definox-quotes-list quotes alignfull  is-style-dna\" id=\"quotes-section\"><div class=\"container\"><div class=\"quotes__items\">\n<div class=\"wp-block-definox-quotes-item quotes__item-container\"><div class=\"quotes__item \"><svg class=\"quotes__svg\" xmlns=\"http:\/\/www.w3.org\/2000\/svg\" viewBox=\"0 0 152 151\"><path fill=\"none\" d=\"M151.141 149.984c-82.844 0-150-67.155-150-150\"><\/path><path fill=\"none\" d=\"M66.102 76.961v0s8.878-11.168 8.362-11.233c-5.998-.758-10.634-5.784-10.634-11.87 0-6.612 5.466-11.97 12.21-11.97 6.742 0 12.208 5.358 12.208 11.97 0 3.184-1.138 5.186-3.407 8.072-.934 1.188-11.926 15.031-11.926 15.031v0M94.513 76.961v0s8.878-11.168 8.362-11.233c-5.998-.758-10.634-5.784-10.634-11.87 0-6.612 5.466-11.97 12.208-11.97 6.744 0 12.21 5.358 12.21 11.97 0 3.184-1.138 5.186-3.407 8.072-.934 1.188-11.926 15.031-11.926 15.031v0\"><\/path><\/svg>\n<h2 class=\"wp-block-heading quotes__title\">TESTIMONY<\/h2>\n\n\n\n<p class=\"quotes__description\"><strong><strong>Definox takes safety issues very seriously. Safety is taken into consideration from the initial design of the valve to its assembly and maintenance. There are procedures in order to avoid injury, I do not send After Sales Techniciens to intervene under just any conditions<\/strong><\/strong>.<\/p>\n\n\n\n<p class=\"quotes__author larger\">Herv\u00e9 Richard, Customer Relations Manager at Definox<\/p>\n\n\n\n<p class=\"quotes__author__description\"><\/p>\n<\/div><\/div>\n<\/div><div class=\"quotes__controls\"><div class=\"quotes__dots\"><\/div><div class=\"quotes__buttons\"><button type=\"button\" class=\"slider-button slider-button--prev quotes__button quotes__button--prev\"><\/button><button type=\"button\" class=\"slider-button slider-button--next quotes__button quotes__button--next\"><\/button><\/div><\/div><\/div><\/div>\n\n\n\n<div id=\"Commitments\" class=\"wp-block-group is-style-dna-pattern\"><div class=\"wp-block-group__inner-container is-layout-flow wp-block-group-is-layout-flow\">\n<h2 class=\"wp-block-heading has-text-align-center\"><strong>COMMITMENTS BEYOND THE PRODUCT<\/strong><\/h2>\n\n\n\n<div class=\"wp-block-definox-card-grid card-grid alignfull\"><div class=\"container\"><div class=\"card-grid__items\">\n<div class=\"wp-block-definox-dna-card dna-card\" style=\"--card-text-color:#ffffff;--card-bg-color:#7662ef;--card-secondary-color:#004871\"><div class=\"dna-card__content\">\n\n\n<h3 class=\"wp-block-heading dna-card__title\">LA CERTIFICATION <\/h3>\n\n\n\n<p>In 2021, Definox obtained Qualiopi certification. This attests to the quality of the services provided by training organizations. Practical and theoretical, Definox tailors its training courses to meet the needs of its customers.  <\/p>\n<\/div><\/div>\n\n\n\n<div class=\"wp-block-definox-dna-card dna-card\" style=\"--card-text-color:#ffffff;--card-bg-color:#004871;--card-secondary-color:#7662ef\"><div class=\"dna-card__content\">\n\n\n<h3 class=\"wp-block-heading dna-card__title has-white-color has-text-color\"><strong>CUSTOMER SAFETY<\/strong><\/h3>\n\n\n\n<p>Proactive approach to safety by personalized support and a follow-up at each step.<\/p>\n\n\n\n<p>Integration of safety devices as standard for our solutions.&nbsp;<\/p>\n\n\n\n<p>Availability of adapted tools and presses to ensure the safe disassembly of actuators.&nbsp;<\/p>\n\n\n\n<p>Specialized After Sales Service Technicians team for any technical questions and interventions on site.<\/p>\n\n\n\n<p>Product training and safety awareness of our products.<\/p>\n<\/div><\/div>\n\n\n\n<div class=\"wp-block-definox-dna-card dna-card\" style=\"--card-text-color:#7662ef;--card-bg-color:#ffffff;--card-secondary-color:#004871\"><div class=\"dna-card__content\">\n\n\n<h3 class=\"wp-block-heading dna-card__title\"><strong>SAFETY EVERY DAY FOR EVERYONE<\/strong><\/h3>\n\n\n\n<p>\u201cI Care\u201d Program to make all employees aware of safety risks and change behaviors.<\/p>\n\n\n\n<p>Quality of Work Life (QWL)<\/p>\n\n\n\n<p>Detection of risk&nbsp; situations and analysis of near accidents.<\/p>\n\n\n\n<p>Gestures and good practices to adopt on a daily basis.<\/p>\n<\/div><\/div>\n\n\n\n<div class=\"wp-block-definox-dna-card dna-card\" style=\"--card-bg-color:white;--card-secondary-color:#7662ef\"><div class=\"dna-card__content\">\n\n\n<h3 class=\"wp-block-heading dna-card__title\">KEY DATA<\/h3>\n\n\n<div class=\"dna-number\">\n\n    <div class=\"dna-number__number\">\n        129    <\/div>\n\n    \n        <div class=\"dna-number__text\">\n            people trained in 2021        <\/div>\n        \n    \n<\/div><\/div><\/div>\n\n\n\n<div class=\"wp-block-definox-dna-card dna-card\" style=\"--card-text-color:#004871;--card-bg-color:#ffffff;--card-secondary-color:#7662ef\"><div class=\"dna-card__content\">\n\n\n<h3 class=\"wp-block-heading dna-card__title\"><strong><strong>IMMEDIATE ACCESS TO INFORMATIONAL AND EDUCATIONAL MEDIA<\/strong><\/strong><\/h3>\n\n\n\n<ul class=\"wp-block-list\">\n<li>A Youtube channel with playlist, containing maintenance tutorials&nbsp; and educational 3D animation.<\/li>\n\n\n\n<li>Definox\u2019s augmented reality application \u201cid\u201d enabling precise identification of the valve and its spare parts.<\/li>\n\n\n\n<li>Web site with simple, immediate access to the&nbsp; documents and digital media library.<\/li>\n<\/ul>\n<\/div><\/div>\n\n\n\n<div class=\"wp-block-definox-dna-card dna-card\" style=\"--card-bg-color:white;--card-secondary-color:#7662ef\"><div class=\"dna-card__content\">\n\n\n<h3 class=\"wp-block-heading dna-card__title\">KEY DATA<\/h3>\n\n\n<div class=\"dna-number\">\n\n    <div class=\"dna-number__number\">\n        185    <\/div>\n\n    \n        <div class=\"dna-number__text\">\n            Safety workshops in 2021        <\/div>\n        \n    \n<\/div>\n\n\n<p><\/p>\n<\/div><\/div>\n<\/div><\/div><\/div>\n<\/div><\/div>\n","protected":false},"excerpt":{"rendered":"<p>Safety is a priority for Definox. We innovate, design and manufacture with this in mind. Definox is actively committed to reducing risks through a personalized training program for maintenance technicians and rigorous support. Providing tools adapted for the job ensures the safety of the people who use our valves.<\/p>\n","protected":false},"author":9,"featured_media":2085,"parent":2226,"menu_order":0,"comment_status":"closed","ping_status":"closed","template":"","meta":{"_acf_changed":false,"content-type":"","footnotes":""},"class_list":["entry","entry--2084","entry--type-page","entry--status-publish","entry--author-mecanoslpg","has-post-thumbnail","has-excerpt"],"acf":[],"yoast_head":"<!-- This site is optimized with the Yoast SEO plugin v24.2 - https:\/\/yoast.com\/wordpress\/plugins\/seo\/ -->\n<title>Safety - Our ADN - Definox EN<\/title>\n<meta name=\"description\" content=\"Definox is actively committed to everyone&#039;s safety, thanks to the personalized training of technicians and rigorous support.\" \/>\n<meta name=\"robots\" content=\"index, follow, max-snippet:-1, max-image-preview:large, max-video-preview:-1\" \/>\n<link rel=\"canonical\" href=\"https:\/\/www.definox.com\/en\/adn\/safety\/\" \/>\n<meta property=\"og:locale\" content=\"en_US\" \/>\n<meta property=\"og:type\" content=\"article\" \/>\n<meta property=\"og:title\" content=\"Safety - Our ADN - Definox EN\" \/>\n<meta property=\"og:description\" content=\"Definox is actively committed to everyone&#039;s safety, thanks to the personalized training of technicians and rigorous support.\" \/>\n<meta property=\"og:url\" content=\"https:\/\/www.definox.com\/en\/adn\/safety\/\" \/>\n<meta property=\"og:site_name\" content=\"Definox EN\" \/>\n<meta property=\"article:publisher\" content=\"https:\/\/www.facebook.com\/DEFINOX\/\" \/>\n<meta property=\"article:modified_time\" content=\"2024-03-27T09:44:55+00:00\" \/>\n<meta property=\"og:image\" content=\"https:\/\/www.definox.com\/app\/uploads\/sites\/7\/2022\/04\/SECURITE.jpeg\" \/>\n\t<meta property=\"og:image:width\" content=\"2628\" \/>\n\t<meta property=\"og:image:height\" content=\"1599\" \/>\n\t<meta property=\"og:image:type\" content=\"image\/jpeg\" \/>\n<meta name=\"twitter:card\" content=\"summary_large_image\" \/>\n<meta name=\"twitter:label1\" content=\"Est. reading time\" \/>\n\t<meta name=\"twitter:data1\" content=\"4 minutes\" \/>\n<script type=\"application\/ld+json\" class=\"yoast-schema-graph\">{\"@context\":\"https:\/\/schema.org\",\"@graph\":[{\"@type\":\"WebPage\",\"@id\":\"https:\/\/www.definox.com\/en\/adn\/safety\/\",\"url\":\"https:\/\/www.definox.com\/en\/adn\/safety\/\",\"name\":\"Safety - Our ADN - Definox EN\",\"isPartOf\":{\"@id\":\"https:\/\/www.definox.com\/en\/#website\"},\"primaryImageOfPage\":{\"@id\":\"https:\/\/www.definox.com\/en\/adn\/safety\/#primaryimage\"},\"image\":{\"@id\":\"https:\/\/www.definox.com\/en\/adn\/safety\/#primaryimage\"},\"thumbnailUrl\":\"https:\/\/www.definox.com\/app\/uploads\/sites\/7\/2022\/04\/SECURITE.jpeg\",\"datePublished\":\"2022-05-31T14:38:33+00:00\",\"dateModified\":\"2024-03-27T09:44:55+00:00\",\"description\":\"Definox is actively committed to everyone's safety, thanks to the personalized training of technicians and rigorous support.\",\"breadcrumb\":{\"@id\":\"https:\/\/www.definox.com\/en\/adn\/safety\/#breadcrumb\"},\"inLanguage\":\"en-US\",\"potentialAction\":[{\"@type\":\"ReadAction\",\"target\":[\"https:\/\/www.definox.com\/en\/adn\/safety\/\"]}]},{\"@type\":\"ImageObject\",\"inLanguage\":\"en-US\",\"@id\":\"https:\/\/www.definox.com\/en\/adn\/safety\/#primaryimage\",\"url\":\"https:\/\/www.definox.com\/app\/uploads\/sites\/7\/2022\/04\/SECURITE.jpeg\",\"contentUrl\":\"https:\/\/www.definox.com\/app\/uploads\/sites\/7\/2022\/04\/SECURITE.jpeg\",\"width\":2628,\"height\":1599},{\"@type\":\"BreadcrumbList\",\"@id\":\"https:\/\/www.definox.com\/en\/adn\/safety\/#breadcrumb\",\"itemListElement\":[{\"@type\":\"ListItem\",\"position\":1,\"name\":\"Home\",\"item\":\"https:\/\/www.definox.com\/en\/\"},{\"@type\":\"ListItem\",\"position\":2,\"name\":\"DNA\",\"item\":\"https:\/\/www.definox.com\/en\/adn\/\"},{\"@type\":\"ListItem\",\"position\":3,\"name\":\"Safety\"}]},{\"@type\":\"WebSite\",\"@id\":\"https:\/\/www.definox.com\/en\/#website\",\"url\":\"https:\/\/www.definox.com\/en\/\",\"name\":\"Definox EN\",\"description\":\"Boost your performance\",\"publisher\":{\"@id\":\"https:\/\/www.definox.com\/en\/#organization\"},\"potentialAction\":[{\"@type\":\"SearchAction\",\"target\":{\"@type\":\"EntryPoint\",\"urlTemplate\":\"https:\/\/www.definox.com\/en\/?s={search_term_string}\"},\"query-input\":{\"@type\":\"PropertyValueSpecification\",\"valueRequired\":true,\"valueName\":\"search_term_string\"}}],\"inLanguage\":\"en-US\"},{\"@type\":\"Organization\",\"@id\":\"https:\/\/www.definox.com\/en\/#organization\",\"name\":\"Definox\",\"url\":\"https:\/\/www.definox.com\/en\/\",\"logo\":{\"@type\":\"ImageObject\",\"inLanguage\":\"en-US\",\"@id\":\"https:\/\/www.definox.com\/en\/#\/schema\/logo\/image\/\",\"url\":\"https:\/\/www.definox.com\/app\/uploads\/sites\/7\/2020\/07\/definox-favicon-android-chrome-512x512-1.png\",\"contentUrl\":\"https:\/\/www.definox.com\/app\/uploads\/sites\/7\/2020\/07\/definox-favicon-android-chrome-512x512-1.png\",\"width\":512,\"height\":512,\"caption\":\"Definox\"},\"image\":{\"@id\":\"https:\/\/www.definox.com\/en\/#\/schema\/logo\/image\/\"},\"sameAs\":[\"https:\/\/www.facebook.com\/DEFINOX\/\"]}]}<\/script>\n<!-- \/ Yoast SEO plugin. -->","yoast_head_json":{"title":"Safety - Our ADN - Definox EN","description":"Definox is actively committed to everyone's safety, thanks to the personalized training of technicians and rigorous support.","robots":{"index":"index","follow":"follow","max-snippet":"max-snippet:-1","max-image-preview":"max-image-preview:large","max-video-preview":"max-video-preview:-1"},"canonical":"https:\/\/www.definox.com\/en\/adn\/safety\/","og_locale":"en_US","og_type":"article","og_title":"Safety - Our ADN - Definox EN","og_description":"Definox is actively committed to everyone's safety, thanks to the personalized training of technicians and rigorous support.","og_url":"https:\/\/www.definox.com\/en\/adn\/safety\/","og_site_name":"Definox EN","article_publisher":"https:\/\/www.facebook.com\/DEFINOX\/","article_modified_time":"2024-03-27T09:44:55+00:00","og_image":[{"width":2628,"height":1599,"url":"https:\/\/www.definox.com\/app\/uploads\/sites\/7\/2022\/04\/SECURITE.jpeg","type":"image\/jpeg"}],"twitter_card":"summary_large_image","twitter_misc":{"Est. reading time":"4 minutes"},"schema":{"@context":"https:\/\/schema.org","@graph":[{"@type":"WebPage","@id":"https:\/\/www.definox.com\/en\/adn\/safety\/","url":"https:\/\/www.definox.com\/en\/adn\/safety\/","name":"Safety - Our ADN - Definox EN","isPartOf":{"@id":"https:\/\/www.definox.com\/en\/#website"},"primaryImageOfPage":{"@id":"https:\/\/www.definox.com\/en\/adn\/safety\/#primaryimage"},"image":{"@id":"https:\/\/www.definox.com\/en\/adn\/safety\/#primaryimage"},"thumbnailUrl":"https:\/\/www.definox.com\/app\/uploads\/sites\/7\/2022\/04\/SECURITE.jpeg","datePublished":"2022-05-31T14:38:33+00:00","dateModified":"2024-03-27T09:44:55+00:00","description":"Definox is actively committed to everyone's safety, thanks to the personalized training of technicians and rigorous support.","breadcrumb":{"@id":"https:\/\/www.definox.com\/en\/adn\/safety\/#breadcrumb"},"inLanguage":"en-US","potentialAction":[{"@type":"ReadAction","target":["https:\/\/www.definox.com\/en\/adn\/safety\/"]}]},{"@type":"ImageObject","inLanguage":"en-US","@id":"https:\/\/www.definox.com\/en\/adn\/safety\/#primaryimage","url":"https:\/\/www.definox.com\/app\/uploads\/sites\/7\/2022\/04\/SECURITE.jpeg","contentUrl":"https:\/\/www.definox.com\/app\/uploads\/sites\/7\/2022\/04\/SECURITE.jpeg","width":2628,"height":1599},{"@type":"BreadcrumbList","@id":"https:\/\/www.definox.com\/en\/adn\/safety\/#breadcrumb","itemListElement":[{"@type":"ListItem","position":1,"name":"Home","item":"https:\/\/www.definox.com\/en\/"},{"@type":"ListItem","position":2,"name":"DNA","item":"https:\/\/www.definox.com\/en\/adn\/"},{"@type":"ListItem","position":3,"name":"Safety"}]},{"@type":"WebSite","@id":"https:\/\/www.definox.com\/en\/#website","url":"https:\/\/www.definox.com\/en\/","name":"Definox EN","description":"Boost your performance","publisher":{"@id":"https:\/\/www.definox.com\/en\/#organization"},"potentialAction":[{"@type":"SearchAction","target":{"@type":"EntryPoint","urlTemplate":"https:\/\/www.definox.com\/en\/?s={search_term_string}"},"query-input":{"@type":"PropertyValueSpecification","valueRequired":true,"valueName":"search_term_string"}}],"inLanguage":"en-US"},{"@type":"Organization","@id":"https:\/\/www.definox.com\/en\/#organization","name":"Definox","url":"https:\/\/www.definox.com\/en\/","logo":{"@type":"ImageObject","inLanguage":"en-US","@id":"https:\/\/www.definox.com\/en\/#\/schema\/logo\/image\/","url":"https:\/\/www.definox.com\/app\/uploads\/sites\/7\/2020\/07\/definox-favicon-android-chrome-512x512-1.png","contentUrl":"https:\/\/www.definox.com\/app\/uploads\/sites\/7\/2020\/07\/definox-favicon-android-chrome-512x512-1.png","width":512,"height":512,"caption":"Definox"},"image":{"@id":"https:\/\/www.definox.com\/en\/#\/schema\/logo\/image\/"},"sameAs":["https:\/\/www.facebook.com\/DEFINOX\/"]}]}},"_links":{"self":[{"href":"https:\/\/www.definox.com\/en\/wp-json\/wp\/v2\/pages\/2084","targetHints":{"allow":["GET"]}}],"collection":[{"href":"https:\/\/www.definox.com\/en\/wp-json\/wp\/v2\/pages"}],"about":[{"href":"https:\/\/www.definox.com\/en\/wp-json\/wp\/v2\/types\/page"}],"author":[{"embeddable":true,"href":"https:\/\/www.definox.com\/en\/wp-json\/wp\/v2\/users\/9"}],"replies":[{"embeddable":true,"href":"https:\/\/www.definox.com\/en\/wp-json\/wp\/v2\/comments?post=2084"}],"version-history":[{"count":42,"href":"https:\/\/www.definox.com\/en\/wp-json\/wp\/v2\/pages\/2084\/revisions"}],"predecessor-version":[{"id":2983,"href":"https:\/\/www.definox.com\/en\/wp-json\/wp\/v2\/pages\/2084\/revisions\/2983"}],"up":[{"embeddable":true,"href":"https:\/\/www.definox.com\/en\/wp-json\/wp\/v2\/pages\/2226"}],"wp:featuredmedia":[{"embeddable":true,"href":"https:\/\/www.definox.com\/en\/wp-json\/wp\/v2\/media\/2085"}],"wp:attachment":[{"href":"https:\/\/www.definox.com\/en\/wp-json\/wp\/v2\/media?parent=2084"}],"curies":[{"name":"wp","href":"https:\/\/api.w.org\/{rel}","templated":true}]}}