{"id":1808,"date":"2022-08-25T08:41:07","date_gmt":"2022-08-25T08:41:07","guid":{"rendered":"https:\/\/www.definox.com\/es\/?page_id=1808"},"modified":"2023-02-21T09:14:28","modified_gmt":"2023-02-21T09:14:28","slug":"adn","status":"publish","type":"page","link":"https:\/\/www.definox.com\/es\/adn\/","title":{"rendered":"ADN"},"content":{"rendered":"\n<div class=\"dna-header alignfull  \">\n\n    <div class=\"container\">\n\n        <div class=\"dna-header__slides\">\n\n            \n            <div class=\"dna-header__slide\">\n\n                <div class=\"dna-header__item\">\n\n                    <div class=\"dna-header__media\">\n\n                                                    <div class=\"dna-header__lottie\" data-json=\"https:\/\/www.definox.com\/app\/uploads\/sites\/10\/2022\/09\/data.json\"><\/div>\n                        \n                    <\/div>\n\n                    <div class=\"dna-header__content\">\n                        \n                                                    <h1 class=\"dna-header__title\">En el centro de los procesos sanitarios<\/h1>\n                        \n                        \n                        \n\n                    <\/div>\n\n                <\/div>\n\n            <\/div>\n\n            \n        <\/div>\n\n        \n    <\/div>\n\n        \n    \n        <div class=\"dna-header__scroll-to is-style-scroll-to\">\n\n            <a href=\"#dna-sections\">\n\n            <svg class=\"dna-header__svg\" xmlns=\"http:\/\/www.w3.org\/2000\/svg\" width=\"27.373\" height=\"59.577\" viewBox=\"0 0 27.373 59.577\"><path data-name=\"Trac\u00e9 6419\" d=\"M13.687 43.012A13.646 13.646 0 0 1 0 29.436V13.198C0 5.712 6.139 0 13.687 0s13.686 5.712 13.686 13.2v16.236a13.646 13.646 0 0 1-13.686 13.576Zm11.784-29.814a11.785 11.785 0 0 0-23.57 0v16.238a11.785 11.785 0 0 0 23.57 0ZM13.686 16.07a1.879 1.879 0 0 1-1.886-1.872V9.724a1.879 1.879 0 0 1 1.886-1.871c1.043 0 2.6.838 2.6 1.871v4.474c-.002 1.034-1.557 1.872-2.6 1.872ZM3.994 50.853a.955.955 0 0 1 1.337-.14l8.359 6.708 8.357-6.708a.956.956 0 0 1 1.337.14.937.937 0 0 1-.142 1.326l-8.958 7.188a.956.956 0 0 1-1.2 0L4.132 52.18a.936.936 0 0 1-.138-1.327Z\" fill=\"#004871\" fill-rule=\"evenodd\"\/><\/svg>\n            <\/a>\n\n        <\/div>\n\n    \n\n<\/div>\n\n\n<p>En consonancia con la mejora de sus procesos y la optimizaci\u00f3n de sus costes, el c\u00e1lculo del TCO \u00abTotal Cost Ownership\u00bb le permite tener en cuenta la totalidad de los costes inherentes a sus sistemas. De este modo, se acerca lo m\u00e1s posible a su realidad econ\u00f3mica. Estas preocupaciones est\u00e1n integradas en el dise\u00f1o de nuestros productos totalmente mantenibles. Nuestras opciones industriales tambi\u00e9n contribuyen a la fabricaci\u00f3n de componentes duraderos, resistentes y fiables.<\/p>\n\n\n\n<div class=\"dna-sections alignfull\" id=\"block_630c8efccdb0e\">\n\n    <!-- Main -->\n    <div class=\"dna-sections__main js-scroll-section-main\">\n\n        <div class=\"dna-sections__wrapper\">\n\n            <h2 class=\"dna-sections__title\">Enfoque ADN<\/h2>\n\n            <div class=\"dna-sections__shapes\">\n\n                <svg version=\"1.1\" id=\"Calque_1\" xmlns=\"http:\/\/www.w3.org\/2000\/svg\" x=\"0\" y=\"0\" viewBox=\"0 0 1216.6 1328.5\" style=\"enable-background:new 0 0 1216.6 1328.5\" xml:space=\"preserve\">\n\n\t<style>.st9{fill:#004871}<\/style>\n\n    <!-- yellow -->\n    <g class=\"dna-sections__shape --0\">\n        <path d=\"M744.2 40.2s120.7 13.5 156.2 52.1c0 0-59.3 130-385.1 28.4\" style=\"fill:#e19800\" \/>\n        <path d=\"M900.4 92.3c-58.7-44.7-183-22.1-262 16.2-101.2 40.8-189 133.8-303.3 159.2-31.9 7.1-65.4 3.6-94.2-11.9C46.6 151.3 662.8-150.8 900.4 92.3z\" style=\"fill:#fbbd00\" \/>\n    <\/g>\n\n    <!-- blue -->\n    <g class=\"dna-sections__shape --1\">\n        <path d=\"M883.9 484.7c60.6 46.7 111.2 78 153 97.5 84.3 39.3 151.9 22.4 172.4-38.7 6.7-71.8-90.2-139.1-90.2-139.1l-280.6-91.8-284.2 104.1c101-18.7 223.3-13.9 329.6 68z\" style=\"fill:#23a89b\" \/>\n        <path d=\"M35.8 487.5c50.9 335.3 917.7-422.3 1173.4 57.4 42-114.1-96.1-318.2-354.2-339.1-173.5-14-381.9 105.4-531.5 147-228.9 63.6-196.1-78.7-194.9-103.6-112.8 81.7-95.8 219-92.8 238.3z\" style=\"fill:#2cd4c3\" \/>\n    <\/g>\n\n    <!-- purple -->\n    <g class=\"dna-sections__shape --2\">\n        <path d=\"M332.7 838.8c-60.6-46.9-111.2-78.4-153-98-84.3-39.5-151.9-22.5-172.4 39C.6 852 97.5 919.7 97.5 919.7l280.7 92.3 284.2-104.8C561.2 926 439 921.1 332.7 838.8z\" style=\"fill:#6350c3\" \/>\n        <path d=\"M1180.8 836c-50.9-337.1-917.7 424.6-1173.4-57.7-42 114.7 96.1 319.9 354.2 340.9 173.5 14.1 381.9-106 531.6-147.8 228.9-63.9 196.1 79.1 194.9 104.2 112.7-82.2 95.6-220.2 92.7-239.6z\" style=\"fill:#7c64f5\" \/>\n    <\/g>\n\n    <!-- green -->\n    <g class=\"dna-sections__shape --3\">\n        <path d=\"M455.3 1287.3s-123.6-13.8-160-53.4c0 0 60.8-133.1 394.4-29.1\" style=\"fill:#79b430\" \/>\n        <path d=\"M295.2 1233.9c60.1 45.8 187.4 22.6 268.4-16.6 103.7-41.8 193.7-137.1 310.7-163.1 34.1-7.6 70.1-3.2 100.2 14.4 186.8 109-437.5 412.6-679.3 165.3z\" style=\"fill:#9eeb3e\" \/>\n    <\/g>\n\n    <!-- logo -->\n    <g class=\"dna-sections__shape --logo\">\n\t\t<g class=\"st8\">\n\t\t\t<path class=\"st9\" d=\"M278.7 729.4V590.6h120.1c12.3 0 22.7.7 31 2.2 12.8 2.2 22 8.4 27.7 18.4 2.4 4.4 4.2 10.6 5.4 18.5 1.2 7.9 1.7 18 1.7 30.3 0 14.2-.6 25.9-1.9 34.9-.9 5.8-2.9 11.2-6 16.2s-7 8.9-11.6 11.7c-6.1 3.7-15.6 5.9-28.6 6.4-2.5.1-6.5.1-12.1.1H278.7zm42.3-33.1h70.9c8 0 13.7-.5 17.2-1.6 6.8-2.1 10.8-7.3 12-15.7.7-4.6 1-10.9 1-19 0-9.8-.8-17.1-2.3-22-1.8-5.9-5.6-9.7-11.4-11.4-3.9-1.1-9.1-1.6-15.8-1.6H321v71.3z\"\/>\n\t\t<\/g>\n\t\t<g class=\"st8\">\n\t\t\t<path class=\"st9\" d=\"M493.7 729.4V590.6h67.2l84.2 105.6-1.1-105.6h40v138.8h-67.8l-83-104.5 1.2 104.5h-40.7z\"\/>\n\t\t<\/g>\n\t\t<g class=\"st8\">\n\t\t\t<path class=\"st9\" d=\"m704 729.4 78-138.8h56.6l75.9 138.8h-46.2l-13.8-24.8h-89.6l-13.3 24.8H704zm76.3-53.7H840l-30.2-55.3-29.5 55.3z\"\/>\n\t\t<\/g>\n\t\t<g class=\"st8\">\n\t\t\t<path class=\"st9\" d=\"M423.9 783.8h-31.3l-5.1 8.6h-5.1l22.5-38.2h6.5l22.5 38.2H429l-5.1-8.6zm-2.2-3.6-13.5-22.8-13.5 22.8h27zM437.1 792.4v-38.2H468c3.2 0 5.5.2 6.7.6 2.2.7 3.8 1.9 4.6 3.7.7 1.5 1.1 3.9 1.1 7 0 3.3-.3 5.8-1 7.3-.8 1.7-2.2 2.9-4.2 3.7-1.5.6-3.6.9-6.2.9h-27.3v15h-4.6zm4.6-18.9h23.9c4.1 0 6.8-.5 8.1-1.5 1.3-1 2-3.1 2-6.3 0-2.6-.4-4.4-1.1-5.4-.6-.8-1.5-1.4-2.8-1.8-1.3-.4-3-.5-5.3-.5h-24.8v15.5zM487.4 792.4v-38.2h30.9c3.2 0 5.5.2 6.7.6 2.2.7 3.8 1.9 4.6 3.7.7 1.5 1.1 3.9 1.1 7 0 3.3-.3 5.8-1 7.3-.8 1.7-2.2 2.9-4.2 3.7-1.5.6-3.6.9-6.2.9H492v15h-4.6zm4.6-18.9h23.9c4.1 0 6.8-.5 8.1-1.5 1.3-1 2-3.1 2-6.3 0-2.6-.4-4.4-1.1-5.4-.6-.8-1.5-1.4-2.8-1.8-1.3-.4-3-.5-5.3-.5H492v15.5z\"\/>\n\t\t<\/g>\n\t\t<g class=\"st8\">\n\t\t\t<path class=\"st9\" d=\"M537.5 792.4v-38.2H569c3.6 0 6.1.3 7.7 1 1.9.9 3.3 2.2 4.1 3.9.7 1.6 1.1 3.9 1.1 6.7 0 4.2-1 6.9-3.1 8.1-1.1.6-3 1.1-5.5 1.3 2.1.2 3.7.6 4.8 1.1 1.1.6 1.8 1.3 2.4 2.3.5 1 .8 2.2.8 3.7v9.9h-4.6v-7.3c0-2.1-.2-3.6-.4-4.6-.4-1.3-1.1-2.2-2.3-2.7-1.2-.5-3-.8-5.5-.8h-26.3v15.4h-4.7zm4.6-19h25.2c3.9 0 6.5-.5 7.8-1.5.8-.6 1.3-1.4 1.6-2.3.3-.9.4-2.2.4-3.9 0-2.2-.3-3.8-.9-4.8-.8-1.2-2.2-2.1-4.1-2.5-1.2-.2-2.9-.3-5-.3h-24.9v15.3z\"\/>\n\t\t<\/g>\n\t\t<g class=\"st8\">\n\t\t\t<path class=\"st9\" d=\"M614 753.8c9 0 14.6.3 16.8.9 3.6 1 5.8 3.2 6.7 6.7.6 2.1.8 6.1.8 11.9 0 5.8-.3 9.8-.8 11.9-.9 3.5-3.1 5.7-6.7 6.7-2.2.6-7.9.9-17.1.9-9.1 0-14.8-.3-17.1-.9-3.6-1-5.8-3.2-6.7-6.7-.6-2.1-.8-6.1-.8-11.9 0-5.8.3-9.8.8-11.9.9-3.5 3.1-5.7 6.7-6.7 2.4-.6 8.1-.9 17.4-.9zm-.5 4c-7.7 0-12.6.3-14.6.8-1.7.4-2.9 1.2-3.6 2.3-.6 1-1 2.5-1.2 4.7-.1 2.1-.2 4.6-.2 7.8 0 5.1.2 8.4.5 10.1.4 1.7 1.1 2.9 2.2 3.7 1 .7 2.7 1.2 5.1 1.5 1.9.2 5.9.3 12 .3 6.5 0 10.9-.1 13.1-.4 3.2-.4 5.2-1.7 5.9-3.9.5-1.7.8-5.5.8-11.2 0-5.1-.2-8.5-.5-10.1-.4-1.7-1.1-2.9-2.2-3.7-1-.7-2.7-1.2-5.1-1.4-2.4-.4-6.5-.5-12.2-.5z\"\/>\n\t\t<\/g>\n\t\t<g class=\"st8\">\n\t\t\t<path class=\"st9\" d=\"M682.1 783.8h-31.3l-5.1 8.6h-5.1l22.5-38.2h6.5l22.5 38.2H687l-4.9-8.6zm-2.1-3.6-13.5-22.8-13.5 22.8h27z\"\/>\n\t\t<\/g>\n\t\t<g class=\"st8\">\n\t\t\t<path class=\"st9\" d=\"M735.8 779.5h4.5v1.6c0 3.2-.3 5.4-1 6.8-1.1 2.3-3.2 3.7-6.3 4.3-2.5.4-7.7.6-15.5.6-8 0-13.1-.3-15.3-.9-3.6-1-5.8-3.2-6.7-6.7-.6-2.1-.8-6.1-.8-11.9 0-4.9.2-8.4.5-10.4.4-2.5 1.3-4.4 2.5-5.7 1.3-1.3 3.1-2.3 5.3-2.8 2.2-.5 8.4-.7 18.6-.7 5.4 0 9 .2 11 .6 3.2.7 5.3 2.2 6.3 4.7.6 1.5 1 3.8 1.1 7.1h-4.5V765c0-2.2-.3-3.8-.9-4.7-.8-1.2-2.8-2-6-2.4-1.9-.2-5.6-.3-10.9-.3-6.9 0-11.3.3-13.3.8-1.7.4-2.9 1.2-3.6 2.3-.6 1-1 2.5-1.2 4.7-.2 2.1-.2 4.6-.2 7.8 0 5.1.2 8.4.5 10.1.4 1.7 1.1 2.9 2.2 3.7 1 .7 2.7 1.2 5.1 1.5 2 .2 5.2.3 9.6.3 7.4 0 12.3-.3 14.7-.8 1.8-.4 3-1.1 3.6-2.4.4-.8.7-2.2.7-3.9v-2.2z\"\/>\n\t\t<\/g>\n\t\t<g class=\"st8\">\n\t\t\t<path class=\"st9\" d=\"M747.9 792.4v-38.2h4.6v16.7h35.8v-16.7h4.6v38.2h-4.6v-17.9h-35.8v17.9h-4.6z\"\/>\n\t\t<\/g>\n\t<\/g>\n\n<\/svg>\n\n                \n                    <div class=\"dna-sections__legend-container --0\">\n\n                        <a href=\"#dna-section-0\" class=\"dna-sections__legend --0\" data-id=\"0\">\n                            <span class=\"dna-sections__legend__line\"><\/span>\n                            <span class=\"dna-sections__legend__txt\">EXPERIENCIA<\/span>\n                        <\/a>\n\n                    <\/div>\n\n                \n                    <div class=\"dna-sections__legend-container --1\">\n\n                        <a href=\"#dna-section-1\" class=\"dna-sections__legend --1\" data-id=\"1\">\n                            <span class=\"dna-sections__legend__line\"><\/span>\n                            <span class=\"dna-sections__legend__txt\">HIGIENE<\/span>\n                        <\/a>\n\n                    <\/div>\n\n                \n                    <div class=\"dna-sections__legend-container --2\">\n\n                        <a href=\"#dna-section-2\" class=\"dna-sections__legend --2\" data-id=\"2\">\n                            <span class=\"dna-sections__legend__line\"><\/span>\n                            <span class=\"dna-sections__legend__txt\">SEGURIDAD<\/span>\n                        <\/a>\n\n                    <\/div>\n\n                \n                    <div class=\"dna-sections__legend-container --3\">\n\n                        <a href=\"#dna-section-3\" class=\"dna-sections__legend --3\" data-id=\"3\">\n                            <span class=\"dna-sections__legend__line\"><\/span>\n                            <span class=\"dna-sections__legend__txt\">MEDIO AMBIENTE<\/span>\n                        <\/a>\n\n                    <\/div>\n\n                \n            <\/div>\n\n            <div class=\"dna-sections__description\">\n                Como especialista en v\u00e1lvulas industriales y experto en cuestiones de productos, Definox se compromete con los principales retos de sus clientes: experiencia, medio ambiente, seguridad e higiene. Estos cuatro temas, todos ellos esenciales, rigen nuestro trabajo diario y se aplican a los sectores de actividad y a los mercados de todos los industriales. De forma pedag\u00f3gica y t\u00e9cnica, Definox proporciona las claves de comprensi\u00f3n de los temas necesarios para el \u00e9xito de su empresa.\r\n            <\/div>\n\n        <\/div>\n\n\n    <\/div>\n\n    <!-- 4 Sections -->\n    <div class=\" dna-sections__sections\">\n\n        \n            <div id=\"dna-section-0\" class=\"dna-sections__section --0\" data-id=\"0\">\n\n                <div class=\"dna-sections__section__wrapper\">\n\n                    <h3 class=\"dna-sections__section__title extra-large js-anim-elem\">EXPERIENCIA<\/h3>\n\n                    <div class=\"dna-sections__section__media js-anim-elem\">\n                        <img loading=\"lazy\" decoding=\"async\" width=\"300\" height=\"225\" src=\"https:\/\/www.definox.com\/app\/uploads\/sites\/10\/2022\/08\/20211201_153640-edited-1-1-300x225-1.jpg\" class=\"attachment-large size-large\" alt=\"ADN expertise\" srcset=\"https:\/\/www.definox.com\/app\/uploads\/sites\/10\/2022\/08\/20211201_153640-edited-1-1-300x225-1.jpg 300w, https:\/\/www.definox.com\/app\/uploads\/sites\/10\/2022\/08\/20211201_153640-edited-1-1-300x225-1-35x26.jpg 35w\" sizes=\"auto, (max-width: 300px) 100vw, 300px\" \/>                    <\/div>\n\n                    <div class=\"dna-sections__section__description js-anim-elem\">En consonancia con la mejora de sus procesos y la optimizaci\u00f3n de sus costes, el c\u00e1lculo del TCO \u00abTotal Cost Ownership\u00bb le permite tener en cuenta la totalidad de los costes inherentes a sus sistemas. De este modo, se acerca lo m\u00e1s posible a su realidad econ\u00f3mica. Estas preocupaciones est\u00e1n integradas en el dise\u00f1o de nuestros productos totalmente mantenibles. Nuestras opciones industriales tambi\u00e9n contribuyen a la fabricaci\u00f3n de componentes duraderos, resistentes y fiables.<\/div>\n\n                    <div class=\"dna-sections__section__link button is-style-primary js-anim-elem\">\n                        <a href=\"https:\/\/www.definox.com\/es\/adn\/experiencia\/\" class=\"button__link\">\n                            Para saber m\u00e1s                        <\/a>\n                    <\/div>\n\n                <\/div>\n\n\n                <div class=\"dna-sections__section__background js-anim-elem --0\"><\/div>\n\n            <\/div>\n\n        \n            <div id=\"dna-section-1\" class=\"dna-sections__section --1\" data-id=\"1\">\n\n                <div class=\"dna-sections__section__wrapper\">\n\n                    <h3 class=\"dna-sections__section__title extra-large js-anim-elem\">HIGIENE<\/h3>\n\n                    <div class=\"dna-sections__section__media js-anim-elem\">\n                                            <\/div>\n\n                    <div class=\"dna-sections__section__description js-anim-elem\">En consonancia con la mejora de sus procesos y la optimizaci\u00f3n de sus costes, el c\u00e1lculo del TCO \u00abTotal Cost Ownership\u00bb le permite tener en cuenta la totalidad de los costes inherentes a sus sistemas. De este modo, se acerca lo m\u00e1s posible a su realidad econ\u00f3mica. Estas preocupaciones est\u00e1n integradas en el dise\u00f1o de nuestros productos totalmente mantenibles. Nuestras opciones industriales tambi\u00e9n contribuyen a la fabricaci\u00f3n de componentes duraderos, resistentes y fiables.\r\n<\/div>\n\n                    <div class=\"dna-sections__section__link button is-style-primary js-anim-elem\">\n                        <a href=\"https:\/\/www.definox.com\/es\/adn\/higiene\/\" class=\"button__link\">\n                            Para saber m\u00e1s                        <\/a>\n                    <\/div>\n\n                <\/div>\n\n\n                <div class=\"dna-sections__section__background js-anim-elem --1\"><\/div>\n\n            <\/div>\n\n        \n            <div id=\"dna-section-2\" class=\"dna-sections__section --2\" data-id=\"2\">\n\n                <div class=\"dna-sections__section__wrapper\">\n\n                    <h3 class=\"dna-sections__section__title extra-large js-anim-elem\">SEGURIDAD<\/h3>\n\n                    <div class=\"dna-sections__section__media js-anim-elem\">\n                        <img loading=\"lazy\" decoding=\"async\" width=\"865\" height=\"526\" src=\"https:\/\/www.definox.com\/app\/uploads\/sites\/10\/2022\/08\/SECURITE-1024x623.jpg\" class=\"attachment-large size-large\" alt=\"\" srcset=\"https:\/\/www.definox.com\/app\/uploads\/sites\/10\/2022\/08\/SECURITE-1024x623.jpg 1024w, https:\/\/www.definox.com\/app\/uploads\/sites\/10\/2022\/08\/SECURITE-300x182.jpg 300w, https:\/\/www.definox.com\/app\/uploads\/sites\/10\/2022\/08\/SECURITE-768x467.jpg 768w, https:\/\/www.definox.com\/app\/uploads\/sites\/10\/2022\/08\/SECURITE-1536x934.jpg 1536w, https:\/\/www.definox.com\/app\/uploads\/sites\/10\/2022\/08\/SECURITE-2048x1246.jpg 2048w, https:\/\/www.definox.com\/app\/uploads\/sites\/10\/2022\/08\/SECURITE-35x21.jpg 35w, https:\/\/www.definox.com\/app\/uploads\/sites\/10\/2022\/08\/SECURITE-scaled.jpg 2628w, https:\/\/www.definox.com\/app\/uploads\/sites\/10\/2022\/08\/SECURITE-scaled-600x365.jpg 600w\" sizes=\"auto, (max-width: 865px) 100vw, 865px\" \/>                    <\/div>\n\n                    <div class=\"dna-sections__section__description js-anim-elem\">La seguridad es un valor fundamental en Definox, que gu\u00eda nuestras actitudes, nuestras opciones y nuestras acciones, todo ello desde la fase de dise\u00f1o de nuestros productos. Nuestra atenci\u00f3n se centra en la reducci\u00f3n de riesgos mediante la formaci\u00f3n de los usuarios de nuestras v\u00e1lvulas y el suministro de las herramientas necesarias para el mantenimiento de los equipos con total seguridad.\r\n<\/div>\n\n                    <div class=\"dna-sections__section__link button is-style-primary js-anim-elem\">\n                        <a href=\"https:\/\/www.definox.com\/es\/adn\/seguridad\/\" class=\"button__link\">\n                            Para saber m\u00e1s                        <\/a>\n                    <\/div>\n\n                <\/div>\n\n\n                <div class=\"dna-sections__section__background js-anim-elem --2\"><\/div>\n\n            <\/div>\n\n        \n            <div id=\"dna-section-3\" class=\"dna-sections__section --3\" data-id=\"3\">\n\n                <div class=\"dna-sections__section__wrapper\">\n\n                    <h3 class=\"dna-sections__section__title extra-large js-anim-elem\">MEDIO AMBIENTE<\/h3>\n\n                    <div class=\"dna-sections__section__media js-anim-elem\">\n                        <img loading=\"lazy\" decoding=\"async\" width=\"865\" height=\"577\" src=\"https:\/\/www.definox.com\/app\/uploads\/sites\/10\/2022\/08\/ENVIRONNEMENT-1024x683.jpg\" class=\"attachment-large size-large\" alt=\"\" srcset=\"https:\/\/www.definox.com\/app\/uploads\/sites\/10\/2022\/08\/ENVIRONNEMENT-1024x683.jpg 1024w, https:\/\/www.definox.com\/app\/uploads\/sites\/10\/2022\/08\/ENVIRONNEMENT-300x200.jpg 300w, https:\/\/www.definox.com\/app\/uploads\/sites\/10\/2022\/08\/ENVIRONNEMENT-768x512.jpg 768w, https:\/\/www.definox.com\/app\/uploads\/sites\/10\/2022\/08\/ENVIRONNEMENT-1536x1024.jpg 1536w, https:\/\/www.definox.com\/app\/uploads\/sites\/10\/2022\/08\/ENVIRONNEMENT-2048x1365.jpg 2048w, https:\/\/www.definox.com\/app\/uploads\/sites\/10\/2022\/08\/ENVIRONNEMENT-35x23.jpg 35w, https:\/\/www.definox.com\/app\/uploads\/sites\/10\/2022\/08\/ENVIRONNEMENT-scaled-600x400.jpg 600w, https:\/\/www.definox.com\/app\/uploads\/sites\/10\/2022\/08\/ENVIRONNEMENT-scaled.jpg 2628w\" sizes=\"auto, (max-width: 865px) 100vw, 865px\" \/>                    <\/div>\n\n                    <div class=\"dna-sections__section__description js-anim-elem\">El medio ambiente forma parte de los principales retos de las empresas. Ya no es factible producir, dise\u00f1ar y vender productos sin pensar en el impacto medioambiental que puedan tener. Definox participa en esta causa mediante acciones espec\u00edficas.\r\n<\/div>\n\n                    <div class=\"dna-sections__section__link button is-style-primary js-anim-elem\">\n                        <a href=\"https:\/\/www.definox.com\/es\/adn\/medio-ambiente\/\" class=\"button__link\">\n                            Para saber m\u00e1s                        <\/a>\n                    <\/div>\n\n                <\/div>\n\n\n                <div class=\"dna-sections__section__background js-anim-elem --3\"><\/div>\n\n            <\/div>\n\n        \n    <\/div>\n\n<\/div>\n","protected":false},"excerpt":{"rendered":"<p>En consonancia con la mejora de sus procesos y la optimizaci\u00f3n de sus costes, el c\u00e1lculo del TCO \u00abTotal Cost Ownership\u00bb le permite tener en cuenta la totalidad de los costes inherentes a sus sistemas. De este modo, se acerca lo m\u00e1s posible a su realidad econ\u00f3mica. Estas preocupaciones est\u00e1n integradas en el dise\u00f1o de&#8230;<\/p>\n","protected":false},"author":10,"featured_media":0,"parent":0,"menu_order":0,"comment_status":"closed","ping_status":"closed","template":"","meta":{"_acf_changed":false,"content-type":"","footnotes":""},"class_list":["entry","entry--1808","entry--type-page","entry--status-publish","entry--author-bmarchand"],"acf":[],"yoast_head":"<!-- This site is optimized with the Yoast SEO plugin v24.2 - https:\/\/yoast.com\/wordpress\/plugins\/seo\/ -->\n<title>ADN - Definox ES<\/title>\n<meta name=\"description\" content=\"Como especialista en v\u00e1lvulas industriales y experto en cuestiones de productos, Definox se compromete con los principales retos de sus clientes: experiencia, medio ambiente, seguridad e higiene.\" \/>\n<meta name=\"robots\" content=\"index, follow, max-snippet:-1, max-image-preview:large, max-video-preview:-1\" \/>\n<link rel=\"canonical\" href=\"https:\/\/www.definox.com\/es\/adn\/\" \/>\n<meta property=\"og:locale\" content=\"es_ES\" \/>\n<meta property=\"og:type\" content=\"article\" \/>\n<meta property=\"og:title\" content=\"ADN - Definox ES\" \/>\n<meta property=\"og:description\" content=\"Como especialista en v\u00e1lvulas industriales y experto en cuestiones de productos, Definox se compromete con los principales retos de sus clientes: experiencia, medio ambiente, seguridad e higiene.\" \/>\n<meta property=\"og:url\" content=\"https:\/\/www.definox.com\/es\/adn\/\" \/>\n<meta property=\"og:site_name\" content=\"Definox ES\" \/>\n<meta property=\"article:modified_time\" content=\"2023-02-21T09:14:28+00:00\" \/>\n<meta name=\"twitter:card\" content=\"summary_large_image\" \/>\n<meta name=\"twitter:label1\" content=\"Tiempo de lectura\" \/>\n\t<meta name=\"twitter:data1\" content=\"1 minuto\" \/>\n<script type=\"application\/ld+json\" class=\"yoast-schema-graph\">{\"@context\":\"https:\/\/schema.org\",\"@graph\":[{\"@type\":\"WebPage\",\"@id\":\"https:\/\/www.definox.com\/es\/adn\/\",\"url\":\"https:\/\/www.definox.com\/es\/adn\/\",\"name\":\"ADN - Definox ES\",\"isPartOf\":{\"@id\":\"https:\/\/www.definox.com\/es\/#website\"},\"datePublished\":\"2022-08-25T08:41:07+00:00\",\"dateModified\":\"2023-02-21T09:14:28+00:00\",\"description\":\"Como especialista en v\u00e1lvulas industriales y experto en cuestiones de productos, Definox se compromete con los principales retos de sus clientes: experiencia, medio ambiente, seguridad e higiene.\",\"inLanguage\":\"es\",\"potentialAction\":[{\"@type\":\"ReadAction\",\"target\":[\"https:\/\/www.definox.com\/es\/adn\/\"]}]},{\"@type\":\"WebSite\",\"@id\":\"https:\/\/www.definox.com\/es\/#website\",\"url\":\"https:\/\/www.definox.com\/es\/\",\"name\":\"Definox ES\",\"description\":\"especialista en v\u00e1lvulas industriales y procesos sanitrios\",\"potentialAction\":[{\"@type\":\"SearchAction\",\"target\":{\"@type\":\"EntryPoint\",\"urlTemplate\":\"https:\/\/www.definox.com\/es\/?s={search_term_string}\"},\"query-input\":{\"@type\":\"PropertyValueSpecification\",\"valueRequired\":true,\"valueName\":\"search_term_string\"}}],\"inLanguage\":\"es\"}]}<\/script>\n<!-- \/ Yoast SEO plugin. -->","yoast_head_json":{"title":"ADN - Definox ES","description":"Como especialista en v\u00e1lvulas industriales y experto en cuestiones de productos, Definox se compromete con los principales retos de sus clientes: experiencia, medio ambiente, seguridad e higiene.","robots":{"index":"index","follow":"follow","max-snippet":"max-snippet:-1","max-image-preview":"max-image-preview:large","max-video-preview":"max-video-preview:-1"},"canonical":"https:\/\/www.definox.com\/es\/adn\/","og_locale":"es_ES","og_type":"article","og_title":"ADN - Definox ES","og_description":"Como especialista en v\u00e1lvulas industriales y experto en cuestiones de productos, Definox se compromete con los principales retos de sus clientes: experiencia, medio ambiente, seguridad e higiene.","og_url":"https:\/\/www.definox.com\/es\/adn\/","og_site_name":"Definox ES","article_modified_time":"2023-02-21T09:14:28+00:00","twitter_card":"summary_large_image","twitter_misc":{"Tiempo de lectura":"1 minuto"},"schema":{"@context":"https:\/\/schema.org","@graph":[{"@type":"WebPage","@id":"https:\/\/www.definox.com\/es\/adn\/","url":"https:\/\/www.definox.com\/es\/adn\/","name":"ADN - Definox ES","isPartOf":{"@id":"https:\/\/www.definox.com\/es\/#website"},"datePublished":"2022-08-25T08:41:07+00:00","dateModified":"2023-02-21T09:14:28+00:00","description":"Como especialista en v\u00e1lvulas industriales y experto en cuestiones de productos, Definox se compromete con los principales retos de sus clientes: experiencia, medio ambiente, seguridad e higiene.","inLanguage":"es","potentialAction":[{"@type":"ReadAction","target":["https:\/\/www.definox.com\/es\/adn\/"]}]},{"@type":"WebSite","@id":"https:\/\/www.definox.com\/es\/#website","url":"https:\/\/www.definox.com\/es\/","name":"Definox ES","description":"especialista en v\u00e1lvulas industriales y procesos sanitrios","potentialAction":[{"@type":"SearchAction","target":{"@type":"EntryPoint","urlTemplate":"https:\/\/www.definox.com\/es\/?s={search_term_string}"},"query-input":{"@type":"PropertyValueSpecification","valueRequired":true,"valueName":"search_term_string"}}],"inLanguage":"es"}]}},"_links":{"self":[{"href":"https:\/\/www.definox.com\/es\/wp-json\/wp\/v2\/pages\/1808","targetHints":{"allow":["GET"]}}],"collection":[{"href":"https:\/\/www.definox.com\/es\/wp-json\/wp\/v2\/pages"}],"about":[{"href":"https:\/\/www.definox.com\/es\/wp-json\/wp\/v2\/types\/page"}],"author":[{"embeddable":true,"href":"https:\/\/www.definox.com\/es\/wp-json\/wp\/v2\/users\/10"}],"replies":[{"embeddable":true,"href":"https:\/\/www.definox.com\/es\/wp-json\/wp\/v2\/comments?post=1808"}],"version-history":[{"count":21,"href":"https:\/\/www.definox.com\/es\/wp-json\/wp\/v2\/pages\/1808\/revisions"}],"predecessor-version":[{"id":2611,"href":"https:\/\/www.definox.com\/es\/wp-json\/wp\/v2\/pages\/1808\/revisions\/2611"}],"wp:attachment":[{"href":"https:\/\/www.definox.com\/es\/wp-json\/wp\/v2\/media?parent=1808"}],"curies":[{"name":"wp","href":"https:\/\/api.w.org\/{rel}","templated":true}]}}