{"id":1837,"date":"2022-08-26T13:15:36","date_gmt":"2022-08-26T13:15:36","guid":{"rendered":"https:\/\/www.definox.com\/es\/?page_id=1837"},"modified":"2022-09-06T15:56:36","modified_gmt":"2022-09-06T15:56:36","slug":"nuestra-aplicacion-id-de-realidad-aumentada","status":"publish","type":"page","link":"https:\/\/www.definox.com\/es\/nuestra-aplicacion-id-de-realidad-aumentada\/","title":{"rendered":"Nuestra aplicaci\u00f3n \u00abid\u00bb de realidad aumentada"},"content":{"rendered":"\n<div class=\"wp-block-definox-quick-navigation  quick-navigation alignfull\"><div class=\"quick-navigation__content\"><div class=\"quick-navigation__wrapper\"><div class=\"quick-navigation__sticky-hook\"><\/div><div class=\"quick-navigation__items\">\n<div class=\"wp-block-definox-quick-navigation-item quick-navigation__item\"><a class=\"quick-navigation__link\" href=\"#ventajas\">Ventajas<\/a><\/div>\n\n\n\n<div class=\"wp-block-definox-quick-navigation-item quick-navigation__item\"><a class=\"quick-navigation__link\" href=\"#tutorialvideo\">Tutorial v\u00eddeo<\/a><\/div>\n<\/div><div class=\"quick-navigation__controls\"><button class=\"quick-navigation__button quick-navigation__button--prev\"><\/button><button class=\"quick-navigation__button quick-navigation__button--next\"><\/button><\/div><\/div><\/div><\/div>\n\n\n\n<h2 class=\"wp-block-heading\">Definox sit\u00faa la innovaci\u00f3n en el centro de sus v\u00e1lvulas de proceso sanitarias gracias a su aplicaci\u00f3n de realidad aumentada \u00abDEFINOX ID\u00bb.<\/h2>\n\n\n\n<h3 class=\"wp-block-heading\">\u00abid\u00bb Definox simplifica el d\u00eda a d\u00eda de los t\u00e9cnicos de mantenimiento de las l\u00edneas de proceso<\/h3>\n\n\n\n<p>\u00abid\u00bb Definox le ofrece una soluci\u00f3n f\u00e1cil de comprender y de utilizar para identificar una v\u00e1lvula y sus piezas de recambio. Esta aplicaci\u00f3n simplifica as\u00ed la labor diaria del personal de mantenimiento, lo que permite mejorar la productividad y reducir el riesgo de error, garantizando a la vez la seguridad del t\u00e9cnico.<\/p>\n\n\n\n<figure class=\"wp-block-embed is-type-video is-provider-youtube wp-block-embed-youtube wp-embed-aspect-16-9 wp-has-aspect-ratio\"><div class=\"wp-block-embed__wrapper\">\n<iframe loading=\"lazy\" title=\"Nouveaut\u00e9s Definox 2021\" width=\"865\" height=\"487\" src=\"https:\/\/www.youtube.com\/embed\/z1fsdCaZO3s?start=147&#038;feature=oembed\" frameborder=\"0\" allow=\"accelerometer; autoplay; clipboard-write; encrypted-media; gyroscope; picture-in-picture\" allowfullscreen><\/iframe>\n<\/div><\/figure>\n\n\n\n<h2 class=\"wp-block-heading\" id=\"ventajas\">NUMEROSAS VENTAJAS<\/h2>\n\n\n\n<p>La principal ventaja de esta aplicaci\u00f3n es que proporciona en los smartphones y tabletas toda la informaci\u00f3n sobre los productos a proximidad del equipo en cuesti\u00f3n, as\u00ed como la posibilidad de contactar con el servicio de atenci\u00f3n al cliente.<\/p>\n\n\n\n<p class=\"icon-card__description\"><\/p>\n\n\n\n<div class=\"wp-block-definox-card-grid card-grid alignfull\"><div class=\"container\"><div class=\"card-grid__items\"><\/div><\/div><\/div>\n\n\n\n<div class=\"wp-block-definox-card-grid card-grid alignfull\"><div class=\"container\"><div class=\"card-grid__items\"><\/div><\/div><\/div>\n\n\n\n<div class=\"wp-block-definox-card-grid card-grid alignfull\"><div class=\"container\"><div class=\"card-grid__items\"><\/div><\/div><\/div>\n\n\n\n<div class=\"wp-block-definox-card-grid card-grid alignfull\"><div class=\"container\"><div class=\"card-grid__items\">\n<div class=\"wp-block-definox-key-number-icon-card icon-card icon-card--key-number-icon-card\"><div class=\"icon-card__content\">\n<p class=\"icon-card__number\">74 671<\/p>\n\n\n\n<p class=\"icon-card__description\">V\u00e1LVULAS IDENTIFICADAS<\/p>\n\n\n\n<svg class=\"wp-block-matiere-noire-svg-icons icon icon-card__image\" width=\"20\" height=\"20\"><use href=\"#icon-aseptique_bis\"><\/use><\/svg>\n<\/div><\/div>\n\n\n\n<div class=\"wp-block-definox-key-number-icon-card icon-card icon-card--key-number-icon-card\"><div class=\"icon-card__content\">\n<p class=\"icon-card__number\">242 350<\/p>\n\n\n\n<p class=\"icon-card__description\">V\u00e1lvulas emparejadas<\/p>\n\n\n\n<svg class=\"wp-block-matiere-noire-svg-icons icon icon-card__image\" width=\"20\" height=\"20\"><use href=\"#icon-retro-information_bis\"><\/use><\/svg>\n<\/div><\/div>\n\n\n\n<div class=\"wp-block-definox-key-number-icon-card icon-card icon-card--key-number-icon-card\"><div class=\"icon-card__content\">\n<p class=\"icon-card__number\">28 494<\/p>\n\n\n\n<p class=\"icon-card__description\">escaneos realizados en todo el mundo<\/p>\n\n\n\n<svg class=\"wp-block-matiere-noire-svg-icons icon icon-card__image\" width=\"20\" height=\"20\"><use href=\"#icon-implantations__bis\"><\/use><\/svg>\n<\/div><\/div>\n<\/div><\/div><\/div>\n\n\n\n<div style=\"height:100px\" aria-hidden=\"true\" class=\"wp-block-spacer\"><\/div>\n\n\n\n<h3 class=\"wp-block-heading\">Una herramienta que aporta seguridad a los t\u00e9cnicos de mantenimiento, evita errores y ahorra tiempo<\/h3>\n\n\n\n<figure class=\"wp-block-image size-large\"><img loading=\"lazy\" decoding=\"async\" width=\"1024\" height=\"575\" src=\"https:\/\/www.definox.com\/app\/uploads\/sites\/10\/2022\/09\/visuel_article_id_v13-1024x575.jpg\" alt=\"\" class=\"wp-image-2331\" srcset=\"https:\/\/www.definox.com\/app\/uploads\/sites\/10\/2022\/09\/visuel_article_id_v13-1024x575.jpg 1024w, https:\/\/www.definox.com\/app\/uploads\/sites\/10\/2022\/09\/visuel_article_id_v13-300x169.jpg 300w, https:\/\/www.definox.com\/app\/uploads\/sites\/10\/2022\/09\/visuel_article_id_v13-768x432.jpg 768w, https:\/\/www.definox.com\/app\/uploads\/sites\/10\/2022\/09\/visuel_article_id_v13-178x100.jpg 178w, https:\/\/www.definox.com\/app\/uploads\/sites\/10\/2022\/09\/visuel_article_id_v13-750x422.jpg 750w, https:\/\/www.definox.com\/app\/uploads\/sites\/10\/2022\/09\/visuel_article_id_v13-35x20.jpg 35w, https:\/\/www.definox.com\/app\/uploads\/sites\/10\/2022\/09\/visuel_article_id_v13.jpg 1260w\" sizes=\"auto, (max-width: 1024px) 100vw, 1024px\" \/><\/figure>\n\n\n\n<p class=\"has-mustard-color has-text-color\">\u00ab<strong>id\u00bb Definox cuenta con numerosas funcionalidades:<\/strong><\/p>\n\n\n\n<ul class=\"is-style-primary wp-block-list\"><li>Seguimiento individualizado de la v\u00e1lvula mediante un identificador \u00fanico.<\/li><li>F\u00e1cil identificaci\u00f3n de las v\u00e1lvulas, piezas de repuesto, juntas de v\u00e1lvulas y activadores, as\u00ed como de las herramientas (gu\u00edas, protectores y llaves).<\/li><li>Instrucciones de instalaci\u00f3n y mantenimiento al alcance de la mano.<\/li><li>V\u00eddeo de montaje: siga paso a paso las operaciones del v\u00eddeo lanzado directamente en su smartphone.&nbsp;<\/li><li>Cuaderno de mantenimiento con la identificaci\u00f3n de la v\u00e1lvula, posibilidad de que el cliente a\u00f1ada la referencia del aut\u00f3mata de la v\u00e1lvula, seguimiento individualizado de las operaciones de mantenimiento y las operaciones realizadas, pero tambi\u00e9n posibilidad de indicar la pr\u00f3xima fecha de mantenimiento.<\/li><li>Historial de los registros de mantenimiento de la v\u00e1lvula, para seguir las diferentes operaciones efectuadas en un mismo equipo.<\/li><li>Contacto con el servicio de atenci\u00f3n al cliente por tel\u00e9fono para solicitar piezas de repuesto, programar sus intervenciones u obtener informaci\u00f3n t\u00e9cnica o a trav\u00e9s de la p\u00e1gina web para solicitar piezas de repuesto, planificar sus intervenciones y formular preguntas t\u00e9cnicas.<\/li><\/ul>\n\n\n\n<div style=\"height:100px\" aria-hidden=\"true\" class=\"wp-block-spacer\"><\/div>\n\n\n\n<p class=\"has-mustard-color has-text-color\"><strong>&#8230; y muchas ventajas m\u00e1s:<\/strong><\/p>\n\n\n\n<div class=\"wp-block-definox-card-grid card-grid alignfull\"><div class=\"container\"><div class=\"card-grid__items\"><\/div><\/div><\/div>\n\n\n\n<div class=\"wp-block-definox-card-grid card-grid alignfull\"><div class=\"container\"><div class=\"card-grid__items\"><\/div><\/div><\/div>\n\n\n\n<div class=\"wp-block-definox-card-grid card-grid alignfull\"><div class=\"container\"><div class=\"card-grid__items\">\n<div class=\"wp-block-definox-benefit-icon-card icon-card icon-card--benefit-icon-card\"><div class=\"icon-card__content\">\n<p class=\"icon-card__description\">Ahorro de tiempo en la gest\u00ed\u00f3n de la flota de v\u00e1lvulas<\/p>\n\n\n\n<svg class=\"wp-block-matiere-noire-svg-icons icon icon-card__image\" width=\"20\" height=\"20\"><use href=\"#icon-cadran_1\"><\/use><\/svg>\n<\/div><\/div>\n\n\n\n<div class=\"wp-block-definox-benefit-icon-card icon-card icon-card--benefit-icon-card\"><div class=\"icon-card__content\">\n<p class=\"icon-card__description\">Seguridad de intervenci\u00f3n gracias a los tutoriales<\/p>\n\n\n\n<svg class=\"wp-block-matiere-noire-svg-icons icon icon-card__image\" width=\"20\" height=\"20\"><use href=\"#icon-assistance__bis\"><\/use><\/svg>\n<\/div><\/div>\n\n\n\n<div class=\"wp-block-definox-benefit-icon-card icon-card icon-card--benefit-icon-card\"><div class=\"icon-card__content\">\n<p class=\"icon-card__description\">Acceso inmediato a todas las informaciones<\/p>\n\n\n\n<svg class=\"wp-block-matiere-noire-svg-icons icon icon-card__image\" width=\"20\" height=\"20\"><use href=\"#icon-maintenance_predictive_bis\"><\/use><\/svg>\n<\/div><\/div>\n\n\n\n<div class=\"wp-block-definox-benefit-icon-card icon-card icon-card--benefit-icon-card\"><div class=\"icon-card__content\">\n<p class=\"icon-card__description\">Reducci\u00f3n de los riesgos de error<\/p>\n\n\n\n<svg class=\"wp-block-matiere-noire-svg-icons icon icon-card__image\" width=\"20\" height=\"20\"><use href=\"#icon-productivite_2__bis\"><\/use><\/svg>\n<\/div><\/div>\n\n\n\n<div class=\"wp-block-definox-benefit-icon-card icon-card icon-card--benefit-icon-card\"><div class=\"icon-card__content\">\n<p class=\"icon-card__description\">Inferfaz gr\u00e1fica simple e intuitiva<\/p>\n\n\n\n<svg class=\"wp-block-matiere-noire-svg-icons icon icon-card__image\" width=\"20\" height=\"20\"><use href=\"#icon-egalite__bis\"><\/use><\/svg>\n<\/div><\/div>\n<\/div><\/div><\/div>\n\n\n\n<div style=\"height:100px\" aria-hidden=\"true\" class=\"wp-block-spacer\"><\/div>\n\n\n\n<h2 class=\"wp-block-heading\" id=\"tutorialvideo\">TUTORIAL V\u00cdDEO<\/h2>\n\n\n\n<figure class=\"wp-block-embed is-type-video is-provider-youtube wp-block-embed-youtube wp-embed-aspect-16-9 wp-has-aspect-ratio\"><div class=\"wp-block-embed__wrapper\">\n<iframe loading=\"lazy\" title=\"Tutorial on the use of the Definox augmented reality solutions\" width=\"865\" height=\"487\" src=\"https:\/\/www.youtube.com\/embed\/yGrV73ANXFw?list=PLea0cJ2GIaWVMVIcmLbc7r1T786SzxB0y\" frameborder=\"0\" allow=\"accelerometer; autoplay; clipboard-write; encrypted-media; gyroscope; picture-in-picture\" allowfullscreen><\/iframe>\n<\/div><\/figure>\n\n\n\n<p>Con un solo escaneo, id Definox le permite conocer la identidad precisa de cada producto, su denominaci\u00f3n y referencia, su di\u00e1metro, sus tipos de estanqueidad y sus piezas de recambio, as\u00ed como descargar los documentos t\u00e9cnicos relacionados. La realidad aumentada se pone a su servicio para ofrecerle m\u00e1s prestaciones.<\/p>\n\n\n\n<p>Esta aplicaci\u00f3n m\u00f3vil gratuita de realidad aumentada est\u00e1 disponible para su descarga a trav\u00e9s de <a href=\"https:\/\/play.google.com\/store\/apps\/details?id=com.definox.id.android.user&amp;hl=fr&amp;gl=US\" target=\"_blank\" rel=\"noreferrer noopener\">Goople Play<\/a> y <a href=\"https:\/\/apps.apple.com\/fr\/app\/id-definox\/id1208529421\" target=\"_blank\" rel=\"noreferrer noopener\">AppStore<\/a><\/p>\n\n\n\n<p class=\"has-mustard-color has-text-color\"><strong><strong>\u00a1As\u00ed que descargue, escanee, consulte y pruebe la realidad aumentada desarrollada por Definox!<\/strong><\/strong><\/p>\n\n\n\n<div class=\"wp-block-buttons is-content-justification-center is-layout-flex wp-container-core-buttons-is-layout-1 wp-block-buttons-is-layout-flex\">\n<div class=\"wp-block-button is-style-secondary\"><a class=\"wp-block-button__link\" href=\"https:\/\/apps.apple.com\/es\/app\/id-definox\/id1208529421\" target=\"_blank\" rel=\"noreferrer noopener\">Descargar en App Store<\/a><\/div>\n\n\n\n<div class=\"wp-block-button is-style-secondary\"><a class=\"wp-block-button__link\" href=\"https:\/\/play.google.com\/store\/apps\/details?id=com.definox.id.android.user&amp;hl=es&amp;gl=US\" target=\"_blank\" rel=\"noreferrer noopener\">Descargar en Google Play<\/a><\/div>\n<\/div>\n\n\n\n<p><\/p>\n","protected":false},"excerpt":{"rendered":"<p>Para Definox, la innovaci\u00f3n sirve para simplificar el d\u00eda a d\u00eda de nuestros clientes industriales e instaladores. As\u00ed, gracias a nuestra aplicaci\u00f3n m\u00f3vil \u00abid\u00bb Definox, la realidad aumentada permite seguir y mantener cada v\u00e1lvula de forma sencilla e individualizada.<\/p>\n","protected":false},"author":2,"featured_media":2330,"parent":0,"menu_order":0,"comment_status":"closed","ping_status":"closed","template":"","meta":{"_acf_changed":false,"content-type":"","footnotes":""},"class_list":["entry","entry--1837","entry--type-page","entry--status-publish","entry--author-","has-post-thumbnail","has-excerpt"],"acf":[],"yoast_head":"<!-- This site is optimized with the Yoast SEO plugin v24.2 - https:\/\/yoast.com\/wordpress\/plugins\/seo\/ -->\n<title>Nuestra aplicaci\u00f3n &quot;id&quot; de realidad aumentada - Definox ES<\/title>\n<meta name=\"description\" content=\"Gracias al aplicaci\u00f3n m\u00f3vil \u00abid\u00bb Definox, la realidad aumentada permite seguir y mantener cada v\u00e1lvula de forma sencilla e individualizada.\" \/>\n<meta name=\"robots\" content=\"index, follow, max-snippet:-1, max-image-preview:large, max-video-preview:-1\" \/>\n<link rel=\"canonical\" href=\"https:\/\/www.definox.com\/es\/nuestra-aplicacion-id-de-realidad-aumentada\/\" \/>\n<meta property=\"og:locale\" content=\"es_ES\" \/>\n<meta property=\"og:type\" content=\"article\" \/>\n<meta property=\"og:title\" content=\"Nuestra aplicaci\u00f3n &quot;id&quot; de realidad aumentada - Definox ES\" \/>\n<meta property=\"og:description\" content=\"Gracias al aplicaci\u00f3n m\u00f3vil \u00abid\u00bb Definox, la realidad aumentada permite seguir y mantener cada v\u00e1lvula de forma sencilla e individualizada.\" \/>\n<meta property=\"og:url\" content=\"https:\/\/www.definox.com\/es\/nuestra-aplicacion-id-de-realidad-aumentada\/\" \/>\n<meta property=\"og:site_name\" content=\"Definox ES\" \/>\n<meta property=\"article:modified_time\" content=\"2022-09-06T15:56:36+00:00\" \/>\n<meta property=\"og:image\" content=\"https:\/\/www.definox.com\/app\/uploads\/sites\/10\/2022\/09\/visuel_article_id_v1.jpg\" \/>\n\t<meta property=\"og:image:width\" content=\"1260\" \/>\n\t<meta property=\"og:image:height\" content=\"708\" \/>\n\t<meta property=\"og:image:type\" content=\"image\/jpeg\" \/>\n<meta name=\"twitter:card\" content=\"summary_large_image\" \/>\n<meta name=\"twitter:label1\" content=\"Tiempo de lectura\" \/>\n\t<meta name=\"twitter:data1\" content=\"3 minutos\" \/>\n<script type=\"application\/ld+json\" class=\"yoast-schema-graph\">{\"@context\":\"https:\/\/schema.org\",\"@graph\":[{\"@type\":\"WebPage\",\"@id\":\"https:\/\/www.definox.com\/es\/nuestra-aplicacion-id-de-realidad-aumentada\/\",\"url\":\"https:\/\/www.definox.com\/es\/nuestra-aplicacion-id-de-realidad-aumentada\/\",\"name\":\"Nuestra aplicaci\u00f3n \\\"id\\\" de realidad aumentada - Definox ES\",\"isPartOf\":{\"@id\":\"https:\/\/www.definox.com\/es\/#website\"},\"primaryImageOfPage\":{\"@id\":\"https:\/\/www.definox.com\/es\/nuestra-aplicacion-id-de-realidad-aumentada\/#primaryimage\"},\"image\":{\"@id\":\"https:\/\/www.definox.com\/es\/nuestra-aplicacion-id-de-realidad-aumentada\/#primaryimage\"},\"thumbnailUrl\":\"https:\/\/www.definox.com\/app\/uploads\/sites\/10\/2022\/09\/visuel_article_id_v1.jpg\",\"datePublished\":\"2022-08-26T13:15:36+00:00\",\"dateModified\":\"2022-09-06T15:56:36+00:00\",\"description\":\"Gracias al aplicaci\u00f3n m\u00f3vil \u00abid\u00bb Definox, la realidad aumentada permite seguir y mantener cada v\u00e1lvula de forma sencilla e individualizada.\",\"inLanguage\":\"es\",\"potentialAction\":[{\"@type\":\"ReadAction\",\"target\":[\"https:\/\/www.definox.com\/es\/nuestra-aplicacion-id-de-realidad-aumentada\/\"]}]},{\"@type\":\"ImageObject\",\"inLanguage\":\"es\",\"@id\":\"https:\/\/www.definox.com\/es\/nuestra-aplicacion-id-de-realidad-aumentada\/#primaryimage\",\"url\":\"https:\/\/www.definox.com\/app\/uploads\/sites\/10\/2022\/09\/visuel_article_id_v1.jpg\",\"contentUrl\":\"https:\/\/www.definox.com\/app\/uploads\/sites\/10\/2022\/09\/visuel_article_id_v1.jpg\",\"width\":1260,\"height\":708},{\"@type\":\"WebSite\",\"@id\":\"https:\/\/www.definox.com\/es\/#website\",\"url\":\"https:\/\/www.definox.com\/es\/\",\"name\":\"Definox ES\",\"description\":\"especialista en v\u00e1lvulas industriales y procesos sanitrios\",\"potentialAction\":[{\"@type\":\"SearchAction\",\"target\":{\"@type\":\"EntryPoint\",\"urlTemplate\":\"https:\/\/www.definox.com\/es\/?s={search_term_string}\"},\"query-input\":{\"@type\":\"PropertyValueSpecification\",\"valueRequired\":true,\"valueName\":\"search_term_string\"}}],\"inLanguage\":\"es\"}]}<\/script>\n<!-- \/ Yoast SEO plugin. -->","yoast_head_json":{"title":"Nuestra aplicaci\u00f3n \"id\" de realidad aumentada - Definox ES","description":"Gracias al aplicaci\u00f3n m\u00f3vil \u00abid\u00bb Definox, la realidad aumentada permite seguir y mantener cada v\u00e1lvula de forma sencilla e individualizada.","robots":{"index":"index","follow":"follow","max-snippet":"max-snippet:-1","max-image-preview":"max-image-preview:large","max-video-preview":"max-video-preview:-1"},"canonical":"https:\/\/www.definox.com\/es\/nuestra-aplicacion-id-de-realidad-aumentada\/","og_locale":"es_ES","og_type":"article","og_title":"Nuestra aplicaci\u00f3n \"id\" de realidad aumentada - Definox ES","og_description":"Gracias al aplicaci\u00f3n m\u00f3vil \u00abid\u00bb Definox, la realidad aumentada permite seguir y mantener cada v\u00e1lvula de forma sencilla e individualizada.","og_url":"https:\/\/www.definox.com\/es\/nuestra-aplicacion-id-de-realidad-aumentada\/","og_site_name":"Definox ES","article_modified_time":"2022-09-06T15:56:36+00:00","og_image":[{"width":1260,"height":708,"url":"https:\/\/www.definox.com\/app\/uploads\/sites\/10\/2022\/09\/visuel_article_id_v1.jpg","type":"image\/jpeg"}],"twitter_card":"summary_large_image","twitter_misc":{"Tiempo de lectura":"3 minutos"},"schema":{"@context":"https:\/\/schema.org","@graph":[{"@type":"WebPage","@id":"https:\/\/www.definox.com\/es\/nuestra-aplicacion-id-de-realidad-aumentada\/","url":"https:\/\/www.definox.com\/es\/nuestra-aplicacion-id-de-realidad-aumentada\/","name":"Nuestra aplicaci\u00f3n \"id\" de realidad aumentada - Definox ES","isPartOf":{"@id":"https:\/\/www.definox.com\/es\/#website"},"primaryImageOfPage":{"@id":"https:\/\/www.definox.com\/es\/nuestra-aplicacion-id-de-realidad-aumentada\/#primaryimage"},"image":{"@id":"https:\/\/www.definox.com\/es\/nuestra-aplicacion-id-de-realidad-aumentada\/#primaryimage"},"thumbnailUrl":"https:\/\/www.definox.com\/app\/uploads\/sites\/10\/2022\/09\/visuel_article_id_v1.jpg","datePublished":"2022-08-26T13:15:36+00:00","dateModified":"2022-09-06T15:56:36+00:00","description":"Gracias al aplicaci\u00f3n m\u00f3vil \u00abid\u00bb Definox, la realidad aumentada permite seguir y mantener cada v\u00e1lvula de forma sencilla e individualizada.","inLanguage":"es","potentialAction":[{"@type":"ReadAction","target":["https:\/\/www.definox.com\/es\/nuestra-aplicacion-id-de-realidad-aumentada\/"]}]},{"@type":"ImageObject","inLanguage":"es","@id":"https:\/\/www.definox.com\/es\/nuestra-aplicacion-id-de-realidad-aumentada\/#primaryimage","url":"https:\/\/www.definox.com\/app\/uploads\/sites\/10\/2022\/09\/visuel_article_id_v1.jpg","contentUrl":"https:\/\/www.definox.com\/app\/uploads\/sites\/10\/2022\/09\/visuel_article_id_v1.jpg","width":1260,"height":708},{"@type":"WebSite","@id":"https:\/\/www.definox.com\/es\/#website","url":"https:\/\/www.definox.com\/es\/","name":"Definox ES","description":"especialista en v\u00e1lvulas industriales y procesos sanitrios","potentialAction":[{"@type":"SearchAction","target":{"@type":"EntryPoint","urlTemplate":"https:\/\/www.definox.com\/es\/?s={search_term_string}"},"query-input":{"@type":"PropertyValueSpecification","valueRequired":true,"valueName":"search_term_string"}}],"inLanguage":"es"}]}},"_links":{"self":[{"href":"https:\/\/www.definox.com\/es\/wp-json\/wp\/v2\/pages\/1837","targetHints":{"allow":["GET"]}}],"collection":[{"href":"https:\/\/www.definox.com\/es\/wp-json\/wp\/v2\/pages"}],"about":[{"href":"https:\/\/www.definox.com\/es\/wp-json\/wp\/v2\/types\/page"}],"author":[{"embeddable":true,"href":"https:\/\/www.definox.com\/es\/wp-json\/wp\/v2\/users\/2"}],"replies":[{"embeddable":true,"href":"https:\/\/www.definox.com\/es\/wp-json\/wp\/v2\/comments?post=1837"}],"version-history":[{"count":23,"href":"https:\/\/www.definox.com\/es\/wp-json\/wp\/v2\/pages\/1837\/revisions"}],"predecessor-version":[{"id":2766,"href":"https:\/\/www.definox.com\/es\/wp-json\/wp\/v2\/pages\/1837\/revisions\/2766"}],"wp:featuredmedia":[{"embeddable":true,"href":"https:\/\/www.definox.com\/es\/wp-json\/wp\/v2\/media\/2330"}],"wp:attachment":[{"href":"https:\/\/www.definox.com\/es\/wp-json\/wp\/v2\/media?parent=1837"}],"curies":[{"name":"wp","href":"https:\/\/api.w.org\/{rel}","templated":true}]}}