{"id":1960,"date":"2022-08-29T14:19:03","date_gmt":"2022-08-29T14:19:03","guid":{"rendered":"https:\/\/www.definox.com\/es\/?page_id=1960"},"modified":"2024-03-21T13:35:37","modified_gmt":"2024-03-21T13:35:37","slug":"seguridad","status":"publish","type":"page","link":"https:\/\/www.definox.com\/es\/adn\/seguridad\/","title":{"rendered":"Seguridad"},"content":{"rendered":"\n<div class=\"wp-block-definox-quick-navigation  quick-navigation alignfull\"><div class=\"quick-navigation__content\"><div class=\"quick-navigation__wrapper\"><div class=\"quick-navigation__sticky-hook\"><\/div><div class=\"quick-navigation__items\">\n<div class=\"wp-block-definox-quick-navigation-item quick-navigation__item\"><a class=\"quick-navigation__link\" href=\"#seguridad\">Cuestiones de seguridad<\/a><\/div>\n\n\n\n<div class=\"wp-block-definox-quick-navigation-item quick-navigation__item\"><a class=\"quick-navigation__link\" href=\"#definoxid\">Definox \u00abid\u00bb<\/a><\/div>\n\n\n\n<div class=\"wp-block-definox-quick-navigation-item quick-navigation__item\"><a class=\"quick-navigation__link\" href=\"#compromisos\">Compromisos<\/a><\/div>\n<\/div><div class=\"quick-navigation__controls\"><button class=\"quick-navigation__button quick-navigation__button--prev\"><\/button><button class=\"quick-navigation__button quick-navigation__button--next\"><\/button><\/div><\/div><\/div><\/div>\n\n\n\n<h2 class=\"wp-block-heading has-text-align-center\" id=\"seguridad\">\u00bfC\u00f3mo responde Definox a las preocupaciones de los industriales en t\u00e9rminos de seguridad?<\/h2>\n\n\n\n<figure class=\"wp-block-image size-large\"><img loading=\"lazy\" decoding=\"async\" width=\"1314\" height=\"519\" src=\"https:\/\/www.definox.com\/app\/uploads\/sites\/10\/2022\/08\/infographie-adn-3-items-securite-LAST.svg\" alt=\"\" class=\"wp-image-1961\" \/><\/figure>\n\n\n\n<div class=\"wp-block-group alignfull\"><div class=\"wp-block-group__inner-container is-layout-flow wp-block-group-is-layout-flow\">\n<div class=\"wp-block-columns is-layout-flex wp-container-core-columns-is-layout-1 wp-block-columns-is-layout-flex\">\n<div class=\"wp-block-column is-layout-flow wp-block-column-is-layout-flow\">\n<h5 class=\"wp-block-heading has-dark-blue-color has-text-color\"><strong>DISE\u00d1O PRODUCTO<\/strong><\/h5>\n\n\n\n<p>Cumplir con los requisitos de seguridad y ergonom\u00eda de uso<br>Productos reparables: puesta a disposici\u00f3n de las piezas de repuesto para las generaciones m\u00e1s antiguas de v\u00e1lvulas<br>Dispositivos de seguridad integrados para una protecci\u00f3n garantizada durante el uso<br>Apoyo espec\u00edfico a los proyectos Greenfield<br>Desarrollo y mejora de las soluciones en colaboraci\u00f3n con los usuarios finales<\/p>\n<\/div>\n\n\n\n<div class=\"wp-block-column is-layout-flow wp-block-column-is-layout-flow\">\n<h5 class=\"wp-block-heading has-dark-blue-color has-text-color\"><strong>FORMACI\u00d3N<\/strong><\/h5>\n\n\n\n<p>Aprendizajes pr\u00e1cticos y te\u00f3ricos <em>in situ<\/em> o a distancia<br>Sala de videoconferencias dedicada a las formaciones y demostraciones de productos<br>Soportes pedag\u00f3gicos y videos modernos.<br>Equipo de formadores especializados, multiling\u00fces Certificaci\u00f3n Qualiopi<\/p>\n<\/div>\n\n\n\n<div class=\"wp-block-column is-layout-flow wp-block-column-is-layout-flow\">\n<h5 class=\"wp-block-heading has-dark-blue-color has-text-color\"><strong>EQUIPOS<\/strong><\/h5>\n\n\n\n<p>Optimizaci\u00f3n del peso de las v\u00e1lvulas para un manejo simplificado<br>Dispositivos integrados para facilitar la manipulaci\u00f3n y la accesibilidad de las v\u00e1lvulas en el colector<br>Maletines de herramientas adecuados para los trabajos de mantenimiento Prensa para el desmontaje y remontaje totalmente seguro de los actuadores.<\/p>\n<\/div>\n<\/div>\n<\/div><\/div>\n\n\n\n<div class=\"wp-block-group has-light-grey-background-color has-background\"><div class=\"wp-block-group__inner-container is-layout-flow wp-block-group-is-layout-flow\">\n<h2 class=\"wp-block-heading has-text-align-center\" id=\"definoxid\">DEFINOX ID<\/h2>\n\n\n\n<p class=\"has-text-align-center\">Para Definox, la innovaci\u00f3n sirve para simplificar la vida cotidiana de los usuarios finales de nuestros productos: los industriales y los instaladores. As\u00ed, gracias a nuestra aplicaci\u00f3n m\u00f3vil \u00abid\u00bb Definox, la realidad aumentada permite supervisar y mantener cada v\u00e1lvula de forma sencilla e individualizada.<\/p>\n\n\n\n<figure class=\"wp-block-embed alignleft is-type-video is-provider-youtube wp-block-embed-youtube wp-embed-aspect-16-9 wp-has-aspect-ratio\"><div class=\"wp-block-embed__wrapper\">\n<iframe loading=\"lazy\" title=\"Definox breaking news 2021\" width=\"865\" height=\"487\" src=\"https:\/\/www.youtube.com\/embed\/ehu2-UAGYzc?feature=oembed\" frameborder=\"0\" allow=\"accelerometer; autoplay; clipboard-write; encrypted-media; gyroscope; picture-in-picture; web-share\" allowfullscreen><\/iframe>\n<\/div><\/figure>\n\n\n\n<h3 class=\"wp-block-heading\"><strong>\u00bfC\u00f3mo funciona la aplicaci\u00f3n?<\/strong><\/h3>\n\n\n\n<p>Los t\u00e9cnicos de mantenimiento de las l\u00edneas de proceso pueden identificar de forma sencilla la v\u00e1lvula y sus piezas de recambio escaneando la etiqueta \u00abid\u00bb que hay en cada v\u00e1lvula con un tel\u00e9fono m\u00f3vil o una tableta. Se accede a la documentaci\u00f3n y los v\u00eddeos relacionados con la v\u00e1lvula de forma inmediata. <\/p>\n\n\n\n<p>La aplicaci\u00f3n es descargable gratuitamente desde las tiendas de m\u00f3viles (IOS o Android)<\/p>\n\n\n\n<p><\/p>\n\n\n\n<div class=\"wp-block-buttons is-content-justification-center is-layout-flex wp-container-core-buttons-is-layout-1 wp-block-buttons-is-layout-flex\">\n<div class=\"wp-block-button is-style-tertiary--small\"><a class=\"wp-block-button__link wp-element-button\" href=\"http:\/\/www.definox.com\/en\/ressources\/our-application-id-augmented-reality\/\">Para descubrir m\u00e1s<\/a><\/div>\n<\/div>\n<\/div><\/div>\n\n\n\n<div class=\"wp-block-definox-quotes-list quotes alignfull  is-style-dna\" id=\"quotes-section\"><div class=\"container\"><div class=\"quotes__items\">\n<div class=\"wp-block-definox-quotes-item quotes__item-container\"><div class=\"quotes__item \"><svg class=\"quotes__svg\" xmlns=\"http:\/\/www.w3.org\/2000\/svg\" viewBox=\"0 0 152 151\"><path fill=\"none\" d=\"M151.141 149.984c-82.844 0-150-67.155-150-150\"><\/path><path fill=\"none\" d=\"M66.102 76.961v0s8.878-11.168 8.362-11.233c-5.998-.758-10.634-5.784-10.634-11.87 0-6.612 5.466-11.97 12.21-11.97 6.742 0 12.208 5.358 12.208 11.97 0 3.184-1.138 5.186-3.407 8.072-.934 1.188-11.926 15.031-11.926 15.031v0M94.513 76.961v0s8.878-11.168 8.362-11.233c-5.998-.758-10.634-5.784-10.634-11.87 0-6.612 5.466-11.97 12.208-11.97 6.744 0 12.21 5.358 12.21 11.97 0 3.184-1.138 5.186-3.407 8.072-.934 1.188-11.926 15.031-11.926 15.031v0\"><\/path><\/svg>\n<h2 class=\"wp-block-heading quotes__title\">TESTIMONY<\/h2>\n\n\n\n<p class=\"quotes__description\"><strong><strong><strong>Definox se toma muy en serio las cuestiones de seguridad. La seguridad se tiene en cuenta desde el dise\u00f1o de la v\u00e1lvula hasta su montaje y mantenimiento. Existen procedimientos para evitar lesiones. No hago intervenir a mis t\u00e9cnicos de servicio posventa si existe alg\u00fan riesgo.<\/strong><\/strong><\/strong><\/p>\n\n\n\n<p class=\"quotes__author larger\">Herv\u00e9 Richard, Responsable del servicio de atenci\u00f3n al cliente en definox<\/p>\n\n\n\n<p class=\"quotes__author__description\"><\/p>\n<\/div><\/div>\n<\/div><div class=\"quotes__controls\"><div class=\"quotes__dots\"><\/div><div class=\"quotes__buttons\"><button type=\"button\" class=\"slider-button slider-button--prev quotes__button quotes__button--prev\"><\/button><button type=\"button\" class=\"slider-button slider-button--next quotes__button quotes__button--next\"><\/button><\/div><\/div><\/div><\/div>\n\n\n\n<div id=\"Engagements\" class=\"wp-block-group is-style-dna-pattern\"><div class=\"wp-block-group__inner-container is-layout-flow wp-block-group-is-layout-flow\">\n<h2 class=\"wp-block-heading has-text-align-center\" id=\"compromisos\"><strong>COMPROMISOS M\u00c1S ALLA DEL PRODUCTO<\/strong><\/h2>\n\n\n\n<div class=\"wp-block-definox-card-grid card-grid alignfull\"><div class=\"container\"><div class=\"card-grid__items\">\n<div class=\"wp-block-definox-dna-card dna-card\" style=\"--card-text-color:#ffffff;--card-bg-color:#7662ef\"><div class=\"dna-card__content\">\n\n\n<h3 class=\"wp-block-heading dna-card__title\">CERTIFICACI\u00d3N<\/h3>\n\n\n\n<p class=\"dna-card__description\">En 2021, Definox obtuvo la certificaci\u00f3n Qualiopi. Esta acredita la calidad de los servicios prestados por las organizaciones de formaci\u00f3n. Pr\u00e1cticos y te\u00f3ricos, Definox personaliza sus cursos de formaci\u00f3n para satisfacer las expectativas de sus clientes y aprendices con precisi\u00f3n.<\/p>\n<\/div><\/div>\n\n\n\n<div class=\"wp-block-definox-dna-card dna-card\" style=\"--card-text-color:#ffffff;--card-bg-color:#004871;--card-secondary-color:#7662ef\"><div class=\"dna-card__content\">\n\n\n<h3 class=\"wp-block-heading dna-card__title\"><strong>SEGURIDAD PARA LOS CLIENTES<\/strong><\/h3>\n\n\n\n<p>Enfoque de seguridad proactivo mediante la asistencia y el seguimiento personalizados en cada etapa.<\/p>\n\n\n\n<p>Integraci\u00f3n de dispositivos de seguridad est\u00e1ndar en nuestras soluciones&nbsp;<\/p>\n\n\n\n<p>Equipo de t\u00e9cnicos de servicio posventa y formadores especializados para todas las cuestiones t\u00e9cnicas e intervenciones en la instalaci\u00f3n<\/p>\n\n\n\n<p>Formaci\u00f3n sobre el producto y sensibilizaci\u00f3n sobre la seguridad durante las labores de mantenimiento<\/p>\n<\/div><\/div>\n\n\n\n<div class=\"wp-block-definox-dna-card dna-card\" style=\"--card-text-color:#7662ef;--card-bg-color:white;--card-secondary-color:#004871\"><div class=\"dna-card__content\">\n\n\n<h3 class=\"wp-block-heading dna-card__title\"><strong>SAFETY EVERY DAY FOR EVERYONE<\/strong><\/h3>\n\n\n\n<p>Programa \u201cI Care\u201d para sensibilizar a todos nuestros empleados en los riesgos y cambiar las conductas<\/p>\n\n\n\n<p>Enfoque Calidad de Vida en el Trabajo (QVT, por sus siglas en franc\u00e9s)<\/p>\n\n\n\n<p>Detecci\u00f3n de situaciones de riesgo y an\u00e1lisis de cuasi accidentes.<\/p>\n\n\n\n<p>Los gestos y las buenas pr\u00e1cticas que hay que adoptar en el d\u00eda a d\u00eda<\/p>\n<\/div><\/div>\n\n\n\n<div class=\"wp-block-definox-dna-card dna-card\" style=\"--card-text-color:#004871;--card-bg-color:white;--card-secondary-color:#7662ef\"><div class=\"dna-card__content\">\n\n\n<h3 class=\"wp-block-heading dna-card__title\">KEY DATA<\/h3>\n\n\n\n<p class=\"dna-card__description\"><\/p>\n\n\n<div class=\"dna-number\">\n\n    <div class=\"dna-number__number\">\n        129    <\/div>\n\n    \n        <div class=\"dna-number__text\">\n             PERSONAS FORMADAS EN LAS INSTALACIONES DE NUESTROS CLIENTES EN 2021        <\/div>\n        \n    \n<\/div><\/div><\/div>\n\n\n\n<div class=\"wp-block-definox-dna-card dna-card\" style=\"--card-text-color:#004871;--card-bg-color:white;--card-secondary-color:#7662ef\"><div class=\"dna-card__content\">\n\n\n<h3 class=\"wp-block-heading dna-card__title\">KEY DATA<\/h3>\n\n\n\n<p class=\"dna-card__description\"><\/p>\n\n\n<div class=\"dna-number\">\n\n    <div class=\"dna-number__number\">\n        +60    <\/div>\n\n    \n        <div class=\"dna-number__text\">\n            VIDEOS Y TUTORALES disponibles en la cadena de Youtube Definox        <\/div>\n        \n    \n<\/div><\/div><\/div>\n\n\n\n<div class=\"wp-block-definox-dna-card dna-card\" style=\"--card-text-color:#004871;--card-bg-color:white;--card-secondary-color:#7662ef\"><div class=\"dna-card__content\">\n\n\n<h3 class=\"wp-block-heading dna-card__title\">KEY DATA<\/h3>\n\n\n\n<p class=\"dna-card__description\"><\/p>\n\n\n<div class=\"dna-number\">\n\n    <div class=\"dna-number__number\">\n        185    <\/div>\n\n    \n        <div class=\"dna-number__text\">\n            TALLERES DE SEGURIDAD REALIZADOS DE FORMA INTERNA EN 2021        <\/div>\n        \n    \n<\/div><\/div><\/div>\n<\/div><\/div><\/div>\n\n\n\n<div class=\"wp-block-definox-card-grid card-grid alignfull\"><div class=\"container\"><div class=\"card-grid__items\"><\/div><\/div><\/div>\n\n\n\n<div class=\"wp-block-definox-card-grid card-grid alignfull\"><div class=\"container\"><div class=\"card-grid__items\"><\/div><\/div><\/div>\n\n\n\n<div class=\"wp-block-definox-card-grid card-grid alignfull\"><div class=\"container\"><div class=\"card-grid__items\"><\/div><\/div><\/div>\n\n\n\n<div class=\"wp-block-definox-card-grid card-grid alignfull\"><div class=\"container\"><div class=\"card-grid__items\"><\/div><\/div><\/div>\n\n\n\n<div class=\"wp-block-definox-card-grid card-grid alignfull\"><div class=\"container\"><div class=\"card-grid__items\"><\/div><\/div><\/div>\n<\/div><\/div>\n","protected":false},"excerpt":{"rendered":"<p>La seguridad es una prioridad para Definox. Innovamos, dise\u00f1amos y fabricamos teniendo esto en cuenta. Definox se compromete activamente a reducir los riesgos mediante una formaci\u00f3n personalizada para los t\u00e9cnicos de mantenimiento y un apoyo riguroso. La puesta a disposici\u00f3n de herramientas adecuadas garantiza la seguridad de los usuarios de nuestras v\u00e1lvulas.<\/p>\n","protected":false},"author":7,"featured_media":1901,"parent":1808,"menu_order":0,"comment_status":"closed","ping_status":"closed","template":"","meta":{"_acf_changed":false,"content-type":"","footnotes":""},"class_list":["entry","entry--1960","entry--type-page","entry--status-publish","entry--author-","has-post-thumbnail","has-excerpt"],"acf":[],"yoast_head":"<!-- This site is optimized with the Yoast SEO plugin v24.2 - https:\/\/yoast.com\/wordpress\/plugins\/seo\/ -->\n<title>Seguridad - Definox ES<\/title>\n<meta name=\"description\" content=\"Definox se compromete activamente a reducir los riesgos mediante una formaci\u00f3n personalizada para los t\u00e9cnicos de mantenimiento y un apoyo riguroso.\" \/>\n<meta name=\"robots\" content=\"index, follow, max-snippet:-1, max-image-preview:large, max-video-preview:-1\" \/>\n<link rel=\"canonical\" href=\"https:\/\/www.definox.com\/es\/adn\/seguridad\/\" \/>\n<meta property=\"og:locale\" content=\"es_ES\" \/>\n<meta property=\"og:type\" content=\"article\" \/>\n<meta property=\"og:title\" content=\"Seguridad - Definox ES\" \/>\n<meta property=\"og:description\" content=\"Definox se compromete activamente a reducir los riesgos mediante una formaci\u00f3n personalizada para los t\u00e9cnicos de mantenimiento y un apoyo riguroso.\" \/>\n<meta property=\"og:url\" content=\"https:\/\/www.definox.com\/es\/adn\/seguridad\/\" \/>\n<meta property=\"og:site_name\" content=\"Definox ES\" \/>\n<meta property=\"article:modified_time\" content=\"2024-03-21T13:35:37+00:00\" \/>\n<meta property=\"og:image\" content=\"https:\/\/www.definox.com\/app\/uploads\/sites\/10\/2022\/08\/SECURITE-scaled.jpg\" \/>\n\t<meta property=\"og:image:width\" content=\"2628\" \/>\n\t<meta property=\"og:image:height\" content=\"1599\" \/>\n\t<meta property=\"og:image:type\" content=\"image\/jpeg\" \/>\n<meta name=\"twitter:card\" content=\"summary_large_image\" \/>\n<meta name=\"twitter:label1\" content=\"Tiempo de lectura\" \/>\n\t<meta name=\"twitter:data1\" content=\"4 minutos\" \/>\n<script type=\"application\/ld+json\" class=\"yoast-schema-graph\">{\"@context\":\"https:\/\/schema.org\",\"@graph\":[{\"@type\":\"WebPage\",\"@id\":\"https:\/\/www.definox.com\/es\/adn\/seguridad\/\",\"url\":\"https:\/\/www.definox.com\/es\/adn\/seguridad\/\",\"name\":\"Seguridad - Definox ES\",\"isPartOf\":{\"@id\":\"https:\/\/www.definox.com\/es\/#website\"},\"primaryImageOfPage\":{\"@id\":\"https:\/\/www.definox.com\/es\/adn\/seguridad\/#primaryimage\"},\"image\":{\"@id\":\"https:\/\/www.definox.com\/es\/adn\/seguridad\/#primaryimage\"},\"thumbnailUrl\":\"https:\/\/www.definox.com\/app\/uploads\/sites\/10\/2022\/08\/SECURITE-scaled.jpg\",\"datePublished\":\"2022-08-29T14:19:03+00:00\",\"dateModified\":\"2024-03-21T13:35:37+00:00\",\"description\":\"Definox se compromete activamente a reducir los riesgos mediante una formaci\u00f3n personalizada para los t\u00e9cnicos de mantenimiento y un apoyo riguroso.\",\"breadcrumb\":{\"@id\":\"https:\/\/www.definox.com\/es\/adn\/seguridad\/#breadcrumb\"},\"inLanguage\":\"es\",\"potentialAction\":[{\"@type\":\"ReadAction\",\"target\":[\"https:\/\/www.definox.com\/es\/adn\/seguridad\/\"]}]},{\"@type\":\"ImageObject\",\"inLanguage\":\"es\",\"@id\":\"https:\/\/www.definox.com\/es\/adn\/seguridad\/#primaryimage\",\"url\":\"https:\/\/www.definox.com\/app\/uploads\/sites\/10\/2022\/08\/SECURITE-scaled.jpg\",\"contentUrl\":\"https:\/\/www.definox.com\/app\/uploads\/sites\/10\/2022\/08\/SECURITE-scaled.jpg\",\"width\":2628,\"height\":1599},{\"@type\":\"BreadcrumbList\",\"@id\":\"https:\/\/www.definox.com\/es\/adn\/seguridad\/#breadcrumb\",\"itemListElement\":[{\"@type\":\"ListItem\",\"position\":1,\"name\":\"ADN\",\"item\":\"https:\/\/www.definox.com\/es\/adn\/\"},{\"@type\":\"ListItem\",\"position\":2,\"name\":\"Seguridad\"}]},{\"@type\":\"WebSite\",\"@id\":\"https:\/\/www.definox.com\/es\/#website\",\"url\":\"https:\/\/www.definox.com\/es\/\",\"name\":\"Definox ES\",\"description\":\"especialista en v\u00e1lvulas industriales y procesos sanitrios\",\"potentialAction\":[{\"@type\":\"SearchAction\",\"target\":{\"@type\":\"EntryPoint\",\"urlTemplate\":\"https:\/\/www.definox.com\/es\/?s={search_term_string}\"},\"query-input\":{\"@type\":\"PropertyValueSpecification\",\"valueRequired\":true,\"valueName\":\"search_term_string\"}}],\"inLanguage\":\"es\"}]}<\/script>\n<!-- \/ Yoast SEO plugin. -->","yoast_head_json":{"title":"Seguridad - Definox ES","description":"Definox se compromete activamente a reducir los riesgos mediante una formaci\u00f3n personalizada para los t\u00e9cnicos de mantenimiento y un apoyo riguroso.","robots":{"index":"index","follow":"follow","max-snippet":"max-snippet:-1","max-image-preview":"max-image-preview:large","max-video-preview":"max-video-preview:-1"},"canonical":"https:\/\/www.definox.com\/es\/adn\/seguridad\/","og_locale":"es_ES","og_type":"article","og_title":"Seguridad - Definox ES","og_description":"Definox se compromete activamente a reducir los riesgos mediante una formaci\u00f3n personalizada para los t\u00e9cnicos de mantenimiento y un apoyo riguroso.","og_url":"https:\/\/www.definox.com\/es\/adn\/seguridad\/","og_site_name":"Definox ES","article_modified_time":"2024-03-21T13:35:37+00:00","og_image":[{"width":2628,"height":1599,"url":"https:\/\/www.definox.com\/app\/uploads\/sites\/10\/2022\/08\/SECURITE-scaled.jpg","type":"image\/jpeg"}],"twitter_card":"summary_large_image","twitter_misc":{"Tiempo de lectura":"4 minutos"},"schema":{"@context":"https:\/\/schema.org","@graph":[{"@type":"WebPage","@id":"https:\/\/www.definox.com\/es\/adn\/seguridad\/","url":"https:\/\/www.definox.com\/es\/adn\/seguridad\/","name":"Seguridad - Definox ES","isPartOf":{"@id":"https:\/\/www.definox.com\/es\/#website"},"primaryImageOfPage":{"@id":"https:\/\/www.definox.com\/es\/adn\/seguridad\/#primaryimage"},"image":{"@id":"https:\/\/www.definox.com\/es\/adn\/seguridad\/#primaryimage"},"thumbnailUrl":"https:\/\/www.definox.com\/app\/uploads\/sites\/10\/2022\/08\/SECURITE-scaled.jpg","datePublished":"2022-08-29T14:19:03+00:00","dateModified":"2024-03-21T13:35:37+00:00","description":"Definox se compromete activamente a reducir los riesgos mediante una formaci\u00f3n personalizada para los t\u00e9cnicos de mantenimiento y un apoyo riguroso.","breadcrumb":{"@id":"https:\/\/www.definox.com\/es\/adn\/seguridad\/#breadcrumb"},"inLanguage":"es","potentialAction":[{"@type":"ReadAction","target":["https:\/\/www.definox.com\/es\/adn\/seguridad\/"]}]},{"@type":"ImageObject","inLanguage":"es","@id":"https:\/\/www.definox.com\/es\/adn\/seguridad\/#primaryimage","url":"https:\/\/www.definox.com\/app\/uploads\/sites\/10\/2022\/08\/SECURITE-scaled.jpg","contentUrl":"https:\/\/www.definox.com\/app\/uploads\/sites\/10\/2022\/08\/SECURITE-scaled.jpg","width":2628,"height":1599},{"@type":"BreadcrumbList","@id":"https:\/\/www.definox.com\/es\/adn\/seguridad\/#breadcrumb","itemListElement":[{"@type":"ListItem","position":1,"name":"ADN","item":"https:\/\/www.definox.com\/es\/adn\/"},{"@type":"ListItem","position":2,"name":"Seguridad"}]},{"@type":"WebSite","@id":"https:\/\/www.definox.com\/es\/#website","url":"https:\/\/www.definox.com\/es\/","name":"Definox ES","description":"especialista en v\u00e1lvulas industriales y procesos sanitrios","potentialAction":[{"@type":"SearchAction","target":{"@type":"EntryPoint","urlTemplate":"https:\/\/www.definox.com\/es\/?s={search_term_string}"},"query-input":{"@type":"PropertyValueSpecification","valueRequired":true,"valueName":"search_term_string"}}],"inLanguage":"es"}]}},"_links":{"self":[{"href":"https:\/\/www.definox.com\/es\/wp-json\/wp\/v2\/pages\/1960","targetHints":{"allow":["GET"]}}],"collection":[{"href":"https:\/\/www.definox.com\/es\/wp-json\/wp\/v2\/pages"}],"about":[{"href":"https:\/\/www.definox.com\/es\/wp-json\/wp\/v2\/types\/page"}],"author":[{"embeddable":true,"href":"https:\/\/www.definox.com\/es\/wp-json\/wp\/v2\/users\/7"}],"replies":[{"embeddable":true,"href":"https:\/\/www.definox.com\/es\/wp-json\/wp\/v2\/comments?post=1960"}],"version-history":[{"count":37,"href":"https:\/\/www.definox.com\/es\/wp-json\/wp\/v2\/pages\/1960\/revisions"}],"predecessor-version":[{"id":2754,"href":"https:\/\/www.definox.com\/es\/wp-json\/wp\/v2\/pages\/1960\/revisions\/2754"}],"up":[{"embeddable":true,"href":"https:\/\/www.definox.com\/es\/wp-json\/wp\/v2\/pages\/1808"}],"wp:featuredmedia":[{"embeddable":true,"href":"https:\/\/www.definox.com\/es\/wp-json\/wp\/v2\/media\/1901"}],"wp:attachment":[{"href":"https:\/\/www.definox.com\/es\/wp-json\/wp\/v2\/media?parent=1960"}],"curies":[{"name":"wp","href":"https:\/\/api.w.org\/{rel}","templated":true}]}}