{"id":2001,"date":"2022-08-29T15:02:22","date_gmt":"2022-08-29T15:02:22","guid":{"rendered":"https:\/\/www.definox.com\/es\/?page_id=2001"},"modified":"2025-01-03T16:06:56","modified_gmt":"2025-01-03T16:06:56","slug":"medio-ambiente","status":"publish","type":"page","link":"https:\/\/www.definox.com\/es\/adn\/medio-ambiente\/","title":{"rendered":"Medio ambiente"},"content":{"rendered":"\n<div class=\"wp-block-definox-quick-navigation  quick-navigation alignfull\"><div class=\"quick-navigation__content\"><div class=\"quick-navigation__wrapper\"><div class=\"quick-navigation__sticky-hook\"><\/div><div class=\"quick-navigation__items\">\n<div class=\"wp-block-definox-quick-navigation-item quick-navigation__item\"><a class=\"quick-navigation__link\" href=\"#desafios\">Desaf\u00edos medioambientales<\/a><\/div>\n\n\n\n<div class=\"wp-block-definox-quick-navigation-item quick-navigation__item\"><a class=\"quick-navigation__link\" href=\"#recursos\">Optimizaci\u00f3n de los recursos<\/a><\/div>\n\n\n\n<div class=\"wp-block-definox-quick-navigation-item quick-navigation__item\"><a class=\"quick-navigation__link\" href=\"#innovaciones\">Innovaciones t\u00e9cnicas<\/a><\/div>\n\n\n\n<div class=\"wp-block-definox-quick-navigation-item quick-navigation__item\"><a class=\"quick-navigation__link\" href=\"#compromisos\">Compromisos<\/a><\/div>\n<\/div><div class=\"quick-navigation__controls\"><button class=\"quick-navigation__button quick-navigation__button--prev\"><\/button><button class=\"quick-navigation__button quick-navigation__button--next\"><\/button><\/div><\/div><\/div><\/div>\n\n\n\n<h2 class=\"wp-block-heading\" id=\"desafios\">\u00bfC\u00d3MO APOYA DEFINOX A LOS INDUSTRIALES EN LOS DESAF\u00cdOS MEDIOAMBIENTALES?&nbsp;<\/h2>\n\n\n\n<figure class=\"wp-block-image size-large\"><img loading=\"lazy\" decoding=\"async\" width=\"1719\" height=\"519\" src=\"https:\/\/www.definox.com\/app\/uploads\/sites\/10\/2022\/08\/environnement-infographique-4-items.svg\" alt=\"\" class=\"wp-image-2008\"\/><\/figure>\n\n\n\n<div class=\"wp-block-columns is-layout-flex wp-container-core-columns-is-layout-1 wp-block-columns-is-layout-flex\">\n<div class=\"wp-block-column is-layout-flow wp-block-column-is-layout-flow\">\n<h5 class=\"wp-block-heading has-dark-blue-color has-text-color\"><strong>ELECCIONES DE DISE\u00d1O RESPONSABLES<\/strong><\/h5>\n\n\n\n<ul class=\"wp-block-list is-style-primary\">\n<li>Intercambiabilidad de los subconjuntos y los componentes<\/li>\n\n\n\n<li>Fomento de la producci\u00f3n local de componentes<\/li>\n\n\n\n<li>Integraci\u00f3n de los criterios medioambientales en el dise\u00f1o de productos<\/li>\n<\/ul>\n<\/div>\n\n\n\n<div class=\"wp-block-column is-layout-flow wp-block-column-is-layout-flow\">\n<h5 class=\"wp-block-heading has-dark-blue-color has-text-color\"><strong>LONGEVIDAD DE LOS EQUIPOS<\/strong><\/h5>\n\n\n\n<ul class=\"wp-block-list is-style-primary\">\n<li>Dise\u00f1o duradero de los productos Definox<\/li>\n\n\n\n<li>Vida \u00fatil de m\u00e1s de 40 a\u00f1os para un uso econ\u00f3mico y \u00f3ptimo<\/li>\n\n\n\n<li>Componentes por solicitud, mucho m\u00e1s all\u00e1 de las ventas est\u00e1ndar de piezas de repuesto<\/li>\n<\/ul>\n<\/div>\n\n\n\n<div class=\"wp-block-column is-layout-flow wp-block-column-is-layout-flow\">\n<h5 class=\"wp-block-heading has-dark-blue-color has-text-color\"><strong>MANTENIBILIDAD DE LOS COMPONENTES<\/strong><\/h5>\n\n\n\n<ul class=\"wp-block-list is-style-primary\">\n<li>Los productos Definox son totalmente reparables<\/li>\n\n\n\n<li>Sustituci\u00f3n de los componentes a petici\u00f3n del cliente<\/li>\n\n\n\n<li>Mantenimiento de las v\u00e1lvulas instaladas por rotaci\u00f3n sin interrupci\u00f3n de las l\u00edneas de producci\u00f3n<\/li>\n\n\n\n<li>Reacondicionamiento de conjuntos de v\u00e1lvulas<\/li>\n<\/ul>\n<\/div>\n\n\n\n<div class=\"wp-block-column is-layout-flow wp-block-column-is-layout-flow\">\n<h5 class=\"wp-block-heading has-dark-blue-color has-text-color\"><strong>MODERNIZACI\u00d3N&nbsp;DE LAS INFRAESTRUCTURAS<\/strong><\/h5>\n\n\n\n<ul class=\"wp-block-list is-style-primary\">\n<li>Renovaci\u00f3n del parque de m\u00e1quinas.&nbsp;Optimi-zaci\u00f3n de la estaci\u00f3n de decapado para disminuir el consumo de energ\u00eda<\/li>\n\n\n\n<li>Proyecto de recuperaci\u00f3n del calor de las m\u00e1quinas para su reutilizaci\u00f3n en los procesos<\/li>\n<\/ul>\n<\/div>\n<\/div>\n\n\n\n<h2 class=\"wp-block-heading has-text-align-center\" id=\"recursos\">OPTIMIZACI\u00d3N DE LOS RECURSOS<\/h2>\n\n\n\n<p class=\"has-text-align-center\">El aumento de las demandas de los consumidores, la volatilidad de la calidad de las materias primas y el aumento de los costes llevan a los fabricantes a producir mejor y de forma m\u00e1s sostenible.etter and more sustainably.&nbsp;<\/p>\n\n\n\n<div class=\"wp-block-media-text alignwide is-stacked-on-mobile is-style-dna\" style=\"grid-template-columns:41% auto\"><figure class=\"wp-block-media-text__media\"><img loading=\"lazy\" decoding=\"async\" width=\"508\" height=\"357\" src=\"https:\/\/www.definox.com\/app\/uploads\/sites\/10\/2022\/08\/Kit-de-pie\u0300ces-de\u0301tache\u0301es-actionneur-vanne-V-EOX-1.jpg\" alt=\"\" class=\"wp-image-2013 size-full\" srcset=\"https:\/\/www.definox.com\/app\/uploads\/sites\/10\/2022\/08\/Kit-de-pie\u0300ces-de\u0301tache\u0301es-actionneur-vanne-V-EOX-1.jpg 508w, https:\/\/www.definox.com\/app\/uploads\/sites\/10\/2022\/08\/Kit-de-pie\u0300ces-de\u0301tache\u0301es-actionneur-vanne-V-EOX-1-300x211.jpg 300w, https:\/\/www.definox.com\/app\/uploads\/sites\/10\/2022\/08\/Kit-de-pie\u0300ces-de\u0301tache\u0301es-actionneur-vanne-V-EOX-1-35x25.jpg 35w\" sizes=\"auto, (max-width: 508px) 100vw, 508px\" \/><\/figure><div class=\"wp-block-media-text__content\">\n<h4 class=\"wp-block-heading\"><strong><strong>FILOSOF\u00cdA DE UP-cycling<\/strong><\/strong><\/h4>\n\n\n\n<p>La preservaci\u00f3n de nuestros recursos tambi\u00e9n significa luchar contra la obsolescencia.&nbsp;Las v\u00e1lvulas m\u00e1s antiguas disponen de piezas de repuesto, mucho m\u00e1s all\u00e1 del periodo tradicional de 10 a\u00f1os, a la vez que permiten actualizar su flota con el<strong> coste medioambiental y econ\u00f3mico m\u00e1s justo.<\/strong><\/p>\n\n\n\n<ul class=\"wp-block-list is-style-primary\">\n<li>Nuestras v\u00e1lvulas son 100% reparables;<\/li>\n\n\n\n<li>Los actuadores neum\u00e1ticos son totalmente desmontables, por lo que solo hay que sustituir las piezas necesarias.<\/li>\n\n\n\n<li>Integramos la retrocompatibilidad en todos nuestros nuevos proyectos de desarrollo.<\/li>\n<\/ul>\n\n\n\n<p><\/p>\n<\/div><\/div>\n\n\n\n<div class=\"wp-block-media-text alignwide is-stacked-on-mobile\" style=\"grid-template-columns:39% auto\"><figure class=\"wp-block-media-text__media\"><img loading=\"lazy\" decoding=\"async\" width=\"400\" height=\"228\" src=\"https:\/\/www.definox.com\/app\/uploads\/sites\/10\/2022\/08\/Visualisation-de-la-vitesse-VEOX-DN-76.jpg\" alt=\"\" class=\"wp-image-2014 size-full\" srcset=\"https:\/\/www.definox.com\/app\/uploads\/sites\/10\/2022\/08\/Visualisation-de-la-vitesse-VEOX-DN-76.jpg 400w, https:\/\/www.definox.com\/app\/uploads\/sites\/10\/2022\/08\/Visualisation-de-la-vitesse-VEOX-DN-76-300x171.jpg 300w, https:\/\/www.definox.com\/app\/uploads\/sites\/10\/2022\/08\/Visualisation-de-la-vitesse-VEOX-DN-76-178x100.jpg 178w, https:\/\/www.definox.com\/app\/uploads\/sites\/10\/2022\/08\/Visualisation-de-la-vitesse-VEOX-DN-76-35x20.jpg 35w\" sizes=\"auto, (max-width: 400px) 100vw, 400px\" \/><\/figure><div class=\"wp-block-media-text__content\">\n<h4 class=\"wp-block-heading\"><strong><strong><strong>ReCICLABILIDAD<\/strong><\/strong><\/strong><\/h4>\n\n\n\n<p>Nuestra oficina de dise\u00f1o utiliza la simulaci\u00f3n digital para realizar los primeros prototipos. De este modo, se optimiza el uso de materias primas y recursos energ\u00e9ticos.&nbsp;Nuestro objetivo es un dise\u00f1o fiable y robusto que reduzca significativamente la frecuencia de reemplazo de las piezas.La geometr\u00eda y los materiales utilizados ofrecen <strong>durabilidad y reducci\u00f3n de residuos a lo largo de la vida \u00fatil del equipo.<\/strong><\/p>\n<\/div><\/div>\n\n\n\n<h4 class=\"wp-block-heading\"><strong>mejora continua<\/strong><\/h4>\n\n\n\n<p id=\"innovaciones\">Definox y su tecnolog\u00eda SORIO le ayudan a afrontar el reto de la sostenibilidad y el rendimiento. Le apoyamos en la optimizaci\u00f3n de sus recursos impulsando la mejora continua.<\/p>\n\n\n\n<div class=\"wp-block-buttons is-layout-flex wp-block-buttons-is-layout-flex\">\n<div class=\"wp-block-button is-style-primary--small\"><a class=\"wp-block-button__link wp-element-button\">Cabezal de control Sorio\u00ae<\/a><\/div>\n<\/div>\n\n\n\n<figure class=\"wp-block-embed is-type-video is-provider-youtube wp-block-embed-youtube wp-embed-aspect-16-9 wp-has-aspect-ratio\"><div class=\"wp-block-embed__wrapper\">\n<iframe loading=\"lazy\" title=\"21- Valve cycle counter through Definox SORIO control top\" width=\"865\" height=\"487\" src=\"https:\/\/www.youtube.com\/embed\/oMUqMEybnZ8?feature=oembed\" frameborder=\"0\" allow=\"accelerometer; autoplay; clipboard-write; encrypted-media; gyroscope; picture-in-picture; web-share\" referrerpolicy=\"strict-origin-when-cross-origin\" allowfullscreen><\/iframe>\n<\/div><\/figure>\n\n\n\n<div class=\"wp-block-definox-quotes-list quotes alignfull  is-style-dna\" id=\"quotes-section\"><div class=\"container\"><div class=\"quotes__items\">\n<div class=\"wp-block-definox-quotes-item quotes__item-container\"><div class=\"quotes__item \"><svg class=\"quotes__svg\" xmlns=\"http:\/\/www.w3.org\/2000\/svg\" viewBox=\"0 0 152 151\"><path fill=\"none\" stroke-miterlimit=\"20\" stroke-width=\"2\" d=\"M151.141 149.984c-82.844 0-150-67.155-150-150\"><\/path><path fill=\"none\" stroke-linecap=\"round\" stroke-linejoin=\"round\" stroke-miterlimit=\"20\" stroke-width=\"2\" d=\"M66.102 76.961v0s8.878-11.168 8.362-11.233c-5.998-.758-10.634-5.784-10.634-11.87 0-6.612 5.466-11.97 12.21-11.97 6.742 0 12.208 5.358 12.208 11.97 0 3.184-1.138 5.186-3.407 8.072-.934 1.188-11.926 15.031-11.926 15.031v0M94.513 76.961v0s8.878-11.168 8.362-11.233c-5.998-.758-10.634-5.784-10.634-11.87 0-6.612 5.466-11.97 12.208-11.97 6.744 0 12.21 5.358 12.21 11.97 0 3.184-1.138 5.186-3.407 8.072-.934 1.188-11.926 15.031-11.926 15.031v0\"><\/path><\/svg>\n<p class=\"quotes__description\"><strong>Todas nuestras v\u00e1lvulas son reparables. No estamos en la obsolescencia programada. Seg\u00fan la l\u00f3gica de Definox, no hay que tirar nada y hay que conservarlo todo.<\/strong><\/p>\n\n\n\n<p class=\"quotes__author larger\"><strong>MAGALIE CHOUIN-TH\u00c9RIOT<\/strong><br><\/p>\n\n\n\n<p class=\"quotes__author__description\"><strong><strong>Directora General de Definox<\/strong><\/strong><\/p>\n<\/div><\/div>\n<\/div><div class=\"quotes__controls\"><div class=\"quotes__dots\"><\/div><div class=\"quotes__buttons\"><button type=\"button\" class=\"slider-button slider-button--prev quotes__button quotes__button--prev\"><\/button><button type=\"button\" class=\"slider-button slider-button--next quotes__button quotes__button--next\"><\/button><\/div><\/div><\/div><\/div>\n\n\n\n<div id=\"Commitments\" class=\"wp-block-group is-style-dna-pattern\"><div class=\"wp-block-group__inner-container is-layout-flow wp-block-group-is-layout-flow\">\n<h2 class=\"wp-block-heading has-text-align-center\">COMPROMISOS M\u00c1S ALL\u00c1 DEL PRODUCTO<\/h2>\n\n\n\n<div class=\"wp-block-definox-card-grid card-grid alignfull\"><div class=\"container\"><div class=\"card-grid__items\">\n<div class=\"wp-block-definox-dna-card dna-card\" style=\"--card-text-color:rgb(0, 72, 113);--card-bg-color:white;--card-secondary-color:#9eeb3d\"><div class=\"dna-card__content\">\n\n\n<h3 class=\"wp-block-heading dna-card__title\">OBJECTIVOS PARA 2025<\/h3>\n\n\n\n<ul class=\"wp-block-list\">\n<li>Reducir nuestro consumo energ\u00e9tico<\/li>\n\n\n\n<li>Compensar nuestras emisiones de carbono<\/li>\n\n\n\n<li>Incorporar cada vez m\u00e1s criterios medioambientales en el dise\u00f1o del producto<\/li>\n\n\n\n<li>Fomentar la producci\u00f3n local\u00a0<\/li>\n<\/ul>\n<\/div><\/div>\n\n\n\n<div class=\"wp-block-definox-dna-card dna-card\" style=\"--card-text-color:#ffffff;--card-bg-color:#004871;--card-secondary-color:#9eeb3d\"><div class=\"dna-card__content\">\n<figure class=\"wp-block-image size-large is-resized dna-card__image\"><img decoding=\"async\" src=\"https:\/\/www.definox.com\/app\/uploads\/2022\/04\/icon-adn-energie-renouvellable.svg\" alt=\"\" class=\"wp-image-4205\" style=\"width:512px;height:512px\"\/><\/figure>\n\n\n\n<h3 class=\"wp-block-heading dna-card__title\">HACIA UN 100 % DE ENERG\u00cdAS RENOVABLES<\/h3>\n\n\n\n<p>Nuestro proveedor de energ\u00eda compra electricidad procedente de fuentes renovables e\u00f3licas, paneles fotovoltaicos y presas hidroel\u00e9ctricas.<\/p>\n<\/div><\/div>\n\n\n\n<div class=\"wp-block-definox-dna-card dna-card\" style=\"--card-text-color:rgb(0, 72, 113);--card-bg-color:white;--card-secondary-color:#9eeb3d\"><div class=\"dna-card__content\">\n\n\n<h3 class=\"wp-block-heading dna-card__title\">RESIDUOS Y ENVASES<\/h3>\n\n\n<div class=\"dna-number\">\n\n    <div class=\"dna-number__number\">\n        91%    <\/div>\n\n    \n        <div class=\"dna-number__text\">\n            de nuestros residuos son reciclados o revalorizados        <\/div>\n        \n    \n<\/div>\n\n<div class=\"dna-number\">\n\n    <div class=\"dna-number__number\">\n        +72%    <\/div>\n\n    \n        <div class=\"dna-number__text\">\n            de nuestros residuos no peligrosos son reciclados        <\/div>\n        \n    \n<\/div>\n\n\n<ul class=\"wp-block-list\">\n<li>Los productos que no pueden reciclarse son procesados de nuevo.<\/li>\n\n\n\n<li>Los productos peligrosos se almacenan para su reprocesamiento fuera de las instalaciones.<\/li>\n\n\n\n<li>Papeles de embalaje reciclables y reciclados.<\/li>\n\n\n\n<li>Cart\u00f3n, papel, madera, pl\u00e1stico, todos nuestros materiales son reciclados.<\/li>\n<\/ul>\n<\/div><\/div>\n\n\n\n<div class=\"wp-block-definox-dna-card dna-card\" style=\"--card-text-color:rgb(0, 72, 113);--card-bg-color:#ffffff;--card-secondary-color:#9eeb3d\"><div class=\"dna-card__content\">\n<figure class=\"wp-block-image size-large is-resized dna-card__image\"><img decoding=\"async\" src=\"https:\/\/www.definox.com\/app\/uploads\/2022\/04\/icon-adn-consommation-eau.svg\" alt=\"\" class=\"wp-image-4204\" style=\"width:239px;height:361px\"\/><\/figure>\n\n\n\n<h3 class=\"wp-block-heading dna-card__title has-pattens-blue-background-color has-background\">CONSUMO DE AGUA DURANTE 3 A\u00d1OS<\/h3>\n\n\n<div class=\"dna-number\">\n\n    <div class=\"dna-number__number\">\n        -50%    <\/div>\n\n    \n        <div class=\"dna-number__text\">\n                    <\/div>\n        \n    \n<\/div><\/div><\/div>\n\n\n\n<div class=\"wp-block-definox-dna-card dna-card\" style=\"--card-text-color:rgb(0, 72, 113);--card-bg-color:white;--card-secondary-color:#9eeb3d\"><div class=\"dna-card__content\">\n\n\n<h3 class=\"wp-block-heading dna-card__title\">COMPROMISOS COLECTIVOS<\/h3>\n\n\n\n<ul class=\"wp-block-list\">\n<li>Multiplicaci\u00f3n de las iniciativas locales y solidarias (el fresco clim\u00e1tico).<\/li>\n\n\n\n<li>Fomento de la movilidad suave (asignaci\u00f3n de kilometraje).<\/li>\n\n\n\n<li>Contribuci\u00f3n individual en beneficio de la colectividad.<\/li>\n<\/ul>\n<\/div><\/div>\n<\/div><\/div><\/div>\n<\/div><\/div>\n\n\n\n<div class=\"wp-block-group\"><div class=\"wp-block-group__inner-container is-layout-flow wp-block-group-is-layout-flow\">\n<h2 class=\"wp-block-heading has-text-align-center\">Medio ambiante : novedades<\/h2>\n\n\n<ul class=\"wp-block-latest-posts__list is-grid columns-3 wp-block-latest-posts\"><li><div class=\"wp-block-latest-posts__featured-image\"><img loading=\"lazy\" decoding=\"async\" width=\"585\" height=\"330\" src=\"https:\/\/www.definox.com\/app\/uploads\/sites\/10\/2022\/11\/Header-DNA.jpg\" class=\"attachment-large size-large wp-post-image\" alt=\"Header DNA\" style=\"\" srcset=\"https:\/\/www.definox.com\/app\/uploads\/sites\/10\/2022\/11\/Header-DNA.jpg 585w, https:\/\/www.definox.com\/app\/uploads\/sites\/10\/2022\/11\/Header-DNA-300x169.jpg 300w, https:\/\/www.definox.com\/app\/uploads\/sites\/10\/2022\/11\/Header-DNA-178x100.jpg 178w, https:\/\/www.definox.com\/app\/uploads\/sites\/10\/2022\/11\/Header-DNA-35x20.jpg 35w\" sizes=\"auto, (max-width: 585px) 100vw, 585px\" \/><\/div><a class=\"wp-block-latest-posts__post-title\" href=\"https:\/\/www.definox.com\/es\/enfoque-adn\/\">El enfoque adn : Una manera de apoyar Concretamente a los clientes<\/a><div class=\"wp-block-latest-posts__post-excerpt\">Hace unos meses, Definox decidi\u00f3 pronunciarse sobre los temas clave que preocupan a sus clientes. Hoy d\u00eda, esta declaraci\u00f3n toma la forma de una nueva secci\u00f3n en el sitio web con nuevos contenidos y noticias&#8230;.<\/div><\/li>\n<\/ul><\/div><\/div>\n","protected":false},"excerpt":{"rendered":"<p>La observaci\u00f3n es simple y compartida: no tenemos un planeta B. El medio ambiente es una parte integral de los problemas de los industriales. Ya no es factible producir, dise\u00f1ar y vender productos sin pensar en el impacto medioambiental que puedan tener. Definox se implica t\u00e9cnicamente en favor de un dise\u00f1o de producto m\u00e1s sostenible y una reducci\u00f3n global de sus consumos. La exigencia de sus conocimientos t\u00e9cnicos est\u00e1 ayudando a que sus pr\u00e1cticas industriales evolucionen en direcci\u00f3n hacia una toma de conciencia colectiva.<\/p>\n","protected":false},"author":7,"featured_media":1899,"parent":1808,"menu_order":0,"comment_status":"closed","ping_status":"closed","template":"","meta":{"_acf_changed":false,"content-type":"","footnotes":""},"class_list":["entry","entry--2001","entry--type-page","entry--status-publish","entry--author-","has-post-thumbnail","has-excerpt"],"acf":[],"yoast_head":"<!-- This site is optimized with the Yoast SEO plugin v24.2 - https:\/\/yoast.com\/wordpress\/plugins\/seo\/ -->\n<title>Medio ambiente - Definox ES<\/title>\n<meta name=\"description\" content=\"Definox se implica t\u00e9cnicamente en favor de un dise\u00f1o de producto m\u00e1s sostenible y una reducci\u00f3n global de sus consumos. Asi, los productos Definox son totalmente mantenibles.\" \/>\n<meta name=\"robots\" content=\"index, follow, max-snippet:-1, max-image-preview:large, max-video-preview:-1\" \/>\n<link rel=\"canonical\" href=\"https:\/\/www.definox.com\/es\/adn\/medio-ambiente\/\" \/>\n<meta property=\"og:locale\" content=\"es_ES\" \/>\n<meta property=\"og:type\" content=\"article\" \/>\n<meta property=\"og:title\" content=\"Medio ambiente - Definox ES\" \/>\n<meta property=\"og:description\" content=\"Definox se implica t\u00e9cnicamente en favor de un dise\u00f1o de producto m\u00e1s sostenible y una reducci\u00f3n global de sus consumos. Asi, los productos Definox son totalmente mantenibles.\" \/>\n<meta property=\"og:url\" content=\"https:\/\/www.definox.com\/es\/adn\/medio-ambiente\/\" \/>\n<meta property=\"og:site_name\" content=\"Definox ES\" \/>\n<meta property=\"article:modified_time\" content=\"2025-01-03T16:06:56+00:00\" \/>\n<meta property=\"og:image\" content=\"https:\/\/www.definox.com\/app\/uploads\/sites\/10\/2022\/08\/ENVIRONNEMENT-scaled.jpg\" \/>\n\t<meta property=\"og:image:width\" content=\"2628\" \/>\n\t<meta property=\"og:image:height\" content=\"1752\" \/>\n\t<meta property=\"og:image:type\" content=\"image\/jpeg\" \/>\n<meta name=\"twitter:card\" content=\"summary_large_image\" \/>\n<meta name=\"twitter:label1\" content=\"Tiempo de lectura\" \/>\n\t<meta name=\"twitter:data1\" content=\"5 minutos\" \/>\n<script type=\"application\/ld+json\" class=\"yoast-schema-graph\">{\"@context\":\"https:\/\/schema.org\",\"@graph\":[{\"@type\":\"WebPage\",\"@id\":\"https:\/\/www.definox.com\/es\/adn\/medio-ambiente\/\",\"url\":\"https:\/\/www.definox.com\/es\/adn\/medio-ambiente\/\",\"name\":\"Medio ambiente - Definox ES\",\"isPartOf\":{\"@id\":\"https:\/\/www.definox.com\/es\/#website\"},\"primaryImageOfPage\":{\"@id\":\"https:\/\/www.definox.com\/es\/adn\/medio-ambiente\/#primaryimage\"},\"image\":{\"@id\":\"https:\/\/www.definox.com\/es\/adn\/medio-ambiente\/#primaryimage\"},\"thumbnailUrl\":\"https:\/\/www.definox.com\/app\/uploads\/sites\/10\/2022\/08\/ENVIRONNEMENT-scaled.jpg\",\"datePublished\":\"2022-08-29T15:02:22+00:00\",\"dateModified\":\"2025-01-03T16:06:56+00:00\",\"description\":\"Definox se implica t\u00e9cnicamente en favor de un dise\u00f1o de producto m\u00e1s sostenible y una reducci\u00f3n global de sus consumos. Asi, los productos Definox son totalmente mantenibles.\",\"breadcrumb\":{\"@id\":\"https:\/\/www.definox.com\/es\/adn\/medio-ambiente\/#breadcrumb\"},\"inLanguage\":\"es\",\"potentialAction\":[{\"@type\":\"ReadAction\",\"target\":[\"https:\/\/www.definox.com\/es\/adn\/medio-ambiente\/\"]}]},{\"@type\":\"ImageObject\",\"inLanguage\":\"es\",\"@id\":\"https:\/\/www.definox.com\/es\/adn\/medio-ambiente\/#primaryimage\",\"url\":\"https:\/\/www.definox.com\/app\/uploads\/sites\/10\/2022\/08\/ENVIRONNEMENT-scaled.jpg\",\"contentUrl\":\"https:\/\/www.definox.com\/app\/uploads\/sites\/10\/2022\/08\/ENVIRONNEMENT-scaled.jpg\",\"width\":2628,\"height\":1752},{\"@type\":\"BreadcrumbList\",\"@id\":\"https:\/\/www.definox.com\/es\/adn\/medio-ambiente\/#breadcrumb\",\"itemListElement\":[{\"@type\":\"ListItem\",\"position\":1,\"name\":\"ADN\",\"item\":\"https:\/\/www.definox.com\/es\/adn\/\"},{\"@type\":\"ListItem\",\"position\":2,\"name\":\"Medio ambiente\"}]},{\"@type\":\"WebSite\",\"@id\":\"https:\/\/www.definox.com\/es\/#website\",\"url\":\"https:\/\/www.definox.com\/es\/\",\"name\":\"Definox ES\",\"description\":\"especialista en v\u00e1lvulas industriales y procesos sanitrios\",\"potentialAction\":[{\"@type\":\"SearchAction\",\"target\":{\"@type\":\"EntryPoint\",\"urlTemplate\":\"https:\/\/www.definox.com\/es\/?s={search_term_string}\"},\"query-input\":{\"@type\":\"PropertyValueSpecification\",\"valueRequired\":true,\"valueName\":\"search_term_string\"}}],\"inLanguage\":\"es\"}]}<\/script>\n<!-- \/ Yoast SEO plugin. -->","yoast_head_json":{"title":"Medio ambiente - Definox ES","description":"Definox se implica t\u00e9cnicamente en favor de un dise\u00f1o de producto m\u00e1s sostenible y una reducci\u00f3n global de sus consumos. Asi, los productos Definox son totalmente mantenibles.","robots":{"index":"index","follow":"follow","max-snippet":"max-snippet:-1","max-image-preview":"max-image-preview:large","max-video-preview":"max-video-preview:-1"},"canonical":"https:\/\/www.definox.com\/es\/adn\/medio-ambiente\/","og_locale":"es_ES","og_type":"article","og_title":"Medio ambiente - Definox ES","og_description":"Definox se implica t\u00e9cnicamente en favor de un dise\u00f1o de producto m\u00e1s sostenible y una reducci\u00f3n global de sus consumos. Asi, los productos Definox son totalmente mantenibles.","og_url":"https:\/\/www.definox.com\/es\/adn\/medio-ambiente\/","og_site_name":"Definox ES","article_modified_time":"2025-01-03T16:06:56+00:00","og_image":[{"width":2628,"height":1752,"url":"https:\/\/www.definox.com\/app\/uploads\/sites\/10\/2022\/08\/ENVIRONNEMENT-scaled.jpg","type":"image\/jpeg"}],"twitter_card":"summary_large_image","twitter_misc":{"Tiempo de lectura":"5 minutos"},"schema":{"@context":"https:\/\/schema.org","@graph":[{"@type":"WebPage","@id":"https:\/\/www.definox.com\/es\/adn\/medio-ambiente\/","url":"https:\/\/www.definox.com\/es\/adn\/medio-ambiente\/","name":"Medio ambiente - Definox ES","isPartOf":{"@id":"https:\/\/www.definox.com\/es\/#website"},"primaryImageOfPage":{"@id":"https:\/\/www.definox.com\/es\/adn\/medio-ambiente\/#primaryimage"},"image":{"@id":"https:\/\/www.definox.com\/es\/adn\/medio-ambiente\/#primaryimage"},"thumbnailUrl":"https:\/\/www.definox.com\/app\/uploads\/sites\/10\/2022\/08\/ENVIRONNEMENT-scaled.jpg","datePublished":"2022-08-29T15:02:22+00:00","dateModified":"2025-01-03T16:06:56+00:00","description":"Definox se implica t\u00e9cnicamente en favor de un dise\u00f1o de producto m\u00e1s sostenible y una reducci\u00f3n global de sus consumos. Asi, los productos Definox son totalmente mantenibles.","breadcrumb":{"@id":"https:\/\/www.definox.com\/es\/adn\/medio-ambiente\/#breadcrumb"},"inLanguage":"es","potentialAction":[{"@type":"ReadAction","target":["https:\/\/www.definox.com\/es\/adn\/medio-ambiente\/"]}]},{"@type":"ImageObject","inLanguage":"es","@id":"https:\/\/www.definox.com\/es\/adn\/medio-ambiente\/#primaryimage","url":"https:\/\/www.definox.com\/app\/uploads\/sites\/10\/2022\/08\/ENVIRONNEMENT-scaled.jpg","contentUrl":"https:\/\/www.definox.com\/app\/uploads\/sites\/10\/2022\/08\/ENVIRONNEMENT-scaled.jpg","width":2628,"height":1752},{"@type":"BreadcrumbList","@id":"https:\/\/www.definox.com\/es\/adn\/medio-ambiente\/#breadcrumb","itemListElement":[{"@type":"ListItem","position":1,"name":"ADN","item":"https:\/\/www.definox.com\/es\/adn\/"},{"@type":"ListItem","position":2,"name":"Medio ambiente"}]},{"@type":"WebSite","@id":"https:\/\/www.definox.com\/es\/#website","url":"https:\/\/www.definox.com\/es\/","name":"Definox ES","description":"especialista en v\u00e1lvulas industriales y procesos sanitrios","potentialAction":[{"@type":"SearchAction","target":{"@type":"EntryPoint","urlTemplate":"https:\/\/www.definox.com\/es\/?s={search_term_string}"},"query-input":{"@type":"PropertyValueSpecification","valueRequired":true,"valueName":"search_term_string"}}],"inLanguage":"es"}]}},"_links":{"self":[{"href":"https:\/\/www.definox.com\/es\/wp-json\/wp\/v2\/pages\/2001","targetHints":{"allow":["GET"]}}],"collection":[{"href":"https:\/\/www.definox.com\/es\/wp-json\/wp\/v2\/pages"}],"about":[{"href":"https:\/\/www.definox.com\/es\/wp-json\/wp\/v2\/types\/page"}],"author":[{"embeddable":true,"href":"https:\/\/www.definox.com\/es\/wp-json\/wp\/v2\/users\/7"}],"replies":[{"embeddable":true,"href":"https:\/\/www.definox.com\/es\/wp-json\/wp\/v2\/comments?post=2001"}],"version-history":[{"count":40,"href":"https:\/\/www.definox.com\/es\/wp-json\/wp\/v2\/pages\/2001\/revisions"}],"predecessor-version":[{"id":2809,"href":"https:\/\/www.definox.com\/es\/wp-json\/wp\/v2\/pages\/2001\/revisions\/2809"}],"up":[{"embeddable":true,"href":"https:\/\/www.definox.com\/es\/wp-json\/wp\/v2\/pages\/1808"}],"wp:featuredmedia":[{"embeddable":true,"href":"https:\/\/www.definox.com\/es\/wp-json\/wp\/v2\/media\/1899"}],"wp:attachment":[{"href":"https:\/\/www.definox.com\/es\/wp-json\/wp\/v2\/media?parent=2001"}],"curies":[{"name":"wp","href":"https:\/\/api.w.org\/{rel}","templated":true}]}}