{"id":292,"date":"2020-07-02T09:29:54","date_gmt":"2020-07-02T09:29:54","guid":{"rendered":"https:\/\/www.definox.com\/en\/?page_id=292"},"modified":"2024-09-27T14:23:33","modified_gmt":"2024-09-27T14:23:33","slug":"nuestras-empresas","status":"publish","type":"page","link":"https:\/\/www.definox.com\/es\/grupo\/nuestras-empresas\/","title":{"rendered":"Nuestras empresas"},"content":{"rendered":"\n<div class=\"wp-block-definox-quick-navigation  quick-navigation alignfull\"><div class=\"quick-navigation__content\"><div class=\"quick-navigation__wrapper\"><div class=\"quick-navigation__sticky-hook\"><\/div><div class=\"quick-navigation__items\">\n<div class=\"wp-block-definox-quick-navigation-item quick-navigation__item\"><a class=\"quick-navigation__link\" href=\"#definoxincorporated\">DEFINOX Incorporated<\/a><\/div>\n\n\n\n<div class=\"wp-block-definox-quick-navigation-item quick-navigation__item\"><a class=\"quick-navigation__link\" href=\"#definoxbeijing\">DEFINOX Beijing<\/a><\/div>\n\n\n\n<div class=\"wp-block-definox-quick-navigation-item quick-navigation__item\"><a class=\"quick-navigation__link\" href=\"#implantaciones\">Implantaciones<\/a><\/div>\n<\/div><div class=\"quick-navigation__controls\"><button class=\"quick-navigation__button quick-navigation__button--prev\"><\/button><button class=\"quick-navigation__button quick-navigation__button--next\"><\/button><\/div><\/div><\/div><\/div>\n\n\n\n<div style=\"height:100px\" aria-hidden=\"true\" class=\"wp-block-spacer\"><\/div>\n\n\n\n<div style=\"height:100px\" aria-hidden=\"true\" class=\"wp-block-spacer\"><\/div>\n\n\n\n<h2 class=\"wp-block-heading\" id=\"definoxincorporated\">DEFINOX Inc.<\/h2>\n\n\n\n<h3 class=\"wp-block-heading\"><strong>Desarrollando nuestra presencia en Norteam\u00e9rica<\/strong><\/h3>\n\n\n\n<p>Definox Inc. es una empresa hermana de Definox SAS y es 100% estadounidense. Fundada en 1996, cubre todo el continente norteamericano (EE.UU. y Canad\u00e1). Junto con su oficina de ventas, cuenta tambi\u00e9n con una estructura dedicada al inventario para abastecer el mercado norteamericano. Desde su creaci\u00f3n, esta entidad ha contribuido en gran medida al desarrollo comercial del otro lado del Atl\u00e1ntico.<\/p>\n\n\n\n<div style=\"height:100px\" aria-hidden=\"true\" class=\"wp-block-spacer\"><\/div>\n\n\n\n<h3 class=\"wp-block-heading\"><strong>Trabajando juntos eficazmente.<\/strong><\/h3>\n\n\n\n<p>La estrecha colaboraci\u00f3n entre Definox Inc en Norteam\u00e9rica y el departamento franc\u00e9s de I+D permite responder a los requisitos t\u00e9cnicos espec\u00edficos del mercado norteamericano y las normativas 3A de PMO. De hecho, para cubrir este territorio, el equipo estadounidense se apoya en distribuidores locales en los 50 estados.<\/p>\n\n\n\n<div style=\"height:100px\" aria-hidden=\"true\" class=\"wp-block-spacer\"><\/div>\n\n\n\n<figure class=\"wp-block-image size-large\"><img loading=\"lazy\" decoding=\"async\" width=\"1024\" height=\"533\" src=\"https:\/\/www.definox.com\/app\/uploads\/sites\/10\/2020\/07\/DEFINOX-group-our-subsidiairies-definox-incorporated-1024x533.jpg\" alt=\"DEFINOX-group-our-subsidiairies-definox-incorporated-retailers\" class=\"wp-image-1379\" srcset=\"https:\/\/www.definox.com\/app\/uploads\/sites\/10\/2020\/07\/DEFINOX-group-our-subsidiairies-definox-incorporated-1024x533.jpg 1024w, https:\/\/www.definox.com\/app\/uploads\/sites\/10\/2020\/07\/DEFINOX-group-our-subsidiairies-definox-incorporated-300x156.jpg 300w, https:\/\/www.definox.com\/app\/uploads\/sites\/10\/2020\/07\/DEFINOX-group-our-subsidiairies-definox-incorporated-768x400.jpg 768w, https:\/\/www.definox.com\/app\/uploads\/sites\/10\/2020\/07\/DEFINOX-group-our-subsidiairies-definox-incorporated-1536x799.jpg 1536w, https:\/\/www.definox.com\/app\/uploads\/sites\/10\/2020\/07\/DEFINOX-group-our-subsidiairies-definox-incorporated-35x18.jpg 35w, https:\/\/www.definox.com\/app\/uploads\/sites\/10\/2020\/07\/DEFINOX-group-our-subsidiairies-definox-incorporated.jpg 1730w\" sizes=\"auto, (max-width: 1024px) 100vw, 1024px\" \/><\/figure>\n\n\n\n<div style=\"height:100px\" aria-hidden=\"true\" class=\"wp-block-spacer\"><\/div>\n\n\n\n<div style=\"height:100px\" aria-hidden=\"true\" class=\"wp-block-spacer\"><\/div>\n\n\n\n<div class=\"wp-block-group alignfull is-style-padding-bottom has-light-grey-background-color has-background\"><div class=\"wp-block-group__inner-container is-layout-flow wp-block-group-is-layout-flow\">\n<div style=\"height:100px\" aria-hidden=\"true\" class=\"wp-block-spacer\"><\/div>\n\n\n\n<h2 class=\"wp-block-heading\" id=\"definoxbeijing\">DEFINOX Beijing<\/h2>\n\n\n\n<h3 class=\"wp-block-heading\"><strong>Participando en un crecimiento sostenido<\/strong><\/h3>\n\n\n\n<p>Llevamos siguiendo el crecimiento de China desde finales de los a\u00f1os 80. En aquella \u00e9poca, iniciamos nuestras primeras relaciones comerciales con Asia. Desde entonces, han ido creciendo cada a\u00f1o y expandi\u00e9ndose con nuevos mercados, en especial el mercado de alimentos para mascotas.<\/p>\n\n\n\n<div style=\"height:100px\" aria-hidden=\"true\" class=\"wp-block-spacer\"><\/div>\n\n\n\n<h3 class=\"wp-block-heading\"><strong>Combinando rendimientos<\/strong><\/h3>\n\n\n\n<p>En 2003 se cre\u00f3 Definox Beijing Stainless Steel Equipment Ltd. Cuenta con una oficina de ventas e instalaciones de montaje y almacenamiento. En la actualidad, Definox BEIJING emplea a m\u00e1s de 15 personas. La inversi\u00f3n del equipo chino, vinculada y apoyada por los equipos franceses, ha generado excelentes referencias en China y Asia. Esta sinergia ha dado a Definox una excelente reputaci\u00f3n internacional y ha consolidado nuestra presencia en la zona APAC.<\/p>\n\n\n\n<p>Para facilitar nuestras intervenciones y asegurar un seguimiento \u00f3ptimo, nuestros equipos comerciales y t\u00e9cnicos se comunican en varios idiomas en todos los niveles de la empresa.<\/p>\n\n\n\n<div style=\"height:100px\" aria-hidden=\"true\" class=\"wp-block-spacer\"><\/div>\n\n\n\n<figure class=\"wp-block-image size-large\"><img loading=\"lazy\" decoding=\"async\" width=\"1024\" height=\"533\" src=\"https:\/\/www.definox.com\/app\/uploads\/sites\/10\/2020\/07\/DEFINOX-group-our-subsidiairies-definox-beijing-1024x533.jpg\" alt=\"DEFINOX-group-our-subsidiairies-definox-beijing-retailers\" class=\"wp-image-1378\" srcset=\"https:\/\/www.definox.com\/app\/uploads\/sites\/10\/2020\/07\/DEFINOX-group-our-subsidiairies-definox-beijing-1024x533.jpg 1024w, https:\/\/www.definox.com\/app\/uploads\/sites\/10\/2020\/07\/DEFINOX-group-our-subsidiairies-definox-beijing-300x156.jpg 300w, https:\/\/www.definox.com\/app\/uploads\/sites\/10\/2020\/07\/DEFINOX-group-our-subsidiairies-definox-beijing-768x400.jpg 768w, https:\/\/www.definox.com\/app\/uploads\/sites\/10\/2020\/07\/DEFINOX-group-our-subsidiairies-definox-beijing-1536x799.jpg 1536w, https:\/\/www.definox.com\/app\/uploads\/sites\/10\/2020\/07\/DEFINOX-group-our-subsidiairies-definox-beijing-35x18.jpg 35w, https:\/\/www.definox.com\/app\/uploads\/sites\/10\/2020\/07\/DEFINOX-group-our-subsidiairies-definox-beijing.jpg 1730w\" sizes=\"auto, (max-width: 1024px) 100vw, 1024px\" \/><\/figure>\n\n\n\n<div style=\"height:100px\" aria-hidden=\"true\" class=\"wp-block-spacer\"><\/div>\n\n\n\n<div style=\"height:100px\" aria-hidden=\"true\" class=\"wp-block-spacer\"><\/div>\n<\/div><\/div>\n\n\n\n<p id=\"implantaciones\"><\/p>\n\n\n<div class=\"implantations\">\n\n  <div class=\"implantations-map implantations-map--admin\" id=\"implantations\" data-target=\"https:\/\/www.definox.com\/es\/pongase-en-contacto-con-definox\/\">\n\n    <div class=\"implantations-map__info\">\n\n      <h3>\u00bfUna pregunta, una solicitud de informaci\u00f3n? Nuestro equipo comercial y nuestros revendedores est\u00e1n a su lado en todo el mundo.<\/h3>\n\n      <div class=\"autocomplete\" id=\"country-autocomplete\" data-taxonomy=\"country\" >\n\n  <label>Seleccione su pa\u00eds<\/label>\n\n  <input class=\"autocomplete__input\" type=\"search\" placeholder=\"Su pa\u00eds\">\n\n  <input class=\"autocomplete__hidden-input\" type=\"hidden\">\n\n  <div class=\"autocomplete__results\"><\/div>\n\n  <div class=\"autocomplete__close\"><\/div>\n\n<\/div>\n\n    <\/div>\n\n    <div class=\"implantations-map__map\">\n\n      <div id=\"map\"><\/div>\n\n    <\/div>\n\n  <\/div>\n\n  <div class=\"implantations-archive alignfull\">\n\n    <div class=\"container\">\n\n      <h2 class=\"implantations-archive__title has-text-align-center\">Implantaciones<\/h2>\n\n      <div class=\"implantations-archive__items\">\n\n        \n          <div class=\"implantations-archive__item\">\n\n            \n<article class=\"implantation-entry\">\n\n  <div class=\"implantation-entry__image-container\">\n\n    <img decoding=\"async\" width=\"418\" height=\"250\" src=\"https:\/\/www.definox.com\/app\/uploads\/2020\/05\/DEFINOX_France@2x-418x250.png\" class=\"implantation-entry__image\" alt=\"\" loading=\"lazy\" srcset=\"https:\/\/www.definox.com\/app\/uploads\/2020\/05\/DEFINOX_France@2x-418x250.png 418w, https:\/\/www.definox.com\/app\/uploads\/2020\/05\/DEFINOX_France@2x-300x179.png 300w, https:\/\/www.definox.com\/app\/uploads\/2020\/05\/DEFINOX_France@2x-768x459.png 768w, https:\/\/www.definox.com\/app\/uploads\/2020\/05\/DEFINOX_France@2x-35x21.png 35w, https:\/\/www.definox.com\/app\/uploads\/2020\/05\/DEFINOX_France@2x.png 836w\" sizes=\"auto, (max-width: 418px) 100vw, 418px\" \/>\n  <\/div>\n\n  <div class=\"implantation-entry__content\">\n\n    <h3 class=\"implantation-entry__title\">Definox SAS<\/h3>\n\n    <div class=\"implantation-entry__address\">\n\n      ZAC de Tabari Sud 2, 3 Rue des Papetiers <br>\n\n      44190 Clisson Francia\n    <\/div>\n\n    <div class=\"implantation-entry__button button is-style-tertiary--small\">\n      <a class=\"button__link\" href=\"https:\/\/www.definox.com\/es\/pongase-en-contacto-con-definox\/francia\">\n        Contacto Definox SAS      <\/a>\n    <\/div>\n\n  <\/div>\n\n\n<\/article>\n\n\n          <\/div>\n\n        \n          <div class=\"implantations-archive__item\">\n\n            \n<article class=\"implantation-entry\">\n\n  <div class=\"implantation-entry__image-container\">\n\n    <img decoding=\"async\" width=\"418\" height=\"250\" src=\"https:\/\/www.definox.com\/app\/uploads\/2020\/05\/DEFINOX_Inc-418x250.jpg\" class=\"implantation-entry__image\" alt=\"DEFINOX_Inc\" loading=\"lazy\" srcset=\"https:\/\/www.definox.com\/app\/uploads\/2020\/05\/DEFINOX_Inc-418x250.jpg 418w, https:\/\/www.definox.com\/app\/uploads\/2020\/05\/DEFINOX_Inc-300x179.jpg 300w, https:\/\/www.definox.com\/app\/uploads\/2020\/05\/DEFINOX_Inc-768x459.jpg 768w, https:\/\/www.definox.com\/app\/uploads\/2020\/05\/DEFINOX_Inc-35x21.jpg 35w, https:\/\/www.definox.com\/app\/uploads\/2020\/05\/DEFINOX_Inc.jpg 836w\" sizes=\"auto, (max-width: 418px) 100vw, 418px\" \/>\n  <\/div>\n\n  <div class=\"implantation-entry__content\">\n\n    <h3 class=\"implantation-entry__title\">Definox INC<\/h3>\n\n    <div class=\"implantation-entry__address\">\n\n      16720 W Victor Rd, New Berlin<br>\n\n      53151 Wisconsin Estados Unidos\n    <\/div>\n\n    <div class=\"implantation-entry__button button is-style-tertiary--small\">\n      <a class=\"button__link\" href=\"https:\/\/www.definox.com\/es\/pongase-en-contacto-con-definox\/estados-unidos\">\n        Contacto Definox INC      <\/a>\n    <\/div>\n\n  <\/div>\n\n\n<\/article>\n\n\n          <\/div>\n\n        \n          <div class=\"implantations-archive__item\">\n\n            \n<article class=\"implantation-entry\">\n\n  <div class=\"implantation-entry__image-container\">\n\n    <img decoding=\"async\" width=\"325\" height=\"250\" src=\"https:\/\/www.definox.com\/app\/uploads\/2020\/07\/DEFINOX-contact-Implantation-Beijing-1-325x250.jpg\" class=\"implantation-entry__image\" alt=\"\" loading=\"lazy\" srcset=\"https:\/\/www.definox.com\/app\/uploads\/2020\/07\/DEFINOX-contact-Implantation-Beijing-1-325x250.jpg 325w, https:\/\/www.definox.com\/app\/uploads\/2020\/07\/DEFINOX-contact-Implantation-Beijing-1-300x231.jpg 300w, https:\/\/www.definox.com\/app\/uploads\/2020\/07\/DEFINOX-contact-Implantation-Beijing-1-1024x788.jpg 1024w, https:\/\/www.definox.com\/app\/uploads\/2020\/07\/DEFINOX-contact-Implantation-Beijing-1-768x591.jpg 768w, https:\/\/www.definox.com\/app\/uploads\/2020\/07\/DEFINOX-contact-Implantation-Beijing-1-35x27.jpg 35w, https:\/\/www.definox.com\/app\/uploads\/2020\/07\/DEFINOX-contact-Implantation-Beijing-1.jpg 1200w\" sizes=\"auto, (max-width: 325px) 100vw, 325px\" \/>\n  <\/div>\n\n  <div class=\"implantation-entry__content\">\n\n    <h3 class=\"implantation-entry__title\">Definox BEIJING<\/h3>\n\n    <div class=\"implantation-entry__address\">\n\n      No 18 East Road &#8211; An Ning Zhuang Quinghe Beijing Haidian District <br>\n\n      100085 BEIJING China\n    <\/div>\n\n    <div class=\"implantation-entry__button button is-style-tertiary--small\">\n      <a class=\"button__link\" href=\"https:\/\/www.definox.com\/es\/pongase-en-contacto-con-definox\/china\">\n        Contacto Definox BEIJING      <\/a>\n    <\/div>\n\n  <\/div>\n\n\n<\/article>\n\n\n          <\/div>\n\n        \n      <\/div>\n\n    <\/div>\n\n  <\/div>\n\n<\/div>","protected":false},"excerpt":{"rendered":"<p>DEFINOX Inc. Desarrollando nuestra presencia en Norteam\u00e9rica Definox Inc. es una empresa hermana de Definox SAS y es 100% estadounidense. Fundada en 1996, cubre todo el continente norteamericano (EE.UU. y Canad\u00e1). Junto con su oficina de ventas, cuenta tambi\u00e9n con una estructura dedicada al inventario para abastecer el mercado norteamericano. Desde su creaci\u00f3n, esta entidad&#8230;<\/p>\n","protected":false},"author":4,"featured_media":1377,"parent":39,"menu_order":0,"comment_status":"closed","ping_status":"closed","template":"","meta":{"_acf_changed":false,"content-type":"","footnotes":""},"class_list":["entry","entry--292","entry--type-page","entry--status-publish","entry--author-admin_mn","has-post-thumbnail"],"acf":[],"yoast_head":"<!-- This site is optimized with the Yoast SEO plugin v24.2 - https:\/\/yoast.com\/wordpress\/plugins\/seo\/ -->\n<title>Subsidiaries and distributors | Definox<\/title>\n<meta name=\"description\" content=\"Las filiales de Definox nos permiten asegurar un seguimiento \u00f3ptimo para garantizar el mejor nivel de servicio para nuestros distribuidores.\" \/>\n<meta name=\"robots\" content=\"index, follow, max-snippet:-1, max-image-preview:large, max-video-preview:-1\" \/>\n<link rel=\"canonical\" href=\"https:\/\/www.definox.com\/es\/grupo\/nuestras-empresas\/\" \/>\n<meta property=\"og:locale\" content=\"es_ES\" \/>\n<meta property=\"og:type\" content=\"article\" \/>\n<meta property=\"og:title\" content=\"Subsidiaries and distributors | Definox\" \/>\n<meta property=\"og:description\" content=\"Las filiales de Definox nos permiten asegurar un seguimiento \u00f3ptimo para garantizar el mejor nivel de servicio para nuestros distribuidores.\" \/>\n<meta property=\"og:url\" content=\"https:\/\/www.definox.com\/es\/grupo\/nuestras-empresas\/\" \/>\n<meta property=\"og:site_name\" content=\"Definox ES\" \/>\n<meta property=\"article:modified_time\" content=\"2024-09-27T14:23:33+00:00\" \/>\n<meta property=\"og:image\" content=\"https:\/\/www.definox.com\/app\/uploads\/sites\/10\/2020\/07\/DEFINOX-group-our-subsidiairies-banner.jpg\" \/>\n\t<meta property=\"og:image:width\" content=\"1200\" \/>\n\t<meta property=\"og:image:height\" content=\"700\" \/>\n\t<meta property=\"og:image:type\" content=\"image\/jpeg\" \/>\n<meta name=\"twitter:card\" content=\"summary_large_image\" \/>\n<meta name=\"twitter:label1\" content=\"Tiempo de lectura\" \/>\n\t<meta name=\"twitter:data1\" content=\"2 minutos\" \/>\n<script type=\"application\/ld+json\" class=\"yoast-schema-graph\">{\"@context\":\"https:\/\/schema.org\",\"@graph\":[{\"@type\":\"WebPage\",\"@id\":\"https:\/\/www.definox.com\/es\/grupo\/nuestras-empresas\/\",\"url\":\"https:\/\/www.definox.com\/es\/grupo\/nuestras-empresas\/\",\"name\":\"Subsidiaries and distributors | Definox\",\"isPartOf\":{\"@id\":\"https:\/\/www.definox.com\/es\/#website\"},\"primaryImageOfPage\":{\"@id\":\"https:\/\/www.definox.com\/es\/grupo\/nuestras-empresas\/#primaryimage\"},\"image\":{\"@id\":\"https:\/\/www.definox.com\/es\/grupo\/nuestras-empresas\/#primaryimage\"},\"thumbnailUrl\":\"https:\/\/www.definox.com\/app\/uploads\/sites\/10\/2020\/07\/DEFINOX-group-our-subsidiairies-banner.jpg\",\"datePublished\":\"2020-07-02T09:29:54+00:00\",\"dateModified\":\"2024-09-27T14:23:33+00:00\",\"description\":\"Las filiales de Definox nos permiten asegurar un seguimiento \u00f3ptimo para garantizar el mejor nivel de servicio para nuestros distribuidores.\",\"breadcrumb\":{\"@id\":\"https:\/\/www.definox.com\/es\/grupo\/nuestras-empresas\/#breadcrumb\"},\"inLanguage\":\"es\",\"potentialAction\":[{\"@type\":\"ReadAction\",\"target\":[\"https:\/\/www.definox.com\/es\/grupo\/nuestras-empresas\/\"]}]},{\"@type\":\"ImageObject\",\"inLanguage\":\"es\",\"@id\":\"https:\/\/www.definox.com\/es\/grupo\/nuestras-empresas\/#primaryimage\",\"url\":\"https:\/\/www.definox.com\/app\/uploads\/sites\/10\/2020\/07\/DEFINOX-group-our-subsidiairies-banner.jpg\",\"contentUrl\":\"https:\/\/www.definox.com\/app\/uploads\/sites\/10\/2020\/07\/DEFINOX-group-our-subsidiairies-banner.jpg\",\"width\":1200,\"height\":700,\"caption\":\"DEFINOX-group-our-subsidiairies-banner-retailers\"},{\"@type\":\"BreadcrumbList\",\"@id\":\"https:\/\/www.definox.com\/es\/grupo\/nuestras-empresas\/#breadcrumb\",\"itemListElement\":[{\"@type\":\"ListItem\",\"position\":1,\"name\":\"Grupo\",\"item\":\"https:\/\/www.definox.com\/es\/grupo\/\"},{\"@type\":\"ListItem\",\"position\":2,\"name\":\"Nuestras empresas\"}]},{\"@type\":\"WebSite\",\"@id\":\"https:\/\/www.definox.com\/es\/#website\",\"url\":\"https:\/\/www.definox.com\/es\/\",\"name\":\"Definox ES\",\"description\":\"especialista en v\u00e1lvulas industriales y procesos sanitrios\",\"potentialAction\":[{\"@type\":\"SearchAction\",\"target\":{\"@type\":\"EntryPoint\",\"urlTemplate\":\"https:\/\/www.definox.com\/es\/?s={search_term_string}\"},\"query-input\":{\"@type\":\"PropertyValueSpecification\",\"valueRequired\":true,\"valueName\":\"search_term_string\"}}],\"inLanguage\":\"es\"}]}<\/script>\n<!-- \/ Yoast SEO plugin. -->","yoast_head_json":{"title":"Subsidiaries and distributors | Definox","description":"Las filiales de Definox nos permiten asegurar un seguimiento \u00f3ptimo para garantizar el mejor nivel de servicio para nuestros distribuidores.","robots":{"index":"index","follow":"follow","max-snippet":"max-snippet:-1","max-image-preview":"max-image-preview:large","max-video-preview":"max-video-preview:-1"},"canonical":"https:\/\/www.definox.com\/es\/grupo\/nuestras-empresas\/","og_locale":"es_ES","og_type":"article","og_title":"Subsidiaries and distributors | Definox","og_description":"Las filiales de Definox nos permiten asegurar un seguimiento \u00f3ptimo para garantizar el mejor nivel de servicio para nuestros distribuidores.","og_url":"https:\/\/www.definox.com\/es\/grupo\/nuestras-empresas\/","og_site_name":"Definox ES","article_modified_time":"2024-09-27T14:23:33+00:00","og_image":[{"width":1200,"height":700,"url":"https:\/\/www.definox.com\/app\/uploads\/sites\/10\/2020\/07\/DEFINOX-group-our-subsidiairies-banner.jpg","type":"image\/jpeg"}],"twitter_card":"summary_large_image","twitter_misc":{"Tiempo de lectura":"2 minutos"},"schema":{"@context":"https:\/\/schema.org","@graph":[{"@type":"WebPage","@id":"https:\/\/www.definox.com\/es\/grupo\/nuestras-empresas\/","url":"https:\/\/www.definox.com\/es\/grupo\/nuestras-empresas\/","name":"Subsidiaries and distributors | Definox","isPartOf":{"@id":"https:\/\/www.definox.com\/es\/#website"},"primaryImageOfPage":{"@id":"https:\/\/www.definox.com\/es\/grupo\/nuestras-empresas\/#primaryimage"},"image":{"@id":"https:\/\/www.definox.com\/es\/grupo\/nuestras-empresas\/#primaryimage"},"thumbnailUrl":"https:\/\/www.definox.com\/app\/uploads\/sites\/10\/2020\/07\/DEFINOX-group-our-subsidiairies-banner.jpg","datePublished":"2020-07-02T09:29:54+00:00","dateModified":"2024-09-27T14:23:33+00:00","description":"Las filiales de Definox nos permiten asegurar un seguimiento \u00f3ptimo para garantizar el mejor nivel de servicio para nuestros distribuidores.","breadcrumb":{"@id":"https:\/\/www.definox.com\/es\/grupo\/nuestras-empresas\/#breadcrumb"},"inLanguage":"es","potentialAction":[{"@type":"ReadAction","target":["https:\/\/www.definox.com\/es\/grupo\/nuestras-empresas\/"]}]},{"@type":"ImageObject","inLanguage":"es","@id":"https:\/\/www.definox.com\/es\/grupo\/nuestras-empresas\/#primaryimage","url":"https:\/\/www.definox.com\/app\/uploads\/sites\/10\/2020\/07\/DEFINOX-group-our-subsidiairies-banner.jpg","contentUrl":"https:\/\/www.definox.com\/app\/uploads\/sites\/10\/2020\/07\/DEFINOX-group-our-subsidiairies-banner.jpg","width":1200,"height":700,"caption":"DEFINOX-group-our-subsidiairies-banner-retailers"},{"@type":"BreadcrumbList","@id":"https:\/\/www.definox.com\/es\/grupo\/nuestras-empresas\/#breadcrumb","itemListElement":[{"@type":"ListItem","position":1,"name":"Grupo","item":"https:\/\/www.definox.com\/es\/grupo\/"},{"@type":"ListItem","position":2,"name":"Nuestras empresas"}]},{"@type":"WebSite","@id":"https:\/\/www.definox.com\/es\/#website","url":"https:\/\/www.definox.com\/es\/","name":"Definox ES","description":"especialista en v\u00e1lvulas industriales y procesos sanitrios","potentialAction":[{"@type":"SearchAction","target":{"@type":"EntryPoint","urlTemplate":"https:\/\/www.definox.com\/es\/?s={search_term_string}"},"query-input":{"@type":"PropertyValueSpecification","valueRequired":true,"valueName":"search_term_string"}}],"inLanguage":"es"}]}},"_links":{"self":[{"href":"https:\/\/www.definox.com\/es\/wp-json\/wp\/v2\/pages\/292","targetHints":{"allow":["GET"]}}],"collection":[{"href":"https:\/\/www.definox.com\/es\/wp-json\/wp\/v2\/pages"}],"about":[{"href":"https:\/\/www.definox.com\/es\/wp-json\/wp\/v2\/types\/page"}],"author":[{"embeddable":true,"href":"https:\/\/www.definox.com\/es\/wp-json\/wp\/v2\/users\/4"}],"replies":[{"embeddable":true,"href":"https:\/\/www.definox.com\/es\/wp-json\/wp\/v2\/comments?post=292"}],"version-history":[{"count":21,"href":"https:\/\/www.definox.com\/es\/wp-json\/wp\/v2\/pages\/292\/revisions"}],"predecessor-version":[{"id":2780,"href":"https:\/\/www.definox.com\/es\/wp-json\/wp\/v2\/pages\/292\/revisions\/2780"}],"up":[{"embeddable":true,"href":"https:\/\/www.definox.com\/es\/wp-json\/wp\/v2\/pages\/39"}],"wp:featuredmedia":[{"embeddable":true,"href":"https:\/\/www.definox.com\/es\/wp-json\/wp\/v2\/media\/1377"}],"wp:attachment":[{"href":"https:\/\/www.definox.com\/es\/wp-json\/wp\/v2\/media?parent=292"}],"curies":[{"name":"wp","href":"https:\/\/api.w.org\/{rel}","templated":true}]}}