{"id":51,"date":"2020-06-10T13:28:46","date_gmt":"2020-06-10T13:28:46","guid":{"rendered":"https:\/\/www.definox.com\/en\/?page_id=51"},"modified":"2026-01-20T09:55:23","modified_gmt":"2026-01-20T09:55:23","slug":"evolucion-laboral-en-definox","status":"publish","type":"page","link":"https:\/\/www.definox.com\/es\/carreras-2\/evolucion-laboral-en-definox\/","title":{"rendered":"Evoluci\u00f3n laboral en Definox"},"content":{"rendered":"\n<div style=\"height:100px\" aria-hidden=\"true\" class=\"wp-block-spacer\"><\/div>\n\n\n\n<div style=\"height:100px\" aria-hidden=\"true\" class=\"wp-block-spacer\"><\/div>\n\n\n\n<div class=\"wp-block-definox-steps-section steps\" id=\"steps-section\"><div class=\"container container--small\">\n<h2 class=\"wp-block-heading steps__title extra-large\">SU EVOLUCI\u00d3N EN DEFINOX<\/h2>\n\n\n\n<div class=\"wp-block-definox-steps-list steps__items\">\n<div class=\"wp-block-definox-steps-item steps__item\"><div class=\"steps__item__step\">1<\/div><div class=\"steps__item__content\"><h3 class=\"steps__item__title\">La fase de contrataci\u00f3n<\/h3><div class=\"steps__item__description\">Humanos y con su futuro gerente, el candidato es sistem\u00e1ticamente invitado a descubrir el local y el entorno de su futuro trabajo. Esto ofrece adem\u00e1s la oportunidad de conocer a futuros colegas y preguntar algunas \u00faltimas preguntas. La \u00faltima palabra la tiene siempre el candidato. \u00a1Tambi\u00e9n es el candidato el que nos elige a nosotros!<br><br>La ventaja Definox : una entrevista para ayudar a elegirnos.<\/div><\/div><\/div>\n\n\n\n<div class=\"wp-block-definox-steps-item steps__item\"><div class=\"steps__item__step\">2<\/div><div class=\"steps__item__content\"><h3 class=\"steps__item__title\">Integr\u00e1ndose en la empresa<\/h3><div class=\"steps__item__description\">El proceso de integraci\u00f3n se inicia con nuestros compromisos rec\u00edprocos. Entre el final del proceso de contrataci\u00f3n y la integraci\u00f3n, es posible que transcurra cierto periodo de tiempo. Durante dicho periodo, permanecemos en contrato con los nuevos empleados. Se les transmite toda la informaci\u00f3n y pueden ponerse en contacto con nosotros libremente. Tambi\u00e9n reciben un folleto de bienvenida que contiene toda la informaci\u00f3n \u00fatil. A continuaci\u00f3n, se planifica un programa de integraci\u00f3n que dura de dos a cuatro semanas. Permite al nuevo empleado conocer a todos sus compa\u00f1eros de trabajo en la empresa. Reciben la formaci\u00f3n necesaria, a menudo relacionada con nuestra gama de productos. Los nuevos empleados son tutelados desde su primer d\u00eda de trabajo para integrarse y orientarse r\u00e1pidamente. <br><br>La ventaja de Definox : Una trayectoria dedicada para cada nuevo empleado<\/div><\/div><\/div>\n\n\n\n<div class=\"wp-block-definox-steps-item steps__item\"><div class=\"steps__item__step\">3<\/div><div class=\"steps__item__content\"><h3 class=\"steps__item__title\">Pol\u00edtica de formaci\u00f3n<\/h3><div class=\"steps__item__description\">Con 1.698 horas de formaci\u00f3n al a\u00f1o y 119 personas formadas, los empleados adquieren lo necesario para hacer bien su trabajo y desarrollar sus habilidades. Las principales prioridades de formaci\u00f3n son la t\u00e9cnica, el perfeccionamiento del ingl\u00e9s, la inform\u00e1tica o la gesti\u00f3n. En Definox tambi\u00e9n es posible convertirse en formador. Varios empleados han sido formados para ello e imparten formaciones sobre nuestros productos cada a\u00f1o, no solo para el cliente sino tambi\u00e9n para sus compa\u00f1eros.<\/div><\/div><\/div>\n<\/div>\n<\/div><\/div>\n\n\n\n<div style=\"height:100px\" aria-hidden=\"true\" class=\"wp-block-spacer\"><\/div>\n\n\n\n<div style=\"height:100px\" aria-hidden=\"true\" class=\"wp-block-spacer\"><\/div>\n\n\n\n<div class=\"wp-block-cover alignfull has-white-background-color has-background-dim\"><img loading=\"lazy\" decoding=\"async\" width=\"945\" height=\"408\" class=\"wp-block-cover__image-background wp-image-837\" alt=\"\" src=\"https:\/\/www.definox.com\/app\/uploads\/sites\/10\/2020\/07\/Intersection-13-1.png\" data-object-fit=\"cover\" srcset=\"https:\/\/www.definox.com\/app\/uploads\/sites\/10\/2020\/07\/Intersection-13-1.png 945w, https:\/\/www.definox.com\/app\/uploads\/sites\/10\/2020\/07\/Intersection-13-1-300x130.png 300w, https:\/\/www.definox.com\/app\/uploads\/sites\/10\/2020\/07\/Intersection-13-1-768x332.png 768w, https:\/\/www.definox.com\/app\/uploads\/sites\/10\/2020\/07\/Intersection-13-1-35x15.png 35w\" sizes=\"auto, (max-width: 945px) 100vw, 945px\" \/><div class=\"wp-block-cover__inner-container is-layout-flow wp-block-cover-is-layout-flow\">\n<h2 class=\"has-dark-blue-color has-text-color wp-block-heading\">CONTRATACI\u00d3N DEFINOX<\/h2>\n\n\n\n<p class=\"has-macadam-grey-color has-text-color\">\u00bfLe gustar\u00eda participar en la aventura de Definox? Descubra los empleos en DEFINOX, desde la ingenier\u00eda hasta la mec\u00e1nica de precisi\u00f3n.<\/p>\n\n\n\n<div class=\"wp-block-buttons is-layout-flex wp-block-buttons-is-layout-flex\">\n<div class=\"wp-block-button\"><a class=\"wp-block-button__link has-white-color has-dark-blue-background-color has-text-color has-background\" href=\"https:\/\/www.definox.com\/en\/job-offers\/\">\u00danase a nosotros<\/a><\/div>\n<\/div>\n\n\n\n<p><\/p>\n<\/div><\/div>\n","protected":false},"excerpt":{"rendered":"","protected":false},"author":4,"featured_media":1351,"parent":45,"menu_order":0,"comment_status":"closed","ping_status":"closed","template":"","meta":{"_acf_changed":false,"content-type":"","footnotes":""},"class_list":["entry","entry--51","entry--type-page","entry--status-publish","entry--author-","has-post-thumbnail"],"acf":[],"yoast_head":"<!-- This site is optimized with the Yoast SEO plugin v24.2 - https:\/\/yoast.com\/wordpress\/plugins\/seo\/ -->\n<title>Your job evolution at Definox | Definox<\/title>\n<meta name=\"description\" content=\"En Definox, las oportunidades de evoluci\u00f3n son muy variadas. Cada colaborar puede expresar plenamente sus habilidades y conocimientos.\" \/>\n<meta name=\"robots\" content=\"index, follow, max-snippet:-1, max-image-preview:large, max-video-preview:-1\" \/>\n<link rel=\"canonical\" href=\"https:\/\/www.definox.com\/es\/carreras-2\/evolucion-laboral-en-definox\/\" \/>\n<meta property=\"og:locale\" content=\"es_ES\" \/>\n<meta property=\"og:type\" content=\"article\" \/>\n<meta property=\"og:title\" content=\"Your job evolution at Definox | Definox\" \/>\n<meta property=\"og:description\" content=\"En Definox, las oportunidades de evoluci\u00f3n son muy variadas. Cada colaborar puede expresar plenamente sus habilidades y conocimientos.\" \/>\n<meta property=\"og:url\" content=\"https:\/\/www.definox.com\/es\/carreras-2\/evolucion-laboral-en-definox\/\" \/>\n<meta property=\"og:site_name\" content=\"Definox ES\" \/>\n<meta property=\"article:modified_time\" content=\"2026-01-20T09:55:23+00:00\" \/>\n<meta property=\"og:image\" content=\"https:\/\/www.definox.com\/app\/uploads\/sites\/10\/2020\/07\/DEFINOX-carrers-job-evolution-banner.jpg\" \/>\n\t<meta property=\"og:image:width\" content=\"1200\" \/>\n\t<meta property=\"og:image:height\" content=\"700\" \/>\n\t<meta property=\"og:image:type\" content=\"image\/jpeg\" \/>\n<meta name=\"twitter:card\" content=\"summary_large_image\" \/>\n<meta name=\"twitter:label1\" content=\"Tiempo de lectura\" \/>\n\t<meta name=\"twitter:data1\" content=\"2 minutos\" \/>\n<script type=\"application\/ld+json\" class=\"yoast-schema-graph\">{\"@context\":\"https:\/\/schema.org\",\"@graph\":[{\"@type\":\"WebPage\",\"@id\":\"https:\/\/www.definox.com\/es\/carreras-2\/evolucion-laboral-en-definox\/\",\"url\":\"https:\/\/www.definox.com\/es\/carreras-2\/evolucion-laboral-en-definox\/\",\"name\":\"Your job evolution at Definox | Definox\",\"isPartOf\":{\"@id\":\"https:\/\/www.definox.com\/es\/#website\"},\"primaryImageOfPage\":{\"@id\":\"https:\/\/www.definox.com\/es\/carreras-2\/evolucion-laboral-en-definox\/#primaryimage\"},\"image\":{\"@id\":\"https:\/\/www.definox.com\/es\/carreras-2\/evolucion-laboral-en-definox\/#primaryimage\"},\"thumbnailUrl\":\"https:\/\/www.definox.com\/app\/uploads\/sites\/10\/2020\/07\/DEFINOX-carrers-job-evolution-banner.jpg\",\"datePublished\":\"2020-06-10T13:28:46+00:00\",\"dateModified\":\"2026-01-20T09:55:23+00:00\",\"description\":\"En Definox, las oportunidades de evoluci\u00f3n son muy variadas. Cada colaborar puede expresar plenamente sus habilidades y conocimientos.\",\"breadcrumb\":{\"@id\":\"https:\/\/www.definox.com\/es\/carreras-2\/evolucion-laboral-en-definox\/#breadcrumb\"},\"inLanguage\":\"es\",\"potentialAction\":[{\"@type\":\"ReadAction\",\"target\":[\"https:\/\/www.definox.com\/es\/carreras-2\/evolucion-laboral-en-definox\/\"]}]},{\"@type\":\"ImageObject\",\"inLanguage\":\"es\",\"@id\":\"https:\/\/www.definox.com\/es\/carreras-2\/evolucion-laboral-en-definox\/#primaryimage\",\"url\":\"https:\/\/www.definox.com\/app\/uploads\/sites\/10\/2020\/07\/DEFINOX-carrers-job-evolution-banner.jpg\",\"contentUrl\":\"https:\/\/www.definox.com\/app\/uploads\/sites\/10\/2020\/07\/DEFINOX-carrers-job-evolution-banner.jpg\",\"width\":1200,\"height\":700,\"caption\":\"DEFINOX-carrers-job-evolution-banner\"},{\"@type\":\"BreadcrumbList\",\"@id\":\"https:\/\/www.definox.com\/es\/carreras-2\/evolucion-laboral-en-definox\/#breadcrumb\",\"itemListElement\":[{\"@type\":\"ListItem\",\"position\":1,\"name\":\"Carreras\",\"item\":\"https:\/\/www.definox.com\/es\/carreras-2\/\"},{\"@type\":\"ListItem\",\"position\":2,\"name\":\"Evoluci\u00f3n laboral en Definox\"}]},{\"@type\":\"WebSite\",\"@id\":\"https:\/\/www.definox.com\/es\/#website\",\"url\":\"https:\/\/www.definox.com\/es\/\",\"name\":\"Definox ES\",\"description\":\"especialista en v\u00e1lvulas industriales y procesos sanitrios\",\"potentialAction\":[{\"@type\":\"SearchAction\",\"target\":{\"@type\":\"EntryPoint\",\"urlTemplate\":\"https:\/\/www.definox.com\/es\/?s={search_term_string}\"},\"query-input\":{\"@type\":\"PropertyValueSpecification\",\"valueRequired\":true,\"valueName\":\"search_term_string\"}}],\"inLanguage\":\"es\"}]}<\/script>\n<!-- \/ Yoast SEO plugin. -->","yoast_head_json":{"title":"Your job evolution at Definox | Definox","description":"En Definox, las oportunidades de evoluci\u00f3n son muy variadas. Cada colaborar puede expresar plenamente sus habilidades y conocimientos.","robots":{"index":"index","follow":"follow","max-snippet":"max-snippet:-1","max-image-preview":"max-image-preview:large","max-video-preview":"max-video-preview:-1"},"canonical":"https:\/\/www.definox.com\/es\/carreras-2\/evolucion-laboral-en-definox\/","og_locale":"es_ES","og_type":"article","og_title":"Your job evolution at Definox | Definox","og_description":"En Definox, las oportunidades de evoluci\u00f3n son muy variadas. Cada colaborar puede expresar plenamente sus habilidades y conocimientos.","og_url":"https:\/\/www.definox.com\/es\/carreras-2\/evolucion-laboral-en-definox\/","og_site_name":"Definox ES","article_modified_time":"2026-01-20T09:55:23+00:00","og_image":[{"width":1200,"height":700,"url":"https:\/\/www.definox.com\/app\/uploads\/sites\/10\/2020\/07\/DEFINOX-carrers-job-evolution-banner.jpg","type":"image\/jpeg"}],"twitter_card":"summary_large_image","twitter_misc":{"Tiempo de lectura":"2 minutos"},"schema":{"@context":"https:\/\/schema.org","@graph":[{"@type":"WebPage","@id":"https:\/\/www.definox.com\/es\/carreras-2\/evolucion-laboral-en-definox\/","url":"https:\/\/www.definox.com\/es\/carreras-2\/evolucion-laboral-en-definox\/","name":"Your job evolution at Definox | Definox","isPartOf":{"@id":"https:\/\/www.definox.com\/es\/#website"},"primaryImageOfPage":{"@id":"https:\/\/www.definox.com\/es\/carreras-2\/evolucion-laboral-en-definox\/#primaryimage"},"image":{"@id":"https:\/\/www.definox.com\/es\/carreras-2\/evolucion-laboral-en-definox\/#primaryimage"},"thumbnailUrl":"https:\/\/www.definox.com\/app\/uploads\/sites\/10\/2020\/07\/DEFINOX-carrers-job-evolution-banner.jpg","datePublished":"2020-06-10T13:28:46+00:00","dateModified":"2026-01-20T09:55:23+00:00","description":"En Definox, las oportunidades de evoluci\u00f3n son muy variadas. Cada colaborar puede expresar plenamente sus habilidades y conocimientos.","breadcrumb":{"@id":"https:\/\/www.definox.com\/es\/carreras-2\/evolucion-laboral-en-definox\/#breadcrumb"},"inLanguage":"es","potentialAction":[{"@type":"ReadAction","target":["https:\/\/www.definox.com\/es\/carreras-2\/evolucion-laboral-en-definox\/"]}]},{"@type":"ImageObject","inLanguage":"es","@id":"https:\/\/www.definox.com\/es\/carreras-2\/evolucion-laboral-en-definox\/#primaryimage","url":"https:\/\/www.definox.com\/app\/uploads\/sites\/10\/2020\/07\/DEFINOX-carrers-job-evolution-banner.jpg","contentUrl":"https:\/\/www.definox.com\/app\/uploads\/sites\/10\/2020\/07\/DEFINOX-carrers-job-evolution-banner.jpg","width":1200,"height":700,"caption":"DEFINOX-carrers-job-evolution-banner"},{"@type":"BreadcrumbList","@id":"https:\/\/www.definox.com\/es\/carreras-2\/evolucion-laboral-en-definox\/#breadcrumb","itemListElement":[{"@type":"ListItem","position":1,"name":"Carreras","item":"https:\/\/www.definox.com\/es\/carreras-2\/"},{"@type":"ListItem","position":2,"name":"Evoluci\u00f3n laboral en Definox"}]},{"@type":"WebSite","@id":"https:\/\/www.definox.com\/es\/#website","url":"https:\/\/www.definox.com\/es\/","name":"Definox ES","description":"especialista en v\u00e1lvulas industriales y procesos sanitrios","potentialAction":[{"@type":"SearchAction","target":{"@type":"EntryPoint","urlTemplate":"https:\/\/www.definox.com\/es\/?s={search_term_string}"},"query-input":{"@type":"PropertyValueSpecification","valueRequired":true,"valueName":"search_term_string"}}],"inLanguage":"es"}]}},"_links":{"self":[{"href":"https:\/\/www.definox.com\/es\/wp-json\/wp\/v2\/pages\/51","targetHints":{"allow":["GET"]}}],"collection":[{"href":"https:\/\/www.definox.com\/es\/wp-json\/wp\/v2\/pages"}],"about":[{"href":"https:\/\/www.definox.com\/es\/wp-json\/wp\/v2\/types\/page"}],"author":[{"embeddable":true,"href":"https:\/\/www.definox.com\/es\/wp-json\/wp\/v2\/users\/4"}],"replies":[{"embeddable":true,"href":"https:\/\/www.definox.com\/es\/wp-json\/wp\/v2\/comments?post=51"}],"version-history":[{"count":13,"href":"https:\/\/www.definox.com\/es\/wp-json\/wp\/v2\/pages\/51\/revisions"}],"predecessor-version":[{"id":2920,"href":"https:\/\/www.definox.com\/es\/wp-json\/wp\/v2\/pages\/51\/revisions\/2920"}],"up":[{"embeddable":true,"href":"https:\/\/www.definox.com\/es\/wp-json\/wp\/v2\/pages\/45"}],"wp:featuredmedia":[{"embeddable":true,"href":"https:\/\/www.definox.com\/es\/wp-json\/wp\/v2\/media\/1351"}],"wp:attachment":[{"href":"https:\/\/www.definox.com\/es\/wp-json\/wp\/v2\/media?parent=51"}],"curies":[{"name":"wp","href":"https:\/\/api.w.org\/{rel}","templated":true}]}}